{"id":1905,"date":"2022-06-29T18:54:12","date_gmt":"2022-06-29T16:54:12","guid":{"rendered":"https:\/\/beta.gourmetto.lu\/privacy-policy\/"},"modified":"2026-01-22T16:21:54","modified_gmt":"2026-01-22T15:21:54","slug":"politique-de-confidentialite","status":"publish","type":"page","link":"https:\/\/gourmetto.lu\/fr\/politique-de-confidentialite\/","title":{"rendered":"Politique de confidentialit\u00e9"},"content":{"rendered":"\t\t<div data-elementor-type=\"wp-page\" data-elementor-id=\"1905\" class=\"elementor elementor-1905 elementor-3\" data-elementor-settings=\"{&quot;ha_cmc_init_switcher&quot;:&quot;no&quot;}\" data-elementor-post-type=\"page\">\n\t\t\t\t\t\t<section class=\"elementor-section elementor-top-section elementor-element elementor-element-c089775 elementor-section-boxed elementor-section-height-default elementor-section-height-default\" data-id=\"c089775\" data-element_type=\"section\" data-settings=\"{&quot;background_background&quot;:&quot;classic&quot;,&quot;_ha_eqh_enable&quot;:false}\">\n\t\t\t\t\t\t<div class=\"elementor-container elementor-column-gap-default\">\n\t\t\t\t\t<div class=\"elementor-column elementor-col-100 elementor-top-column elementor-element elementor-element-9ece11a\" data-id=\"9ece11a\" data-element_type=\"column\">\n\t\t\t<div class=\"elementor-widget-wrap elementor-element-populated\">\n\t\t\t\t\t\t<div class=\"elementor-element elementor-element-58bbd94 elementor-widget elementor-widget-heading\" data-id=\"58bbd94\" data-element_type=\"widget\" data-widget_type=\"heading.default\">\n\t\t\t\t<div class=\"elementor-widget-container\">\n\t\t\t\t\t<h2 class=\"elementor-heading-title elementor-size-default\">Politique de confidentialit\u00e9<\/h2>\t\t\t\t<\/div>\n\t\t\t\t<\/div>\n\t\t\t\t\t<\/div>\n\t\t<\/div>\n\t\t\t\t\t<\/div>\n\t\t<\/section>\n\t\t\t\t<section class=\"elementor-section elementor-top-section elementor-element elementor-element-466a0aa elementor-section-boxed elementor-section-height-default elementor-section-height-default\" data-id=\"466a0aa\" data-element_type=\"section\" data-settings=\"{&quot;_ha_eqh_enable&quot;:false}\">\n\t\t\t\t\t\t<div class=\"elementor-container elementor-column-gap-default\">\n\t\t\t\t\t<div class=\"elementor-column elementor-col-100 elementor-top-column elementor-element elementor-element-b4da303\" data-id=\"b4da303\" data-element_type=\"column\">\n\t\t\t<div class=\"elementor-widget-wrap elementor-element-populated\">\n\t\t\t\t\t\t<div class=\"elementor-element elementor-element-604ae15 elementor-widget elementor-widget-text-editor\" data-id=\"604ae15\" data-element_type=\"widget\" data-widget_type=\"text-editor.default\">\n\t\t\t\t<div class=\"elementor-widget-container\">\n\t\t\t\t\t\t\t\t\t<p>La pr\u00e9sente politique de confidentialit\u00e9 (ci-apr\u00e8s la \u00ab Politique de Confidentialit\u00e9 \u00bb) r\u00e9git la fa\u00e7on dont GOURMETTO S.\u00e0R.L. dont le si\u00e8ge est \u00e9tabli au 59, Mont\u00e9e St Cr\u00e9pin L-1365 Luxembourg. (Grand-Duch\u00e9 de Luxembourg), inscrit au Registre du Commerce et des Soci\u00e9t\u00e9s du Luxembourg sous le num\u00e9ro B229206 recueille, utilise, conserve et d\u00e9voile des informations recueillies aupr\u00e8s des Acheteur, de la plateforme Gourmetto (ci-apr\u00e8s le \u00ab Site \u00bb). Les termes non d\u00e9finis et commen\u00e7ant par une majuscule ont la m\u00eame d\u00e9finition que dans les CGV disponibles sur le Site.<\/p>\n<p><strong>1. Conformit\u00e9 \u00e0 la l\u00e9gislation r\u00e9gissant la protection des donn\u00e9es personnelles<\/strong><\/p>\n<p>Gourmetto reconnait et s&rsquo;engage \u00e0 respecter les lois et r\u00e8glements r\u00e9gissant la protection des donn\u00e9es personnelles, y compris, mais sans s\u2019y limiter, le r\u00e8glement (UE) 2016\/679 du Parlement et du Conseil du 27 avril 2016 sur la protection des personnes en ce qui concerne le traitement des donn\u00e9es personnelles et sur la libre circulation de ces donn\u00e9es (le \u00ab RGPD \u00bb) et toute autre loi ou r\u00e8glementation nationale applicable r\u00e9gissant le traitement de ces donn\u00e9es personnelles.<\/p>\n<p><strong>2. Contact<\/strong><\/p>\n<p>Gourmetto agit en tant que responsable du traitement des donn\u00e9es et a nomm\u00e9 un D\u00e9l\u00e9gu\u00e9 \u00e0 la Protection des Donn\u00e9es (DPO) pouvant \u00eatre contact\u00e9 \u00e0 l\u2019adresse email suivante : gourmettoteam@gmail.com<\/p>\n<p><strong>3. Pourquoi Gourmetto collecte mes donn\u00e9es personnelles ?<\/strong><\/p>\n<p>La collecte de donn\u00e9es personnelles n&rsquo;est pas n\u00e9cessaire pour la simple navigation sur le Site. Celle-ci n\u2019est requise qu\u2019en cas d\u2019inscription de l\u2019Utilisateur sur le Site permettant l\u2019achat de produit ou services en ligne par les Acheteurs.<\/p>\n<p><strong>4. Types de donn\u00e9es collect\u00e9es<\/strong><\/p>\n<p>Nous collectons et traitons notamment vos nom, pr\u00e9nom, adresse, adresse email, mot de passe, num\u00e9ro de t\u00e9l\u00e9phone, adresse IP, donn\u00e9es de connexions et donn\u00e9es de navigation, historiques de commandes, pr\u00e9f\u00e9rences et centres d&rsquo;int\u00e9r\u00eats, produits consult\u00e9s, incidents de livraisons, r\u00e9clamations, donn\u00e9es d\u2019analyses comportementales. Pour la seule ex\u00e9cution des achats, des informations relatives \u00e0 vos cartes bancaires seront demand\u00e9es par nos partenaires. Ces donn\u00e9es ne sont pas stock\u00e9es chez Gourmetto mais chez nos prestataires de services de paiement. Gourmetto ne stocke qu&rsquo;un jeton d&rsquo;authenticit\u00e9 comme r\u00e9f\u00e9rence permettant d\u2019indiquer au service de paiement Gourmetto si un paiement a r\u00e9ussi ou \u00e9chou\u00e9. Le caract\u00e8re obligatoire ou facultatif de la collecte des donn\u00e9es vous est signal\u00e9 lors de la collecte par un ast\u00e9risque. Certaines donn\u00e9es sont collect\u00e9es automatiquement du fait de vos actions sur le site.<\/p>\n<p><strong>5. Cookies<\/strong><\/p>\n<p>Gourmetto peut utiliser des \u00ab cookies \u00bb pour am\u00e9liorer l\u2019utilisation du Site par les Utilisateurs. Les cookies sont de petits fichiers texte que le navigateur Internet de l\u2019Utilisateur stocke dans le disque de ce dernier afin de recueillir un ensemble de donn\u00e9es utilis\u00e9es en vue de personnaliser la navigation sur le Site et d\u2019acc\u00e9der \u00e0 certaines fonctionnalit\u00e9s uniques. L\u2019utilisation de cookies permet par exemple \u00e0 l\u2019Utilisateur de conserver les marchandises s\u00e9lectionn\u00e9es dans son panier et de poursuivre ses achats. Pour plus d\u2019informations sur l\u2019utilisation des cookies, veuillez consulter notre politique d\u2019utilisation des cookies disponible sur le Site.<\/p>\n<p><strong>6. Comment Gourmetto utilise mes donn\u00e9es personnelles<\/strong><\/p>\n<p>Les donn\u00e9es personnelles des Utilisateurs sont exclusivement utilis\u00e9es dans le cadre de la fourniture des Services et le bon fonctionnement du Site. Dans ce contexte, Gourmetto peut recueillir et utiliser des donn\u00e9es personnelles aux fins suivantes :<\/p>\n<p>(i) Pour le fonctionnement des Services : Lors de la cr\u00e9ation du compte Utilisateur les Utilisateurs peuvent volontairement cr\u00e9er un profil public au moyen de leur adresse mail. D&rsquo;autres donn\u00e9es personnelles peuvent \u00e9galement \u00eatre collect\u00e9es telles que le nom, l&rsquo;adresse de livraison, l&rsquo;anniversaire, des mots-cl\u00e9s personnels ou encore la photo de l\u2019Utilisateur. Seule l\u2019utilisation d\u2019une adresse mail est obligatoire pour la cr\u00e9ation du compte Utilisateur.<\/p>\n<p>(ii) Pour des analyses comportementales : Pour am\u00e9liorer les Services offerts aux Utilisateurs : les informations fournies par les Utilisateurs aideront Gourmetto \u00e0 r\u00e9pondre \u00e0 certaines demandes d\u2019Utilisateurs. Ce traitement implique une technique de profilage.<\/p>\n<p>(iii) Pour personnaliser l\u2019exp\u00e9rience des Utilisateurs : Gourmetto peut utiliser des donn\u00e9es personnelles pour comprendre la fa\u00e7on dont les Utilisateurs en tant que groupe utilisent les Services propos\u00e9s par Gourmetto.<\/p>\n<p>Gourmetto collecte ainsi des donn\u00e9es relatives aux produits et pages consult\u00e9s par les Utilisateurs afin d\u2019analyser les comportements des Utilisateurs du Site. Ces donn\u00e9es ne sont utilis\u00e9es que dans un cadre exclusivement interne et confidentiel et ne sont en aucun cas communiqu\u00e9es \u00e0 un quelconque public.<\/p>\n<p>(iv) Pour am\u00e9liorer la qualit\u00e9 du Site et toute autre pr\u00e9sence en ligne : Gourmetto peut utiliser le retour d\u2019exp\u00e9rience fourni par l\u2019Utilisateur pour am\u00e9liorer ses produits et services.<\/p>\n<p>(v) Pour envoyer des e-mails p\u00e9riodiques ainsi que d\u2019autres messages de texte ou notifications lorsque l\u2019Utilisateur d\u00e9cide d\u2019opter pour l\u2019envoi d\u2019offres commerciales. Dans le cas o\u00f9 l\u2019Utilisateur souhaiterait, \u00e0 quelque moment que ce soit, se d\u00e9sinscrire de ce service, Gourmetto ins\u00e8re au bas de chaque e-mail ou message texte des instructions d\u00e9taill\u00e9es en vue de la d\u00e9sinscription.<\/p>\n<p><strong>7. Exactitude et minimisation des donn\u00e9es<\/strong><\/p>\n<p>Gourmetto s\u2019engage \u00e0 prendre les mesures raisonnables pour :<\/p>\n<p>S\u2019assurer que vos donn\u00e9es personnelles soient exactes et, si n\u00e9cessaire, mises \u00e0 jour ;<\/p>\n<p>S\u2019assurer que vos donn\u00e9es personnelles soient collect\u00e9es en fonction des besoins d\u00e9finis dans la pr\u00e9sente politique de confidentialit\u00e9. Vos donn\u00e9es personnelles ne seront pas utilis\u00e9es \u00e0 d&rsquo;autres fins, \u00e0 moins que vous n\u2019ayez express\u00e9ment donn\u00e9 votre accord pour l&rsquo;utilisation ult\u00e9rieure de vos donn\u00e9es personnelles, notamment de votre adresse e-mail \u00e0 des fins publicitaires.<\/p>\n<p><strong>8. Partage de donn\u00e9es personnelles<\/strong><\/p>\n<p>Gourmetto s\u2019engage \u00e0 ne pas transf\u00e9rer vos donn\u00e9es personnelles \u00e0 des tiers sans votre consentement expr\u00e8s. Tout Utilisateur accepte que ses donn\u00e9es personnelles puissent \u00eatre transmises aux Vendeurs dans le cadre de la fourniture des Services ou \u00e0 d\u2019autres sous-contractants assistant Gourmetto dans la fourniture des Services, notamment pour les paiements et les livraisons, pour autant que ces sous-contractants s\u2019engagent \u00e0 traiter ces informations uniquement selon les instructions de Gourmetto et \u00e0 se conformer aux lois applicables concernant la protection des donn\u00e9es \u00e0 caract\u00e8re personnel.<\/p>\n<p>Gourmetto peut \u00e9galement divulguer les donn\u00e9es personnelles de l\u2019Utilisateur lorsque cette divulgation est n\u00e9cessaire pour se conformer \u00e0 la loi, faire respecter les conditions g\u00e9n\u00e9rales d\u2019utilisation du Site, ou prot\u00e9ger ses droits, ses biens ou sa s\u00e9curit\u00e9, ou ceux d\u2019autrui. Toute autre transmission de donn\u00e9es personnelles \u00e0 des tiers n\u00e9cessite le consentement expr\u00e8s de l&rsquo;Utilisateur.<\/p>\n<p><strong>9. Comment Gourmetto prot\u00e8ge vos donn\u00e9es personnelles<\/strong><\/p>\n<p>Gourmetto adopte des pratiques et mesures de s\u00e9curit\u00e9 appropri\u00e9es en mati\u00e8re de collecte, stockage et traitement de donn\u00e9es en vue de la protection contre l\u2019acc\u00e8s non autoris\u00e9, la falsification, la divulgation ou la destruction des donn\u00e9es d\u2019identification \u00e0 caract\u00e8re personnel dans les limites du r\u00f4le de Gourmetto dans le cadre du Service respectif (\u00e9tant donn\u00e9 que certains services sp\u00e9cifiques peuvent \u00eatre prest\u00e9s par des tiers).<\/p>\n<p><strong>10. S\u00e9curit\u00e9 et transfert de donn\u00e9es<\/strong><\/p>\n<p>Gourmetto a mis en place des mesures de s\u00e9curit\u00e9 techniques et organisationnelles appropri\u00e9es pour prot\u00e9ger vos donn\u00e9es personnelles contre la destruction accidentelle ou illicite, la perte, la modification, la divulgation non autoris\u00e9e, l&rsquo;acc\u00e8s non autoris\u00e9 et d&rsquo;autres formes de traitement ill\u00e9gaux ou non autoris\u00e9s. Il rel\u00e8ve \u00e9galement de la responsabilit\u00e9 des Utilisateurs de s\u2019assurer que toutes les donn\u00e9es personnelles qu\u2019ils envoient le sont en toute s\u00e9curit\u00e9. Gourmetto ne transf\u00e8re pas de donn\u00e9es personnelles vers un pays tiers, ni vers une organisation internationale.<\/p>\n<p><strong>11. Dur\u00e9e de conservation des donn\u00e9es<\/strong><\/p>\n<p>Les donn\u00e9es personnelles de l\u2019Utilisateur seront conserv\u00e9es pour une p\u00e9riode douze (12) mois \u00e0 compter de la derni\u00e8re connexion sur le Site. Si durant ce d\u00e9lai l\u2019Utilisateur n\u2019utilise pas les Services offert par Gourmetto, son compte utilisateur sera supprim\u00e9 ainsi que l\u2019ensemble des donn\u00e9es personnelles qu\u2019il contient, sauf pour ce qui est des donn\u00e9es comportementales que Gourmetto rendra anonymes suivant un processus irr\u00e9versible et utilisera exclusivement en interne \u00e0 des fins d\u2019\u00e9valuation des comportements d\u2019achat et d\u2019optimisation de ses offres. Les Utilisateurs seront avertis par email quatre (4) semaines avant la suppression de leur compte et l\u2019anonymisation de leurs donn\u00e9es comportementales.<\/p>\n<p><strong>12. Droits des utilisateurs<\/strong><\/p>\n<p>Chaque Utilisateur b\u00e9n\u00e9ficie en vertu du RGPD d&rsquo;un droit d&rsquo;acc\u00e8s, de modification et d&rsquo;opposition au traitement de ses donn\u00e9es personnelles, d&rsquo;un droit d&rsquo;effacement et d&rsquo;un droit \u00e0 la portabilit\u00e9 de ses donn\u00e9es personnelles en envoyant un courrier \u00e9lectronique \u00e0 gourmettoteam@gmail.com. Ces droits ne peuvent \u00eatre exerc\u00e9s que dans les limites de toute obligation contractuelle ou l\u00e9gale. Chaque utilisateur a \u00e9galement le droit de d\u00e9poser une plainte aupr\u00e8s de l&rsquo;autorit\u00e9 de surveillance luxembourgeoise, \u00e0 savoir la Commission nationale pour la protection des donn\u00e9es https:\/\/cnpd.public.lu\/fr.html.<\/p>\n<p><strong>13. Changements apport\u00e9s \u00e0 la pr\u00e9sente Politique de Confidentialit\u00e9<\/strong><\/p>\n<p>Gourmetto est susceptible de mettre \u00e0 jour la pr\u00e9sente Politique de Confidentialit\u00e9 \u00e0 tout moment. Le cas \u00e9ch\u00e9ant, Gourmetto modifiera la date de derni\u00e8re mise \u00e0 jour en haut de la pr\u00e9sente page.<\/p>\n<p>Les Utilisateurs sont invit\u00e9s \u00e0 v\u00e9rifier fr\u00e9quemment si des changements ont \u00e9t\u00e9 apport\u00e9s \u00e0 la pr\u00e9sente page et reconnaissent qu\u2019il rel\u00e8ve de leur responsabilit\u00e9 d\u2019examiner r\u00e9guli\u00e8rement la pr\u00e9sente Politique de<\/p>\n<p>Confidentialit\u00e9 et de s\u2019informer de ses modifications.<\/p>\n<p><strong>14. Acceptation de la pr\u00e9sente Politique de Confidentialit\u00e9<\/strong><\/p>\n<p>En utilisant les Services, les Utilisateurs marquent leur accord avec la pr\u00e9sente politique de confidentialit\u00e9. Si un Utilisateur n\u2019est pas d\u2019accord avec la pr\u00e9sente politique de confidentialit\u00e9, Gourmetto recommande audit Utilisateur de ne pas utiliser les Services. L\u2019utilisation continue des Services cons\u00e9cutive \u00e0 la publication de changements apport\u00e9s \u00e0 la pr\u00e9sente politique de confidentialit\u00e9 vaudra acceptation de ces changements.<\/p>\t\t\t\t\t\t\t\t<\/div>\n\t\t\t\t<\/div>\n\t\t\t\t\t<\/div>\n\t\t<\/div>\n\t\t\t\t\t<\/div>\n\t\t<\/section>\n\t\t\t\t<\/div>\n\t\t","protected":false},"excerpt":{"rendered":"<p>La pr\u00e9sente politique de confidentialit\u00e9 (ci-apr\u00e8s la \u00ab Politique de Confidentialit\u00e9 \u00bb) r\u00e9git la fa\u00e7on dont GOURMETTO S.\u00e0R.L. dont le si\u00e8ge est \u00e9tabli au 59, Mont\u00e9e St Cr\u00e9pin L-1365 Luxembourg. (Grand-Duch\u00e9 de Luxembourg), inscrit au Registre du Commerce et des Soci\u00e9t\u00e9s du Luxembourg sous le num\u00e9ro B229206 recueille, utilise, conserve et d\u00e9voile des informations recueillies [&hellip;]<\/p>\n","protected":false},"author":1,"featured_media":0,"parent":0,"menu_order":0,"comment_status":"closed","ping_status":"open","template":"","meta":{"_acf_changed":false,"footnotes":""},"class_list":["post-1905","page","type-page","status-publish","hentry"],"acf":[],"yoast_head":"<!-- This site is optimized with the Yoast SEO plugin v25.4 - https:\/\/yoast.com\/wordpress\/plugins\/seo\/ -->\n<title>Politique de confidentialit\u00e9 - Gourmetto<\/title>\n<meta name=\"robots\" content=\"index, follow, max-snippet:-1, max-image-preview:large, max-video-preview:-1\" \/>\n<link rel=\"canonical\" href=\"https:\/\/gourmetto.lu\/fr\/politique-de-confidentialite\/\" \/>\n<meta property=\"og:locale\" content=\"fr_FR\" \/>\n<meta property=\"og:type\" content=\"article\" \/>\n<meta property=\"og:title\" content=\"Politique de confidentialit\u00e9 - Gourmetto\" \/>\n<meta property=\"og:description\" content=\"La pr\u00e9sente politique de confidentialit\u00e9 (ci-apr\u00e8s la \u00ab Politique de Confidentialit\u00e9 \u00bb) r\u00e9git la fa\u00e7on dont GOURMETTO S.\u00e0R.L. dont le si\u00e8ge est \u00e9tabli au 59, Mont\u00e9e St Cr\u00e9pin L-1365 Luxembourg. (Grand-Duch\u00e9 de Luxembourg), inscrit au Registre du Commerce et des Soci\u00e9t\u00e9s du Luxembourg sous le num\u00e9ro B229206 recueille, utilise, conserve et d\u00e9voile des informations recueillies [&hellip;]\" \/>\n<meta property=\"og:url\" content=\"https:\/\/gourmetto.lu\/fr\/politique-de-confidentialite\/\" \/>\n<meta property=\"og:site_name\" content=\"Gourmetto\" \/>\n<meta property=\"article:modified_time\" content=\"2026-01-22T15:21:54+00:00\" \/>\n<meta name=\"twitter:card\" content=\"summary_large_image\" \/>\n<meta name=\"twitter:label1\" content=\"Dur\u00e9e de lecture estim\u00e9e\" \/>\n\t<meta name=\"twitter:data1\" content=\"8 minutes\" \/>\n<script type=\"application\/ld+json\" class=\"yoast-schema-graph\">{\"@context\":\"https:\/\/schema.org\",\"@graph\":[{\"@type\":\"WebPage\",\"@id\":\"https:\/\/gourmetto.lu\/fr\/politique-de-confidentialite\/\",\"url\":\"https:\/\/gourmetto.lu\/fr\/politique-de-confidentialite\/\",\"name\":\"Politique de confidentialit\u00e9 - Gourmetto\",\"isPartOf\":{\"@id\":\"https:\/\/gourmetto.lu\/fr\/#website\"},\"datePublished\":\"2022-06-29T16:54:12+00:00\",\"dateModified\":\"2026-01-22T15:21:54+00:00\",\"breadcrumb\":{\"@id\":\"https:\/\/gourmetto.lu\/fr\/politique-de-confidentialite\/#breadcrumb\"},\"inLanguage\":\"fr-FR\",\"potentialAction\":[{\"@type\":\"ReadAction\",\"target\":[\"https:\/\/gourmetto.lu\/fr\/politique-de-confidentialite\/\"]}]},{\"@type\":\"BreadcrumbList\",\"@id\":\"https:\/\/gourmetto.lu\/fr\/politique-de-confidentialite\/#breadcrumb\",\"itemListElement\":[{\"@type\":\"ListItem\",\"position\":1,\"name\":\"Home\",\"item\":\"https:\/\/gourmetto.lu\/fr\/\"},{\"@type\":\"ListItem\",\"position\":2,\"name\":\"Politique de confidentialit\u00e9\"}]},{\"@type\":\"WebSite\",\"@id\":\"https:\/\/gourmetto.lu\/fr\/#website\",\"url\":\"https:\/\/gourmetto.lu\/fr\/\",\"name\":\"Gourmetto\",\"description\":\"\",\"potentialAction\":[{\"@type\":\"SearchAction\",\"target\":{\"@type\":\"EntryPoint\",\"urlTemplate\":\"https:\/\/gourmetto.lu\/fr\/?s={search_term_string}\"},\"query-input\":{\"@type\":\"PropertyValueSpecification\",\"valueRequired\":true,\"valueName\":\"search_term_string\"}}],\"inLanguage\":\"fr-FR\"}]}<\/script>\n<!-- \/ Yoast SEO plugin. -->","yoast_head_json":{"title":"Politique de confidentialit\u00e9 - Gourmetto","robots":{"index":"index","follow":"follow","max-snippet":"max-snippet:-1","max-image-preview":"max-image-preview:large","max-video-preview":"max-video-preview:-1"},"canonical":"https:\/\/gourmetto.lu\/fr\/politique-de-confidentialite\/","og_locale":"fr_FR","og_type":"article","og_title":"Politique de confidentialit\u00e9 - Gourmetto","og_description":"La pr\u00e9sente politique de confidentialit\u00e9 (ci-apr\u00e8s la \u00ab Politique de Confidentialit\u00e9 \u00bb) r\u00e9git la fa\u00e7on dont GOURMETTO S.\u00e0R.L. dont le si\u00e8ge est \u00e9tabli au 59, Mont\u00e9e St Cr\u00e9pin L-1365 Luxembourg. (Grand-Duch\u00e9 de Luxembourg), inscrit au Registre du Commerce et des Soci\u00e9t\u00e9s du Luxembourg sous le num\u00e9ro B229206 recueille, utilise, conserve et d\u00e9voile des informations recueillies [&hellip;]","og_url":"https:\/\/gourmetto.lu\/fr\/politique-de-confidentialite\/","og_site_name":"Gourmetto","article_modified_time":"2026-01-22T15:21:54+00:00","twitter_card":"summary_large_image","twitter_misc":{"Dur\u00e9e de lecture estim\u00e9e":"8 minutes"},"schema":{"@context":"https:\/\/schema.org","@graph":[{"@type":"WebPage","@id":"https:\/\/gourmetto.lu\/fr\/politique-de-confidentialite\/","url":"https:\/\/gourmetto.lu\/fr\/politique-de-confidentialite\/","name":"Politique de confidentialit\u00e9 - Gourmetto","isPartOf":{"@id":"https:\/\/gourmetto.lu\/fr\/#website"},"datePublished":"2022-06-29T16:54:12+00:00","dateModified":"2026-01-22T15:21:54+00:00","breadcrumb":{"@id":"https:\/\/gourmetto.lu\/fr\/politique-de-confidentialite\/#breadcrumb"},"inLanguage":"fr-FR","potentialAction":[{"@type":"ReadAction","target":["https:\/\/gourmetto.lu\/fr\/politique-de-confidentialite\/"]}]},{"@type":"BreadcrumbList","@id":"https:\/\/gourmetto.lu\/fr\/politique-de-confidentialite\/#breadcrumb","itemListElement":[{"@type":"ListItem","position":1,"name":"Home","item":"https:\/\/gourmetto.lu\/fr\/"},{"@type":"ListItem","position":2,"name":"Politique de confidentialit\u00e9"}]},{"@type":"WebSite","@id":"https:\/\/gourmetto.lu\/fr\/#website","url":"https:\/\/gourmetto.lu\/fr\/","name":"Gourmetto","description":"","potentialAction":[{"@type":"SearchAction","target":{"@type":"EntryPoint","urlTemplate":"https:\/\/gourmetto.lu\/fr\/?s={search_term_string}"},"query-input":{"@type":"PropertyValueSpecification","valueRequired":true,"valueName":"search_term_string"}}],"inLanguage":"fr-FR"}]}},"jetpack_sharing_enabled":true,"_links":{"self":[{"href":"https:\/\/gourmetto.lu\/fr\/wp-json\/wp\/v2\/pages\/1905","targetHints":{"allow":["GET"]}}],"collection":[{"href":"https:\/\/gourmetto.lu\/fr\/wp-json\/wp\/v2\/pages"}],"about":[{"href":"https:\/\/gourmetto.lu\/fr\/wp-json\/wp\/v2\/types\/page"}],"author":[{"embeddable":true,"href":"https:\/\/gourmetto.lu\/fr\/wp-json\/wp\/v2\/users\/1"}],"replies":[{"embeddable":true,"href":"https:\/\/gourmetto.lu\/fr\/wp-json\/wp\/v2\/comments?post=1905"}],"version-history":[{"count":4,"href":"https:\/\/gourmetto.lu\/fr\/wp-json\/wp\/v2\/pages\/1905\/revisions"}],"predecessor-version":[{"id":5921,"href":"https:\/\/gourmetto.lu\/fr\/wp-json\/wp\/v2\/pages\/1905\/revisions\/5921"}],"wp:attachment":[{"href":"https:\/\/gourmetto.lu\/fr\/wp-json\/wp\/v2\/media?parent=1905"}],"curies":[{"name":"wp","href":"https:\/\/api.w.org\/{rel}","templated":true}]}}