{"id":1751,"date":"2022-11-01T19:05:41","date_gmt":"2022-11-01T18:05:41","guid":{"rendered":"https:\/\/beta.gourmetto.lu\/product\/zizzonaaffumicata\/"},"modified":"2026-04-30T18:10:57","modified_gmt":"2026-04-30T16:10:57","slug":"zizzonaaffumicata","status":"publish","type":"product","link":"https:\/\/gourmetto.lu\/fr\/produit\/zizzonaaffumicata\/","title":{"rendered":"Zizzona of Battipaglia DOP Fum\u00e9e"},"content":{"rendered":"<p>La forme attrayante de cette mozzarella \u00e9voque des sentiments ancestraux et relance la recherche des racines de l&rsquo;homme. \u00c0 une \u00e9poque o\u00f9 le sein de la m\u00e8re (toujours un abri de paix) repr\u00e9sentait la fertilit\u00e9 et l&rsquo;abondance.<\/p>\n<p>Romantisme mis \u00e0 part, la Zizzona di Battipaglia\u00ae (ici dans sa variante fum\u00e9e) est une forme particuli\u00e8rement amusante de la classique Buffalo Mozzarella. C&rsquo;est excellente pour un brunch dominical ou un d\u00eener en famille ou entre amis. Elle sera en effet la reine de votre table et difficilement laiss\u00e9e inachev\u00e9e par vos convives.<\/p>\n<p>Comme toutes nos mozzarellas, elle peut \u00eatre livr\u00e9e \u00e0 votre porte moins de 48 heures apr\u00e8s la production<\/p>\n<p>.<\/p>\n","protected":false},"excerpt":{"rendered":"<p>La forme attrayante de cette mozzarella \u00e9voque des sentiments ancestraux et relance la recherche des racines de l&rsquo;homme. \u00c0 une \u00e9poque o\u00f9 le sein de la m\u00e8re (toujours un abri de paix) repr\u00e9sentait la fertilit\u00e9 et l&rsquo;abondance. Romantisme mis \u00e0 part, la Zizzona di Battipaglia\u00ae (ici dans sa variante fum\u00e9e) est une forme particuli\u00e8rement amusante [&hellip;]<\/p>\n","protected":false},"featured_media":2511,"template":"","meta":{"_acf_changed":false},"product_brand":[],"product_cat":[93],"product_tag":[],"class_list":{"0":"post-1751","1":"product","2":"type-product","3":"status-publish","4":"has-post-thumbnail","6":"product_cat-mozzaweek-fr","7":"pa_producers-caseificio-la-fattoria-fr","9":"first","10":"instock","11":"taxable","12":"shipping-taxable","13":"purchasable","14":"product-type-simple"},"bundled_by":[],"bundle_stock_status":"instock","bundle_stock_quantity":100,"bundle_virtual":false,"bundle_layout":"","bundle_add_to_cart_form_location":"","bundle_editable_in_cart":false,"bundle_sold_individually_context":"","bundle_item_grouping":"","bundle_min_size":"","bundle_max_size":"","bundled_items":[],"bundle_sell_ids":[],"acf":[],"yoast_head":"<!-- This site is optimized with the Yoast SEO plugin v25.4 - https:\/\/yoast.com\/wordpress\/plugins\/seo\/ -->\n<title>Zizzona of Battipaglia DOP Fum\u00e9e - Gourmetto<\/title>\n<meta name=\"robots\" content=\"index, follow, max-snippet:-1, max-image-preview:large, max-video-preview:-1\" \/>\n<link rel=\"canonical\" href=\"https:\/\/gourmetto.lu\/fr\/produit\/zizzonaaffumicata\/\" \/>\n<meta property=\"og:locale\" content=\"fr_FR\" \/>\n<meta property=\"og:type\" content=\"article\" \/>\n<meta property=\"og:title\" content=\"Zizzona of Battipaglia DOP Fum\u00e9e - Gourmetto\" \/>\n<meta property=\"og:description\" content=\"La forme attrayante de cette mozzarella \u00e9voque des sentiments ancestraux et relance la recherche des racines de l&rsquo;homme. \u00c0 une \u00e9poque o\u00f9 le sein de la m\u00e8re (toujours un abri de paix) repr\u00e9sentait la fertilit\u00e9 et l&rsquo;abondance. Romantisme mis \u00e0 part, la Zizzona di Battipaglia\u00ae (ici dans sa variante fum\u00e9e) est une forme particuli\u00e8rement amusante [&hellip;]\" \/>\n<meta property=\"og:url\" content=\"https:\/\/gourmetto.lu\/fr\/produit\/zizzonaaffumicata\/\" \/>\n<meta property=\"og:site_name\" content=\"Gourmetto\" \/>\n<meta property=\"article:modified_time\" content=\"2026-04-30T16:10:57+00:00\" \/>\n<meta property=\"og:image\" content=\"https:\/\/gourmetto.lu\/wp-content\/uploads\/2022\/11\/PXL_20221223_115151677-scaled.jpg\" \/>\n\t<meta property=\"og:image:width\" content=\"2560\" \/>\n\t<meta property=\"og:image:height\" content=\"2560\" \/>\n\t<meta property=\"og:image:type\" content=\"image\/jpeg\" \/>\n<meta name=\"twitter:card\" content=\"summary_large_image\" \/>\n<meta name=\"twitter:label1\" content=\"Dur\u00e9e de lecture estim\u00e9e\" \/>\n\t<meta name=\"twitter:data1\" content=\"1 minute\" \/>\n<script type=\"application\/ld+json\" class=\"yoast-schema-graph\">{\"@context\":\"https:\/\/schema.org\",\"@graph\":[{\"@type\":\"WebPage\",\"@id\":\"https:\/\/gourmetto.lu\/fr\/produit\/zizzonaaffumicata\/\",\"url\":\"https:\/\/gourmetto.lu\/fr\/produit\/zizzonaaffumicata\/\",\"name\":\"Zizzona of Battipaglia DOP Fum\u00e9e - Gourmetto\",\"isPartOf\":{\"@id\":\"https:\/\/gourmetto.lu\/fr\/#website\"},\"primaryImageOfPage\":{\"@id\":\"https:\/\/gourmetto.lu\/fr\/produit\/zizzonaaffumicata\/#primaryimage\"},\"image\":{\"@id\":\"https:\/\/gourmetto.lu\/fr\/produit\/zizzonaaffumicata\/#primaryimage\"},\"thumbnailUrl\":\"https:\/\/gourmetto.lu\/wp-content\/uploads\/2022\/11\/PXL_20221223_115151677-scaled.jpg\",\"datePublished\":\"2022-11-01T18:05:41+00:00\",\"dateModified\":\"2026-04-30T16:10:57+00:00\",\"breadcrumb\":{\"@id\":\"https:\/\/gourmetto.lu\/fr\/produit\/zizzonaaffumicata\/#breadcrumb\"},\"inLanguage\":\"fr-FR\",\"potentialAction\":[{\"@type\":\"ReadAction\",\"target\":[\"https:\/\/gourmetto.lu\/fr\/produit\/zizzonaaffumicata\/\"]}]},{\"@type\":\"ImageObject\",\"inLanguage\":\"fr-FR\",\"@id\":\"https:\/\/gourmetto.lu\/fr\/produit\/zizzonaaffumicata\/#primaryimage\",\"url\":\"https:\/\/gourmetto.lu\/wp-content\/uploads\/2022\/11\/PXL_20221223_115151677-scaled.jpg\",\"contentUrl\":\"https:\/\/gourmetto.lu\/wp-content\/uploads\/2022\/11\/PXL_20221223_115151677-scaled.jpg\",\"width\":2560,\"height\":2560},{\"@type\":\"BreadcrumbList\",\"@id\":\"https:\/\/gourmetto.lu\/fr\/produit\/zizzonaaffumicata\/#breadcrumb\",\"itemListElement\":[{\"@type\":\"ListItem\",\"position\":1,\"name\":\"Home\",\"item\":\"https:\/\/gourmetto.lu\/fr\/\"},{\"@type\":\"ListItem\",\"position\":2,\"name\":\"Boutique\",\"item\":\"https:\/\/gourmetto.lu\/shop\/\"},{\"@type\":\"ListItem\",\"position\":3,\"name\":\"Zizzona of Battipaglia DOP Fum\u00e9e\"}]},{\"@type\":\"WebSite\",\"@id\":\"https:\/\/gourmetto.lu\/fr\/#website\",\"url\":\"https:\/\/gourmetto.lu\/fr\/\",\"name\":\"Gourmetto\",\"description\":\"\",\"potentialAction\":[{\"@type\":\"SearchAction\",\"target\":{\"@type\":\"EntryPoint\",\"urlTemplate\":\"https:\/\/gourmetto.lu\/fr\/?s={search_term_string}\"},\"query-input\":{\"@type\":\"PropertyValueSpecification\",\"valueRequired\":true,\"valueName\":\"search_term_string\"}}],\"inLanguage\":\"fr-FR\"}]}<\/script>\n<!-- \/ Yoast SEO plugin. -->","yoast_head_json":{"title":"Zizzona of Battipaglia DOP Fum\u00e9e - Gourmetto","robots":{"index":"index","follow":"follow","max-snippet":"max-snippet:-1","max-image-preview":"max-image-preview:large","max-video-preview":"max-video-preview:-1"},"canonical":"https:\/\/gourmetto.lu\/fr\/produit\/zizzonaaffumicata\/","og_locale":"fr_FR","og_type":"article","og_title":"Zizzona of Battipaglia DOP Fum\u00e9e - Gourmetto","og_description":"La forme attrayante de cette mozzarella \u00e9voque des sentiments ancestraux et relance la recherche des racines de l&rsquo;homme. \u00c0 une \u00e9poque o\u00f9 le sein de la m\u00e8re (toujours un abri de paix) repr\u00e9sentait la fertilit\u00e9 et l&rsquo;abondance. Romantisme mis \u00e0 part, la Zizzona di Battipaglia\u00ae (ici dans sa variante fum\u00e9e) est une forme particuli\u00e8rement amusante [&hellip;]","og_url":"https:\/\/gourmetto.lu\/fr\/produit\/zizzonaaffumicata\/","og_site_name":"Gourmetto","article_modified_time":"2026-04-30T16:10:57+00:00","og_image":[{"width":2560,"height":2560,"url":"https:\/\/gourmetto.lu\/wp-content\/uploads\/2022\/11\/PXL_20221223_115151677-scaled.jpg","type":"image\/jpeg"}],"twitter_card":"summary_large_image","twitter_misc":{"Dur\u00e9e de lecture estim\u00e9e":"1 minute"},"schema":{"@context":"https:\/\/schema.org","@graph":[{"@type":"WebPage","@id":"https:\/\/gourmetto.lu\/fr\/produit\/zizzonaaffumicata\/","url":"https:\/\/gourmetto.lu\/fr\/produit\/zizzonaaffumicata\/","name":"Zizzona of Battipaglia DOP Fum\u00e9e - Gourmetto","isPartOf":{"@id":"https:\/\/gourmetto.lu\/fr\/#website"},"primaryImageOfPage":{"@id":"https:\/\/gourmetto.lu\/fr\/produit\/zizzonaaffumicata\/#primaryimage"},"image":{"@id":"https:\/\/gourmetto.lu\/fr\/produit\/zizzonaaffumicata\/#primaryimage"},"thumbnailUrl":"https:\/\/gourmetto.lu\/wp-content\/uploads\/2022\/11\/PXL_20221223_115151677-scaled.jpg","datePublished":"2022-11-01T18:05:41+00:00","dateModified":"2026-04-30T16:10:57+00:00","breadcrumb":{"@id":"https:\/\/gourmetto.lu\/fr\/produit\/zizzonaaffumicata\/#breadcrumb"},"inLanguage":"fr-FR","potentialAction":[{"@type":"ReadAction","target":["https:\/\/gourmetto.lu\/fr\/produit\/zizzonaaffumicata\/"]}]},{"@type":"ImageObject","inLanguage":"fr-FR","@id":"https:\/\/gourmetto.lu\/fr\/produit\/zizzonaaffumicata\/#primaryimage","url":"https:\/\/gourmetto.lu\/wp-content\/uploads\/2022\/11\/PXL_20221223_115151677-scaled.jpg","contentUrl":"https:\/\/gourmetto.lu\/wp-content\/uploads\/2022\/11\/PXL_20221223_115151677-scaled.jpg","width":2560,"height":2560},{"@type":"BreadcrumbList","@id":"https:\/\/gourmetto.lu\/fr\/produit\/zizzonaaffumicata\/#breadcrumb","itemListElement":[{"@type":"ListItem","position":1,"name":"Home","item":"https:\/\/gourmetto.lu\/fr\/"},{"@type":"ListItem","position":2,"name":"Boutique","item":"https:\/\/gourmetto.lu\/shop\/"},{"@type":"ListItem","position":3,"name":"Zizzona of Battipaglia DOP Fum\u00e9e"}]},{"@type":"WebSite","@id":"https:\/\/gourmetto.lu\/fr\/#website","url":"https:\/\/gourmetto.lu\/fr\/","name":"Gourmetto","description":"","potentialAction":[{"@type":"SearchAction","target":{"@type":"EntryPoint","urlTemplate":"https:\/\/gourmetto.lu\/fr\/?s={search_term_string}"},"query-input":{"@type":"PropertyValueSpecification","valueRequired":true,"valueName":"search_term_string"}}],"inLanguage":"fr-FR"}]}},"jetpack_sharing_enabled":true,"_links":{"self":[{"href":"https:\/\/gourmetto.lu\/fr\/wp-json\/wp\/v2\/product\/1751","targetHints":{"allow":["GET"]}}],"collection":[{"href":"https:\/\/gourmetto.lu\/fr\/wp-json\/wp\/v2\/product"}],"about":[{"href":"https:\/\/gourmetto.lu\/fr\/wp-json\/wp\/v2\/types\/product"}],"wp:featuredmedia":[{"embeddable":true,"href":"https:\/\/gourmetto.lu\/fr\/wp-json\/wp\/v2\/media\/2511"}],"wp:attachment":[{"href":"https:\/\/gourmetto.lu\/fr\/wp-json\/wp\/v2\/media?parent=1751"}],"wp:term":[{"taxonomy":"product_brand","embeddable":true,"href":"https:\/\/gourmetto.lu\/fr\/wp-json\/wp\/v2\/product_brand?post=1751"},{"taxonomy":"product_cat","embeddable":true,"href":"https:\/\/gourmetto.lu\/fr\/wp-json\/wp\/v2\/product_cat?post=1751"},{"taxonomy":"product_tag","embeddable":true,"href":"https:\/\/gourmetto.lu\/fr\/wp-json\/wp\/v2\/product_tag?post=1751"}],"curies":[{"name":"wp","href":"https:\/\/api.w.org\/{rel}","templated":true}]}}