{"id":1753,"date":"2022-11-01T18:56:28","date_gmt":"2022-11-01T17:56:28","guid":{"rendered":"https:\/\/beta.gourmetto.lu\/product\/zizzonalf\/"},"modified":"2026-03-31T09:50:48","modified_gmt":"2026-03-31T07:50:48","slug":"zizzonalf","status":"publish","type":"product","link":"https:\/\/gourmetto.lu\/fr\/produit\/zizzonalf\/","title":{"rendered":"Zizzona di Battipaglia DOP Sans Lactose"},"content":{"rendered":"<p>Le produit le plus c\u00e9l\u00e8bre et le plus appr\u00e9ci\u00e9 : une mythique mozzarella fra\u00eeche de bufflonne 1 Kg qui sera la Reine de votre table. Maintenant disponible en version sans lactose !<\/p>\n<p>La Zizzona di Battipaglia\u00ae est une variante particuli\u00e8rement amusante de la classique Buffalo Mozzarella. C&rsquo;est un alli\u00e9 parfait pour un brunch dominical ou un d\u00eener en famille ou entre amis. Elle sera en effet la reine de votre table et ne sera gu\u00e8re laiss\u00e9e inachev\u00e9e par vos convives.<\/p>\n<p>Comme toutes nos mozzarellas, elle est produite et livr\u00e9e chez vous en moins de 48 heures.<\/p>\n","protected":false},"excerpt":{"rendered":"<p>Le produit le plus c\u00e9l\u00e8bre et le plus appr\u00e9ci\u00e9 : une mythique mozzarella fra\u00eeche de bufflonne 1 Kg qui sera la Reine de votre table. Maintenant disponible en version sans lactose ! La Zizzona di Battipaglia\u00ae est une variante particuli\u00e8rement amusante de la classique Buffalo Mozzarella. C&rsquo;est un alli\u00e9 parfait pour un brunch dominical ou [&hellip;]<\/p>\n","protected":false},"featured_media":1644,"template":"","meta":{"_acf_changed":false},"product_brand":[],"product_cat":[93],"product_tag":[],"class_list":{"0":"post-1753","1":"product","2":"type-product","3":"status-publish","4":"has-post-thumbnail","6":"product_cat-mozzaweek-fr","7":"pa_producers-caseificio-la-fattoria-fr","9":"first","10":"outofstock","11":"taxable","12":"shipping-taxable","13":"purchasable","14":"product-type-simple"},"bundled_by":[],"bundle_stock_status":"outofstock","bundle_stock_quantity":0,"bundle_virtual":false,"bundle_layout":"","bundle_add_to_cart_form_location":"","bundle_editable_in_cart":false,"bundle_sold_individually_context":"","bundle_item_grouping":"","bundle_min_size":"","bundle_max_size":"","bundled_items":[],"bundle_sell_ids":[],"acf":[],"yoast_head":"<!-- This site is optimized with the Yoast SEO plugin v25.4 - https:\/\/yoast.com\/wordpress\/plugins\/seo\/ -->\n<title>Zizzona di Battipaglia DOP Sans Lactose - Gourmetto<\/title>\n<meta name=\"robots\" content=\"index, follow, max-snippet:-1, max-image-preview:large, max-video-preview:-1\" \/>\n<link rel=\"canonical\" href=\"https:\/\/gourmetto.lu\/fr\/produit\/zizzonalf\/\" \/>\n<meta property=\"og:locale\" content=\"fr_FR\" \/>\n<meta property=\"og:type\" content=\"article\" \/>\n<meta property=\"og:title\" content=\"Zizzona di Battipaglia DOP Sans Lactose - Gourmetto\" \/>\n<meta property=\"og:description\" content=\"Le produit le plus c\u00e9l\u00e8bre et le plus appr\u00e9ci\u00e9 : une mythique mozzarella fra\u00eeche de bufflonne 1 Kg qui sera la Reine de votre table. Maintenant disponible en version sans lactose ! La Zizzona di Battipaglia\u00ae est une variante particuli\u00e8rement amusante de la classique Buffalo Mozzarella. C&rsquo;est un alli\u00e9 parfait pour un brunch dominical ou [&hellip;]\" \/>\n<meta property=\"og:url\" content=\"https:\/\/gourmetto.lu\/fr\/produit\/zizzonalf\/\" \/>\n<meta property=\"og:site_name\" content=\"Gourmetto\" \/>\n<meta property=\"article:modified_time\" content=\"2026-03-31T07:50:48+00:00\" \/>\n<meta property=\"og:image\" content=\"https:\/\/gourmetto.lu\/wp-content\/uploads\/2022\/11\/Untitled-design-1.png\" \/>\n\t<meta property=\"og:image:width\" content=\"1080\" \/>\n\t<meta property=\"og:image:height\" content=\"1080\" \/>\n\t<meta property=\"og:image:type\" content=\"image\/png\" \/>\n<meta name=\"twitter:card\" content=\"summary_large_image\" \/>\n<meta name=\"twitter:label1\" content=\"Dur\u00e9e de lecture estim\u00e9e\" \/>\n\t<meta name=\"twitter:data1\" content=\"1 minute\" \/>\n<script type=\"application\/ld+json\" class=\"yoast-schema-graph\">{\"@context\":\"https:\/\/schema.org\",\"@graph\":[{\"@type\":\"WebPage\",\"@id\":\"https:\/\/gourmetto.lu\/fr\/produit\/zizzonalf\/\",\"url\":\"https:\/\/gourmetto.lu\/fr\/produit\/zizzonalf\/\",\"name\":\"Zizzona di Battipaglia DOP Sans Lactose - Gourmetto\",\"isPartOf\":{\"@id\":\"https:\/\/gourmetto.lu\/fr\/#website\"},\"primaryImageOfPage\":{\"@id\":\"https:\/\/gourmetto.lu\/fr\/produit\/zizzonalf\/#primaryimage\"},\"image\":{\"@id\":\"https:\/\/gourmetto.lu\/fr\/produit\/zizzonalf\/#primaryimage\"},\"thumbnailUrl\":\"https:\/\/gourmetto.lu\/wp-content\/uploads\/2022\/11\/Untitled-design-1.png\",\"datePublished\":\"2022-11-01T17:56:28+00:00\",\"dateModified\":\"2026-03-31T07:50:48+00:00\",\"breadcrumb\":{\"@id\":\"https:\/\/gourmetto.lu\/fr\/produit\/zizzonalf\/#breadcrumb\"},\"inLanguage\":\"fr-FR\",\"potentialAction\":[{\"@type\":\"ReadAction\",\"target\":[\"https:\/\/gourmetto.lu\/fr\/produit\/zizzonalf\/\"]}]},{\"@type\":\"ImageObject\",\"inLanguage\":\"fr-FR\",\"@id\":\"https:\/\/gourmetto.lu\/fr\/produit\/zizzonalf\/#primaryimage\",\"url\":\"https:\/\/gourmetto.lu\/wp-content\/uploads\/2022\/11\/Untitled-design-1.png\",\"contentUrl\":\"https:\/\/gourmetto.lu\/wp-content\/uploads\/2022\/11\/Untitled-design-1.png\",\"width\":1080,\"height\":1080},{\"@type\":\"BreadcrumbList\",\"@id\":\"https:\/\/gourmetto.lu\/fr\/produit\/zizzonalf\/#breadcrumb\",\"itemListElement\":[{\"@type\":\"ListItem\",\"position\":1,\"name\":\"Home\",\"item\":\"https:\/\/gourmetto.lu\/fr\/\"},{\"@type\":\"ListItem\",\"position\":2,\"name\":\"Boutique\",\"item\":\"https:\/\/gourmetto.lu\/shop\/\"},{\"@type\":\"ListItem\",\"position\":3,\"name\":\"Zizzona di Battipaglia DOP Sans Lactose\"}]},{\"@type\":\"WebSite\",\"@id\":\"https:\/\/gourmetto.lu\/fr\/#website\",\"url\":\"https:\/\/gourmetto.lu\/fr\/\",\"name\":\"Gourmetto\",\"description\":\"\",\"potentialAction\":[{\"@type\":\"SearchAction\",\"target\":{\"@type\":\"EntryPoint\",\"urlTemplate\":\"https:\/\/gourmetto.lu\/fr\/?s={search_term_string}\"},\"query-input\":{\"@type\":\"PropertyValueSpecification\",\"valueRequired\":true,\"valueName\":\"search_term_string\"}}],\"inLanguage\":\"fr-FR\"}]}<\/script>\n<!-- \/ Yoast SEO plugin. -->","yoast_head_json":{"title":"Zizzona di Battipaglia DOP Sans Lactose - Gourmetto","robots":{"index":"index","follow":"follow","max-snippet":"max-snippet:-1","max-image-preview":"max-image-preview:large","max-video-preview":"max-video-preview:-1"},"canonical":"https:\/\/gourmetto.lu\/fr\/produit\/zizzonalf\/","og_locale":"fr_FR","og_type":"article","og_title":"Zizzona di Battipaglia DOP Sans Lactose - Gourmetto","og_description":"Le produit le plus c\u00e9l\u00e8bre et le plus appr\u00e9ci\u00e9 : une mythique mozzarella fra\u00eeche de bufflonne 1 Kg qui sera la Reine de votre table. Maintenant disponible en version sans lactose ! La Zizzona di Battipaglia\u00ae est une variante particuli\u00e8rement amusante de la classique Buffalo Mozzarella. C&rsquo;est un alli\u00e9 parfait pour un brunch dominical ou [&hellip;]","og_url":"https:\/\/gourmetto.lu\/fr\/produit\/zizzonalf\/","og_site_name":"Gourmetto","article_modified_time":"2026-03-31T07:50:48+00:00","og_image":[{"width":1080,"height":1080,"url":"https:\/\/gourmetto.lu\/wp-content\/uploads\/2022\/11\/Untitled-design-1.png","type":"image\/png"}],"twitter_card":"summary_large_image","twitter_misc":{"Dur\u00e9e de lecture estim\u00e9e":"1 minute"},"schema":{"@context":"https:\/\/schema.org","@graph":[{"@type":"WebPage","@id":"https:\/\/gourmetto.lu\/fr\/produit\/zizzonalf\/","url":"https:\/\/gourmetto.lu\/fr\/produit\/zizzonalf\/","name":"Zizzona di Battipaglia DOP Sans Lactose - Gourmetto","isPartOf":{"@id":"https:\/\/gourmetto.lu\/fr\/#website"},"primaryImageOfPage":{"@id":"https:\/\/gourmetto.lu\/fr\/produit\/zizzonalf\/#primaryimage"},"image":{"@id":"https:\/\/gourmetto.lu\/fr\/produit\/zizzonalf\/#primaryimage"},"thumbnailUrl":"https:\/\/gourmetto.lu\/wp-content\/uploads\/2022\/11\/Untitled-design-1.png","datePublished":"2022-11-01T17:56:28+00:00","dateModified":"2026-03-31T07:50:48+00:00","breadcrumb":{"@id":"https:\/\/gourmetto.lu\/fr\/produit\/zizzonalf\/#breadcrumb"},"inLanguage":"fr-FR","potentialAction":[{"@type":"ReadAction","target":["https:\/\/gourmetto.lu\/fr\/produit\/zizzonalf\/"]}]},{"@type":"ImageObject","inLanguage":"fr-FR","@id":"https:\/\/gourmetto.lu\/fr\/produit\/zizzonalf\/#primaryimage","url":"https:\/\/gourmetto.lu\/wp-content\/uploads\/2022\/11\/Untitled-design-1.png","contentUrl":"https:\/\/gourmetto.lu\/wp-content\/uploads\/2022\/11\/Untitled-design-1.png","width":1080,"height":1080},{"@type":"BreadcrumbList","@id":"https:\/\/gourmetto.lu\/fr\/produit\/zizzonalf\/#breadcrumb","itemListElement":[{"@type":"ListItem","position":1,"name":"Home","item":"https:\/\/gourmetto.lu\/fr\/"},{"@type":"ListItem","position":2,"name":"Boutique","item":"https:\/\/gourmetto.lu\/shop\/"},{"@type":"ListItem","position":3,"name":"Zizzona di Battipaglia DOP Sans Lactose"}]},{"@type":"WebSite","@id":"https:\/\/gourmetto.lu\/fr\/#website","url":"https:\/\/gourmetto.lu\/fr\/","name":"Gourmetto","description":"","potentialAction":[{"@type":"SearchAction","target":{"@type":"EntryPoint","urlTemplate":"https:\/\/gourmetto.lu\/fr\/?s={search_term_string}"},"query-input":{"@type":"PropertyValueSpecification","valueRequired":true,"valueName":"search_term_string"}}],"inLanguage":"fr-FR"}]}},"jetpack_sharing_enabled":true,"_links":{"self":[{"href":"https:\/\/gourmetto.lu\/fr\/wp-json\/wp\/v2\/product\/1753","targetHints":{"allow":["GET"]}}],"collection":[{"href":"https:\/\/gourmetto.lu\/fr\/wp-json\/wp\/v2\/product"}],"about":[{"href":"https:\/\/gourmetto.lu\/fr\/wp-json\/wp\/v2\/types\/product"}],"wp:featuredmedia":[{"embeddable":true,"href":"https:\/\/gourmetto.lu\/fr\/wp-json\/wp\/v2\/media\/1644"}],"wp:attachment":[{"href":"https:\/\/gourmetto.lu\/fr\/wp-json\/wp\/v2\/media?parent=1753"}],"wp:term":[{"taxonomy":"product_brand","embeddable":true,"href":"https:\/\/gourmetto.lu\/fr\/wp-json\/wp\/v2\/product_brand?post=1753"},{"taxonomy":"product_cat","embeddable":true,"href":"https:\/\/gourmetto.lu\/fr\/wp-json\/wp\/v2\/product_cat?post=1753"},{"taxonomy":"product_tag","embeddable":true,"href":"https:\/\/gourmetto.lu\/fr\/wp-json\/wp\/v2\/product_tag?post=1753"}],"curies":[{"name":"wp","href":"https:\/\/api.w.org\/{rel}","templated":true}]}}