{"id":1756,"date":"2022-11-01T18:53:11","date_gmt":"2022-11-01T17:53:11","guid":{"rendered":"https:\/\/beta.gourmetto.lu\/product\/mozzarellalf\/"},"modified":"2026-04-03T09:36:15","modified_gmt":"2026-04-03T07:36:15","slug":"mozzarellalf","status":"publish","type":"product","link":"https:\/\/gourmetto.lu\/fr\/produit\/mozzarellalf\/","title":{"rendered":"Buffalo Mozzarella di Campania DOP Sans Lactose"},"content":{"rendered":"<p>La Mozzarella de bufflonne est l&rsquo;article phare de Gourmetto.<\/p>\n<p>Nous recevons des exp\u00e9ditions mensuelles fra\u00eeches de Mozzarella et les livrons pendant la d\u00e9sormais c\u00e9l\u00e8bre Mozzaweek.<\/p>\n<p>Notre Mozzarella de bufflonne est originaire de Battipaglia dans la province de Salerne. Elle peut \u00eatre livr\u00e9e chez vous en moins de 48 h apr\u00e8s production. Comme on en mange \u00e0 Naples !<\/p>\n<p>Sans lactose pour le rendre agr\u00e9able \u00e0 tous, sans compromis sur la saveur.<\/p>\n","protected":false},"excerpt":{"rendered":"<p>La Mozzarella de bufflonne est l&rsquo;article phare de Gourmetto. Nous recevons des exp\u00e9ditions mensuelles fra\u00eeches de Mozzarella et les livrons pendant la d\u00e9sormais c\u00e9l\u00e8bre Mozzaweek. Notre Mozzarella de bufflonne est originaire de Battipaglia dans la province de Salerne. Elle peut \u00eatre livr\u00e9e chez vous en moins de 48 h apr\u00e8s production. Comme on en mange [&hellip;]<\/p>\n","protected":false},"featured_media":1637,"template":"","meta":{"_acf_changed":false},"product_brand":[],"product_cat":[93],"product_tag":[],"class_list":{"0":"post-1756","1":"product","2":"type-product","3":"status-publish","4":"has-post-thumbnail","6":"product_cat-mozzaweek-fr","7":"pa_producers-caseificio-la-fattoria-fr","9":"first","10":"instock","11":"taxable","12":"shipping-taxable","13":"purchasable","14":"product-type-simple"},"bundled_by":[],"bundle_stock_status":"instock","bundle_stock_quantity":3,"bundle_virtual":false,"bundle_layout":"","bundle_add_to_cart_form_location":"","bundle_editable_in_cart":false,"bundle_sold_individually_context":"","bundle_item_grouping":"","bundle_min_size":"","bundle_max_size":"","bundled_items":[],"bundle_sell_ids":[],"acf":[],"yoast_head":"<!-- This site is optimized with the Yoast SEO plugin v25.4 - https:\/\/yoast.com\/wordpress\/plugins\/seo\/ -->\n<title>Buffalo Mozzarella di Campania DOP Sans Lactose - Gourmetto<\/title>\n<meta name=\"robots\" content=\"index, follow, max-snippet:-1, max-image-preview:large, max-video-preview:-1\" \/>\n<link rel=\"canonical\" href=\"https:\/\/gourmetto.lu\/fr\/produit\/mozzarellalf\/\" \/>\n<meta property=\"og:locale\" content=\"fr_FR\" \/>\n<meta property=\"og:type\" content=\"article\" \/>\n<meta property=\"og:title\" content=\"Buffalo Mozzarella di Campania DOP Sans Lactose - Gourmetto\" \/>\n<meta property=\"og:description\" content=\"La Mozzarella de bufflonne est l&rsquo;article phare de Gourmetto. Nous recevons des exp\u00e9ditions mensuelles fra\u00eeches de Mozzarella et les livrons pendant la d\u00e9sormais c\u00e9l\u00e8bre Mozzaweek. Notre Mozzarella de bufflonne est originaire de Battipaglia dans la province de Salerne. Elle peut \u00eatre livr\u00e9e chez vous en moins de 48 h apr\u00e8s production. Comme on en mange [&hellip;]\" \/>\n<meta property=\"og:url\" content=\"https:\/\/gourmetto.lu\/fr\/produit\/mozzarellalf\/\" \/>\n<meta property=\"og:site_name\" content=\"Gourmetto\" \/>\n<meta property=\"article:modified_time\" content=\"2026-04-03T07:36:15+00:00\" \/>\n<meta property=\"og:image\" content=\"https:\/\/gourmetto.lu\/wp-content\/uploads\/2022\/11\/Untitled-design-2.png\" \/>\n\t<meta property=\"og:image:width\" content=\"1080\" \/>\n\t<meta property=\"og:image:height\" content=\"1080\" \/>\n\t<meta property=\"og:image:type\" content=\"image\/png\" \/>\n<meta name=\"twitter:card\" content=\"summary_large_image\" \/>\n<meta name=\"twitter:label1\" content=\"Dur\u00e9e de lecture estim\u00e9e\" \/>\n\t<meta name=\"twitter:data1\" content=\"1 minute\" \/>\n<script type=\"application\/ld+json\" class=\"yoast-schema-graph\">{\"@context\":\"https:\/\/schema.org\",\"@graph\":[{\"@type\":\"WebPage\",\"@id\":\"https:\/\/gourmetto.lu\/fr\/produit\/mozzarellalf\/\",\"url\":\"https:\/\/gourmetto.lu\/fr\/produit\/mozzarellalf\/\",\"name\":\"Buffalo Mozzarella di Campania DOP Sans Lactose - Gourmetto\",\"isPartOf\":{\"@id\":\"https:\/\/gourmetto.lu\/fr\/#website\"},\"primaryImageOfPage\":{\"@id\":\"https:\/\/gourmetto.lu\/fr\/produit\/mozzarellalf\/#primaryimage\"},\"image\":{\"@id\":\"https:\/\/gourmetto.lu\/fr\/produit\/mozzarellalf\/#primaryimage\"},\"thumbnailUrl\":\"https:\/\/gourmetto.lu\/wp-content\/uploads\/2022\/11\/Untitled-design-2.png\",\"datePublished\":\"2022-11-01T17:53:11+00:00\",\"dateModified\":\"2026-04-03T07:36:15+00:00\",\"breadcrumb\":{\"@id\":\"https:\/\/gourmetto.lu\/fr\/produit\/mozzarellalf\/#breadcrumb\"},\"inLanguage\":\"fr-FR\",\"potentialAction\":[{\"@type\":\"ReadAction\",\"target\":[\"https:\/\/gourmetto.lu\/fr\/produit\/mozzarellalf\/\"]}]},{\"@type\":\"ImageObject\",\"inLanguage\":\"fr-FR\",\"@id\":\"https:\/\/gourmetto.lu\/fr\/produit\/mozzarellalf\/#primaryimage\",\"url\":\"https:\/\/gourmetto.lu\/wp-content\/uploads\/2022\/11\/Untitled-design-2.png\",\"contentUrl\":\"https:\/\/gourmetto.lu\/wp-content\/uploads\/2022\/11\/Untitled-design-2.png\",\"width\":1080,\"height\":1080},{\"@type\":\"BreadcrumbList\",\"@id\":\"https:\/\/gourmetto.lu\/fr\/produit\/mozzarellalf\/#breadcrumb\",\"itemListElement\":[{\"@type\":\"ListItem\",\"position\":1,\"name\":\"Home\",\"item\":\"https:\/\/gourmetto.lu\/fr\/\"},{\"@type\":\"ListItem\",\"position\":2,\"name\":\"Boutique\",\"item\":\"https:\/\/gourmetto.lu\/shop\/\"},{\"@type\":\"ListItem\",\"position\":3,\"name\":\"Buffalo Mozzarella di Campania DOP Sans Lactose\"}]},{\"@type\":\"WebSite\",\"@id\":\"https:\/\/gourmetto.lu\/fr\/#website\",\"url\":\"https:\/\/gourmetto.lu\/fr\/\",\"name\":\"Gourmetto\",\"description\":\"\",\"potentialAction\":[{\"@type\":\"SearchAction\",\"target\":{\"@type\":\"EntryPoint\",\"urlTemplate\":\"https:\/\/gourmetto.lu\/fr\/?s={search_term_string}\"},\"query-input\":{\"@type\":\"PropertyValueSpecification\",\"valueRequired\":true,\"valueName\":\"search_term_string\"}}],\"inLanguage\":\"fr-FR\"}]}<\/script>\n<!-- \/ Yoast SEO plugin. -->","yoast_head_json":{"title":"Buffalo Mozzarella di Campania DOP Sans Lactose - Gourmetto","robots":{"index":"index","follow":"follow","max-snippet":"max-snippet:-1","max-image-preview":"max-image-preview:large","max-video-preview":"max-video-preview:-1"},"canonical":"https:\/\/gourmetto.lu\/fr\/produit\/mozzarellalf\/","og_locale":"fr_FR","og_type":"article","og_title":"Buffalo Mozzarella di Campania DOP Sans Lactose - Gourmetto","og_description":"La Mozzarella de bufflonne est l&rsquo;article phare de Gourmetto. Nous recevons des exp\u00e9ditions mensuelles fra\u00eeches de Mozzarella et les livrons pendant la d\u00e9sormais c\u00e9l\u00e8bre Mozzaweek. Notre Mozzarella de bufflonne est originaire de Battipaglia dans la province de Salerne. Elle peut \u00eatre livr\u00e9e chez vous en moins de 48 h apr\u00e8s production. Comme on en mange [&hellip;]","og_url":"https:\/\/gourmetto.lu\/fr\/produit\/mozzarellalf\/","og_site_name":"Gourmetto","article_modified_time":"2026-04-03T07:36:15+00:00","og_image":[{"width":1080,"height":1080,"url":"https:\/\/gourmetto.lu\/wp-content\/uploads\/2022\/11\/Untitled-design-2.png","type":"image\/png"}],"twitter_card":"summary_large_image","twitter_misc":{"Dur\u00e9e de lecture estim\u00e9e":"1 minute"},"schema":{"@context":"https:\/\/schema.org","@graph":[{"@type":"WebPage","@id":"https:\/\/gourmetto.lu\/fr\/produit\/mozzarellalf\/","url":"https:\/\/gourmetto.lu\/fr\/produit\/mozzarellalf\/","name":"Buffalo Mozzarella di Campania DOP Sans Lactose - Gourmetto","isPartOf":{"@id":"https:\/\/gourmetto.lu\/fr\/#website"},"primaryImageOfPage":{"@id":"https:\/\/gourmetto.lu\/fr\/produit\/mozzarellalf\/#primaryimage"},"image":{"@id":"https:\/\/gourmetto.lu\/fr\/produit\/mozzarellalf\/#primaryimage"},"thumbnailUrl":"https:\/\/gourmetto.lu\/wp-content\/uploads\/2022\/11\/Untitled-design-2.png","datePublished":"2022-11-01T17:53:11+00:00","dateModified":"2026-04-03T07:36:15+00:00","breadcrumb":{"@id":"https:\/\/gourmetto.lu\/fr\/produit\/mozzarellalf\/#breadcrumb"},"inLanguage":"fr-FR","potentialAction":[{"@type":"ReadAction","target":["https:\/\/gourmetto.lu\/fr\/produit\/mozzarellalf\/"]}]},{"@type":"ImageObject","inLanguage":"fr-FR","@id":"https:\/\/gourmetto.lu\/fr\/produit\/mozzarellalf\/#primaryimage","url":"https:\/\/gourmetto.lu\/wp-content\/uploads\/2022\/11\/Untitled-design-2.png","contentUrl":"https:\/\/gourmetto.lu\/wp-content\/uploads\/2022\/11\/Untitled-design-2.png","width":1080,"height":1080},{"@type":"BreadcrumbList","@id":"https:\/\/gourmetto.lu\/fr\/produit\/mozzarellalf\/#breadcrumb","itemListElement":[{"@type":"ListItem","position":1,"name":"Home","item":"https:\/\/gourmetto.lu\/fr\/"},{"@type":"ListItem","position":2,"name":"Boutique","item":"https:\/\/gourmetto.lu\/shop\/"},{"@type":"ListItem","position":3,"name":"Buffalo Mozzarella di Campania DOP Sans Lactose"}]},{"@type":"WebSite","@id":"https:\/\/gourmetto.lu\/fr\/#website","url":"https:\/\/gourmetto.lu\/fr\/","name":"Gourmetto","description":"","potentialAction":[{"@type":"SearchAction","target":{"@type":"EntryPoint","urlTemplate":"https:\/\/gourmetto.lu\/fr\/?s={search_term_string}"},"query-input":{"@type":"PropertyValueSpecification","valueRequired":true,"valueName":"search_term_string"}}],"inLanguage":"fr-FR"}]}},"jetpack_sharing_enabled":true,"_links":{"self":[{"href":"https:\/\/gourmetto.lu\/fr\/wp-json\/wp\/v2\/product\/1756","targetHints":{"allow":["GET"]}}],"collection":[{"href":"https:\/\/gourmetto.lu\/fr\/wp-json\/wp\/v2\/product"}],"about":[{"href":"https:\/\/gourmetto.lu\/fr\/wp-json\/wp\/v2\/types\/product"}],"wp:featuredmedia":[{"embeddable":true,"href":"https:\/\/gourmetto.lu\/fr\/wp-json\/wp\/v2\/media\/1637"}],"wp:attachment":[{"href":"https:\/\/gourmetto.lu\/fr\/wp-json\/wp\/v2\/media?parent=1756"}],"wp:term":[{"taxonomy":"product_brand","embeddable":true,"href":"https:\/\/gourmetto.lu\/fr\/wp-json\/wp\/v2\/product_brand?post=1756"},{"taxonomy":"product_cat","embeddable":true,"href":"https:\/\/gourmetto.lu\/fr\/wp-json\/wp\/v2\/product_cat?post=1756"},{"taxonomy":"product_tag","embeddable":true,"href":"https:\/\/gourmetto.lu\/fr\/wp-json\/wp\/v2\/product_tag?post=1756"}],"curies":[{"name":"wp","href":"https:\/\/api.w.org\/{rel}","templated":true}]}}