{"id":1773,"date":"2022-11-01T18:19:30","date_gmt":"2022-11-01T17:19:30","guid":{"rendered":"https:\/\/beta.gourmetto.lu\/product\/scamorzaaff\/"},"modified":"2026-05-01T16:53:20","modified_gmt":"2026-05-01T14:53:20","slug":"scamorzaaff","status":"publish","type":"product","link":"https:\/\/gourmetto.lu\/fr\/produit\/scamorzaaff\/","title":{"rendered":"Buffalo Scamorza Fum\u00e9e"},"content":{"rendered":"<p>Dans sa forme plus simple, la Scamorza peut \u00eatre d\u00e9crite comme une mozzarella plus s\u00e8che. Pour \u00eatre plus pr\u00e9cis, il s&rsquo;agit d&rsquo;un fromage \u00e0 p\u00e2te fil\u00e9e en forme de poire qui a une texture compacte et \u00e9lastique\/filandreuse. Le go\u00fbt est l\u00e9g\u00e8rement sapide avec une saveur lact\u00e9e d\u00e9licate et agr\u00e9able.<\/p>\n<p>La version fum\u00e9e est probablement la plus courante. Un feu de paille est utilis\u00e9 pour lui donner de la couleur et un go\u00fbt fum\u00e9 intense, qui peut donner un coup de fouet \u00e0 n&rsquo;importe quelle recette.<\/p>\n","protected":false},"excerpt":{"rendered":"<p>Dans sa forme plus simple, la Scamorza peut \u00eatre d\u00e9crite comme une mozzarella plus s\u00e8che. Pour \u00eatre plus pr\u00e9cis, il s&rsquo;agit d&rsquo;un fromage \u00e0 p\u00e2te fil\u00e9e en forme de poire qui a une texture compacte et \u00e9lastique\/filandreuse. Le go\u00fbt est l\u00e9g\u00e8rement sapide avec une saveur lact\u00e9e d\u00e9licate et agr\u00e9able. La version fum\u00e9e est probablement la [&hellip;]<\/p>\n","protected":false},"featured_media":1599,"template":"","meta":{"_acf_changed":false},"product_brand":[],"product_cat":[93],"product_tag":[],"class_list":{"0":"post-1773","1":"product","2":"type-product","3":"status-publish","4":"has-post-thumbnail","6":"product_cat-mozzaweek-fr","7":"pa_producers-caseificio-la-fattoria-fr","9":"first","10":"outofstock","11":"taxable","12":"shipping-taxable","13":"purchasable","14":"product-type-simple"},"bundled_by":[],"bundle_stock_status":"outofstock","bundle_stock_quantity":0,"bundle_virtual":false,"bundle_layout":"","bundle_add_to_cart_form_location":"","bundle_editable_in_cart":false,"bundle_sold_individually_context":"","bundle_item_grouping":"","bundle_min_size":"","bundle_max_size":"","bundled_items":[],"bundle_sell_ids":[],"acf":[],"yoast_head":"<!-- This site is optimized with the Yoast SEO plugin v25.4 - https:\/\/yoast.com\/wordpress\/plugins\/seo\/ -->\n<title>Buffalo Scamorza Fum\u00e9e - Gourmetto<\/title>\n<meta name=\"robots\" content=\"index, follow, max-snippet:-1, max-image-preview:large, max-video-preview:-1\" \/>\n<link rel=\"canonical\" href=\"https:\/\/gourmetto.lu\/fr\/produit\/scamorzaaff\/\" \/>\n<meta property=\"og:locale\" content=\"fr_FR\" \/>\n<meta property=\"og:type\" content=\"article\" \/>\n<meta property=\"og:title\" content=\"Buffalo Scamorza Fum\u00e9e - Gourmetto\" \/>\n<meta property=\"og:description\" content=\"Dans sa forme plus simple, la Scamorza peut \u00eatre d\u00e9crite comme une mozzarella plus s\u00e8che. Pour \u00eatre plus pr\u00e9cis, il s&rsquo;agit d&rsquo;un fromage \u00e0 p\u00e2te fil\u00e9e en forme de poire qui a une texture compacte et \u00e9lastique\/filandreuse. Le go\u00fbt est l\u00e9g\u00e8rement sapide avec une saveur lact\u00e9e d\u00e9licate et agr\u00e9able. La version fum\u00e9e est probablement la [&hellip;]\" \/>\n<meta property=\"og:url\" content=\"https:\/\/gourmetto.lu\/fr\/produit\/scamorzaaff\/\" \/>\n<meta property=\"og:site_name\" content=\"Gourmetto\" \/>\n<meta property=\"article:modified_time\" content=\"2026-05-01T14:53:20+00:00\" \/>\n<meta property=\"og:image\" content=\"https:\/\/gourmetto.lu\/wp-content\/uploads\/2022\/11\/DSC_1058-scaled.jpg\" \/>\n\t<meta property=\"og:image:width\" content=\"2560\" \/>\n\t<meta property=\"og:image:height\" content=\"2560\" \/>\n\t<meta property=\"og:image:type\" content=\"image\/jpeg\" \/>\n<meta name=\"twitter:card\" content=\"summary_large_image\" \/>\n<meta name=\"twitter:label1\" content=\"Dur\u00e9e de lecture estim\u00e9e\" \/>\n\t<meta name=\"twitter:data1\" content=\"1 minute\" \/>\n<script type=\"application\/ld+json\" class=\"yoast-schema-graph\">{\"@context\":\"https:\/\/schema.org\",\"@graph\":[{\"@type\":\"WebPage\",\"@id\":\"https:\/\/gourmetto.lu\/fr\/produit\/scamorzaaff\/\",\"url\":\"https:\/\/gourmetto.lu\/fr\/produit\/scamorzaaff\/\",\"name\":\"Buffalo Scamorza Fum\u00e9e - Gourmetto\",\"isPartOf\":{\"@id\":\"https:\/\/gourmetto.lu\/fr\/#website\"},\"primaryImageOfPage\":{\"@id\":\"https:\/\/gourmetto.lu\/fr\/produit\/scamorzaaff\/#primaryimage\"},\"image\":{\"@id\":\"https:\/\/gourmetto.lu\/fr\/produit\/scamorzaaff\/#primaryimage\"},\"thumbnailUrl\":\"https:\/\/gourmetto.lu\/wp-content\/uploads\/2022\/11\/DSC_1058-scaled.jpg\",\"datePublished\":\"2022-11-01T17:19:30+00:00\",\"dateModified\":\"2026-05-01T14:53:20+00:00\",\"breadcrumb\":{\"@id\":\"https:\/\/gourmetto.lu\/fr\/produit\/scamorzaaff\/#breadcrumb\"},\"inLanguage\":\"fr-FR\",\"potentialAction\":[{\"@type\":\"ReadAction\",\"target\":[\"https:\/\/gourmetto.lu\/fr\/produit\/scamorzaaff\/\"]}]},{\"@type\":\"ImageObject\",\"inLanguage\":\"fr-FR\",\"@id\":\"https:\/\/gourmetto.lu\/fr\/produit\/scamorzaaff\/#primaryimage\",\"url\":\"https:\/\/gourmetto.lu\/wp-content\/uploads\/2022\/11\/DSC_1058-scaled.jpg\",\"contentUrl\":\"https:\/\/gourmetto.lu\/wp-content\/uploads\/2022\/11\/DSC_1058-scaled.jpg\",\"width\":2560,\"height\":2560},{\"@type\":\"BreadcrumbList\",\"@id\":\"https:\/\/gourmetto.lu\/fr\/produit\/scamorzaaff\/#breadcrumb\",\"itemListElement\":[{\"@type\":\"ListItem\",\"position\":1,\"name\":\"Home\",\"item\":\"https:\/\/gourmetto.lu\/fr\/\"},{\"@type\":\"ListItem\",\"position\":2,\"name\":\"Boutique\",\"item\":\"https:\/\/gourmetto.lu\/shop\/\"},{\"@type\":\"ListItem\",\"position\":3,\"name\":\"Buffalo Scamorza Fum\u00e9e\"}]},{\"@type\":\"WebSite\",\"@id\":\"https:\/\/gourmetto.lu\/fr\/#website\",\"url\":\"https:\/\/gourmetto.lu\/fr\/\",\"name\":\"Gourmetto\",\"description\":\"\",\"potentialAction\":[{\"@type\":\"SearchAction\",\"target\":{\"@type\":\"EntryPoint\",\"urlTemplate\":\"https:\/\/gourmetto.lu\/fr\/?s={search_term_string}\"},\"query-input\":{\"@type\":\"PropertyValueSpecification\",\"valueRequired\":true,\"valueName\":\"search_term_string\"}}],\"inLanguage\":\"fr-FR\"}]}<\/script>\n<!-- \/ Yoast SEO plugin. -->","yoast_head_json":{"title":"Buffalo Scamorza Fum\u00e9e - Gourmetto","robots":{"index":"index","follow":"follow","max-snippet":"max-snippet:-1","max-image-preview":"max-image-preview:large","max-video-preview":"max-video-preview:-1"},"canonical":"https:\/\/gourmetto.lu\/fr\/produit\/scamorzaaff\/","og_locale":"fr_FR","og_type":"article","og_title":"Buffalo Scamorza Fum\u00e9e - Gourmetto","og_description":"Dans sa forme plus simple, la Scamorza peut \u00eatre d\u00e9crite comme une mozzarella plus s\u00e8che. Pour \u00eatre plus pr\u00e9cis, il s&rsquo;agit d&rsquo;un fromage \u00e0 p\u00e2te fil\u00e9e en forme de poire qui a une texture compacte et \u00e9lastique\/filandreuse. Le go\u00fbt est l\u00e9g\u00e8rement sapide avec une saveur lact\u00e9e d\u00e9licate et agr\u00e9able. La version fum\u00e9e est probablement la [&hellip;]","og_url":"https:\/\/gourmetto.lu\/fr\/produit\/scamorzaaff\/","og_site_name":"Gourmetto","article_modified_time":"2026-05-01T14:53:20+00:00","og_image":[{"width":2560,"height":2560,"url":"https:\/\/gourmetto.lu\/wp-content\/uploads\/2022\/11\/DSC_1058-scaled.jpg","type":"image\/jpeg"}],"twitter_card":"summary_large_image","twitter_misc":{"Dur\u00e9e de lecture estim\u00e9e":"1 minute"},"schema":{"@context":"https:\/\/schema.org","@graph":[{"@type":"WebPage","@id":"https:\/\/gourmetto.lu\/fr\/produit\/scamorzaaff\/","url":"https:\/\/gourmetto.lu\/fr\/produit\/scamorzaaff\/","name":"Buffalo Scamorza Fum\u00e9e - Gourmetto","isPartOf":{"@id":"https:\/\/gourmetto.lu\/fr\/#website"},"primaryImageOfPage":{"@id":"https:\/\/gourmetto.lu\/fr\/produit\/scamorzaaff\/#primaryimage"},"image":{"@id":"https:\/\/gourmetto.lu\/fr\/produit\/scamorzaaff\/#primaryimage"},"thumbnailUrl":"https:\/\/gourmetto.lu\/wp-content\/uploads\/2022\/11\/DSC_1058-scaled.jpg","datePublished":"2022-11-01T17:19:30+00:00","dateModified":"2026-05-01T14:53:20+00:00","breadcrumb":{"@id":"https:\/\/gourmetto.lu\/fr\/produit\/scamorzaaff\/#breadcrumb"},"inLanguage":"fr-FR","potentialAction":[{"@type":"ReadAction","target":["https:\/\/gourmetto.lu\/fr\/produit\/scamorzaaff\/"]}]},{"@type":"ImageObject","inLanguage":"fr-FR","@id":"https:\/\/gourmetto.lu\/fr\/produit\/scamorzaaff\/#primaryimage","url":"https:\/\/gourmetto.lu\/wp-content\/uploads\/2022\/11\/DSC_1058-scaled.jpg","contentUrl":"https:\/\/gourmetto.lu\/wp-content\/uploads\/2022\/11\/DSC_1058-scaled.jpg","width":2560,"height":2560},{"@type":"BreadcrumbList","@id":"https:\/\/gourmetto.lu\/fr\/produit\/scamorzaaff\/#breadcrumb","itemListElement":[{"@type":"ListItem","position":1,"name":"Home","item":"https:\/\/gourmetto.lu\/fr\/"},{"@type":"ListItem","position":2,"name":"Boutique","item":"https:\/\/gourmetto.lu\/shop\/"},{"@type":"ListItem","position":3,"name":"Buffalo Scamorza Fum\u00e9e"}]},{"@type":"WebSite","@id":"https:\/\/gourmetto.lu\/fr\/#website","url":"https:\/\/gourmetto.lu\/fr\/","name":"Gourmetto","description":"","potentialAction":[{"@type":"SearchAction","target":{"@type":"EntryPoint","urlTemplate":"https:\/\/gourmetto.lu\/fr\/?s={search_term_string}"},"query-input":{"@type":"PropertyValueSpecification","valueRequired":true,"valueName":"search_term_string"}}],"inLanguage":"fr-FR"}]}},"jetpack_sharing_enabled":true,"_links":{"self":[{"href":"https:\/\/gourmetto.lu\/fr\/wp-json\/wp\/v2\/product\/1773","targetHints":{"allow":["GET"]}}],"collection":[{"href":"https:\/\/gourmetto.lu\/fr\/wp-json\/wp\/v2\/product"}],"about":[{"href":"https:\/\/gourmetto.lu\/fr\/wp-json\/wp\/v2\/types\/product"}],"wp:featuredmedia":[{"embeddable":true,"href":"https:\/\/gourmetto.lu\/fr\/wp-json\/wp\/v2\/media\/1599"}],"wp:attachment":[{"href":"https:\/\/gourmetto.lu\/fr\/wp-json\/wp\/v2\/media?parent=1773"}],"wp:term":[{"taxonomy":"product_brand","embeddable":true,"href":"https:\/\/gourmetto.lu\/fr\/wp-json\/wp\/v2\/product_brand?post=1773"},{"taxonomy":"product_cat","embeddable":true,"href":"https:\/\/gourmetto.lu\/fr\/wp-json\/wp\/v2\/product_cat?post=1773"},{"taxonomy":"product_tag","embeddable":true,"href":"https:\/\/gourmetto.lu\/fr\/wp-json\/wp\/v2\/product_tag?post=1773"}],"curies":[{"name":"wp","href":"https:\/\/api.w.org\/{rel}","templated":true}]}}