{"id":1779,"date":"2022-11-01T18:06:24","date_gmt":"2022-11-01T17:06:24","guid":{"rendered":"https:\/\/beta.gourmetto.lu\/product\/stracciatella\/"},"modified":"2026-04-03T09:37:06","modified_gmt":"2026-04-03T07:37:06","slug":"stracciatella","status":"publish","type":"product","link":"https:\/\/gourmetto.lu\/fr\/produit\/stracciatella\/","title":{"rendered":"Buffalo Mozzarella \u201cStracciatella\u201d en Cr\u00e8me DOP"},"content":{"rendered":"<p>\u00ab\u00a0<em>Stracciata<\/em>\u00a0\u00bb signifie r\u00e2p\u00e9 ou d\u00e9chir\u00e9 en italien. Les morceaux de mozzarella sont m\u00e9lang\u00e9s \u00e0 de la cr\u00e8me, et le r\u00e9sultat est un fromage \u00e0 p\u00e2te molle unique avec une saveur inimaginable.<\/p>\n","protected":false},"excerpt":{"rendered":"<p>\u00ab\u00a0Stracciata\u00a0\u00bb signifie r\u00e2p\u00e9 ou d\u00e9chir\u00e9 en italien. Les morceaux de mozzarella sont m\u00e9lang\u00e9s \u00e0 de la cr\u00e8me, et le r\u00e9sultat est un fromage \u00e0 p\u00e2te molle unique avec une saveur inimaginable.<\/p>\n","protected":false},"featured_media":1577,"template":"","meta":{"_acf_changed":false},"product_brand":[],"product_cat":[93],"product_tag":[],"class_list":{"0":"post-1779","1":"product","2":"type-product","3":"status-publish","4":"has-post-thumbnail","6":"product_cat-mozzaweek-fr","7":"pa_producers-caseificio-la-fattoria-fr","9":"first","10":"outofstock","11":"taxable","12":"shipping-taxable","13":"purchasable","14":"product-type-simple"},"bundled_by":[],"bundle_stock_status":"outofstock","bundle_stock_quantity":0,"bundle_virtual":false,"bundle_layout":"","bundle_add_to_cart_form_location":"","bundle_editable_in_cart":false,"bundle_sold_individually_context":"","bundle_item_grouping":"","bundle_min_size":"","bundle_max_size":"","bundled_items":[],"bundle_sell_ids":[],"acf":[],"yoast_head":"<!-- This site is optimized with the Yoast SEO plugin v25.4 - https:\/\/yoast.com\/wordpress\/plugins\/seo\/ -->\n<title>Buffalo Mozzarella \u201cStracciatella\u201d en Cr\u00e8me DOP - Gourmetto<\/title>\n<meta name=\"robots\" content=\"index, follow, max-snippet:-1, max-image-preview:large, max-video-preview:-1\" \/>\n<link rel=\"canonical\" href=\"https:\/\/gourmetto.lu\/fr\/produit\/stracciatella\/\" \/>\n<meta property=\"og:locale\" content=\"fr_FR\" \/>\n<meta property=\"og:type\" content=\"article\" \/>\n<meta property=\"og:title\" content=\"Buffalo Mozzarella \u201cStracciatella\u201d en Cr\u00e8me DOP - Gourmetto\" \/>\n<meta property=\"og:description\" content=\"\u00ab\u00a0Stracciata\u00a0\u00bb signifie r\u00e2p\u00e9 ou d\u00e9chir\u00e9 en italien. Les morceaux de mozzarella sont m\u00e9lang\u00e9s \u00e0 de la cr\u00e8me, et le r\u00e9sultat est un fromage \u00e0 p\u00e2te molle unique avec une saveur inimaginable.\" \/>\n<meta property=\"og:url\" content=\"https:\/\/gourmetto.lu\/fr\/produit\/stracciatella\/\" \/>\n<meta property=\"og:site_name\" content=\"Gourmetto\" \/>\n<meta property=\"article:modified_time\" content=\"2026-04-03T07:37:06+00:00\" \/>\n<meta property=\"og:image\" content=\"https:\/\/gourmetto.lu\/wp-content\/uploads\/2022\/11\/dsc_1478.jpg\" \/>\n\t<meta property=\"og:image:width\" content=\"1200\" \/>\n\t<meta property=\"og:image:height\" content=\"1200\" \/>\n\t<meta property=\"og:image:type\" content=\"image\/jpeg\" \/>\n<meta name=\"twitter:card\" content=\"summary_large_image\" \/>\n<meta name=\"twitter:label1\" content=\"Dur\u00e9e de lecture estim\u00e9e\" \/>\n\t<meta name=\"twitter:data1\" content=\"1 minute\" \/>\n<script type=\"application\/ld+json\" class=\"yoast-schema-graph\">{\"@context\":\"https:\/\/schema.org\",\"@graph\":[{\"@type\":\"WebPage\",\"@id\":\"https:\/\/gourmetto.lu\/fr\/produit\/stracciatella\/\",\"url\":\"https:\/\/gourmetto.lu\/fr\/produit\/stracciatella\/\",\"name\":\"Buffalo Mozzarella \u201cStracciatella\u201d en Cr\u00e8me DOP - Gourmetto\",\"isPartOf\":{\"@id\":\"https:\/\/gourmetto.lu\/fr\/#website\"},\"primaryImageOfPage\":{\"@id\":\"https:\/\/gourmetto.lu\/fr\/produit\/stracciatella\/#primaryimage\"},\"image\":{\"@id\":\"https:\/\/gourmetto.lu\/fr\/produit\/stracciatella\/#primaryimage\"},\"thumbnailUrl\":\"https:\/\/gourmetto.lu\/wp-content\/uploads\/2022\/11\/dsc_1478.jpg\",\"datePublished\":\"2022-11-01T17:06:24+00:00\",\"dateModified\":\"2026-04-03T07:37:06+00:00\",\"breadcrumb\":{\"@id\":\"https:\/\/gourmetto.lu\/fr\/produit\/stracciatella\/#breadcrumb\"},\"inLanguage\":\"fr-FR\",\"potentialAction\":[{\"@type\":\"ReadAction\",\"target\":[\"https:\/\/gourmetto.lu\/fr\/produit\/stracciatella\/\"]}]},{\"@type\":\"ImageObject\",\"inLanguage\":\"fr-FR\",\"@id\":\"https:\/\/gourmetto.lu\/fr\/produit\/stracciatella\/#primaryimage\",\"url\":\"https:\/\/gourmetto.lu\/wp-content\/uploads\/2022\/11\/dsc_1478.jpg\",\"contentUrl\":\"https:\/\/gourmetto.lu\/wp-content\/uploads\/2022\/11\/dsc_1478.jpg\",\"width\":1200,\"height\":1200},{\"@type\":\"BreadcrumbList\",\"@id\":\"https:\/\/gourmetto.lu\/fr\/produit\/stracciatella\/#breadcrumb\",\"itemListElement\":[{\"@type\":\"ListItem\",\"position\":1,\"name\":\"Home\",\"item\":\"https:\/\/gourmetto.lu\/fr\/\"},{\"@type\":\"ListItem\",\"position\":2,\"name\":\"Boutique\",\"item\":\"https:\/\/gourmetto.lu\/shop\/\"},{\"@type\":\"ListItem\",\"position\":3,\"name\":\"Buffalo Mozzarella \u201cStracciatella\u201d en Cr\u00e8me DOP\"}]},{\"@type\":\"WebSite\",\"@id\":\"https:\/\/gourmetto.lu\/fr\/#website\",\"url\":\"https:\/\/gourmetto.lu\/fr\/\",\"name\":\"Gourmetto\",\"description\":\"\",\"potentialAction\":[{\"@type\":\"SearchAction\",\"target\":{\"@type\":\"EntryPoint\",\"urlTemplate\":\"https:\/\/gourmetto.lu\/fr\/?s={search_term_string}\"},\"query-input\":{\"@type\":\"PropertyValueSpecification\",\"valueRequired\":true,\"valueName\":\"search_term_string\"}}],\"inLanguage\":\"fr-FR\"}]}<\/script>\n<!-- \/ Yoast SEO plugin. -->","yoast_head_json":{"title":"Buffalo Mozzarella \u201cStracciatella\u201d en Cr\u00e8me DOP - Gourmetto","robots":{"index":"index","follow":"follow","max-snippet":"max-snippet:-1","max-image-preview":"max-image-preview:large","max-video-preview":"max-video-preview:-1"},"canonical":"https:\/\/gourmetto.lu\/fr\/produit\/stracciatella\/","og_locale":"fr_FR","og_type":"article","og_title":"Buffalo Mozzarella \u201cStracciatella\u201d en Cr\u00e8me DOP - Gourmetto","og_description":"\u00ab\u00a0Stracciata\u00a0\u00bb signifie r\u00e2p\u00e9 ou d\u00e9chir\u00e9 en italien. Les morceaux de mozzarella sont m\u00e9lang\u00e9s \u00e0 de la cr\u00e8me, et le r\u00e9sultat est un fromage \u00e0 p\u00e2te molle unique avec une saveur inimaginable.","og_url":"https:\/\/gourmetto.lu\/fr\/produit\/stracciatella\/","og_site_name":"Gourmetto","article_modified_time":"2026-04-03T07:37:06+00:00","og_image":[{"width":1200,"height":1200,"url":"https:\/\/gourmetto.lu\/wp-content\/uploads\/2022\/11\/dsc_1478.jpg","type":"image\/jpeg"}],"twitter_card":"summary_large_image","twitter_misc":{"Dur\u00e9e de lecture estim\u00e9e":"1 minute"},"schema":{"@context":"https:\/\/schema.org","@graph":[{"@type":"WebPage","@id":"https:\/\/gourmetto.lu\/fr\/produit\/stracciatella\/","url":"https:\/\/gourmetto.lu\/fr\/produit\/stracciatella\/","name":"Buffalo Mozzarella \u201cStracciatella\u201d en Cr\u00e8me DOP - Gourmetto","isPartOf":{"@id":"https:\/\/gourmetto.lu\/fr\/#website"},"primaryImageOfPage":{"@id":"https:\/\/gourmetto.lu\/fr\/produit\/stracciatella\/#primaryimage"},"image":{"@id":"https:\/\/gourmetto.lu\/fr\/produit\/stracciatella\/#primaryimage"},"thumbnailUrl":"https:\/\/gourmetto.lu\/wp-content\/uploads\/2022\/11\/dsc_1478.jpg","datePublished":"2022-11-01T17:06:24+00:00","dateModified":"2026-04-03T07:37:06+00:00","breadcrumb":{"@id":"https:\/\/gourmetto.lu\/fr\/produit\/stracciatella\/#breadcrumb"},"inLanguage":"fr-FR","potentialAction":[{"@type":"ReadAction","target":["https:\/\/gourmetto.lu\/fr\/produit\/stracciatella\/"]}]},{"@type":"ImageObject","inLanguage":"fr-FR","@id":"https:\/\/gourmetto.lu\/fr\/produit\/stracciatella\/#primaryimage","url":"https:\/\/gourmetto.lu\/wp-content\/uploads\/2022\/11\/dsc_1478.jpg","contentUrl":"https:\/\/gourmetto.lu\/wp-content\/uploads\/2022\/11\/dsc_1478.jpg","width":1200,"height":1200},{"@type":"BreadcrumbList","@id":"https:\/\/gourmetto.lu\/fr\/produit\/stracciatella\/#breadcrumb","itemListElement":[{"@type":"ListItem","position":1,"name":"Home","item":"https:\/\/gourmetto.lu\/fr\/"},{"@type":"ListItem","position":2,"name":"Boutique","item":"https:\/\/gourmetto.lu\/shop\/"},{"@type":"ListItem","position":3,"name":"Buffalo Mozzarella \u201cStracciatella\u201d en Cr\u00e8me DOP"}]},{"@type":"WebSite","@id":"https:\/\/gourmetto.lu\/fr\/#website","url":"https:\/\/gourmetto.lu\/fr\/","name":"Gourmetto","description":"","potentialAction":[{"@type":"SearchAction","target":{"@type":"EntryPoint","urlTemplate":"https:\/\/gourmetto.lu\/fr\/?s={search_term_string}"},"query-input":{"@type":"PropertyValueSpecification","valueRequired":true,"valueName":"search_term_string"}}],"inLanguage":"fr-FR"}]}},"jetpack_sharing_enabled":true,"_links":{"self":[{"href":"https:\/\/gourmetto.lu\/fr\/wp-json\/wp\/v2\/product\/1779","targetHints":{"allow":["GET"]}}],"collection":[{"href":"https:\/\/gourmetto.lu\/fr\/wp-json\/wp\/v2\/product"}],"about":[{"href":"https:\/\/gourmetto.lu\/fr\/wp-json\/wp\/v2\/types\/product"}],"wp:featuredmedia":[{"embeddable":true,"href":"https:\/\/gourmetto.lu\/fr\/wp-json\/wp\/v2\/media\/1577"}],"wp:attachment":[{"href":"https:\/\/gourmetto.lu\/fr\/wp-json\/wp\/v2\/media?parent=1779"}],"wp:term":[{"taxonomy":"product_brand","embeddable":true,"href":"https:\/\/gourmetto.lu\/fr\/wp-json\/wp\/v2\/product_brand?post=1779"},{"taxonomy":"product_cat","embeddable":true,"href":"https:\/\/gourmetto.lu\/fr\/wp-json\/wp\/v2\/product_cat?post=1779"},{"taxonomy":"product_tag","embeddable":true,"href":"https:\/\/gourmetto.lu\/fr\/wp-json\/wp\/v2\/product_tag?post=1779"}],"curies":[{"name":"wp","href":"https:\/\/api.w.org\/{rel}","templated":true}]}}