{"id":1782,"date":"2022-11-01T18:02:50","date_gmt":"2022-11-01T17:02:50","guid":{"rendered":"https:\/\/beta.gourmetto.lu\/product\/ricotta\/"},"modified":"2026-03-31T09:54:33","modified_gmt":"2026-03-31T07:54:33","slug":"ricotta","status":"publish","type":"product","link":"https:\/\/gourmetto.lu\/fr\/produit\/ricotta\/","title":{"rendered":"Buffalo Ricotta DOP"},"content":{"rendered":"<p>Le classique fromage italien \u00e0 p\u00e2te molle. Produit ici avec du lait de bufflonne au lieu du plus classique lait de vache ou de brebis. Un ingr\u00e9dient incroyable pour les sandwichs, les g\u00e2teaux, les garnitures et \u00e0 peu pr\u00e8s n&rsquo;importe quel autre plat qui n\u00e9cessite un go\u00fbt cr\u00e9meux.<\/p>\n<p>Comme notre mozzarella, elle peut \u00eatre livr\u00e9e \u00e0 votre porte moins de 48 heures apr\u00e8s la production.<\/p>\n","protected":false},"excerpt":{"rendered":"<p>Le classique fromage italien \u00e0 p\u00e2te molle. Produit ici avec du lait de bufflonne au lieu du plus classique lait de vache ou de brebis. Un ingr\u00e9dient incroyable pour les sandwichs, les g\u00e2teaux, les garnitures et \u00e0 peu pr\u00e8s n&rsquo;importe quel autre plat qui n\u00e9cessite un go\u00fbt cr\u00e9meux. Comme notre mozzarella, elle peut \u00eatre livr\u00e9e [&hellip;]<\/p>\n","protected":false},"featured_media":1573,"template":"","meta":{"_acf_changed":false},"product_brand":[],"product_cat":[93],"product_tag":[],"class_list":{"0":"post-1782","1":"product","2":"type-product","3":"status-publish","4":"has-post-thumbnail","6":"product_cat-mozzaweek-fr","7":"pa_producers-caseificio-la-fattoria-fr","9":"first","10":"outofstock","11":"taxable","12":"shipping-taxable","13":"purchasable","14":"product-type-simple"},"bundled_by":[],"bundle_stock_status":"outofstock","bundle_stock_quantity":0,"bundle_virtual":false,"bundle_layout":"","bundle_add_to_cart_form_location":"","bundle_editable_in_cart":false,"bundle_sold_individually_context":"","bundle_item_grouping":"","bundle_min_size":"","bundle_max_size":"","bundled_items":[],"bundle_sell_ids":[],"acf":[],"yoast_head":"<!-- This site is optimized with the Yoast SEO plugin v25.4 - https:\/\/yoast.com\/wordpress\/plugins\/seo\/ -->\n<title>Buffalo Ricotta DOP - Gourmetto<\/title>\n<meta name=\"robots\" content=\"index, follow, max-snippet:-1, max-image-preview:large, max-video-preview:-1\" \/>\n<link rel=\"canonical\" href=\"https:\/\/gourmetto.lu\/fr\/produit\/ricotta\/\" \/>\n<meta property=\"og:locale\" content=\"fr_FR\" \/>\n<meta property=\"og:type\" content=\"article\" \/>\n<meta property=\"og:title\" content=\"Buffalo Ricotta DOP - Gourmetto\" \/>\n<meta property=\"og:description\" content=\"Le classique fromage italien \u00e0 p\u00e2te molle. Produit ici avec du lait de bufflonne au lieu du plus classique lait de vache ou de brebis. Un ingr\u00e9dient incroyable pour les sandwichs, les g\u00e2teaux, les garnitures et \u00e0 peu pr\u00e8s n&rsquo;importe quel autre plat qui n\u00e9cessite un go\u00fbt cr\u00e9meux. Comme notre mozzarella, elle peut \u00eatre livr\u00e9e [&hellip;]\" \/>\n<meta property=\"og:url\" content=\"https:\/\/gourmetto.lu\/fr\/produit\/ricotta\/\" \/>\n<meta property=\"og:site_name\" content=\"Gourmetto\" \/>\n<meta property=\"article:modified_time\" content=\"2026-03-31T07:54:33+00:00\" \/>\n<meta property=\"og:image\" content=\"https:\/\/gourmetto.lu\/wp-content\/uploads\/2022\/11\/DSC_1088-scaled.jpg\" \/>\n\t<meta property=\"og:image:width\" content=\"2560\" \/>\n\t<meta property=\"og:image:height\" content=\"2560\" \/>\n\t<meta property=\"og:image:type\" content=\"image\/jpeg\" \/>\n<meta name=\"twitter:card\" content=\"summary_large_image\" \/>\n<meta name=\"twitter:label1\" content=\"Dur\u00e9e de lecture estim\u00e9e\" \/>\n\t<meta name=\"twitter:data1\" content=\"1 minute\" \/>\n<script type=\"application\/ld+json\" class=\"yoast-schema-graph\">{\"@context\":\"https:\/\/schema.org\",\"@graph\":[{\"@type\":\"WebPage\",\"@id\":\"https:\/\/gourmetto.lu\/fr\/produit\/ricotta\/\",\"url\":\"https:\/\/gourmetto.lu\/fr\/produit\/ricotta\/\",\"name\":\"Buffalo Ricotta DOP - Gourmetto\",\"isPartOf\":{\"@id\":\"https:\/\/gourmetto.lu\/fr\/#website\"},\"primaryImageOfPage\":{\"@id\":\"https:\/\/gourmetto.lu\/fr\/produit\/ricotta\/#primaryimage\"},\"image\":{\"@id\":\"https:\/\/gourmetto.lu\/fr\/produit\/ricotta\/#primaryimage\"},\"thumbnailUrl\":\"https:\/\/gourmetto.lu\/wp-content\/uploads\/2022\/11\/DSC_1088-scaled.jpg\",\"datePublished\":\"2022-11-01T17:02:50+00:00\",\"dateModified\":\"2026-03-31T07:54:33+00:00\",\"breadcrumb\":{\"@id\":\"https:\/\/gourmetto.lu\/fr\/produit\/ricotta\/#breadcrumb\"},\"inLanguage\":\"fr-FR\",\"potentialAction\":[{\"@type\":\"ReadAction\",\"target\":[\"https:\/\/gourmetto.lu\/fr\/produit\/ricotta\/\"]}]},{\"@type\":\"ImageObject\",\"inLanguage\":\"fr-FR\",\"@id\":\"https:\/\/gourmetto.lu\/fr\/produit\/ricotta\/#primaryimage\",\"url\":\"https:\/\/gourmetto.lu\/wp-content\/uploads\/2022\/11\/DSC_1088-scaled.jpg\",\"contentUrl\":\"https:\/\/gourmetto.lu\/wp-content\/uploads\/2022\/11\/DSC_1088-scaled.jpg\",\"width\":2560,\"height\":2560},{\"@type\":\"BreadcrumbList\",\"@id\":\"https:\/\/gourmetto.lu\/fr\/produit\/ricotta\/#breadcrumb\",\"itemListElement\":[{\"@type\":\"ListItem\",\"position\":1,\"name\":\"Home\",\"item\":\"https:\/\/gourmetto.lu\/fr\/\"},{\"@type\":\"ListItem\",\"position\":2,\"name\":\"Boutique\",\"item\":\"https:\/\/gourmetto.lu\/shop\/\"},{\"@type\":\"ListItem\",\"position\":3,\"name\":\"Buffalo Ricotta DOP\"}]},{\"@type\":\"WebSite\",\"@id\":\"https:\/\/gourmetto.lu\/fr\/#website\",\"url\":\"https:\/\/gourmetto.lu\/fr\/\",\"name\":\"Gourmetto\",\"description\":\"\",\"potentialAction\":[{\"@type\":\"SearchAction\",\"target\":{\"@type\":\"EntryPoint\",\"urlTemplate\":\"https:\/\/gourmetto.lu\/fr\/?s={search_term_string}\"},\"query-input\":{\"@type\":\"PropertyValueSpecification\",\"valueRequired\":true,\"valueName\":\"search_term_string\"}}],\"inLanguage\":\"fr-FR\"}]}<\/script>\n<!-- \/ Yoast SEO plugin. -->","yoast_head_json":{"title":"Buffalo Ricotta DOP - Gourmetto","robots":{"index":"index","follow":"follow","max-snippet":"max-snippet:-1","max-image-preview":"max-image-preview:large","max-video-preview":"max-video-preview:-1"},"canonical":"https:\/\/gourmetto.lu\/fr\/produit\/ricotta\/","og_locale":"fr_FR","og_type":"article","og_title":"Buffalo Ricotta DOP - Gourmetto","og_description":"Le classique fromage italien \u00e0 p\u00e2te molle. Produit ici avec du lait de bufflonne au lieu du plus classique lait de vache ou de brebis. Un ingr\u00e9dient incroyable pour les sandwichs, les g\u00e2teaux, les garnitures et \u00e0 peu pr\u00e8s n&rsquo;importe quel autre plat qui n\u00e9cessite un go\u00fbt cr\u00e9meux. Comme notre mozzarella, elle peut \u00eatre livr\u00e9e [&hellip;]","og_url":"https:\/\/gourmetto.lu\/fr\/produit\/ricotta\/","og_site_name":"Gourmetto","article_modified_time":"2026-03-31T07:54:33+00:00","og_image":[{"width":2560,"height":2560,"url":"https:\/\/gourmetto.lu\/wp-content\/uploads\/2022\/11\/DSC_1088-scaled.jpg","type":"image\/jpeg"}],"twitter_card":"summary_large_image","twitter_misc":{"Dur\u00e9e de lecture estim\u00e9e":"1 minute"},"schema":{"@context":"https:\/\/schema.org","@graph":[{"@type":"WebPage","@id":"https:\/\/gourmetto.lu\/fr\/produit\/ricotta\/","url":"https:\/\/gourmetto.lu\/fr\/produit\/ricotta\/","name":"Buffalo Ricotta DOP - Gourmetto","isPartOf":{"@id":"https:\/\/gourmetto.lu\/fr\/#website"},"primaryImageOfPage":{"@id":"https:\/\/gourmetto.lu\/fr\/produit\/ricotta\/#primaryimage"},"image":{"@id":"https:\/\/gourmetto.lu\/fr\/produit\/ricotta\/#primaryimage"},"thumbnailUrl":"https:\/\/gourmetto.lu\/wp-content\/uploads\/2022\/11\/DSC_1088-scaled.jpg","datePublished":"2022-11-01T17:02:50+00:00","dateModified":"2026-03-31T07:54:33+00:00","breadcrumb":{"@id":"https:\/\/gourmetto.lu\/fr\/produit\/ricotta\/#breadcrumb"},"inLanguage":"fr-FR","potentialAction":[{"@type":"ReadAction","target":["https:\/\/gourmetto.lu\/fr\/produit\/ricotta\/"]}]},{"@type":"ImageObject","inLanguage":"fr-FR","@id":"https:\/\/gourmetto.lu\/fr\/produit\/ricotta\/#primaryimage","url":"https:\/\/gourmetto.lu\/wp-content\/uploads\/2022\/11\/DSC_1088-scaled.jpg","contentUrl":"https:\/\/gourmetto.lu\/wp-content\/uploads\/2022\/11\/DSC_1088-scaled.jpg","width":2560,"height":2560},{"@type":"BreadcrumbList","@id":"https:\/\/gourmetto.lu\/fr\/produit\/ricotta\/#breadcrumb","itemListElement":[{"@type":"ListItem","position":1,"name":"Home","item":"https:\/\/gourmetto.lu\/fr\/"},{"@type":"ListItem","position":2,"name":"Boutique","item":"https:\/\/gourmetto.lu\/shop\/"},{"@type":"ListItem","position":3,"name":"Buffalo Ricotta DOP"}]},{"@type":"WebSite","@id":"https:\/\/gourmetto.lu\/fr\/#website","url":"https:\/\/gourmetto.lu\/fr\/","name":"Gourmetto","description":"","potentialAction":[{"@type":"SearchAction","target":{"@type":"EntryPoint","urlTemplate":"https:\/\/gourmetto.lu\/fr\/?s={search_term_string}"},"query-input":{"@type":"PropertyValueSpecification","valueRequired":true,"valueName":"search_term_string"}}],"inLanguage":"fr-FR"}]}},"jetpack_sharing_enabled":true,"_links":{"self":[{"href":"https:\/\/gourmetto.lu\/fr\/wp-json\/wp\/v2\/product\/1782","targetHints":{"allow":["GET"]}}],"collection":[{"href":"https:\/\/gourmetto.lu\/fr\/wp-json\/wp\/v2\/product"}],"about":[{"href":"https:\/\/gourmetto.lu\/fr\/wp-json\/wp\/v2\/types\/product"}],"wp:featuredmedia":[{"embeddable":true,"href":"https:\/\/gourmetto.lu\/fr\/wp-json\/wp\/v2\/media\/1573"}],"wp:attachment":[{"href":"https:\/\/gourmetto.lu\/fr\/wp-json\/wp\/v2\/media?parent=1782"}],"wp:term":[{"taxonomy":"product_brand","embeddable":true,"href":"https:\/\/gourmetto.lu\/fr\/wp-json\/wp\/v2\/product_brand?post=1782"},{"taxonomy":"product_cat","embeddable":true,"href":"https:\/\/gourmetto.lu\/fr\/wp-json\/wp\/v2\/product_cat?post=1782"},{"taxonomy":"product_tag","embeddable":true,"href":"https:\/\/gourmetto.lu\/fr\/wp-json\/wp\/v2\/product_tag?post=1782"}],"curies":[{"name":"wp","href":"https:\/\/api.w.org\/{rel}","templated":true}]}}