{"id":1785,"date":"2022-11-01T17:53:56","date_gmt":"2022-11-01T16:53:56","guid":{"rendered":"https:\/\/beta.gourmetto.lu\/product\/panettonepistacchio\/"},"modified":"2025-11-29T08:23:32","modified_gmt":"2025-11-29T07:23:32","slug":"panettonepistacchio","status":"publish","type":"product","link":"https:\/\/gourmetto.lu\/fr\/produit\/panettonepistacchio\/","title":{"rendered":"Panettone artisanal \u00e0 la Pistache de Bronte DOP"},"content":{"rendered":"<p>Le classique pain sucr\u00e9 de No\u00ebl, produit par la p\u00e2tisserie Aledi di Bronte en Sicile.<\/p>\n<p>Cette variation de la tradition est incroyablement gourmande, g\u00e9n\u00e9reusement fourr\u00e9e d&rsquo;une cr\u00e8me \u00e0 base de Pistachio di Bronte DOP.<\/p>\n<p>Fabriqu\u00e9 strictement avec du levain et avec un processus de levage de 56 heures.<\/p>\n","protected":false},"excerpt":{"rendered":"<p>Le classique pain sucr\u00e9 de No\u00ebl, produit par la p\u00e2tisserie Aledi di Bronte en Sicile. Cette variation de la tradition est incroyablement gourmande, g\u00e9n\u00e9reusement fourr\u00e9e d&rsquo;une cr\u00e8me \u00e0 base de Pistachio di Bronte DOP. Fabriqu\u00e9 strictement avec du levain et avec un processus de levage de 56 heures.<\/p>\n","protected":false},"featured_media":2327,"template":"","meta":{"_acf_changed":false},"product_brand":[],"product_cat":[98,97],"product_tag":[],"class_list":{"0":"post-1785","1":"product","2":"type-product","3":"status-publish","4":"has-post-thumbnail","6":"product_cat-confiseries-fr","7":"product_cat-noel-fr","8":"pa_producers-aledi-di-bronte-fr","10":"first","11":"outofstock","12":"taxable","13":"shipping-taxable","14":"purchasable","15":"product-type-simple"},"bundled_by":[],"bundle_stock_status":"outofstock","bundle_stock_quantity":0,"bundle_virtual":false,"bundle_layout":"","bundle_add_to_cart_form_location":"","bundle_editable_in_cart":false,"bundle_sold_individually_context":"","bundle_item_grouping":"","bundle_min_size":"","bundle_max_size":"","bundled_items":[],"bundle_sell_ids":[],"acf":[],"yoast_head":"<!-- This site is optimized with the Yoast SEO plugin v25.4 - https:\/\/yoast.com\/wordpress\/plugins\/seo\/ -->\n<title>Panettone artisanal \u00e0 la Pistache de Bronte DOP - Gourmetto<\/title>\n<meta name=\"robots\" content=\"index, follow, max-snippet:-1, max-image-preview:large, max-video-preview:-1\" \/>\n<link rel=\"canonical\" href=\"https:\/\/gourmetto.lu\/fr\/produit\/panettonepistacchio\/\" \/>\n<meta property=\"og:locale\" content=\"fr_FR\" \/>\n<meta property=\"og:type\" content=\"article\" \/>\n<meta property=\"og:title\" content=\"Panettone artisanal \u00e0 la Pistache de Bronte DOP - Gourmetto\" \/>\n<meta property=\"og:description\" content=\"Le classique pain sucr\u00e9 de No\u00ebl, produit par la p\u00e2tisserie Aledi di Bronte en Sicile. Cette variation de la tradition est incroyablement gourmande, g\u00e9n\u00e9reusement fourr\u00e9e d&rsquo;une cr\u00e8me \u00e0 base de Pistachio di Bronte DOP. Fabriqu\u00e9 strictement avec du levain et avec un processus de levage de 56 heures.\" \/>\n<meta property=\"og:url\" content=\"https:\/\/gourmetto.lu\/fr\/produit\/panettonepistacchio\/\" \/>\n<meta property=\"og:site_name\" content=\"Gourmetto\" \/>\n<meta property=\"article:modified_time\" content=\"2025-11-29T07:23:32+00:00\" \/>\n<meta property=\"og:image\" content=\"https:\/\/gourmetto.lu\/wp-content\/uploads\/2022\/11\/DSC_1745-scaled.jpg\" \/>\n\t<meta property=\"og:image:width\" content=\"2560\" \/>\n\t<meta property=\"og:image:height\" content=\"2560\" \/>\n\t<meta property=\"og:image:type\" content=\"image\/jpeg\" \/>\n<meta name=\"twitter:card\" content=\"summary_large_image\" \/>\n<meta name=\"twitter:label1\" content=\"Dur\u00e9e de lecture estim\u00e9e\" \/>\n\t<meta name=\"twitter:data1\" content=\"1 minute\" \/>\n<script type=\"application\/ld+json\" class=\"yoast-schema-graph\">{\"@context\":\"https:\/\/schema.org\",\"@graph\":[{\"@type\":\"WebPage\",\"@id\":\"https:\/\/gourmetto.lu\/fr\/produit\/panettonepistacchio\/\",\"url\":\"https:\/\/gourmetto.lu\/fr\/produit\/panettonepistacchio\/\",\"name\":\"Panettone artisanal \u00e0 la Pistache de Bronte DOP - Gourmetto\",\"isPartOf\":{\"@id\":\"https:\/\/gourmetto.lu\/fr\/#website\"},\"primaryImageOfPage\":{\"@id\":\"https:\/\/gourmetto.lu\/fr\/produit\/panettonepistacchio\/#primaryimage\"},\"image\":{\"@id\":\"https:\/\/gourmetto.lu\/fr\/produit\/panettonepistacchio\/#primaryimage\"},\"thumbnailUrl\":\"https:\/\/gourmetto.lu\/wp-content\/uploads\/2022\/11\/DSC_1745-scaled.jpg\",\"datePublished\":\"2022-11-01T16:53:56+00:00\",\"dateModified\":\"2025-11-29T07:23:32+00:00\",\"breadcrumb\":{\"@id\":\"https:\/\/gourmetto.lu\/fr\/produit\/panettonepistacchio\/#breadcrumb\"},\"inLanguage\":\"fr-FR\",\"potentialAction\":[{\"@type\":\"ReadAction\",\"target\":[\"https:\/\/gourmetto.lu\/fr\/produit\/panettonepistacchio\/\"]}]},{\"@type\":\"ImageObject\",\"inLanguage\":\"fr-FR\",\"@id\":\"https:\/\/gourmetto.lu\/fr\/produit\/panettonepistacchio\/#primaryimage\",\"url\":\"https:\/\/gourmetto.lu\/wp-content\/uploads\/2022\/11\/DSC_1745-scaled.jpg\",\"contentUrl\":\"https:\/\/gourmetto.lu\/wp-content\/uploads\/2022\/11\/DSC_1745-scaled.jpg\",\"width\":2560,\"height\":2560},{\"@type\":\"BreadcrumbList\",\"@id\":\"https:\/\/gourmetto.lu\/fr\/produit\/panettonepistacchio\/#breadcrumb\",\"itemListElement\":[{\"@type\":\"ListItem\",\"position\":1,\"name\":\"Home\",\"item\":\"https:\/\/gourmetto.lu\/fr\/\"},{\"@type\":\"ListItem\",\"position\":2,\"name\":\"Boutique\",\"item\":\"https:\/\/gourmetto.lu\/shop\/\"},{\"@type\":\"ListItem\",\"position\":3,\"name\":\"Panettone artisanal \u00e0 la Pistache de Bronte DOP\"}]},{\"@type\":\"WebSite\",\"@id\":\"https:\/\/gourmetto.lu\/fr\/#website\",\"url\":\"https:\/\/gourmetto.lu\/fr\/\",\"name\":\"Gourmetto\",\"description\":\"\",\"potentialAction\":[{\"@type\":\"SearchAction\",\"target\":{\"@type\":\"EntryPoint\",\"urlTemplate\":\"https:\/\/gourmetto.lu\/fr\/?s={search_term_string}\"},\"query-input\":{\"@type\":\"PropertyValueSpecification\",\"valueRequired\":true,\"valueName\":\"search_term_string\"}}],\"inLanguage\":\"fr-FR\"}]}<\/script>\n<!-- \/ Yoast SEO plugin. -->","yoast_head_json":{"title":"Panettone artisanal \u00e0 la Pistache de Bronte DOP - Gourmetto","robots":{"index":"index","follow":"follow","max-snippet":"max-snippet:-1","max-image-preview":"max-image-preview:large","max-video-preview":"max-video-preview:-1"},"canonical":"https:\/\/gourmetto.lu\/fr\/produit\/panettonepistacchio\/","og_locale":"fr_FR","og_type":"article","og_title":"Panettone artisanal \u00e0 la Pistache de Bronte DOP - Gourmetto","og_description":"Le classique pain sucr\u00e9 de No\u00ebl, produit par la p\u00e2tisserie Aledi di Bronte en Sicile. Cette variation de la tradition est incroyablement gourmande, g\u00e9n\u00e9reusement fourr\u00e9e d&rsquo;une cr\u00e8me \u00e0 base de Pistachio di Bronte DOP. Fabriqu\u00e9 strictement avec du levain et avec un processus de levage de 56 heures.","og_url":"https:\/\/gourmetto.lu\/fr\/produit\/panettonepistacchio\/","og_site_name":"Gourmetto","article_modified_time":"2025-11-29T07:23:32+00:00","og_image":[{"width":2560,"height":2560,"url":"https:\/\/gourmetto.lu\/wp-content\/uploads\/2022\/11\/DSC_1745-scaled.jpg","type":"image\/jpeg"}],"twitter_card":"summary_large_image","twitter_misc":{"Dur\u00e9e de lecture estim\u00e9e":"1 minute"},"schema":{"@context":"https:\/\/schema.org","@graph":[{"@type":"WebPage","@id":"https:\/\/gourmetto.lu\/fr\/produit\/panettonepistacchio\/","url":"https:\/\/gourmetto.lu\/fr\/produit\/panettonepistacchio\/","name":"Panettone artisanal \u00e0 la Pistache de Bronte DOP - Gourmetto","isPartOf":{"@id":"https:\/\/gourmetto.lu\/fr\/#website"},"primaryImageOfPage":{"@id":"https:\/\/gourmetto.lu\/fr\/produit\/panettonepistacchio\/#primaryimage"},"image":{"@id":"https:\/\/gourmetto.lu\/fr\/produit\/panettonepistacchio\/#primaryimage"},"thumbnailUrl":"https:\/\/gourmetto.lu\/wp-content\/uploads\/2022\/11\/DSC_1745-scaled.jpg","datePublished":"2022-11-01T16:53:56+00:00","dateModified":"2025-11-29T07:23:32+00:00","breadcrumb":{"@id":"https:\/\/gourmetto.lu\/fr\/produit\/panettonepistacchio\/#breadcrumb"},"inLanguage":"fr-FR","potentialAction":[{"@type":"ReadAction","target":["https:\/\/gourmetto.lu\/fr\/produit\/panettonepistacchio\/"]}]},{"@type":"ImageObject","inLanguage":"fr-FR","@id":"https:\/\/gourmetto.lu\/fr\/produit\/panettonepistacchio\/#primaryimage","url":"https:\/\/gourmetto.lu\/wp-content\/uploads\/2022\/11\/DSC_1745-scaled.jpg","contentUrl":"https:\/\/gourmetto.lu\/wp-content\/uploads\/2022\/11\/DSC_1745-scaled.jpg","width":2560,"height":2560},{"@type":"BreadcrumbList","@id":"https:\/\/gourmetto.lu\/fr\/produit\/panettonepistacchio\/#breadcrumb","itemListElement":[{"@type":"ListItem","position":1,"name":"Home","item":"https:\/\/gourmetto.lu\/fr\/"},{"@type":"ListItem","position":2,"name":"Boutique","item":"https:\/\/gourmetto.lu\/shop\/"},{"@type":"ListItem","position":3,"name":"Panettone artisanal \u00e0 la Pistache de Bronte DOP"}]},{"@type":"WebSite","@id":"https:\/\/gourmetto.lu\/fr\/#website","url":"https:\/\/gourmetto.lu\/fr\/","name":"Gourmetto","description":"","potentialAction":[{"@type":"SearchAction","target":{"@type":"EntryPoint","urlTemplate":"https:\/\/gourmetto.lu\/fr\/?s={search_term_string}"},"query-input":{"@type":"PropertyValueSpecification","valueRequired":true,"valueName":"search_term_string"}}],"inLanguage":"fr-FR"}]}},"jetpack_sharing_enabled":true,"_links":{"self":[{"href":"https:\/\/gourmetto.lu\/fr\/wp-json\/wp\/v2\/product\/1785","targetHints":{"allow":["GET"]}}],"collection":[{"href":"https:\/\/gourmetto.lu\/fr\/wp-json\/wp\/v2\/product"}],"about":[{"href":"https:\/\/gourmetto.lu\/fr\/wp-json\/wp\/v2\/types\/product"}],"wp:featuredmedia":[{"embeddable":true,"href":"https:\/\/gourmetto.lu\/fr\/wp-json\/wp\/v2\/media\/2327"}],"wp:attachment":[{"href":"https:\/\/gourmetto.lu\/fr\/wp-json\/wp\/v2\/media?parent=1785"}],"wp:term":[{"taxonomy":"product_brand","embeddable":true,"href":"https:\/\/gourmetto.lu\/fr\/wp-json\/wp\/v2\/product_brand?post=1785"},{"taxonomy":"product_cat","embeddable":true,"href":"https:\/\/gourmetto.lu\/fr\/wp-json\/wp\/v2\/product_cat?post=1785"},{"taxonomy":"product_tag","embeddable":true,"href":"https:\/\/gourmetto.lu\/fr\/wp-json\/wp\/v2\/product_tag?post=1785"}],"curies":[{"name":"wp","href":"https:\/\/api.w.org\/{rel}","templated":true}]}}