{"id":1793,"date":"2022-11-01T17:25:45","date_gmt":"2022-11-01T16:25:45","guid":{"rendered":"https:\/\/beta.gourmetto.lu\/product\/cremapistacchio\/"},"modified":"2025-07-07T18:18:36","modified_gmt":"2025-07-07T16:18:36","slug":"cremapistacchio","status":"publish","type":"product","link":"https:\/\/gourmetto.lu\/fr\/produit\/cremapistacchio\/","title":{"rendered":"P\u00e2te \u00e0 tartiner \u00e0 la Pistache de Sicile"},"content":{"rendered":"<p>Vous allez devenir accro \u00e0 cette p\u00e2te \u00e0 tartiner d\u00e8s la premi\u00e8re cuill\u00e8re (oui\u2026 parfois on la mange \u00e0 la cuill\u00e8re). Cette g\u00e2terie sucr\u00e9e est faite avec des pistaches siciliennes de la plus haute qualit\u00e9.<\/p>\n<p>\u00c9videmment, c&rsquo;est sans huile de palme \ud83d\ude42<\/p>\n","protected":false},"excerpt":{"rendered":"<p>Vous allez devenir accro \u00e0 cette p\u00e2te \u00e0 tartiner d\u00e8s la premi\u00e8re cuill\u00e8re (oui\u2026 parfois on la mange \u00e0 la cuill\u00e8re). Cette g\u00e2terie sucr\u00e9e est faite avec des pistaches siciliennes de la plus haute qualit\u00e9. \u00c9videmment, c&rsquo;est sans huile de palme \ud83d\ude42<\/p>\n","protected":false},"featured_media":1525,"template":"","meta":{"_acf_changed":false},"product_brand":[],"product_cat":[98],"product_tag":[],"class_list":{"0":"post-1793","1":"product","2":"type-product","3":"status-publish","4":"has-post-thumbnail","6":"product_cat-confiseries-fr","7":"pa_producers-aledi-di-bronte-fr","9":"first","10":"instock","11":"taxable","12":"shipping-taxable","13":"purchasable","14":"product-type-simple"},"bundled_by":[],"bundle_stock_status":"instock","bundle_stock_quantity":9,"bundle_virtual":false,"bundle_layout":"","bundle_add_to_cart_form_location":"","bundle_editable_in_cart":false,"bundle_sold_individually_context":"","bundle_item_grouping":"","bundle_min_size":"","bundle_max_size":"","bundled_items":[],"bundle_sell_ids":[],"acf":[],"yoast_head":"<!-- This site is optimized with the Yoast SEO plugin v25.4 - https:\/\/yoast.com\/wordpress\/plugins\/seo\/ -->\n<title>P\u00e2te \u00e0 tartiner \u00e0 la Pistache de Sicile - Gourmetto<\/title>\n<meta name=\"robots\" content=\"index, follow, max-snippet:-1, max-image-preview:large, max-video-preview:-1\" \/>\n<link rel=\"canonical\" href=\"https:\/\/gourmetto.lu\/fr\/produit\/cremapistacchio\/\" \/>\n<meta property=\"og:locale\" content=\"fr_FR\" \/>\n<meta property=\"og:type\" content=\"article\" \/>\n<meta property=\"og:title\" content=\"P\u00e2te \u00e0 tartiner \u00e0 la Pistache de Sicile - Gourmetto\" \/>\n<meta property=\"og:description\" content=\"Vous allez devenir accro \u00e0 cette p\u00e2te \u00e0 tartiner d\u00e8s la premi\u00e8re cuill\u00e8re (oui\u2026 parfois on la mange \u00e0 la cuill\u00e8re). Cette g\u00e2terie sucr\u00e9e est faite avec des pistaches siciliennes de la plus haute qualit\u00e9. \u00c9videmment, c&rsquo;est sans huile de palme \ud83d\ude42\" \/>\n<meta property=\"og:url\" content=\"https:\/\/gourmetto.lu\/fr\/produit\/cremapistacchio\/\" \/>\n<meta property=\"og:site_name\" content=\"Gourmetto\" \/>\n<meta property=\"article:modified_time\" content=\"2025-07-07T16:18:36+00:00\" \/>\n<meta property=\"og:image\" content=\"https:\/\/gourmetto.lu\/wp-content\/uploads\/2022\/11\/DSC_1264-scaled.jpg\" \/>\n\t<meta property=\"og:image:width\" content=\"2560\" \/>\n\t<meta property=\"og:image:height\" content=\"2560\" \/>\n\t<meta property=\"og:image:type\" content=\"image\/jpeg\" \/>\n<meta name=\"twitter:card\" content=\"summary_large_image\" \/>\n<meta name=\"twitter:label1\" content=\"Dur\u00e9e de lecture estim\u00e9e\" \/>\n\t<meta name=\"twitter:data1\" content=\"1 minute\" \/>\n<script type=\"application\/ld+json\" class=\"yoast-schema-graph\">{\"@context\":\"https:\/\/schema.org\",\"@graph\":[{\"@type\":\"WebPage\",\"@id\":\"https:\/\/gourmetto.lu\/fr\/produit\/cremapistacchio\/\",\"url\":\"https:\/\/gourmetto.lu\/fr\/produit\/cremapistacchio\/\",\"name\":\"P\u00e2te \u00e0 tartiner \u00e0 la Pistache de Sicile - Gourmetto\",\"isPartOf\":{\"@id\":\"https:\/\/gourmetto.lu\/fr\/#website\"},\"primaryImageOfPage\":{\"@id\":\"https:\/\/gourmetto.lu\/fr\/produit\/cremapistacchio\/#primaryimage\"},\"image\":{\"@id\":\"https:\/\/gourmetto.lu\/fr\/produit\/cremapistacchio\/#primaryimage\"},\"thumbnailUrl\":\"https:\/\/gourmetto.lu\/wp-content\/uploads\/2022\/11\/DSC_1264-scaled.jpg\",\"datePublished\":\"2022-11-01T16:25:45+00:00\",\"dateModified\":\"2025-07-07T16:18:36+00:00\",\"breadcrumb\":{\"@id\":\"https:\/\/gourmetto.lu\/fr\/produit\/cremapistacchio\/#breadcrumb\"},\"inLanguage\":\"fr-FR\",\"potentialAction\":[{\"@type\":\"ReadAction\",\"target\":[\"https:\/\/gourmetto.lu\/fr\/produit\/cremapistacchio\/\"]}]},{\"@type\":\"ImageObject\",\"inLanguage\":\"fr-FR\",\"@id\":\"https:\/\/gourmetto.lu\/fr\/produit\/cremapistacchio\/#primaryimage\",\"url\":\"https:\/\/gourmetto.lu\/wp-content\/uploads\/2022\/11\/DSC_1264-scaled.jpg\",\"contentUrl\":\"https:\/\/gourmetto.lu\/wp-content\/uploads\/2022\/11\/DSC_1264-scaled.jpg\",\"width\":2560,\"height\":2560},{\"@type\":\"BreadcrumbList\",\"@id\":\"https:\/\/gourmetto.lu\/fr\/produit\/cremapistacchio\/#breadcrumb\",\"itemListElement\":[{\"@type\":\"ListItem\",\"position\":1,\"name\":\"Home\",\"item\":\"https:\/\/gourmetto.lu\/fr\/\"},{\"@type\":\"ListItem\",\"position\":2,\"name\":\"Boutique\",\"item\":\"https:\/\/gourmetto.lu\/shop\/\"},{\"@type\":\"ListItem\",\"position\":3,\"name\":\"P\u00e2te \u00e0 tartiner \u00e0 la Pistache de Sicile\"}]},{\"@type\":\"WebSite\",\"@id\":\"https:\/\/gourmetto.lu\/fr\/#website\",\"url\":\"https:\/\/gourmetto.lu\/fr\/\",\"name\":\"Gourmetto\",\"description\":\"\",\"potentialAction\":[{\"@type\":\"SearchAction\",\"target\":{\"@type\":\"EntryPoint\",\"urlTemplate\":\"https:\/\/gourmetto.lu\/fr\/?s={search_term_string}\"},\"query-input\":{\"@type\":\"PropertyValueSpecification\",\"valueRequired\":true,\"valueName\":\"search_term_string\"}}],\"inLanguage\":\"fr-FR\"}]}<\/script>\n<!-- \/ Yoast SEO plugin. -->","yoast_head_json":{"title":"P\u00e2te \u00e0 tartiner \u00e0 la Pistache de Sicile - Gourmetto","robots":{"index":"index","follow":"follow","max-snippet":"max-snippet:-1","max-image-preview":"max-image-preview:large","max-video-preview":"max-video-preview:-1"},"canonical":"https:\/\/gourmetto.lu\/fr\/produit\/cremapistacchio\/","og_locale":"fr_FR","og_type":"article","og_title":"P\u00e2te \u00e0 tartiner \u00e0 la Pistache de Sicile - Gourmetto","og_description":"Vous allez devenir accro \u00e0 cette p\u00e2te \u00e0 tartiner d\u00e8s la premi\u00e8re cuill\u00e8re (oui\u2026 parfois on la mange \u00e0 la cuill\u00e8re). Cette g\u00e2terie sucr\u00e9e est faite avec des pistaches siciliennes de la plus haute qualit\u00e9. \u00c9videmment, c&rsquo;est sans huile de palme \ud83d\ude42","og_url":"https:\/\/gourmetto.lu\/fr\/produit\/cremapistacchio\/","og_site_name":"Gourmetto","article_modified_time":"2025-07-07T16:18:36+00:00","og_image":[{"width":2560,"height":2560,"url":"https:\/\/gourmetto.lu\/wp-content\/uploads\/2022\/11\/DSC_1264-scaled.jpg","type":"image\/jpeg"}],"twitter_card":"summary_large_image","twitter_misc":{"Dur\u00e9e de lecture estim\u00e9e":"1 minute"},"schema":{"@context":"https:\/\/schema.org","@graph":[{"@type":"WebPage","@id":"https:\/\/gourmetto.lu\/fr\/produit\/cremapistacchio\/","url":"https:\/\/gourmetto.lu\/fr\/produit\/cremapistacchio\/","name":"P\u00e2te \u00e0 tartiner \u00e0 la Pistache de Sicile - Gourmetto","isPartOf":{"@id":"https:\/\/gourmetto.lu\/fr\/#website"},"primaryImageOfPage":{"@id":"https:\/\/gourmetto.lu\/fr\/produit\/cremapistacchio\/#primaryimage"},"image":{"@id":"https:\/\/gourmetto.lu\/fr\/produit\/cremapistacchio\/#primaryimage"},"thumbnailUrl":"https:\/\/gourmetto.lu\/wp-content\/uploads\/2022\/11\/DSC_1264-scaled.jpg","datePublished":"2022-11-01T16:25:45+00:00","dateModified":"2025-07-07T16:18:36+00:00","breadcrumb":{"@id":"https:\/\/gourmetto.lu\/fr\/produit\/cremapistacchio\/#breadcrumb"},"inLanguage":"fr-FR","potentialAction":[{"@type":"ReadAction","target":["https:\/\/gourmetto.lu\/fr\/produit\/cremapistacchio\/"]}]},{"@type":"ImageObject","inLanguage":"fr-FR","@id":"https:\/\/gourmetto.lu\/fr\/produit\/cremapistacchio\/#primaryimage","url":"https:\/\/gourmetto.lu\/wp-content\/uploads\/2022\/11\/DSC_1264-scaled.jpg","contentUrl":"https:\/\/gourmetto.lu\/wp-content\/uploads\/2022\/11\/DSC_1264-scaled.jpg","width":2560,"height":2560},{"@type":"BreadcrumbList","@id":"https:\/\/gourmetto.lu\/fr\/produit\/cremapistacchio\/#breadcrumb","itemListElement":[{"@type":"ListItem","position":1,"name":"Home","item":"https:\/\/gourmetto.lu\/fr\/"},{"@type":"ListItem","position":2,"name":"Boutique","item":"https:\/\/gourmetto.lu\/shop\/"},{"@type":"ListItem","position":3,"name":"P\u00e2te \u00e0 tartiner \u00e0 la Pistache de Sicile"}]},{"@type":"WebSite","@id":"https:\/\/gourmetto.lu\/fr\/#website","url":"https:\/\/gourmetto.lu\/fr\/","name":"Gourmetto","description":"","potentialAction":[{"@type":"SearchAction","target":{"@type":"EntryPoint","urlTemplate":"https:\/\/gourmetto.lu\/fr\/?s={search_term_string}"},"query-input":{"@type":"PropertyValueSpecification","valueRequired":true,"valueName":"search_term_string"}}],"inLanguage":"fr-FR"}]}},"jetpack_sharing_enabled":true,"_links":{"self":[{"href":"https:\/\/gourmetto.lu\/fr\/wp-json\/wp\/v2\/product\/1793","targetHints":{"allow":["GET"]}}],"collection":[{"href":"https:\/\/gourmetto.lu\/fr\/wp-json\/wp\/v2\/product"}],"about":[{"href":"https:\/\/gourmetto.lu\/fr\/wp-json\/wp\/v2\/types\/product"}],"wp:featuredmedia":[{"embeddable":true,"href":"https:\/\/gourmetto.lu\/fr\/wp-json\/wp\/v2\/media\/1525"}],"wp:attachment":[{"href":"https:\/\/gourmetto.lu\/fr\/wp-json\/wp\/v2\/media?parent=1793"}],"wp:term":[{"taxonomy":"product_brand","embeddable":true,"href":"https:\/\/gourmetto.lu\/fr\/wp-json\/wp\/v2\/product_brand?post=1793"},{"taxonomy":"product_cat","embeddable":true,"href":"https:\/\/gourmetto.lu\/fr\/wp-json\/wp\/v2\/product_cat?post=1793"},{"taxonomy":"product_tag","embeddable":true,"href":"https:\/\/gourmetto.lu\/fr\/wp-json\/wp\/v2\/product_tag?post=1793"}],"curies":[{"name":"wp","href":"https:\/\/api.w.org\/{rel}","templated":true}]}}