{"id":1854,"date":"2022-10-31T11:58:17","date_gmt":"2022-10-31T10:58:17","guid":{"rendered":"https:\/\/beta.gourmetto.lu\/product\/guanciale\/"},"modified":"2026-04-03T09:44:57","modified_gmt":"2026-04-03T07:44:57","slug":"guanciale","status":"publish","type":"product","link":"https:\/\/gourmetto.lu\/fr\/produit\/guanciale\/","title":{"rendered":"Guanciale &#8211; joue de porc affin\u00e9e"},"content":{"rendered":"<p>Notre \u00ab\u00a0Guanciale\u00a0\u00bb est obtenu \u00e0 partir de la joue de porcs n\u00e9s et \u00e9lev\u00e9s naturellement, heureux, sains et savoureux. Le guanciale est un morceau de graisse noble, beaucoup plus fin et d\u00e9licat que les autres morceaux de porc. Il est tr\u00e8s riche en go\u00fbt et sa texture n&rsquo;est jamais moelleuse.<\/p>\n<p>La joue est soigneusement coup\u00e9e par les ma\u00eetres bouchers afin de lui conf\u00e9rer sa forme triangulaire typique. La viande est assaisonn\u00e9e de sel et de poivre, puis mise en saumure et mass\u00e9e quotidiennement. Apr\u00e8s l&rsquo;affinage en saumure, la viande est mise \u00e0 s\u00e9cher et enfin affin\u00e9 \u00e0 sec.<\/p>\n","protected":false},"excerpt":{"rendered":"<p>Notre \u00ab\u00a0Guanciale\u00a0\u00bb est obtenu \u00e0 partir de la joue de porcs n\u00e9s et \u00e9lev\u00e9s naturellement, heureux, sains et savoureux. Le guanciale est un morceau de graisse noble, beaucoup plus fin et d\u00e9licat que les autres morceaux de porc. Il est tr\u00e8s riche en go\u00fbt et sa texture n&rsquo;est jamais moelleuse. La joue est soigneusement coup\u00e9e [&hellip;]<\/p>\n","protected":false},"featured_media":2864,"template":"","meta":{"_acf_changed":false},"product_brand":[],"product_cat":[101],"product_tag":[],"class_list":{"0":"post-1854","1":"product","2":"type-product","3":"status-publish","4":"has-post-thumbnail","6":"product_cat-charcuterie-fr","8":"first","9":"instock","10":"taxable","11":"shipping-taxable","12":"purchasable","13":"product-type-simple"},"bundled_by":[],"bundle_stock_status":"instock","bundle_stock_quantity":9,"bundle_virtual":false,"bundle_layout":"","bundle_add_to_cart_form_location":"","bundle_editable_in_cart":false,"bundle_sold_individually_context":"","bundle_item_grouping":"","bundle_min_size":"","bundle_max_size":"","bundled_items":[],"bundle_sell_ids":[],"acf":[],"yoast_head":"<!-- This site is optimized with the Yoast SEO plugin v25.4 - https:\/\/yoast.com\/wordpress\/plugins\/seo\/ -->\n<title>Guanciale - joue de porc affin\u00e9e - Gourmetto<\/title>\n<meta name=\"robots\" content=\"index, follow, max-snippet:-1, max-image-preview:large, max-video-preview:-1\" \/>\n<link rel=\"canonical\" href=\"https:\/\/gourmetto.lu\/fr\/produit\/guanciale\/\" \/>\n<meta property=\"og:locale\" content=\"fr_FR\" \/>\n<meta property=\"og:type\" content=\"article\" \/>\n<meta property=\"og:title\" content=\"Guanciale - joue de porc affin\u00e9e - Gourmetto\" \/>\n<meta property=\"og:description\" content=\"Notre \u00ab\u00a0Guanciale\u00a0\u00bb est obtenu \u00e0 partir de la joue de porcs n\u00e9s et \u00e9lev\u00e9s naturellement, heureux, sains et savoureux. Le guanciale est un morceau de graisse noble, beaucoup plus fin et d\u00e9licat que les autres morceaux de porc. Il est tr\u00e8s riche en go\u00fbt et sa texture n&rsquo;est jamais moelleuse. La joue est soigneusement coup\u00e9e [&hellip;]\" \/>\n<meta property=\"og:url\" content=\"https:\/\/gourmetto.lu\/fr\/produit\/guanciale\/\" \/>\n<meta property=\"og:site_name\" content=\"Gourmetto\" \/>\n<meta property=\"article:modified_time\" content=\"2026-04-03T07:44:57+00:00\" \/>\n<meta property=\"og:image\" content=\"https:\/\/gourmetto.lu\/wp-content\/uploads\/2023\/03\/PXL_20230401_151320843.PORTRAIT.jpg\" \/>\n\t<meta property=\"og:image:width\" content=\"2393\" \/>\n\t<meta property=\"og:image:height\" content=\"2393\" \/>\n\t<meta property=\"og:image:type\" content=\"image\/jpeg\" \/>\n<meta name=\"twitter:card\" content=\"summary_large_image\" \/>\n<meta name=\"twitter:label1\" content=\"Dur\u00e9e de lecture estim\u00e9e\" \/>\n\t<meta name=\"twitter:data1\" content=\"1 minute\" \/>\n<script type=\"application\/ld+json\" class=\"yoast-schema-graph\">{\"@context\":\"https:\/\/schema.org\",\"@graph\":[{\"@type\":\"WebPage\",\"@id\":\"https:\/\/gourmetto.lu\/fr\/produit\/guanciale\/\",\"url\":\"https:\/\/gourmetto.lu\/fr\/produit\/guanciale\/\",\"name\":\"Guanciale - joue de porc affin\u00e9e - Gourmetto\",\"isPartOf\":{\"@id\":\"https:\/\/gourmetto.lu\/fr\/#website\"},\"primaryImageOfPage\":{\"@id\":\"https:\/\/gourmetto.lu\/fr\/produit\/guanciale\/#primaryimage\"},\"image\":{\"@id\":\"https:\/\/gourmetto.lu\/fr\/produit\/guanciale\/#primaryimage\"},\"thumbnailUrl\":\"https:\/\/gourmetto.lu\/wp-content\/uploads\/2023\/03\/PXL_20230401_151320843.PORTRAIT.jpg\",\"datePublished\":\"2022-10-31T10:58:17+00:00\",\"dateModified\":\"2026-04-03T07:44:57+00:00\",\"breadcrumb\":{\"@id\":\"https:\/\/gourmetto.lu\/fr\/produit\/guanciale\/#breadcrumb\"},\"inLanguage\":\"fr-FR\",\"potentialAction\":[{\"@type\":\"ReadAction\",\"target\":[\"https:\/\/gourmetto.lu\/fr\/produit\/guanciale\/\"]}]},{\"@type\":\"ImageObject\",\"inLanguage\":\"fr-FR\",\"@id\":\"https:\/\/gourmetto.lu\/fr\/produit\/guanciale\/#primaryimage\",\"url\":\"https:\/\/gourmetto.lu\/wp-content\/uploads\/2023\/03\/PXL_20230401_151320843.PORTRAIT.jpg\",\"contentUrl\":\"https:\/\/gourmetto.lu\/wp-content\/uploads\/2023\/03\/PXL_20230401_151320843.PORTRAIT.jpg\",\"width\":2393,\"height\":2393},{\"@type\":\"BreadcrumbList\",\"@id\":\"https:\/\/gourmetto.lu\/fr\/produit\/guanciale\/#breadcrumb\",\"itemListElement\":[{\"@type\":\"ListItem\",\"position\":1,\"name\":\"Home\",\"item\":\"https:\/\/gourmetto.lu\/fr\/\"},{\"@type\":\"ListItem\",\"position\":2,\"name\":\"Boutique\",\"item\":\"https:\/\/gourmetto.lu\/shop\/\"},{\"@type\":\"ListItem\",\"position\":3,\"name\":\"Guanciale &#8211; joue de porc affin\u00e9e\"}]},{\"@type\":\"WebSite\",\"@id\":\"https:\/\/gourmetto.lu\/fr\/#website\",\"url\":\"https:\/\/gourmetto.lu\/fr\/\",\"name\":\"Gourmetto\",\"description\":\"\",\"potentialAction\":[{\"@type\":\"SearchAction\",\"target\":{\"@type\":\"EntryPoint\",\"urlTemplate\":\"https:\/\/gourmetto.lu\/fr\/?s={search_term_string}\"},\"query-input\":{\"@type\":\"PropertyValueSpecification\",\"valueRequired\":true,\"valueName\":\"search_term_string\"}}],\"inLanguage\":\"fr-FR\"}]}<\/script>\n<!-- \/ Yoast SEO plugin. -->","yoast_head_json":{"title":"Guanciale - joue de porc affin\u00e9e - Gourmetto","robots":{"index":"index","follow":"follow","max-snippet":"max-snippet:-1","max-image-preview":"max-image-preview:large","max-video-preview":"max-video-preview:-1"},"canonical":"https:\/\/gourmetto.lu\/fr\/produit\/guanciale\/","og_locale":"fr_FR","og_type":"article","og_title":"Guanciale - joue de porc affin\u00e9e - Gourmetto","og_description":"Notre \u00ab\u00a0Guanciale\u00a0\u00bb est obtenu \u00e0 partir de la joue de porcs n\u00e9s et \u00e9lev\u00e9s naturellement, heureux, sains et savoureux. Le guanciale est un morceau de graisse noble, beaucoup plus fin et d\u00e9licat que les autres morceaux de porc. Il est tr\u00e8s riche en go\u00fbt et sa texture n&rsquo;est jamais moelleuse. La joue est soigneusement coup\u00e9e [&hellip;]","og_url":"https:\/\/gourmetto.lu\/fr\/produit\/guanciale\/","og_site_name":"Gourmetto","article_modified_time":"2026-04-03T07:44:57+00:00","og_image":[{"width":2393,"height":2393,"url":"https:\/\/gourmetto.lu\/wp-content\/uploads\/2023\/03\/PXL_20230401_151320843.PORTRAIT.jpg","type":"image\/jpeg"}],"twitter_card":"summary_large_image","twitter_misc":{"Dur\u00e9e de lecture estim\u00e9e":"1 minute"},"schema":{"@context":"https:\/\/schema.org","@graph":[{"@type":"WebPage","@id":"https:\/\/gourmetto.lu\/fr\/produit\/guanciale\/","url":"https:\/\/gourmetto.lu\/fr\/produit\/guanciale\/","name":"Guanciale - joue de porc affin\u00e9e - Gourmetto","isPartOf":{"@id":"https:\/\/gourmetto.lu\/fr\/#website"},"primaryImageOfPage":{"@id":"https:\/\/gourmetto.lu\/fr\/produit\/guanciale\/#primaryimage"},"image":{"@id":"https:\/\/gourmetto.lu\/fr\/produit\/guanciale\/#primaryimage"},"thumbnailUrl":"https:\/\/gourmetto.lu\/wp-content\/uploads\/2023\/03\/PXL_20230401_151320843.PORTRAIT.jpg","datePublished":"2022-10-31T10:58:17+00:00","dateModified":"2026-04-03T07:44:57+00:00","breadcrumb":{"@id":"https:\/\/gourmetto.lu\/fr\/produit\/guanciale\/#breadcrumb"},"inLanguage":"fr-FR","potentialAction":[{"@type":"ReadAction","target":["https:\/\/gourmetto.lu\/fr\/produit\/guanciale\/"]}]},{"@type":"ImageObject","inLanguage":"fr-FR","@id":"https:\/\/gourmetto.lu\/fr\/produit\/guanciale\/#primaryimage","url":"https:\/\/gourmetto.lu\/wp-content\/uploads\/2023\/03\/PXL_20230401_151320843.PORTRAIT.jpg","contentUrl":"https:\/\/gourmetto.lu\/wp-content\/uploads\/2023\/03\/PXL_20230401_151320843.PORTRAIT.jpg","width":2393,"height":2393},{"@type":"BreadcrumbList","@id":"https:\/\/gourmetto.lu\/fr\/produit\/guanciale\/#breadcrumb","itemListElement":[{"@type":"ListItem","position":1,"name":"Home","item":"https:\/\/gourmetto.lu\/fr\/"},{"@type":"ListItem","position":2,"name":"Boutique","item":"https:\/\/gourmetto.lu\/shop\/"},{"@type":"ListItem","position":3,"name":"Guanciale &#8211; joue de porc affin\u00e9e"}]},{"@type":"WebSite","@id":"https:\/\/gourmetto.lu\/fr\/#website","url":"https:\/\/gourmetto.lu\/fr\/","name":"Gourmetto","description":"","potentialAction":[{"@type":"SearchAction","target":{"@type":"EntryPoint","urlTemplate":"https:\/\/gourmetto.lu\/fr\/?s={search_term_string}"},"query-input":{"@type":"PropertyValueSpecification","valueRequired":true,"valueName":"search_term_string"}}],"inLanguage":"fr-FR"}]}},"jetpack_sharing_enabled":true,"_links":{"self":[{"href":"https:\/\/gourmetto.lu\/fr\/wp-json\/wp\/v2\/product\/1854","targetHints":{"allow":["GET"]}}],"collection":[{"href":"https:\/\/gourmetto.lu\/fr\/wp-json\/wp\/v2\/product"}],"about":[{"href":"https:\/\/gourmetto.lu\/fr\/wp-json\/wp\/v2\/types\/product"}],"wp:featuredmedia":[{"embeddable":true,"href":"https:\/\/gourmetto.lu\/fr\/wp-json\/wp\/v2\/media\/2864"}],"wp:attachment":[{"href":"https:\/\/gourmetto.lu\/fr\/wp-json\/wp\/v2\/media?parent=1854"}],"wp:term":[{"taxonomy":"product_brand","embeddable":true,"href":"https:\/\/gourmetto.lu\/fr\/wp-json\/wp\/v2\/product_brand?post=1854"},{"taxonomy":"product_cat","embeddable":true,"href":"https:\/\/gourmetto.lu\/fr\/wp-json\/wp\/v2\/product_cat?post=1854"},{"taxonomy":"product_tag","embeddable":true,"href":"https:\/\/gourmetto.lu\/fr\/wp-json\/wp\/v2\/product_tag?post=1854"}],"curies":[{"name":"wp","href":"https:\/\/api.w.org\/{rel}","templated":true}]}}