{"id":2012,"date":"2022-10-31T13:38:21","date_gmt":"2022-10-31T12:38:21","guid":{"rendered":"https:\/\/beta.gourmetto.lu\/product\/parmigianovaccherosse\/"},"modified":"2026-03-09T22:02:53","modified_gmt":"2026-03-09T21:02:53","slug":"parmigianovaccherosse","status":"publish","type":"product","link":"https:\/\/gourmetto.lu\/fr\/produit\/parmigianovaccherosse\/","title":{"rendered":"Parmigiano Reggiano DOP \u00ab\u00a0Vacche Rosse\u00a0\u00bb 24 mois"},"content":{"rendered":"<p>Sur les quelque 3,2 millions de formes de Parmigiano Reggiano produites chaque ann\u00e9e en Italie, seules 15,000 portent la marque \u00ab\u00a0Vacche Rosse\u00a0\u00bb.<\/p>\n<p>La \u00ab\u00a0Razza Rossa Reggiana\u00a0\u00bb est la race bovine end\u00e9mique de la r\u00e9gion, utilis\u00e9e dans les temps anciens pour produire le Parmigiano original. Au fil des ans, ces vaches ont \u00e9t\u00e9 remplac\u00e9es par des races plus productives telles que la \u00ab\u00a0frisonne\u00a0\u00bb et la \u00ab\u00a0braunvieh\u00a0\u00bb, ce qui a fait chuter le nombre total de t\u00eates \u00e0 450 dans les ann\u00e9es 80.<\/p>\n<p>Les vaches rouges produisent 30 % de lait en moins que la race frisonne, mais leur qualit\u00e9e est bien meilleure pour la fabrication du fromage. Le produit qui en r\u00e9sulte est un Parmigiano unique : doux, intense mais doux, jaune paille, granuleux et parfum\u00e9.<\/p>\n","protected":false},"excerpt":{"rendered":"<p>Sur les quelque 3,2 millions de formes de Parmigiano Reggiano produites chaque ann\u00e9e en Italie, seules 15,000 portent la marque \u00ab\u00a0Vacche Rosse\u00a0\u00bb. La \u00ab\u00a0Razza Rossa Reggiana\u00a0\u00bb est la race bovine end\u00e9mique de la r\u00e9gion, utilis\u00e9e dans les temps anciens pour produire le Parmigiano original. Au fil des ans, ces vaches ont \u00e9t\u00e9 remplac\u00e9es par des [&hellip;]<\/p>\n","protected":false},"featured_media":1292,"template":"","meta":{"_acf_changed":false},"product_brand":[],"product_cat":[113,117],"product_tag":[],"class_list":{"0":"post-2012","1":"product","2":"type-product","3":"status-publish","4":"has-post-thumbnail","6":"product_cat-fromages-fr","7":"product_cat-sans-lactose-fr","8":"pa_producers-cantarelli-dal-1876-fr","10":"first","11":"outofstock","12":"taxable","13":"shipping-taxable","14":"purchasable","15":"product-type-simple"},"bundled_by":[],"bundle_stock_status":"outofstock","bundle_stock_quantity":0,"bundle_virtual":false,"bundle_layout":"","bundle_add_to_cart_form_location":"","bundle_editable_in_cart":false,"bundle_sold_individually_context":"","bundle_item_grouping":"","bundle_min_size":"","bundle_max_size":"","bundled_items":[],"bundle_sell_ids":[],"acf":[],"yoast_head":"<!-- This site is optimized with the Yoast SEO plugin v25.4 - https:\/\/yoast.com\/wordpress\/plugins\/seo\/ -->\n<title>Parmigiano Reggiano DOP &quot;Vacche Rosse&quot; 24 mois - Gourmetto<\/title>\n<meta name=\"robots\" content=\"index, follow, max-snippet:-1, max-image-preview:large, max-video-preview:-1\" \/>\n<link rel=\"canonical\" href=\"https:\/\/gourmetto.lu\/fr\/produit\/parmigianovaccherosse\/\" \/>\n<meta property=\"og:locale\" content=\"fr_FR\" \/>\n<meta property=\"og:type\" content=\"article\" \/>\n<meta property=\"og:title\" content=\"Parmigiano Reggiano DOP &quot;Vacche Rosse&quot; 24 mois - Gourmetto\" \/>\n<meta property=\"og:description\" content=\"Sur les quelque 3,2 millions de formes de Parmigiano Reggiano produites chaque ann\u00e9e en Italie, seules 15,000 portent la marque \u00ab\u00a0Vacche Rosse\u00a0\u00bb. La \u00ab\u00a0Razza Rossa Reggiana\u00a0\u00bb est la race bovine end\u00e9mique de la r\u00e9gion, utilis\u00e9e dans les temps anciens pour produire le Parmigiano original. Au fil des ans, ces vaches ont \u00e9t\u00e9 remplac\u00e9es par des [&hellip;]\" \/>\n<meta property=\"og:url\" content=\"https:\/\/gourmetto.lu\/fr\/produit\/parmigianovaccherosse\/\" \/>\n<meta property=\"og:site_name\" content=\"Gourmetto\" \/>\n<meta property=\"article:modified_time\" content=\"2026-03-09T21:02:53+00:00\" \/>\n<meta property=\"og:image\" content=\"https:\/\/gourmetto.lu\/wp-content\/uploads\/2022\/10\/DSC_1153.jpg\" \/>\n\t<meta property=\"og:image:width\" content=\"2000\" \/>\n\t<meta property=\"og:image:height\" content=\"2000\" \/>\n\t<meta property=\"og:image:type\" content=\"image\/jpeg\" \/>\n<meta name=\"twitter:card\" content=\"summary_large_image\" \/>\n<meta name=\"twitter:label1\" content=\"Dur\u00e9e de lecture estim\u00e9e\" \/>\n\t<meta name=\"twitter:data1\" content=\"1 minute\" \/>\n<script type=\"application\/ld+json\" class=\"yoast-schema-graph\">{\"@context\":\"https:\/\/schema.org\",\"@graph\":[{\"@type\":\"WebPage\",\"@id\":\"https:\/\/gourmetto.lu\/fr\/produit\/parmigianovaccherosse\/\",\"url\":\"https:\/\/gourmetto.lu\/fr\/produit\/parmigianovaccherosse\/\",\"name\":\"Parmigiano Reggiano DOP \\\"Vacche Rosse\\\" 24 mois - Gourmetto\",\"isPartOf\":{\"@id\":\"https:\/\/gourmetto.lu\/fr\/#website\"},\"primaryImageOfPage\":{\"@id\":\"https:\/\/gourmetto.lu\/fr\/produit\/parmigianovaccherosse\/#primaryimage\"},\"image\":{\"@id\":\"https:\/\/gourmetto.lu\/fr\/produit\/parmigianovaccherosse\/#primaryimage\"},\"thumbnailUrl\":\"https:\/\/gourmetto.lu\/wp-content\/uploads\/2022\/10\/DSC_1153.jpg\",\"datePublished\":\"2022-10-31T12:38:21+00:00\",\"dateModified\":\"2026-03-09T21:02:53+00:00\",\"breadcrumb\":{\"@id\":\"https:\/\/gourmetto.lu\/fr\/produit\/parmigianovaccherosse\/#breadcrumb\"},\"inLanguage\":\"fr-FR\",\"potentialAction\":[{\"@type\":\"ReadAction\",\"target\":[\"https:\/\/gourmetto.lu\/fr\/produit\/parmigianovaccherosse\/\"]}]},{\"@type\":\"ImageObject\",\"inLanguage\":\"fr-FR\",\"@id\":\"https:\/\/gourmetto.lu\/fr\/produit\/parmigianovaccherosse\/#primaryimage\",\"url\":\"https:\/\/gourmetto.lu\/wp-content\/uploads\/2022\/10\/DSC_1153.jpg\",\"contentUrl\":\"https:\/\/gourmetto.lu\/wp-content\/uploads\/2022\/10\/DSC_1153.jpg\",\"width\":2000,\"height\":2000},{\"@type\":\"BreadcrumbList\",\"@id\":\"https:\/\/gourmetto.lu\/fr\/produit\/parmigianovaccherosse\/#breadcrumb\",\"itemListElement\":[{\"@type\":\"ListItem\",\"position\":1,\"name\":\"Home\",\"item\":\"https:\/\/gourmetto.lu\/fr\/\"},{\"@type\":\"ListItem\",\"position\":2,\"name\":\"Boutique\",\"item\":\"https:\/\/gourmetto.lu\/shop\/\"},{\"@type\":\"ListItem\",\"position\":3,\"name\":\"Parmigiano Reggiano DOP &#8220;Vacche Rosse&#8221; 24 mois\"}]},{\"@type\":\"WebSite\",\"@id\":\"https:\/\/gourmetto.lu\/fr\/#website\",\"url\":\"https:\/\/gourmetto.lu\/fr\/\",\"name\":\"Gourmetto\",\"description\":\"\",\"potentialAction\":[{\"@type\":\"SearchAction\",\"target\":{\"@type\":\"EntryPoint\",\"urlTemplate\":\"https:\/\/gourmetto.lu\/fr\/?s={search_term_string}\"},\"query-input\":{\"@type\":\"PropertyValueSpecification\",\"valueRequired\":true,\"valueName\":\"search_term_string\"}}],\"inLanguage\":\"fr-FR\"}]}<\/script>\n<!-- \/ Yoast SEO plugin. -->","yoast_head_json":{"title":"Parmigiano Reggiano DOP \"Vacche Rosse\" 24 mois - Gourmetto","robots":{"index":"index","follow":"follow","max-snippet":"max-snippet:-1","max-image-preview":"max-image-preview:large","max-video-preview":"max-video-preview:-1"},"canonical":"https:\/\/gourmetto.lu\/fr\/produit\/parmigianovaccherosse\/","og_locale":"fr_FR","og_type":"article","og_title":"Parmigiano Reggiano DOP \"Vacche Rosse\" 24 mois - Gourmetto","og_description":"Sur les quelque 3,2 millions de formes de Parmigiano Reggiano produites chaque ann\u00e9e en Italie, seules 15,000 portent la marque \u00ab\u00a0Vacche Rosse\u00a0\u00bb. La \u00ab\u00a0Razza Rossa Reggiana\u00a0\u00bb est la race bovine end\u00e9mique de la r\u00e9gion, utilis\u00e9e dans les temps anciens pour produire le Parmigiano original. Au fil des ans, ces vaches ont \u00e9t\u00e9 remplac\u00e9es par des [&hellip;]","og_url":"https:\/\/gourmetto.lu\/fr\/produit\/parmigianovaccherosse\/","og_site_name":"Gourmetto","article_modified_time":"2026-03-09T21:02:53+00:00","og_image":[{"width":2000,"height":2000,"url":"https:\/\/gourmetto.lu\/wp-content\/uploads\/2022\/10\/DSC_1153.jpg","type":"image\/jpeg"}],"twitter_card":"summary_large_image","twitter_misc":{"Dur\u00e9e de lecture estim\u00e9e":"1 minute"},"schema":{"@context":"https:\/\/schema.org","@graph":[{"@type":"WebPage","@id":"https:\/\/gourmetto.lu\/fr\/produit\/parmigianovaccherosse\/","url":"https:\/\/gourmetto.lu\/fr\/produit\/parmigianovaccherosse\/","name":"Parmigiano Reggiano DOP \"Vacche Rosse\" 24 mois - Gourmetto","isPartOf":{"@id":"https:\/\/gourmetto.lu\/fr\/#website"},"primaryImageOfPage":{"@id":"https:\/\/gourmetto.lu\/fr\/produit\/parmigianovaccherosse\/#primaryimage"},"image":{"@id":"https:\/\/gourmetto.lu\/fr\/produit\/parmigianovaccherosse\/#primaryimage"},"thumbnailUrl":"https:\/\/gourmetto.lu\/wp-content\/uploads\/2022\/10\/DSC_1153.jpg","datePublished":"2022-10-31T12:38:21+00:00","dateModified":"2026-03-09T21:02:53+00:00","breadcrumb":{"@id":"https:\/\/gourmetto.lu\/fr\/produit\/parmigianovaccherosse\/#breadcrumb"},"inLanguage":"fr-FR","potentialAction":[{"@type":"ReadAction","target":["https:\/\/gourmetto.lu\/fr\/produit\/parmigianovaccherosse\/"]}]},{"@type":"ImageObject","inLanguage":"fr-FR","@id":"https:\/\/gourmetto.lu\/fr\/produit\/parmigianovaccherosse\/#primaryimage","url":"https:\/\/gourmetto.lu\/wp-content\/uploads\/2022\/10\/DSC_1153.jpg","contentUrl":"https:\/\/gourmetto.lu\/wp-content\/uploads\/2022\/10\/DSC_1153.jpg","width":2000,"height":2000},{"@type":"BreadcrumbList","@id":"https:\/\/gourmetto.lu\/fr\/produit\/parmigianovaccherosse\/#breadcrumb","itemListElement":[{"@type":"ListItem","position":1,"name":"Home","item":"https:\/\/gourmetto.lu\/fr\/"},{"@type":"ListItem","position":2,"name":"Boutique","item":"https:\/\/gourmetto.lu\/shop\/"},{"@type":"ListItem","position":3,"name":"Parmigiano Reggiano DOP &#8220;Vacche Rosse&#8221; 24 mois"}]},{"@type":"WebSite","@id":"https:\/\/gourmetto.lu\/fr\/#website","url":"https:\/\/gourmetto.lu\/fr\/","name":"Gourmetto","description":"","potentialAction":[{"@type":"SearchAction","target":{"@type":"EntryPoint","urlTemplate":"https:\/\/gourmetto.lu\/fr\/?s={search_term_string}"},"query-input":{"@type":"PropertyValueSpecification","valueRequired":true,"valueName":"search_term_string"}}],"inLanguage":"fr-FR"}]}},"jetpack_sharing_enabled":true,"_links":{"self":[{"href":"https:\/\/gourmetto.lu\/fr\/wp-json\/wp\/v2\/product\/2012","targetHints":{"allow":["GET"]}}],"collection":[{"href":"https:\/\/gourmetto.lu\/fr\/wp-json\/wp\/v2\/product"}],"about":[{"href":"https:\/\/gourmetto.lu\/fr\/wp-json\/wp\/v2\/types\/product"}],"wp:featuredmedia":[{"embeddable":true,"href":"https:\/\/gourmetto.lu\/fr\/wp-json\/wp\/v2\/media\/1292"}],"wp:attachment":[{"href":"https:\/\/gourmetto.lu\/fr\/wp-json\/wp\/v2\/media?parent=2012"}],"wp:term":[{"taxonomy":"product_brand","embeddable":true,"href":"https:\/\/gourmetto.lu\/fr\/wp-json\/wp\/v2\/product_brand?post=2012"},{"taxonomy":"product_cat","embeddable":true,"href":"https:\/\/gourmetto.lu\/fr\/wp-json\/wp\/v2\/product_cat?post=2012"},{"taxonomy":"product_tag","embeddable":true,"href":"https:\/\/gourmetto.lu\/fr\/wp-json\/wp\/v2\/product_tag?post=2012"}],"curies":[{"name":"wp","href":"https:\/\/api.w.org\/{rel}","templated":true}]}}