{"id":2034,"date":"2022-10-31T12:36:31","date_gmt":"2022-10-31T11:36:31","guid":{"rendered":"https:\/\/beta.gourmetto.lu\/product\/moscatodoglia\/"},"modified":"2024-06-15T17:59:47","modified_gmt":"2024-06-15T15:59:47","slug":"moscatodoglia","status":"publish","type":"product","link":"https:\/\/gourmetto.lu\/fr\/produit\/moscatodoglia\/","title":{"rendered":"Giovanni Doglia &#8211; Moscato d&rsquo;Asti DOCG"},"content":{"rendered":"<p>De Giovanni Doglia, prim\u00e9 \u00ab\u00a0Vigneron de l&rsquo;ann\u00e9e\u00a0\u00bb (Gambero Rosso &#8211; 2022), un Moscato enjou\u00e9 et vif, aux ar\u00f4mes intenses. La quintessence du vin de dessert italien.<\/p>\n<p>&nbsp;<\/p>\n<p>Couleur jaune paille avec reflets verd\u00e2tre. Les ar\u00f4mes sont principalement floraux avec des nuances de jasmin, de rose, de sauge et l\u00e9g\u00e8rement de menthe. Des notes fruit\u00e9es telles que la p\u00eache, l&rsquo;abricot, l&rsquo;ananas et la banane compl\u00e8tent le bouquet. Le go\u00fbt est doux avec des notes aigres agrum\u00e9es.<\/p>\n<p>&nbsp;<\/p>\n<p>C\u00e9page : 100% Moscato d&rsquo;Asti Bianco<\/p>\n<p>Alcool 5%<\/p>\n<p>Temp\u00e9rature de service sugg\u00e9r\u00e9e :\u00a0 6\u00b0C<\/p>\n","protected":false},"excerpt":{"rendered":"<p>De Giovanni Doglia, prim\u00e9 \u00ab\u00a0Vigneron de l&rsquo;ann\u00e9e\u00a0\u00bb (Gambero Rosso &#8211; 2022), un Moscato enjou\u00e9 et vif, aux ar\u00f4mes intenses. La quintessence du vin de dessert italien. &nbsp; Couleur jaune paille avec reflets verd\u00e2tre. Les ar\u00f4mes sont principalement floraux avec des nuances de jasmin, de rose, de sauge et l\u00e9g\u00e8rement de menthe. Des notes fruit\u00e9es telles [&hellip;]<\/p>\n","protected":false},"featured_media":1251,"template":"","meta":{"_acf_changed":false},"product_brand":[],"product_cat":[97,114],"product_tag":[],"class_list":{"0":"post-2034","1":"product","2":"type-product","3":"status-publish","4":"has-post-thumbnail","6":"product_cat-noel-fr","7":"product_cat-vins-fr","8":"pa_producers-gianni-doglia","10":"first","11":"instock","12":"taxable","13":"shipping-taxable","14":"purchasable","15":"product-type-simple"},"bundled_by":[],"bundle_stock_status":"instock","bundle_stock_quantity":13,"bundle_virtual":false,"bundle_layout":"","bundle_add_to_cart_form_location":"","bundle_editable_in_cart":false,"bundle_sold_individually_context":"","bundle_item_grouping":"","bundle_min_size":"","bundle_max_size":"","bundled_items":[],"bundle_sell_ids":[],"acf":[],"yoast_head":"<!-- This site is optimized with the Yoast SEO plugin v25.4 - https:\/\/yoast.com\/wordpress\/plugins\/seo\/ -->\n<title>Giovanni Doglia - Moscato d&#039;Asti DOCG - Gourmetto<\/title>\n<meta name=\"robots\" content=\"index, follow, max-snippet:-1, max-image-preview:large, max-video-preview:-1\" \/>\n<link rel=\"canonical\" href=\"https:\/\/gourmetto.lu\/fr\/produit\/moscatodoglia\/\" \/>\n<meta property=\"og:locale\" content=\"fr_FR\" \/>\n<meta property=\"og:type\" content=\"article\" \/>\n<meta property=\"og:title\" content=\"Giovanni Doglia - Moscato d&#039;Asti DOCG - Gourmetto\" \/>\n<meta property=\"og:description\" content=\"De Giovanni Doglia, prim\u00e9 \u00ab\u00a0Vigneron de l&rsquo;ann\u00e9e\u00a0\u00bb (Gambero Rosso &#8211; 2022), un Moscato enjou\u00e9 et vif, aux ar\u00f4mes intenses. La quintessence du vin de dessert italien. &nbsp; Couleur jaune paille avec reflets verd\u00e2tre. Les ar\u00f4mes sont principalement floraux avec des nuances de jasmin, de rose, de sauge et l\u00e9g\u00e8rement de menthe. Des notes fruit\u00e9es telles [&hellip;]\" \/>\n<meta property=\"og:url\" content=\"https:\/\/gourmetto.lu\/fr\/produit\/moscatodoglia\/\" \/>\n<meta property=\"og:site_name\" content=\"Gourmetto\" \/>\n<meta property=\"article:modified_time\" content=\"2024-06-15T15:59:47+00:00\" \/>\n<meta property=\"og:image\" content=\"https:\/\/gourmetto.lu\/wp-content\/uploads\/2022\/10\/PXL_20220522_100422326.PORTRAIT-scaled.jpg\" \/>\n\t<meta property=\"og:image:width\" content=\"2560\" \/>\n\t<meta property=\"og:image:height\" content=\"2560\" \/>\n\t<meta property=\"og:image:type\" content=\"image\/jpeg\" \/>\n<meta name=\"twitter:card\" content=\"summary_large_image\" \/>\n<meta name=\"twitter:label1\" content=\"Dur\u00e9e de lecture estim\u00e9e\" \/>\n\t<meta name=\"twitter:data1\" content=\"1 minute\" \/>\n<script type=\"application\/ld+json\" class=\"yoast-schema-graph\">{\"@context\":\"https:\/\/schema.org\",\"@graph\":[{\"@type\":\"WebPage\",\"@id\":\"https:\/\/gourmetto.lu\/fr\/produit\/moscatodoglia\/\",\"url\":\"https:\/\/gourmetto.lu\/fr\/produit\/moscatodoglia\/\",\"name\":\"Giovanni Doglia - Moscato d'Asti DOCG - Gourmetto\",\"isPartOf\":{\"@id\":\"https:\/\/gourmetto.lu\/fr\/#website\"},\"primaryImageOfPage\":{\"@id\":\"https:\/\/gourmetto.lu\/fr\/produit\/moscatodoglia\/#primaryimage\"},\"image\":{\"@id\":\"https:\/\/gourmetto.lu\/fr\/produit\/moscatodoglia\/#primaryimage\"},\"thumbnailUrl\":\"https:\/\/gourmetto.lu\/wp-content\/uploads\/2022\/10\/PXL_20220522_100422326.PORTRAIT-scaled.jpg\",\"datePublished\":\"2022-10-31T11:36:31+00:00\",\"dateModified\":\"2024-06-15T15:59:47+00:00\",\"breadcrumb\":{\"@id\":\"https:\/\/gourmetto.lu\/fr\/produit\/moscatodoglia\/#breadcrumb\"},\"inLanguage\":\"fr-FR\",\"potentialAction\":[{\"@type\":\"ReadAction\",\"target\":[\"https:\/\/gourmetto.lu\/fr\/produit\/moscatodoglia\/\"]}]},{\"@type\":\"ImageObject\",\"inLanguage\":\"fr-FR\",\"@id\":\"https:\/\/gourmetto.lu\/fr\/produit\/moscatodoglia\/#primaryimage\",\"url\":\"https:\/\/gourmetto.lu\/wp-content\/uploads\/2022\/10\/PXL_20220522_100422326.PORTRAIT-scaled.jpg\",\"contentUrl\":\"https:\/\/gourmetto.lu\/wp-content\/uploads\/2022\/10\/PXL_20220522_100422326.PORTRAIT-scaled.jpg\",\"width\":2560,\"height\":2560},{\"@type\":\"BreadcrumbList\",\"@id\":\"https:\/\/gourmetto.lu\/fr\/produit\/moscatodoglia\/#breadcrumb\",\"itemListElement\":[{\"@type\":\"ListItem\",\"position\":1,\"name\":\"Home\",\"item\":\"https:\/\/gourmetto.lu\/fr\/\"},{\"@type\":\"ListItem\",\"position\":2,\"name\":\"Boutique\",\"item\":\"https:\/\/gourmetto.lu\/shop\/\"},{\"@type\":\"ListItem\",\"position\":3,\"name\":\"Giovanni Doglia &#8211; Moscato d&#8217;Asti DOCG\"}]},{\"@type\":\"WebSite\",\"@id\":\"https:\/\/gourmetto.lu\/fr\/#website\",\"url\":\"https:\/\/gourmetto.lu\/fr\/\",\"name\":\"Gourmetto\",\"description\":\"\",\"potentialAction\":[{\"@type\":\"SearchAction\",\"target\":{\"@type\":\"EntryPoint\",\"urlTemplate\":\"https:\/\/gourmetto.lu\/fr\/?s={search_term_string}\"},\"query-input\":{\"@type\":\"PropertyValueSpecification\",\"valueRequired\":true,\"valueName\":\"search_term_string\"}}],\"inLanguage\":\"fr-FR\"}]}<\/script>\n<!-- \/ Yoast SEO plugin. -->","yoast_head_json":{"title":"Giovanni Doglia - Moscato d'Asti DOCG - Gourmetto","robots":{"index":"index","follow":"follow","max-snippet":"max-snippet:-1","max-image-preview":"max-image-preview:large","max-video-preview":"max-video-preview:-1"},"canonical":"https:\/\/gourmetto.lu\/fr\/produit\/moscatodoglia\/","og_locale":"fr_FR","og_type":"article","og_title":"Giovanni Doglia - Moscato d'Asti DOCG - Gourmetto","og_description":"De Giovanni Doglia, prim\u00e9 \u00ab\u00a0Vigneron de l&rsquo;ann\u00e9e\u00a0\u00bb (Gambero Rosso &#8211; 2022), un Moscato enjou\u00e9 et vif, aux ar\u00f4mes intenses. La quintessence du vin de dessert italien. &nbsp; Couleur jaune paille avec reflets verd\u00e2tre. Les ar\u00f4mes sont principalement floraux avec des nuances de jasmin, de rose, de sauge et l\u00e9g\u00e8rement de menthe. Des notes fruit\u00e9es telles [&hellip;]","og_url":"https:\/\/gourmetto.lu\/fr\/produit\/moscatodoglia\/","og_site_name":"Gourmetto","article_modified_time":"2024-06-15T15:59:47+00:00","og_image":[{"width":2560,"height":2560,"url":"https:\/\/gourmetto.lu\/wp-content\/uploads\/2022\/10\/PXL_20220522_100422326.PORTRAIT-scaled.jpg","type":"image\/jpeg"}],"twitter_card":"summary_large_image","twitter_misc":{"Dur\u00e9e de lecture estim\u00e9e":"1 minute"},"schema":{"@context":"https:\/\/schema.org","@graph":[{"@type":"WebPage","@id":"https:\/\/gourmetto.lu\/fr\/produit\/moscatodoglia\/","url":"https:\/\/gourmetto.lu\/fr\/produit\/moscatodoglia\/","name":"Giovanni Doglia - Moscato d'Asti DOCG - Gourmetto","isPartOf":{"@id":"https:\/\/gourmetto.lu\/fr\/#website"},"primaryImageOfPage":{"@id":"https:\/\/gourmetto.lu\/fr\/produit\/moscatodoglia\/#primaryimage"},"image":{"@id":"https:\/\/gourmetto.lu\/fr\/produit\/moscatodoglia\/#primaryimage"},"thumbnailUrl":"https:\/\/gourmetto.lu\/wp-content\/uploads\/2022\/10\/PXL_20220522_100422326.PORTRAIT-scaled.jpg","datePublished":"2022-10-31T11:36:31+00:00","dateModified":"2024-06-15T15:59:47+00:00","breadcrumb":{"@id":"https:\/\/gourmetto.lu\/fr\/produit\/moscatodoglia\/#breadcrumb"},"inLanguage":"fr-FR","potentialAction":[{"@type":"ReadAction","target":["https:\/\/gourmetto.lu\/fr\/produit\/moscatodoglia\/"]}]},{"@type":"ImageObject","inLanguage":"fr-FR","@id":"https:\/\/gourmetto.lu\/fr\/produit\/moscatodoglia\/#primaryimage","url":"https:\/\/gourmetto.lu\/wp-content\/uploads\/2022\/10\/PXL_20220522_100422326.PORTRAIT-scaled.jpg","contentUrl":"https:\/\/gourmetto.lu\/wp-content\/uploads\/2022\/10\/PXL_20220522_100422326.PORTRAIT-scaled.jpg","width":2560,"height":2560},{"@type":"BreadcrumbList","@id":"https:\/\/gourmetto.lu\/fr\/produit\/moscatodoglia\/#breadcrumb","itemListElement":[{"@type":"ListItem","position":1,"name":"Home","item":"https:\/\/gourmetto.lu\/fr\/"},{"@type":"ListItem","position":2,"name":"Boutique","item":"https:\/\/gourmetto.lu\/shop\/"},{"@type":"ListItem","position":3,"name":"Giovanni Doglia &#8211; Moscato d&#8217;Asti DOCG"}]},{"@type":"WebSite","@id":"https:\/\/gourmetto.lu\/fr\/#website","url":"https:\/\/gourmetto.lu\/fr\/","name":"Gourmetto","description":"","potentialAction":[{"@type":"SearchAction","target":{"@type":"EntryPoint","urlTemplate":"https:\/\/gourmetto.lu\/fr\/?s={search_term_string}"},"query-input":{"@type":"PropertyValueSpecification","valueRequired":true,"valueName":"search_term_string"}}],"inLanguage":"fr-FR"}]}},"jetpack_sharing_enabled":true,"_links":{"self":[{"href":"https:\/\/gourmetto.lu\/fr\/wp-json\/wp\/v2\/product\/2034","targetHints":{"allow":["GET"]}}],"collection":[{"href":"https:\/\/gourmetto.lu\/fr\/wp-json\/wp\/v2\/product"}],"about":[{"href":"https:\/\/gourmetto.lu\/fr\/wp-json\/wp\/v2\/types\/product"}],"wp:featuredmedia":[{"embeddable":true,"href":"https:\/\/gourmetto.lu\/fr\/wp-json\/wp\/v2\/media\/1251"}],"wp:attachment":[{"href":"https:\/\/gourmetto.lu\/fr\/wp-json\/wp\/v2\/media?parent=2034"}],"wp:term":[{"taxonomy":"product_brand","embeddable":true,"href":"https:\/\/gourmetto.lu\/fr\/wp-json\/wp\/v2\/product_brand?post=2034"},{"taxonomy":"product_cat","embeddable":true,"href":"https:\/\/gourmetto.lu\/fr\/wp-json\/wp\/v2\/product_cat?post=2034"},{"taxonomy":"product_tag","embeddable":true,"href":"https:\/\/gourmetto.lu\/fr\/wp-json\/wp\/v2\/product_tag?post=2034"}],"curies":[{"name":"wp","href":"https:\/\/api.w.org\/{rel}","templated":true}]}}