{"id":2039,"date":"2022-10-31T12:09:43","date_gmt":"2022-10-31T11:09:43","guid":{"rendered":"https:\/\/beta.gourmetto.lu\/product\/nursino\/"},"modified":"2026-04-03T09:44:53","modified_gmt":"2026-04-03T07:44:53","slug":"nursino","status":"publish","type":"product","link":"https:\/\/gourmetto.lu\/fr\/produit\/nursino\/","title":{"rendered":"\u00ab\u00a0Sersale\u00a0\u00bb Salami doux de Calabre"},"content":{"rendered":"<p>Le \u00ab Salamino sersale \u00bb est un salami artisanal fabriqu\u00e9 \u00e0 partir de viande du porc pauvre en graisse. Les porcs naissent et sont \u00e9lev\u00e9s dans les bois de Calabre, en libert\u00e9 et en qu\u00eate de nourriture.<\/p>\n<p>La production commence par la s\u00e9lection des viandes maigres et par l&rsquo;assaisonnement avec un m\u00e9lange secret d&rsquo;\u00e9pices qui ne contient pas de piment, pour un salami doux, plein de saveur, mais pas piquant.<\/p>\n","protected":false},"excerpt":{"rendered":"<p>Le \u00ab Salamino sersale \u00bb est un salami artisanal fabriqu\u00e9 \u00e0 partir de viande du porc pauvre en graisse. Les porcs naissent et sont \u00e9lev\u00e9s dans les bois de Calabre, en libert\u00e9 et en qu\u00eate de nourriture. La production commence par la s\u00e9lection des viandes maigres et par l&rsquo;assaisonnement avec un m\u00e9lange secret d&rsquo;\u00e9pices qui [&hellip;]<\/p>\n","protected":false},"featured_media":4089,"template":"","meta":{"_acf_changed":false},"product_brand":[],"product_cat":[101],"product_tag":[],"class_list":{"0":"post-2039","1":"product","2":"type-product","3":"status-publish","4":"has-post-thumbnail","6":"product_cat-charcuterie-fr","8":"first","9":"instock","10":"taxable","11":"shipping-taxable","12":"purchasable","13":"product-type-simple"},"bundled_by":[],"bundle_stock_status":"instock","bundle_stock_quantity":3,"bundle_virtual":false,"bundle_layout":"","bundle_add_to_cart_form_location":"","bundle_editable_in_cart":false,"bundle_sold_individually_context":"","bundle_item_grouping":"","bundle_min_size":"","bundle_max_size":"","bundled_items":[],"bundle_sell_ids":[],"acf":[],"yoast_head":"<!-- This site is optimized with the Yoast SEO plugin v25.4 - https:\/\/yoast.com\/wordpress\/plugins\/seo\/ -->\n<title>&quot;Sersale&quot; Salami doux de Calabre - Gourmetto<\/title>\n<meta name=\"robots\" content=\"index, follow, max-snippet:-1, max-image-preview:large, max-video-preview:-1\" \/>\n<link rel=\"canonical\" href=\"https:\/\/gourmetto.lu\/fr\/produit\/nursino\/\" \/>\n<meta property=\"og:locale\" content=\"fr_FR\" \/>\n<meta property=\"og:type\" content=\"article\" \/>\n<meta property=\"og:title\" content=\"&quot;Sersale&quot; Salami doux de Calabre - Gourmetto\" \/>\n<meta property=\"og:description\" content=\"Le \u00ab Salamino sersale \u00bb est un salami artisanal fabriqu\u00e9 \u00e0 partir de viande du porc pauvre en graisse. Les porcs naissent et sont \u00e9lev\u00e9s dans les bois de Calabre, en libert\u00e9 et en qu\u00eate de nourriture. La production commence par la s\u00e9lection des viandes maigres et par l&rsquo;assaisonnement avec un m\u00e9lange secret d&rsquo;\u00e9pices qui [&hellip;]\" \/>\n<meta property=\"og:url\" content=\"https:\/\/gourmetto.lu\/fr\/produit\/nursino\/\" \/>\n<meta property=\"og:site_name\" content=\"Gourmetto\" \/>\n<meta property=\"article:modified_time\" content=\"2026-04-03T07:44:53+00:00\" \/>\n<meta property=\"og:image\" content=\"https:\/\/gourmetto.lu\/wp-content\/uploads\/2022\/10\/PXL_20240406_140055202.PORTRAIT-scaled.jpg\" \/>\n\t<meta property=\"og:image:width\" content=\"2560\" \/>\n\t<meta property=\"og:image:height\" content=\"2560\" \/>\n\t<meta property=\"og:image:type\" content=\"image\/jpeg\" \/>\n<meta name=\"twitter:card\" content=\"summary_large_image\" \/>\n<meta name=\"twitter:label1\" content=\"Dur\u00e9e de lecture estim\u00e9e\" \/>\n\t<meta name=\"twitter:data1\" content=\"1 minute\" \/>\n<script type=\"application\/ld+json\" class=\"yoast-schema-graph\">{\"@context\":\"https:\/\/schema.org\",\"@graph\":[{\"@type\":\"WebPage\",\"@id\":\"https:\/\/gourmetto.lu\/fr\/produit\/nursino\/\",\"url\":\"https:\/\/gourmetto.lu\/fr\/produit\/nursino\/\",\"name\":\"\\\"Sersale\\\" Salami doux de Calabre - Gourmetto\",\"isPartOf\":{\"@id\":\"https:\/\/gourmetto.lu\/fr\/#website\"},\"primaryImageOfPage\":{\"@id\":\"https:\/\/gourmetto.lu\/fr\/produit\/nursino\/#primaryimage\"},\"image\":{\"@id\":\"https:\/\/gourmetto.lu\/fr\/produit\/nursino\/#primaryimage\"},\"thumbnailUrl\":\"https:\/\/gourmetto.lu\/wp-content\/uploads\/2022\/10\/PXL_20240406_140055202.PORTRAIT-scaled.jpg\",\"datePublished\":\"2022-10-31T11:09:43+00:00\",\"dateModified\":\"2026-04-03T07:44:53+00:00\",\"breadcrumb\":{\"@id\":\"https:\/\/gourmetto.lu\/fr\/produit\/nursino\/#breadcrumb\"},\"inLanguage\":\"fr-FR\",\"potentialAction\":[{\"@type\":\"ReadAction\",\"target\":[\"https:\/\/gourmetto.lu\/fr\/produit\/nursino\/\"]}]},{\"@type\":\"ImageObject\",\"inLanguage\":\"fr-FR\",\"@id\":\"https:\/\/gourmetto.lu\/fr\/produit\/nursino\/#primaryimage\",\"url\":\"https:\/\/gourmetto.lu\/wp-content\/uploads\/2022\/10\/PXL_20240406_140055202.PORTRAIT-scaled.jpg\",\"contentUrl\":\"https:\/\/gourmetto.lu\/wp-content\/uploads\/2022\/10\/PXL_20240406_140055202.PORTRAIT-scaled.jpg\",\"width\":2560,\"height\":2560},{\"@type\":\"BreadcrumbList\",\"@id\":\"https:\/\/gourmetto.lu\/fr\/produit\/nursino\/#breadcrumb\",\"itemListElement\":[{\"@type\":\"ListItem\",\"position\":1,\"name\":\"Home\",\"item\":\"https:\/\/gourmetto.lu\/fr\/\"},{\"@type\":\"ListItem\",\"position\":2,\"name\":\"Boutique\",\"item\":\"https:\/\/gourmetto.lu\/shop\/\"},{\"@type\":\"ListItem\",\"position\":3,\"name\":\"&#8220;Sersale&#8221; Salami doux de Calabre\"}]},{\"@type\":\"WebSite\",\"@id\":\"https:\/\/gourmetto.lu\/fr\/#website\",\"url\":\"https:\/\/gourmetto.lu\/fr\/\",\"name\":\"Gourmetto\",\"description\":\"\",\"potentialAction\":[{\"@type\":\"SearchAction\",\"target\":{\"@type\":\"EntryPoint\",\"urlTemplate\":\"https:\/\/gourmetto.lu\/fr\/?s={search_term_string}\"},\"query-input\":{\"@type\":\"PropertyValueSpecification\",\"valueRequired\":true,\"valueName\":\"search_term_string\"}}],\"inLanguage\":\"fr-FR\"}]}<\/script>\n<!-- \/ Yoast SEO plugin. -->","yoast_head_json":{"title":"\"Sersale\" Salami doux de Calabre - Gourmetto","robots":{"index":"index","follow":"follow","max-snippet":"max-snippet:-1","max-image-preview":"max-image-preview:large","max-video-preview":"max-video-preview:-1"},"canonical":"https:\/\/gourmetto.lu\/fr\/produit\/nursino\/","og_locale":"fr_FR","og_type":"article","og_title":"\"Sersale\" Salami doux de Calabre - Gourmetto","og_description":"Le \u00ab Salamino sersale \u00bb est un salami artisanal fabriqu\u00e9 \u00e0 partir de viande du porc pauvre en graisse. Les porcs naissent et sont \u00e9lev\u00e9s dans les bois de Calabre, en libert\u00e9 et en qu\u00eate de nourriture. La production commence par la s\u00e9lection des viandes maigres et par l&rsquo;assaisonnement avec un m\u00e9lange secret d&rsquo;\u00e9pices qui [&hellip;]","og_url":"https:\/\/gourmetto.lu\/fr\/produit\/nursino\/","og_site_name":"Gourmetto","article_modified_time":"2026-04-03T07:44:53+00:00","og_image":[{"width":2560,"height":2560,"url":"https:\/\/gourmetto.lu\/wp-content\/uploads\/2022\/10\/PXL_20240406_140055202.PORTRAIT-scaled.jpg","type":"image\/jpeg"}],"twitter_card":"summary_large_image","twitter_misc":{"Dur\u00e9e de lecture estim\u00e9e":"1 minute"},"schema":{"@context":"https:\/\/schema.org","@graph":[{"@type":"WebPage","@id":"https:\/\/gourmetto.lu\/fr\/produit\/nursino\/","url":"https:\/\/gourmetto.lu\/fr\/produit\/nursino\/","name":"\"Sersale\" Salami doux de Calabre - Gourmetto","isPartOf":{"@id":"https:\/\/gourmetto.lu\/fr\/#website"},"primaryImageOfPage":{"@id":"https:\/\/gourmetto.lu\/fr\/produit\/nursino\/#primaryimage"},"image":{"@id":"https:\/\/gourmetto.lu\/fr\/produit\/nursino\/#primaryimage"},"thumbnailUrl":"https:\/\/gourmetto.lu\/wp-content\/uploads\/2022\/10\/PXL_20240406_140055202.PORTRAIT-scaled.jpg","datePublished":"2022-10-31T11:09:43+00:00","dateModified":"2026-04-03T07:44:53+00:00","breadcrumb":{"@id":"https:\/\/gourmetto.lu\/fr\/produit\/nursino\/#breadcrumb"},"inLanguage":"fr-FR","potentialAction":[{"@type":"ReadAction","target":["https:\/\/gourmetto.lu\/fr\/produit\/nursino\/"]}]},{"@type":"ImageObject","inLanguage":"fr-FR","@id":"https:\/\/gourmetto.lu\/fr\/produit\/nursino\/#primaryimage","url":"https:\/\/gourmetto.lu\/wp-content\/uploads\/2022\/10\/PXL_20240406_140055202.PORTRAIT-scaled.jpg","contentUrl":"https:\/\/gourmetto.lu\/wp-content\/uploads\/2022\/10\/PXL_20240406_140055202.PORTRAIT-scaled.jpg","width":2560,"height":2560},{"@type":"BreadcrumbList","@id":"https:\/\/gourmetto.lu\/fr\/produit\/nursino\/#breadcrumb","itemListElement":[{"@type":"ListItem","position":1,"name":"Home","item":"https:\/\/gourmetto.lu\/fr\/"},{"@type":"ListItem","position":2,"name":"Boutique","item":"https:\/\/gourmetto.lu\/shop\/"},{"@type":"ListItem","position":3,"name":"&#8220;Sersale&#8221; Salami doux de Calabre"}]},{"@type":"WebSite","@id":"https:\/\/gourmetto.lu\/fr\/#website","url":"https:\/\/gourmetto.lu\/fr\/","name":"Gourmetto","description":"","potentialAction":[{"@type":"SearchAction","target":{"@type":"EntryPoint","urlTemplate":"https:\/\/gourmetto.lu\/fr\/?s={search_term_string}"},"query-input":{"@type":"PropertyValueSpecification","valueRequired":true,"valueName":"search_term_string"}}],"inLanguage":"fr-FR"}]}},"jetpack_sharing_enabled":true,"_links":{"self":[{"href":"https:\/\/gourmetto.lu\/fr\/wp-json\/wp\/v2\/product\/2039","targetHints":{"allow":["GET"]}}],"collection":[{"href":"https:\/\/gourmetto.lu\/fr\/wp-json\/wp\/v2\/product"}],"about":[{"href":"https:\/\/gourmetto.lu\/fr\/wp-json\/wp\/v2\/types\/product"}],"wp:featuredmedia":[{"embeddable":true,"href":"https:\/\/gourmetto.lu\/fr\/wp-json\/wp\/v2\/media\/4089"}],"wp:attachment":[{"href":"https:\/\/gourmetto.lu\/fr\/wp-json\/wp\/v2\/media?parent=2039"}],"wp:term":[{"taxonomy":"product_brand","embeddable":true,"href":"https:\/\/gourmetto.lu\/fr\/wp-json\/wp\/v2\/product_brand?post=2039"},{"taxonomy":"product_cat","embeddable":true,"href":"https:\/\/gourmetto.lu\/fr\/wp-json\/wp\/v2\/product_cat?post=2039"},{"taxonomy":"product_tag","embeddable":true,"href":"https:\/\/gourmetto.lu\/fr\/wp-json\/wp\/v2\/product_tag?post=2039"}],"curies":[{"name":"wp","href":"https:\/\/api.w.org\/{rel}","templated":true}]}}