{"id":2049,"date":"2022-10-31T11:30:39","date_gmt":"2022-10-31T10:30:39","guid":{"rendered":"https:\/\/beta.gourmetto.lu\/product\/lonzino\/"},"modified":"2026-03-11T17:36:41","modified_gmt":"2026-03-11T16:36:41","slug":"lonzino","status":"publish","type":"product","link":"https:\/\/gourmetto.lu\/fr\/produit\/lonzino\/","title":{"rendered":"Capocollo, jambon cru de collet de porc &#8211; demi pi\u00e8ce"},"content":{"rendered":"<p>\u00c9galement connu sous le nom de coppa, le capocollo est un jambon tr\u00e8s savoureux fabriqu\u00e9 \u00e0 partir de l&rsquo;\u00e9paule et du cou du porc.<\/p>\n<p>Tout d&rsquo;abord, le sel et le poivre composent la saumure dans laquelle la viande passe son temps et re\u00e7oit chaque jour un gentil massage. Ensuite, il est lav\u00e9 avec du vin, ensach\u00e9 dans un boyau naturel, nou\u00e9 selon la forme traditionnelle et, enfin, affin\u00e9.<\/p>\n","protected":false},"excerpt":{"rendered":"<p>\u00c9galement connu sous le nom de coppa, le capocollo est un jambon tr\u00e8s savoureux fabriqu\u00e9 \u00e0 partir de l&rsquo;\u00e9paule et du cou du porc. Tout d&rsquo;abord, le sel et le poivre composent la saumure dans laquelle la viande passe son temps et re\u00e7oit chaque jour un gentil massage. Ensuite, il est lav\u00e9 avec du vin, [&hellip;]<\/p>\n","protected":false},"featured_media":4011,"template":"","meta":{"_acf_changed":false},"product_brand":[],"product_cat":[101],"product_tag":[],"class_list":{"0":"post-2049","1":"product","2":"type-product","3":"status-publish","4":"has-post-thumbnail","6":"product_cat-charcuterie-fr","8":"first","9":"instock","10":"taxable","11":"shipping-taxable","12":"purchasable","13":"product-type-simple"},"bundled_by":[],"bundle_stock_status":"instock","bundle_stock_quantity":1,"bundle_virtual":false,"bundle_layout":"","bundle_add_to_cart_form_location":"","bundle_editable_in_cart":false,"bundle_sold_individually_context":"","bundle_item_grouping":"","bundle_min_size":"","bundle_max_size":"","bundled_items":[],"bundle_sell_ids":[],"acf":[],"yoast_head":"<!-- This site is optimized with the Yoast SEO plugin v25.4 - https:\/\/yoast.com\/wordpress\/plugins\/seo\/ -->\n<title>Capocollo, jambon cru de collet de porc - demi pi\u00e8ce - Gourmetto<\/title>\n<meta name=\"robots\" content=\"index, follow, max-snippet:-1, max-image-preview:large, max-video-preview:-1\" \/>\n<link rel=\"canonical\" href=\"https:\/\/gourmetto.lu\/fr\/produit\/lonzino\/\" \/>\n<meta property=\"og:locale\" content=\"fr_FR\" \/>\n<meta property=\"og:type\" content=\"article\" \/>\n<meta property=\"og:title\" content=\"Capocollo, jambon cru de collet de porc - demi pi\u00e8ce - Gourmetto\" \/>\n<meta property=\"og:description\" content=\"\u00c9galement connu sous le nom de coppa, le capocollo est un jambon tr\u00e8s savoureux fabriqu\u00e9 \u00e0 partir de l&rsquo;\u00e9paule et du cou du porc. Tout d&rsquo;abord, le sel et le poivre composent la saumure dans laquelle la viande passe son temps et re\u00e7oit chaque jour un gentil massage. Ensuite, il est lav\u00e9 avec du vin, [&hellip;]\" \/>\n<meta property=\"og:url\" content=\"https:\/\/gourmetto.lu\/fr\/produit\/lonzino\/\" \/>\n<meta property=\"og:site_name\" content=\"Gourmetto\" \/>\n<meta property=\"article:modified_time\" content=\"2026-03-11T16:36:41+00:00\" \/>\n<meta property=\"og:image\" content=\"https:\/\/gourmetto.lu\/wp-content\/uploads\/2022\/10\/PXL_20240406_135645763.PORTRAIT-scaled.jpg\" \/>\n\t<meta property=\"og:image:width\" content=\"2560\" \/>\n\t<meta property=\"og:image:height\" content=\"2560\" \/>\n\t<meta property=\"og:image:type\" content=\"image\/jpeg\" \/>\n<meta name=\"twitter:card\" content=\"summary_large_image\" \/>\n<meta name=\"twitter:label1\" content=\"Dur\u00e9e de lecture estim\u00e9e\" \/>\n\t<meta name=\"twitter:data1\" content=\"1 minute\" \/>\n<script type=\"application\/ld+json\" class=\"yoast-schema-graph\">{\"@context\":\"https:\/\/schema.org\",\"@graph\":[{\"@type\":\"WebPage\",\"@id\":\"https:\/\/gourmetto.lu\/fr\/produit\/lonzino\/\",\"url\":\"https:\/\/gourmetto.lu\/fr\/produit\/lonzino\/\",\"name\":\"Capocollo, jambon cru de collet de porc - demi pi\u00e8ce - Gourmetto\",\"isPartOf\":{\"@id\":\"https:\/\/gourmetto.lu\/fr\/#website\"},\"primaryImageOfPage\":{\"@id\":\"https:\/\/gourmetto.lu\/fr\/produit\/lonzino\/#primaryimage\"},\"image\":{\"@id\":\"https:\/\/gourmetto.lu\/fr\/produit\/lonzino\/#primaryimage\"},\"thumbnailUrl\":\"https:\/\/gourmetto.lu\/wp-content\/uploads\/2022\/10\/PXL_20240406_135645763.PORTRAIT-scaled.jpg\",\"datePublished\":\"2022-10-31T10:30:39+00:00\",\"dateModified\":\"2026-03-11T16:36:41+00:00\",\"breadcrumb\":{\"@id\":\"https:\/\/gourmetto.lu\/fr\/produit\/lonzino\/#breadcrumb\"},\"inLanguage\":\"fr-FR\",\"potentialAction\":[{\"@type\":\"ReadAction\",\"target\":[\"https:\/\/gourmetto.lu\/fr\/produit\/lonzino\/\"]}]},{\"@type\":\"ImageObject\",\"inLanguage\":\"fr-FR\",\"@id\":\"https:\/\/gourmetto.lu\/fr\/produit\/lonzino\/#primaryimage\",\"url\":\"https:\/\/gourmetto.lu\/wp-content\/uploads\/2022\/10\/PXL_20240406_135645763.PORTRAIT-scaled.jpg\",\"contentUrl\":\"https:\/\/gourmetto.lu\/wp-content\/uploads\/2022\/10\/PXL_20240406_135645763.PORTRAIT-scaled.jpg\",\"width\":2560,\"height\":2560},{\"@type\":\"BreadcrumbList\",\"@id\":\"https:\/\/gourmetto.lu\/fr\/produit\/lonzino\/#breadcrumb\",\"itemListElement\":[{\"@type\":\"ListItem\",\"position\":1,\"name\":\"Home\",\"item\":\"https:\/\/gourmetto.lu\/fr\/\"},{\"@type\":\"ListItem\",\"position\":2,\"name\":\"Boutique\",\"item\":\"https:\/\/gourmetto.lu\/shop\/\"},{\"@type\":\"ListItem\",\"position\":3,\"name\":\"Capocollo, jambon cru de collet de porc &#8211; demi pi\u00e8ce\"}]},{\"@type\":\"WebSite\",\"@id\":\"https:\/\/gourmetto.lu\/fr\/#website\",\"url\":\"https:\/\/gourmetto.lu\/fr\/\",\"name\":\"Gourmetto\",\"description\":\"\",\"potentialAction\":[{\"@type\":\"SearchAction\",\"target\":{\"@type\":\"EntryPoint\",\"urlTemplate\":\"https:\/\/gourmetto.lu\/fr\/?s={search_term_string}\"},\"query-input\":{\"@type\":\"PropertyValueSpecification\",\"valueRequired\":true,\"valueName\":\"search_term_string\"}}],\"inLanguage\":\"fr-FR\"}]}<\/script>\n<!-- \/ Yoast SEO plugin. -->","yoast_head_json":{"title":"Capocollo, jambon cru de collet de porc - demi pi\u00e8ce - Gourmetto","robots":{"index":"index","follow":"follow","max-snippet":"max-snippet:-1","max-image-preview":"max-image-preview:large","max-video-preview":"max-video-preview:-1"},"canonical":"https:\/\/gourmetto.lu\/fr\/produit\/lonzino\/","og_locale":"fr_FR","og_type":"article","og_title":"Capocollo, jambon cru de collet de porc - demi pi\u00e8ce - Gourmetto","og_description":"\u00c9galement connu sous le nom de coppa, le capocollo est un jambon tr\u00e8s savoureux fabriqu\u00e9 \u00e0 partir de l&rsquo;\u00e9paule et du cou du porc. Tout d&rsquo;abord, le sel et le poivre composent la saumure dans laquelle la viande passe son temps et re\u00e7oit chaque jour un gentil massage. Ensuite, il est lav\u00e9 avec du vin, [&hellip;]","og_url":"https:\/\/gourmetto.lu\/fr\/produit\/lonzino\/","og_site_name":"Gourmetto","article_modified_time":"2026-03-11T16:36:41+00:00","og_image":[{"width":2560,"height":2560,"url":"https:\/\/gourmetto.lu\/wp-content\/uploads\/2022\/10\/PXL_20240406_135645763.PORTRAIT-scaled.jpg","type":"image\/jpeg"}],"twitter_card":"summary_large_image","twitter_misc":{"Dur\u00e9e de lecture estim\u00e9e":"1 minute"},"schema":{"@context":"https:\/\/schema.org","@graph":[{"@type":"WebPage","@id":"https:\/\/gourmetto.lu\/fr\/produit\/lonzino\/","url":"https:\/\/gourmetto.lu\/fr\/produit\/lonzino\/","name":"Capocollo, jambon cru de collet de porc - demi pi\u00e8ce - Gourmetto","isPartOf":{"@id":"https:\/\/gourmetto.lu\/fr\/#website"},"primaryImageOfPage":{"@id":"https:\/\/gourmetto.lu\/fr\/produit\/lonzino\/#primaryimage"},"image":{"@id":"https:\/\/gourmetto.lu\/fr\/produit\/lonzino\/#primaryimage"},"thumbnailUrl":"https:\/\/gourmetto.lu\/wp-content\/uploads\/2022\/10\/PXL_20240406_135645763.PORTRAIT-scaled.jpg","datePublished":"2022-10-31T10:30:39+00:00","dateModified":"2026-03-11T16:36:41+00:00","breadcrumb":{"@id":"https:\/\/gourmetto.lu\/fr\/produit\/lonzino\/#breadcrumb"},"inLanguage":"fr-FR","potentialAction":[{"@type":"ReadAction","target":["https:\/\/gourmetto.lu\/fr\/produit\/lonzino\/"]}]},{"@type":"ImageObject","inLanguage":"fr-FR","@id":"https:\/\/gourmetto.lu\/fr\/produit\/lonzino\/#primaryimage","url":"https:\/\/gourmetto.lu\/wp-content\/uploads\/2022\/10\/PXL_20240406_135645763.PORTRAIT-scaled.jpg","contentUrl":"https:\/\/gourmetto.lu\/wp-content\/uploads\/2022\/10\/PXL_20240406_135645763.PORTRAIT-scaled.jpg","width":2560,"height":2560},{"@type":"BreadcrumbList","@id":"https:\/\/gourmetto.lu\/fr\/produit\/lonzino\/#breadcrumb","itemListElement":[{"@type":"ListItem","position":1,"name":"Home","item":"https:\/\/gourmetto.lu\/fr\/"},{"@type":"ListItem","position":2,"name":"Boutique","item":"https:\/\/gourmetto.lu\/shop\/"},{"@type":"ListItem","position":3,"name":"Capocollo, jambon cru de collet de porc &#8211; demi pi\u00e8ce"}]},{"@type":"WebSite","@id":"https:\/\/gourmetto.lu\/fr\/#website","url":"https:\/\/gourmetto.lu\/fr\/","name":"Gourmetto","description":"","potentialAction":[{"@type":"SearchAction","target":{"@type":"EntryPoint","urlTemplate":"https:\/\/gourmetto.lu\/fr\/?s={search_term_string}"},"query-input":{"@type":"PropertyValueSpecification","valueRequired":true,"valueName":"search_term_string"}}],"inLanguage":"fr-FR"}]}},"jetpack_sharing_enabled":true,"_links":{"self":[{"href":"https:\/\/gourmetto.lu\/fr\/wp-json\/wp\/v2\/product\/2049","targetHints":{"allow":["GET"]}}],"collection":[{"href":"https:\/\/gourmetto.lu\/fr\/wp-json\/wp\/v2\/product"}],"about":[{"href":"https:\/\/gourmetto.lu\/fr\/wp-json\/wp\/v2\/types\/product"}],"wp:featuredmedia":[{"embeddable":true,"href":"https:\/\/gourmetto.lu\/fr\/wp-json\/wp\/v2\/media\/4011"}],"wp:attachment":[{"href":"https:\/\/gourmetto.lu\/fr\/wp-json\/wp\/v2\/media?parent=2049"}],"wp:term":[{"taxonomy":"product_brand","embeddable":true,"href":"https:\/\/gourmetto.lu\/fr\/wp-json\/wp\/v2\/product_brand?post=2049"},{"taxonomy":"product_cat","embeddable":true,"href":"https:\/\/gourmetto.lu\/fr\/wp-json\/wp\/v2\/product_cat?post=2049"},{"taxonomy":"product_tag","embeddable":true,"href":"https:\/\/gourmetto.lu\/fr\/wp-json\/wp\/v2\/product_tag?post=2049"}],"curies":[{"name":"wp","href":"https:\/\/api.w.org\/{rel}","templated":true}]}}