{"id":2054,"date":"2022-10-31T11:19:50","date_gmt":"2022-10-31T10:19:50","guid":{"rendered":"https:\/\/beta.gourmetto.lu\/product\/pancetta\/"},"modified":"2025-11-13T17:31:34","modified_gmt":"2025-11-13T16:31:34","slug":"pancetta","status":"publish","type":"product","link":"https:\/\/gourmetto.lu\/fr\/produit\/pancetta\/","title":{"rendered":"Pancetta Tesa &#8211; bacon de porc"},"content":{"rendered":"<p>Notre \u00ab\u00a0Pancetta\u00a0\u00bb est obtenue \u00e0 partir de la poitrine de porcs n\u00e9s et \u00e9lev\u00e9s naturellement, heureux, sains et savoureux.<\/p>\n<p>La poitrine de porc est sal\u00e9e pendant environ 7 jours, puis fum\u00e9e pendant quelques heures avec du bois d&rsquo;olivier. Apr\u00e8s le fumage, la viande est s\u00e9ch\u00e9e pendant 8 jours, puis retourn\u00e9e \u00e0 la fum\u00e9e pendant quelques heures et enfin laiss\u00e9e \u00e0 affiner pendant 45 jours.<\/p>\n","protected":false},"excerpt":{"rendered":"<p>Notre \u00ab\u00a0Pancetta\u00a0\u00bb est obtenue \u00e0 partir de la poitrine de porcs n\u00e9s et \u00e9lev\u00e9s naturellement, heureux, sains et savoureux. La poitrine de porc est sal\u00e9e pendant environ 7 jours, puis fum\u00e9e pendant quelques heures avec du bois d&rsquo;olivier. Apr\u00e8s le fumage, la viande est s\u00e9ch\u00e9e pendant 8 jours, puis retourn\u00e9e \u00e0 la fum\u00e9e pendant quelques [&hellip;]<\/p>\n","protected":false},"featured_media":2861,"template":"","meta":{"_acf_changed":false},"product_brand":[],"product_cat":[101],"product_tag":[],"class_list":{"0":"post-2054","1":"product","2":"type-product","3":"status-publish","4":"has-post-thumbnail","6":"product_cat-charcuterie-fr","8":"first","9":"instock","10":"taxable","11":"shipping-taxable","12":"purchasable","13":"product-type-simple"},"bundled_by":[],"bundle_stock_status":"instock","bundle_stock_quantity":6,"bundle_virtual":false,"bundle_layout":"","bundle_add_to_cart_form_location":"","bundle_editable_in_cart":false,"bundle_sold_individually_context":"","bundle_item_grouping":"","bundle_min_size":"","bundle_max_size":"","bundled_items":[],"bundle_sell_ids":[],"acf":[],"yoast_head":"<!-- This site is optimized with the Yoast SEO plugin v25.4 - https:\/\/yoast.com\/wordpress\/plugins\/seo\/ -->\n<title>Pancetta Tesa - bacon de porc - Gourmetto<\/title>\n<meta name=\"robots\" content=\"index, follow, max-snippet:-1, max-image-preview:large, max-video-preview:-1\" \/>\n<link rel=\"canonical\" href=\"https:\/\/gourmetto.lu\/fr\/produit\/pancetta\/\" \/>\n<meta property=\"og:locale\" content=\"fr_FR\" \/>\n<meta property=\"og:type\" content=\"article\" \/>\n<meta property=\"og:title\" content=\"Pancetta Tesa - bacon de porc - Gourmetto\" \/>\n<meta property=\"og:description\" content=\"Notre \u00ab\u00a0Pancetta\u00a0\u00bb est obtenue \u00e0 partir de la poitrine de porcs n\u00e9s et \u00e9lev\u00e9s naturellement, heureux, sains et savoureux. La poitrine de porc est sal\u00e9e pendant environ 7 jours, puis fum\u00e9e pendant quelques heures avec du bois d&rsquo;olivier. Apr\u00e8s le fumage, la viande est s\u00e9ch\u00e9e pendant 8 jours, puis retourn\u00e9e \u00e0 la fum\u00e9e pendant quelques [&hellip;]\" \/>\n<meta property=\"og:url\" content=\"https:\/\/gourmetto.lu\/fr\/produit\/pancetta\/\" \/>\n<meta property=\"og:site_name\" content=\"Gourmetto\" \/>\n<meta property=\"article:modified_time\" content=\"2025-11-13T16:31:34+00:00\" \/>\n<meta property=\"og:image\" content=\"https:\/\/gourmetto.lu\/wp-content\/uploads\/2023\/03\/PXL_20230401_151238402.PORTRAIT-scaled.jpg\" \/>\n\t<meta property=\"og:image:width\" content=\"2560\" \/>\n\t<meta property=\"og:image:height\" content=\"2560\" \/>\n\t<meta property=\"og:image:type\" content=\"image\/jpeg\" \/>\n<meta name=\"twitter:card\" content=\"summary_large_image\" \/>\n<meta name=\"twitter:label1\" content=\"Dur\u00e9e de lecture estim\u00e9e\" \/>\n\t<meta name=\"twitter:data1\" content=\"1 minute\" \/>\n<script type=\"application\/ld+json\" class=\"yoast-schema-graph\">{\"@context\":\"https:\/\/schema.org\",\"@graph\":[{\"@type\":\"WebPage\",\"@id\":\"https:\/\/gourmetto.lu\/fr\/produit\/pancetta\/\",\"url\":\"https:\/\/gourmetto.lu\/fr\/produit\/pancetta\/\",\"name\":\"Pancetta Tesa - bacon de porc - Gourmetto\",\"isPartOf\":{\"@id\":\"https:\/\/gourmetto.lu\/fr\/#website\"},\"primaryImageOfPage\":{\"@id\":\"https:\/\/gourmetto.lu\/fr\/produit\/pancetta\/#primaryimage\"},\"image\":{\"@id\":\"https:\/\/gourmetto.lu\/fr\/produit\/pancetta\/#primaryimage\"},\"thumbnailUrl\":\"https:\/\/gourmetto.lu\/wp-content\/uploads\/2023\/03\/PXL_20230401_151238402.PORTRAIT-scaled.jpg\",\"datePublished\":\"2022-10-31T10:19:50+00:00\",\"dateModified\":\"2025-11-13T16:31:34+00:00\",\"breadcrumb\":{\"@id\":\"https:\/\/gourmetto.lu\/fr\/produit\/pancetta\/#breadcrumb\"},\"inLanguage\":\"fr-FR\",\"potentialAction\":[{\"@type\":\"ReadAction\",\"target\":[\"https:\/\/gourmetto.lu\/fr\/produit\/pancetta\/\"]}]},{\"@type\":\"ImageObject\",\"inLanguage\":\"fr-FR\",\"@id\":\"https:\/\/gourmetto.lu\/fr\/produit\/pancetta\/#primaryimage\",\"url\":\"https:\/\/gourmetto.lu\/wp-content\/uploads\/2023\/03\/PXL_20230401_151238402.PORTRAIT-scaled.jpg\",\"contentUrl\":\"https:\/\/gourmetto.lu\/wp-content\/uploads\/2023\/03\/PXL_20230401_151238402.PORTRAIT-scaled.jpg\",\"width\":2560,\"height\":2560},{\"@type\":\"BreadcrumbList\",\"@id\":\"https:\/\/gourmetto.lu\/fr\/produit\/pancetta\/#breadcrumb\",\"itemListElement\":[{\"@type\":\"ListItem\",\"position\":1,\"name\":\"Home\",\"item\":\"https:\/\/gourmetto.lu\/fr\/\"},{\"@type\":\"ListItem\",\"position\":2,\"name\":\"Boutique\",\"item\":\"https:\/\/gourmetto.lu\/shop\/\"},{\"@type\":\"ListItem\",\"position\":3,\"name\":\"Pancetta Tesa &#8211; bacon de porc\"}]},{\"@type\":\"WebSite\",\"@id\":\"https:\/\/gourmetto.lu\/fr\/#website\",\"url\":\"https:\/\/gourmetto.lu\/fr\/\",\"name\":\"Gourmetto\",\"description\":\"\",\"potentialAction\":[{\"@type\":\"SearchAction\",\"target\":{\"@type\":\"EntryPoint\",\"urlTemplate\":\"https:\/\/gourmetto.lu\/fr\/?s={search_term_string}\"},\"query-input\":{\"@type\":\"PropertyValueSpecification\",\"valueRequired\":true,\"valueName\":\"search_term_string\"}}],\"inLanguage\":\"fr-FR\"}]}<\/script>\n<!-- \/ Yoast SEO plugin. -->","yoast_head_json":{"title":"Pancetta Tesa - bacon de porc - Gourmetto","robots":{"index":"index","follow":"follow","max-snippet":"max-snippet:-1","max-image-preview":"max-image-preview:large","max-video-preview":"max-video-preview:-1"},"canonical":"https:\/\/gourmetto.lu\/fr\/produit\/pancetta\/","og_locale":"fr_FR","og_type":"article","og_title":"Pancetta Tesa - bacon de porc - Gourmetto","og_description":"Notre \u00ab\u00a0Pancetta\u00a0\u00bb est obtenue \u00e0 partir de la poitrine de porcs n\u00e9s et \u00e9lev\u00e9s naturellement, heureux, sains et savoureux. La poitrine de porc est sal\u00e9e pendant environ 7 jours, puis fum\u00e9e pendant quelques heures avec du bois d&rsquo;olivier. Apr\u00e8s le fumage, la viande est s\u00e9ch\u00e9e pendant 8 jours, puis retourn\u00e9e \u00e0 la fum\u00e9e pendant quelques [&hellip;]","og_url":"https:\/\/gourmetto.lu\/fr\/produit\/pancetta\/","og_site_name":"Gourmetto","article_modified_time":"2025-11-13T16:31:34+00:00","og_image":[{"width":2560,"height":2560,"url":"https:\/\/gourmetto.lu\/wp-content\/uploads\/2023\/03\/PXL_20230401_151238402.PORTRAIT-scaled.jpg","type":"image\/jpeg"}],"twitter_card":"summary_large_image","twitter_misc":{"Dur\u00e9e de lecture estim\u00e9e":"1 minute"},"schema":{"@context":"https:\/\/schema.org","@graph":[{"@type":"WebPage","@id":"https:\/\/gourmetto.lu\/fr\/produit\/pancetta\/","url":"https:\/\/gourmetto.lu\/fr\/produit\/pancetta\/","name":"Pancetta Tesa - bacon de porc - Gourmetto","isPartOf":{"@id":"https:\/\/gourmetto.lu\/fr\/#website"},"primaryImageOfPage":{"@id":"https:\/\/gourmetto.lu\/fr\/produit\/pancetta\/#primaryimage"},"image":{"@id":"https:\/\/gourmetto.lu\/fr\/produit\/pancetta\/#primaryimage"},"thumbnailUrl":"https:\/\/gourmetto.lu\/wp-content\/uploads\/2023\/03\/PXL_20230401_151238402.PORTRAIT-scaled.jpg","datePublished":"2022-10-31T10:19:50+00:00","dateModified":"2025-11-13T16:31:34+00:00","breadcrumb":{"@id":"https:\/\/gourmetto.lu\/fr\/produit\/pancetta\/#breadcrumb"},"inLanguage":"fr-FR","potentialAction":[{"@type":"ReadAction","target":["https:\/\/gourmetto.lu\/fr\/produit\/pancetta\/"]}]},{"@type":"ImageObject","inLanguage":"fr-FR","@id":"https:\/\/gourmetto.lu\/fr\/produit\/pancetta\/#primaryimage","url":"https:\/\/gourmetto.lu\/wp-content\/uploads\/2023\/03\/PXL_20230401_151238402.PORTRAIT-scaled.jpg","contentUrl":"https:\/\/gourmetto.lu\/wp-content\/uploads\/2023\/03\/PXL_20230401_151238402.PORTRAIT-scaled.jpg","width":2560,"height":2560},{"@type":"BreadcrumbList","@id":"https:\/\/gourmetto.lu\/fr\/produit\/pancetta\/#breadcrumb","itemListElement":[{"@type":"ListItem","position":1,"name":"Home","item":"https:\/\/gourmetto.lu\/fr\/"},{"@type":"ListItem","position":2,"name":"Boutique","item":"https:\/\/gourmetto.lu\/shop\/"},{"@type":"ListItem","position":3,"name":"Pancetta Tesa &#8211; bacon de porc"}]},{"@type":"WebSite","@id":"https:\/\/gourmetto.lu\/fr\/#website","url":"https:\/\/gourmetto.lu\/fr\/","name":"Gourmetto","description":"","potentialAction":[{"@type":"SearchAction","target":{"@type":"EntryPoint","urlTemplate":"https:\/\/gourmetto.lu\/fr\/?s={search_term_string}"},"query-input":{"@type":"PropertyValueSpecification","valueRequired":true,"valueName":"search_term_string"}}],"inLanguage":"fr-FR"}]}},"jetpack_sharing_enabled":true,"_links":{"self":[{"href":"https:\/\/gourmetto.lu\/fr\/wp-json\/wp\/v2\/product\/2054","targetHints":{"allow":["GET"]}}],"collection":[{"href":"https:\/\/gourmetto.lu\/fr\/wp-json\/wp\/v2\/product"}],"about":[{"href":"https:\/\/gourmetto.lu\/fr\/wp-json\/wp\/v2\/types\/product"}],"wp:featuredmedia":[{"embeddable":true,"href":"https:\/\/gourmetto.lu\/fr\/wp-json\/wp\/v2\/media\/2861"}],"wp:attachment":[{"href":"https:\/\/gourmetto.lu\/fr\/wp-json\/wp\/v2\/media?parent=2054"}],"wp:term":[{"taxonomy":"product_brand","embeddable":true,"href":"https:\/\/gourmetto.lu\/fr\/wp-json\/wp\/v2\/product_brand?post=2054"},{"taxonomy":"product_cat","embeddable":true,"href":"https:\/\/gourmetto.lu\/fr\/wp-json\/wp\/v2\/product_cat?post=2054"},{"taxonomy":"product_tag","embeddable":true,"href":"https:\/\/gourmetto.lu\/fr\/wp-json\/wp\/v2\/product_tag?post=2054"}],"curies":[{"name":"wp","href":"https:\/\/api.w.org\/{rel}","templated":true}]}}