{"id":2058,"date":"2022-10-31T11:04:39","date_gmt":"2022-10-31T10:04:39","guid":{"rendered":"https:\/\/beta.gourmetto.lu\/product\/nduja\/"},"modified":"2025-11-13T17:31:39","modified_gmt":"2025-11-13T16:31:39","slug":"nduja","status":"publish","type":"product","link":"https:\/\/gourmetto.lu\/fr\/produit\/nduja\/","title":{"rendered":"&lsquo;Nduja Calabraise, salami \u00e9pic\u00e9 \u00e0 tartiner"},"content":{"rendered":"<p>Le Nduja est une exp\u00e9rience puissante, le salami le plus symbolique de la r\u00e9gion calabraise, r\u00e9put\u00e9e pour ses piments et ses recettes savoureuses.<\/p>\n<p>Il est obtenu \u00e0 partir de la poitrine, de l&rsquo;\u00e9paule et de la joue du porc, avec l&rsquo;ajout d&rsquo;une grande quantit\u00e9 de piments et d&rsquo;\u00e9pices. Le tout est hach\u00e9, m\u00e9lang\u00e9, affin\u00e9 et l\u00e9g\u00e8rement fum\u00e9. Le r\u00e9sultat est un salami tr\u00e8s doux et cr\u00e9meux, \u00e0 \u00e9taler \u00e0 la cuill\u00e8re.<\/p>\n","protected":false},"excerpt":{"rendered":"<p>Le Nduja est une exp\u00e9rience puissante, le salami le plus symbolique de la r\u00e9gion calabraise, r\u00e9put\u00e9e pour ses piments et ses recettes savoureuses. Il est obtenu \u00e0 partir de la poitrine, de l&rsquo;\u00e9paule et de la joue du porc, avec l&rsquo;ajout d&rsquo;une grande quantit\u00e9 de piments et d&rsquo;\u00e9pices. Le tout est hach\u00e9, m\u00e9lang\u00e9, affin\u00e9 et [&hellip;]<\/p>\n","protected":false},"featured_media":4097,"template":"","meta":{"_acf_changed":false},"product_brand":[],"product_cat":[101],"product_tag":[],"class_list":{"0":"post-2058","1":"product","2":"type-product","3":"status-publish","4":"has-post-thumbnail","6":"product_cat-charcuterie-fr","8":"first","9":"instock","10":"taxable","11":"shipping-taxable","12":"purchasable","13":"product-type-simple"},"bundled_by":[],"bundle_stock_status":"instock","bundle_stock_quantity":4,"bundle_virtual":false,"bundle_layout":"","bundle_add_to_cart_form_location":"","bundle_editable_in_cart":false,"bundle_sold_individually_context":"","bundle_item_grouping":"","bundle_min_size":"","bundle_max_size":"","bundled_items":[],"bundle_sell_ids":[],"acf":[],"yoast_head":"<!-- This site is optimized with the Yoast SEO plugin v25.4 - https:\/\/yoast.com\/wordpress\/plugins\/seo\/ -->\n<title>&#039;Nduja Calabraise, salami \u00e9pic\u00e9 \u00e0 tartiner - Gourmetto<\/title>\n<meta name=\"robots\" content=\"index, follow, max-snippet:-1, max-image-preview:large, max-video-preview:-1\" \/>\n<link rel=\"canonical\" href=\"https:\/\/gourmetto.lu\/fr\/produit\/nduja\/\" \/>\n<meta property=\"og:locale\" content=\"fr_FR\" \/>\n<meta property=\"og:type\" content=\"article\" \/>\n<meta property=\"og:title\" content=\"&#039;Nduja Calabraise, salami \u00e9pic\u00e9 \u00e0 tartiner - Gourmetto\" \/>\n<meta property=\"og:description\" content=\"Le Nduja est une exp\u00e9rience puissante, le salami le plus symbolique de la r\u00e9gion calabraise, r\u00e9put\u00e9e pour ses piments et ses recettes savoureuses. Il est obtenu \u00e0 partir de la poitrine, de l&rsquo;\u00e9paule et de la joue du porc, avec l&rsquo;ajout d&rsquo;une grande quantit\u00e9 de piments et d&rsquo;\u00e9pices. Le tout est hach\u00e9, m\u00e9lang\u00e9, affin\u00e9 et [&hellip;]\" \/>\n<meta property=\"og:url\" content=\"https:\/\/gourmetto.lu\/fr\/produit\/nduja\/\" \/>\n<meta property=\"og:site_name\" content=\"Gourmetto\" \/>\n<meta property=\"article:modified_time\" content=\"2025-11-13T16:31:39+00:00\" \/>\n<meta property=\"og:image\" content=\"https:\/\/gourmetto.lu\/wp-content\/uploads\/2022\/10\/PXL_20240406_140113727.PORTRAIT-scaled.jpg\" \/>\n\t<meta property=\"og:image:width\" content=\"2560\" \/>\n\t<meta property=\"og:image:height\" content=\"2560\" \/>\n\t<meta property=\"og:image:type\" content=\"image\/jpeg\" \/>\n<meta name=\"twitter:card\" content=\"summary_large_image\" \/>\n<meta name=\"twitter:label1\" content=\"Dur\u00e9e de lecture estim\u00e9e\" \/>\n\t<meta name=\"twitter:data1\" content=\"1 minute\" \/>\n<script type=\"application\/ld+json\" class=\"yoast-schema-graph\">{\"@context\":\"https:\/\/schema.org\",\"@graph\":[{\"@type\":\"WebPage\",\"@id\":\"https:\/\/gourmetto.lu\/fr\/produit\/nduja\/\",\"url\":\"https:\/\/gourmetto.lu\/fr\/produit\/nduja\/\",\"name\":\"'Nduja Calabraise, salami \u00e9pic\u00e9 \u00e0 tartiner - Gourmetto\",\"isPartOf\":{\"@id\":\"https:\/\/gourmetto.lu\/fr\/#website\"},\"primaryImageOfPage\":{\"@id\":\"https:\/\/gourmetto.lu\/fr\/produit\/nduja\/#primaryimage\"},\"image\":{\"@id\":\"https:\/\/gourmetto.lu\/fr\/produit\/nduja\/#primaryimage\"},\"thumbnailUrl\":\"https:\/\/gourmetto.lu\/wp-content\/uploads\/2022\/10\/PXL_20240406_140113727.PORTRAIT-scaled.jpg\",\"datePublished\":\"2022-10-31T10:04:39+00:00\",\"dateModified\":\"2025-11-13T16:31:39+00:00\",\"breadcrumb\":{\"@id\":\"https:\/\/gourmetto.lu\/fr\/produit\/nduja\/#breadcrumb\"},\"inLanguage\":\"fr-FR\",\"potentialAction\":[{\"@type\":\"ReadAction\",\"target\":[\"https:\/\/gourmetto.lu\/fr\/produit\/nduja\/\"]}]},{\"@type\":\"ImageObject\",\"inLanguage\":\"fr-FR\",\"@id\":\"https:\/\/gourmetto.lu\/fr\/produit\/nduja\/#primaryimage\",\"url\":\"https:\/\/gourmetto.lu\/wp-content\/uploads\/2022\/10\/PXL_20240406_140113727.PORTRAIT-scaled.jpg\",\"contentUrl\":\"https:\/\/gourmetto.lu\/wp-content\/uploads\/2022\/10\/PXL_20240406_140113727.PORTRAIT-scaled.jpg\",\"width\":2560,\"height\":2560},{\"@type\":\"BreadcrumbList\",\"@id\":\"https:\/\/gourmetto.lu\/fr\/produit\/nduja\/#breadcrumb\",\"itemListElement\":[{\"@type\":\"ListItem\",\"position\":1,\"name\":\"Home\",\"item\":\"https:\/\/gourmetto.lu\/fr\/\"},{\"@type\":\"ListItem\",\"position\":2,\"name\":\"Boutique\",\"item\":\"https:\/\/gourmetto.lu\/shop\/\"},{\"@type\":\"ListItem\",\"position\":3,\"name\":\"&#8216;Nduja Calabraise, salami \u00e9pic\u00e9 \u00e0 tartiner\"}]},{\"@type\":\"WebSite\",\"@id\":\"https:\/\/gourmetto.lu\/fr\/#website\",\"url\":\"https:\/\/gourmetto.lu\/fr\/\",\"name\":\"Gourmetto\",\"description\":\"\",\"potentialAction\":[{\"@type\":\"SearchAction\",\"target\":{\"@type\":\"EntryPoint\",\"urlTemplate\":\"https:\/\/gourmetto.lu\/fr\/?s={search_term_string}\"},\"query-input\":{\"@type\":\"PropertyValueSpecification\",\"valueRequired\":true,\"valueName\":\"search_term_string\"}}],\"inLanguage\":\"fr-FR\"}]}<\/script>\n<!-- \/ Yoast SEO plugin. -->","yoast_head_json":{"title":"'Nduja Calabraise, salami \u00e9pic\u00e9 \u00e0 tartiner - Gourmetto","robots":{"index":"index","follow":"follow","max-snippet":"max-snippet:-1","max-image-preview":"max-image-preview:large","max-video-preview":"max-video-preview:-1"},"canonical":"https:\/\/gourmetto.lu\/fr\/produit\/nduja\/","og_locale":"fr_FR","og_type":"article","og_title":"'Nduja Calabraise, salami \u00e9pic\u00e9 \u00e0 tartiner - Gourmetto","og_description":"Le Nduja est une exp\u00e9rience puissante, le salami le plus symbolique de la r\u00e9gion calabraise, r\u00e9put\u00e9e pour ses piments et ses recettes savoureuses. Il est obtenu \u00e0 partir de la poitrine, de l&rsquo;\u00e9paule et de la joue du porc, avec l&rsquo;ajout d&rsquo;une grande quantit\u00e9 de piments et d&rsquo;\u00e9pices. Le tout est hach\u00e9, m\u00e9lang\u00e9, affin\u00e9 et [&hellip;]","og_url":"https:\/\/gourmetto.lu\/fr\/produit\/nduja\/","og_site_name":"Gourmetto","article_modified_time":"2025-11-13T16:31:39+00:00","og_image":[{"width":2560,"height":2560,"url":"https:\/\/gourmetto.lu\/wp-content\/uploads\/2022\/10\/PXL_20240406_140113727.PORTRAIT-scaled.jpg","type":"image\/jpeg"}],"twitter_card":"summary_large_image","twitter_misc":{"Dur\u00e9e de lecture estim\u00e9e":"1 minute"},"schema":{"@context":"https:\/\/schema.org","@graph":[{"@type":"WebPage","@id":"https:\/\/gourmetto.lu\/fr\/produit\/nduja\/","url":"https:\/\/gourmetto.lu\/fr\/produit\/nduja\/","name":"'Nduja Calabraise, salami \u00e9pic\u00e9 \u00e0 tartiner - Gourmetto","isPartOf":{"@id":"https:\/\/gourmetto.lu\/fr\/#website"},"primaryImageOfPage":{"@id":"https:\/\/gourmetto.lu\/fr\/produit\/nduja\/#primaryimage"},"image":{"@id":"https:\/\/gourmetto.lu\/fr\/produit\/nduja\/#primaryimage"},"thumbnailUrl":"https:\/\/gourmetto.lu\/wp-content\/uploads\/2022\/10\/PXL_20240406_140113727.PORTRAIT-scaled.jpg","datePublished":"2022-10-31T10:04:39+00:00","dateModified":"2025-11-13T16:31:39+00:00","breadcrumb":{"@id":"https:\/\/gourmetto.lu\/fr\/produit\/nduja\/#breadcrumb"},"inLanguage":"fr-FR","potentialAction":[{"@type":"ReadAction","target":["https:\/\/gourmetto.lu\/fr\/produit\/nduja\/"]}]},{"@type":"ImageObject","inLanguage":"fr-FR","@id":"https:\/\/gourmetto.lu\/fr\/produit\/nduja\/#primaryimage","url":"https:\/\/gourmetto.lu\/wp-content\/uploads\/2022\/10\/PXL_20240406_140113727.PORTRAIT-scaled.jpg","contentUrl":"https:\/\/gourmetto.lu\/wp-content\/uploads\/2022\/10\/PXL_20240406_140113727.PORTRAIT-scaled.jpg","width":2560,"height":2560},{"@type":"BreadcrumbList","@id":"https:\/\/gourmetto.lu\/fr\/produit\/nduja\/#breadcrumb","itemListElement":[{"@type":"ListItem","position":1,"name":"Home","item":"https:\/\/gourmetto.lu\/fr\/"},{"@type":"ListItem","position":2,"name":"Boutique","item":"https:\/\/gourmetto.lu\/shop\/"},{"@type":"ListItem","position":3,"name":"&#8216;Nduja Calabraise, salami \u00e9pic\u00e9 \u00e0 tartiner"}]},{"@type":"WebSite","@id":"https:\/\/gourmetto.lu\/fr\/#website","url":"https:\/\/gourmetto.lu\/fr\/","name":"Gourmetto","description":"","potentialAction":[{"@type":"SearchAction","target":{"@type":"EntryPoint","urlTemplate":"https:\/\/gourmetto.lu\/fr\/?s={search_term_string}"},"query-input":{"@type":"PropertyValueSpecification","valueRequired":true,"valueName":"search_term_string"}}],"inLanguage":"fr-FR"}]}},"jetpack_sharing_enabled":true,"_links":{"self":[{"href":"https:\/\/gourmetto.lu\/fr\/wp-json\/wp\/v2\/product\/2058","targetHints":{"allow":["GET"]}}],"collection":[{"href":"https:\/\/gourmetto.lu\/fr\/wp-json\/wp\/v2\/product"}],"about":[{"href":"https:\/\/gourmetto.lu\/fr\/wp-json\/wp\/v2\/types\/product"}],"wp:featuredmedia":[{"embeddable":true,"href":"https:\/\/gourmetto.lu\/fr\/wp-json\/wp\/v2\/media\/4097"}],"wp:attachment":[{"href":"https:\/\/gourmetto.lu\/fr\/wp-json\/wp\/v2\/media?parent=2058"}],"wp:term":[{"taxonomy":"product_brand","embeddable":true,"href":"https:\/\/gourmetto.lu\/fr\/wp-json\/wp\/v2\/product_brand?post=2058"},{"taxonomy":"product_cat","embeddable":true,"href":"https:\/\/gourmetto.lu\/fr\/wp-json\/wp\/v2\/product_cat?post=2058"},{"taxonomy":"product_tag","embeddable":true,"href":"https:\/\/gourmetto.lu\/fr\/wp-json\/wp\/v2\/product_tag?post=2058"}],"curies":[{"name":"wp","href":"https:\/\/api.w.org\/{rel}","templated":true}]}}