{"id":2061,"date":"2022-10-31T10:35:30","date_gmt":"2022-10-31T09:35:30","guid":{"rendered":"https:\/\/beta.gourmetto.lu\/product\/filoroolio\/"},"modified":"2026-02-12T16:31:29","modified_gmt":"2026-02-12T15:31:29","slug":"filoroolio","status":"publish","type":"product","link":"https:\/\/gourmetto.lu\/fr\/produit\/filoroolio\/","title":{"rendered":"BIO* \u00ab\u00a0Filoro\u00a0\u00bb Huile d&rsquo;olive extra vierge &#8211; Bouteille 0.5L"},"content":{"rendered":"<p>Huile d&rsquo;olive extra vierge biologique, produit par la technique traditionnelle de pression \u00e0 froid, fait par l&rsquo;\u00e9quipe d&rsquo;experts de nos fermes biologiques siciliennes pr\u00e9f\u00e9r\u00e9es de Pina Salemi.<\/p>\n","protected":false},"excerpt":{"rendered":"<p>Huile d&rsquo;olive extra vierge biologique, produit par la technique traditionnelle de pression \u00e0 froid, fait par l&rsquo;\u00e9quipe d&rsquo;experts de nos fermes biologiques siciliennes pr\u00e9f\u00e9r\u00e9es de Pina Salemi.<\/p>\n","protected":false},"featured_media":5178,"template":"","meta":{"_acf_changed":false},"product_brand":[],"product_cat":[110,119],"product_tag":[],"class_list":{"0":"post-2061","1":"product","2":"type-product","3":"status-publish","4":"has-post-thumbnail","6":"product_cat-assaisonnements-fr","7":"product_cat-biologique-fr","8":"pa_producers-salemipina-fr","10":"first","11":"instock","12":"taxable","13":"shipping-taxable","14":"purchasable","15":"product-type-simple"},"bundled_by":[],"bundle_stock_status":"instock","bundle_stock_quantity":10,"bundle_virtual":false,"bundle_layout":"","bundle_add_to_cart_form_location":"","bundle_editable_in_cart":false,"bundle_sold_individually_context":"","bundle_item_grouping":"","bundle_min_size":"","bundle_max_size":"","bundled_items":[],"bundle_sell_ids":[],"acf":[],"yoast_head":"<!-- This site is optimized with the Yoast SEO plugin v25.4 - https:\/\/yoast.com\/wordpress\/plugins\/seo\/ -->\n<title>BIO* &quot;Filoro&quot; Huile d&#039;olive extra vierge - Bouteille 0.5L - Gourmetto<\/title>\n<meta name=\"robots\" content=\"index, follow, max-snippet:-1, max-image-preview:large, max-video-preview:-1\" \/>\n<link rel=\"canonical\" href=\"https:\/\/gourmetto.lu\/fr\/produit\/filoroolio\/\" \/>\n<meta property=\"og:locale\" content=\"fr_FR\" \/>\n<meta property=\"og:type\" content=\"article\" \/>\n<meta property=\"og:title\" content=\"BIO* &quot;Filoro&quot; Huile d&#039;olive extra vierge - Bouteille 0.5L - Gourmetto\" \/>\n<meta property=\"og:description\" content=\"Huile d&rsquo;olive extra vierge biologique, produit par la technique traditionnelle de pression \u00e0 froid, fait par l&rsquo;\u00e9quipe d&rsquo;experts de nos fermes biologiques siciliennes pr\u00e9f\u00e9r\u00e9es de Pina Salemi.\" \/>\n<meta property=\"og:url\" content=\"https:\/\/gourmetto.lu\/fr\/produit\/filoroolio\/\" \/>\n<meta property=\"og:site_name\" content=\"Gourmetto\" \/>\n<meta property=\"article:modified_time\" content=\"2026-02-12T15:31:29+00:00\" \/>\n<meta property=\"og:image\" content=\"https:\/\/gourmetto.lu\/wp-content\/uploads\/2022\/10\/IMG20250422100756.jpg\" \/>\n\t<meta property=\"og:image:width\" content=\"1987\" \/>\n\t<meta property=\"og:image:height\" content=\"1987\" \/>\n\t<meta property=\"og:image:type\" content=\"image\/jpeg\" \/>\n<meta name=\"twitter:card\" content=\"summary_large_image\" \/>\n<meta name=\"twitter:label1\" content=\"Dur\u00e9e de lecture estim\u00e9e\" \/>\n\t<meta name=\"twitter:data1\" content=\"1 minute\" \/>\n<script type=\"application\/ld+json\" class=\"yoast-schema-graph\">{\"@context\":\"https:\/\/schema.org\",\"@graph\":[{\"@type\":\"WebPage\",\"@id\":\"https:\/\/gourmetto.lu\/fr\/produit\/filoroolio\/\",\"url\":\"https:\/\/gourmetto.lu\/fr\/produit\/filoroolio\/\",\"name\":\"BIO* \\\"Filoro\\\" Huile d'olive extra vierge - Bouteille 0.5L - Gourmetto\",\"isPartOf\":{\"@id\":\"https:\/\/gourmetto.lu\/fr\/#website\"},\"primaryImageOfPage\":{\"@id\":\"https:\/\/gourmetto.lu\/fr\/produit\/filoroolio\/#primaryimage\"},\"image\":{\"@id\":\"https:\/\/gourmetto.lu\/fr\/produit\/filoroolio\/#primaryimage\"},\"thumbnailUrl\":\"https:\/\/gourmetto.lu\/wp-content\/uploads\/2022\/10\/IMG20250422100756.jpg\",\"datePublished\":\"2022-10-31T09:35:30+00:00\",\"dateModified\":\"2026-02-12T15:31:29+00:00\",\"breadcrumb\":{\"@id\":\"https:\/\/gourmetto.lu\/fr\/produit\/filoroolio\/#breadcrumb\"},\"inLanguage\":\"fr-FR\",\"potentialAction\":[{\"@type\":\"ReadAction\",\"target\":[\"https:\/\/gourmetto.lu\/fr\/produit\/filoroolio\/\"]}]},{\"@type\":\"ImageObject\",\"inLanguage\":\"fr-FR\",\"@id\":\"https:\/\/gourmetto.lu\/fr\/produit\/filoroolio\/#primaryimage\",\"url\":\"https:\/\/gourmetto.lu\/wp-content\/uploads\/2022\/10\/IMG20250422100756.jpg\",\"contentUrl\":\"https:\/\/gourmetto.lu\/wp-content\/uploads\/2022\/10\/IMG20250422100756.jpg\",\"width\":1987,\"height\":1987},{\"@type\":\"BreadcrumbList\",\"@id\":\"https:\/\/gourmetto.lu\/fr\/produit\/filoroolio\/#breadcrumb\",\"itemListElement\":[{\"@type\":\"ListItem\",\"position\":1,\"name\":\"Home\",\"item\":\"https:\/\/gourmetto.lu\/fr\/\"},{\"@type\":\"ListItem\",\"position\":2,\"name\":\"Boutique\",\"item\":\"https:\/\/gourmetto.lu\/shop\/\"},{\"@type\":\"ListItem\",\"position\":3,\"name\":\"BIO* &#8220;Filoro&#8221; Huile d&#8217;olive extra vierge &#8211; Bouteille 0.5L\"}]},{\"@type\":\"WebSite\",\"@id\":\"https:\/\/gourmetto.lu\/fr\/#website\",\"url\":\"https:\/\/gourmetto.lu\/fr\/\",\"name\":\"Gourmetto\",\"description\":\"\",\"potentialAction\":[{\"@type\":\"SearchAction\",\"target\":{\"@type\":\"EntryPoint\",\"urlTemplate\":\"https:\/\/gourmetto.lu\/fr\/?s={search_term_string}\"},\"query-input\":{\"@type\":\"PropertyValueSpecification\",\"valueRequired\":true,\"valueName\":\"search_term_string\"}}],\"inLanguage\":\"fr-FR\"}]}<\/script>\n<!-- \/ Yoast SEO plugin. -->","yoast_head_json":{"title":"BIO* \"Filoro\" Huile d'olive extra vierge - Bouteille 0.5L - Gourmetto","robots":{"index":"index","follow":"follow","max-snippet":"max-snippet:-1","max-image-preview":"max-image-preview:large","max-video-preview":"max-video-preview:-1"},"canonical":"https:\/\/gourmetto.lu\/fr\/produit\/filoroolio\/","og_locale":"fr_FR","og_type":"article","og_title":"BIO* \"Filoro\" Huile d'olive extra vierge - Bouteille 0.5L - Gourmetto","og_description":"Huile d&rsquo;olive extra vierge biologique, produit par la technique traditionnelle de pression \u00e0 froid, fait par l&rsquo;\u00e9quipe d&rsquo;experts de nos fermes biologiques siciliennes pr\u00e9f\u00e9r\u00e9es de Pina Salemi.","og_url":"https:\/\/gourmetto.lu\/fr\/produit\/filoroolio\/","og_site_name":"Gourmetto","article_modified_time":"2026-02-12T15:31:29+00:00","og_image":[{"width":1987,"height":1987,"url":"https:\/\/gourmetto.lu\/wp-content\/uploads\/2022\/10\/IMG20250422100756.jpg","type":"image\/jpeg"}],"twitter_card":"summary_large_image","twitter_misc":{"Dur\u00e9e de lecture estim\u00e9e":"1 minute"},"schema":{"@context":"https:\/\/schema.org","@graph":[{"@type":"WebPage","@id":"https:\/\/gourmetto.lu\/fr\/produit\/filoroolio\/","url":"https:\/\/gourmetto.lu\/fr\/produit\/filoroolio\/","name":"BIO* \"Filoro\" Huile d'olive extra vierge - Bouteille 0.5L - Gourmetto","isPartOf":{"@id":"https:\/\/gourmetto.lu\/fr\/#website"},"primaryImageOfPage":{"@id":"https:\/\/gourmetto.lu\/fr\/produit\/filoroolio\/#primaryimage"},"image":{"@id":"https:\/\/gourmetto.lu\/fr\/produit\/filoroolio\/#primaryimage"},"thumbnailUrl":"https:\/\/gourmetto.lu\/wp-content\/uploads\/2022\/10\/IMG20250422100756.jpg","datePublished":"2022-10-31T09:35:30+00:00","dateModified":"2026-02-12T15:31:29+00:00","breadcrumb":{"@id":"https:\/\/gourmetto.lu\/fr\/produit\/filoroolio\/#breadcrumb"},"inLanguage":"fr-FR","potentialAction":[{"@type":"ReadAction","target":["https:\/\/gourmetto.lu\/fr\/produit\/filoroolio\/"]}]},{"@type":"ImageObject","inLanguage":"fr-FR","@id":"https:\/\/gourmetto.lu\/fr\/produit\/filoroolio\/#primaryimage","url":"https:\/\/gourmetto.lu\/wp-content\/uploads\/2022\/10\/IMG20250422100756.jpg","contentUrl":"https:\/\/gourmetto.lu\/wp-content\/uploads\/2022\/10\/IMG20250422100756.jpg","width":1987,"height":1987},{"@type":"BreadcrumbList","@id":"https:\/\/gourmetto.lu\/fr\/produit\/filoroolio\/#breadcrumb","itemListElement":[{"@type":"ListItem","position":1,"name":"Home","item":"https:\/\/gourmetto.lu\/fr\/"},{"@type":"ListItem","position":2,"name":"Boutique","item":"https:\/\/gourmetto.lu\/shop\/"},{"@type":"ListItem","position":3,"name":"BIO* &#8220;Filoro&#8221; Huile d&#8217;olive extra vierge &#8211; Bouteille 0.5L"}]},{"@type":"WebSite","@id":"https:\/\/gourmetto.lu\/fr\/#website","url":"https:\/\/gourmetto.lu\/fr\/","name":"Gourmetto","description":"","potentialAction":[{"@type":"SearchAction","target":{"@type":"EntryPoint","urlTemplate":"https:\/\/gourmetto.lu\/fr\/?s={search_term_string}"},"query-input":{"@type":"PropertyValueSpecification","valueRequired":true,"valueName":"search_term_string"}}],"inLanguage":"fr-FR"}]}},"jetpack_sharing_enabled":true,"_links":{"self":[{"href":"https:\/\/gourmetto.lu\/fr\/wp-json\/wp\/v2\/product\/2061","targetHints":{"allow":["GET"]}}],"collection":[{"href":"https:\/\/gourmetto.lu\/fr\/wp-json\/wp\/v2\/product"}],"about":[{"href":"https:\/\/gourmetto.lu\/fr\/wp-json\/wp\/v2\/types\/product"}],"wp:featuredmedia":[{"embeddable":true,"href":"https:\/\/gourmetto.lu\/fr\/wp-json\/wp\/v2\/media\/5178"}],"wp:attachment":[{"href":"https:\/\/gourmetto.lu\/fr\/wp-json\/wp\/v2\/media?parent=2061"}],"wp:term":[{"taxonomy":"product_brand","embeddable":true,"href":"https:\/\/gourmetto.lu\/fr\/wp-json\/wp\/v2\/product_brand?post=2061"},{"taxonomy":"product_cat","embeddable":true,"href":"https:\/\/gourmetto.lu\/fr\/wp-json\/wp\/v2\/product_cat?post=2061"},{"taxonomy":"product_tag","embeddable":true,"href":"https:\/\/gourmetto.lu\/fr\/wp-json\/wp\/v2\/product_tag?post=2061"}],"curies":[{"name":"wp","href":"https:\/\/api.w.org\/{rel}","templated":true}]}}