{"id":2063,"date":"2022-10-31T10:30:15","date_gmt":"2022-10-31T09:30:15","guid":{"rendered":"https:\/\/beta.gourmetto.lu\/product\/balsamico12anni\/"},"modified":"2026-02-13T12:12:43","modified_gmt":"2026-02-13T11:12:43","slug":"balsamico12anni","status":"publish","type":"product","link":"https:\/\/gourmetto.lu\/fr\/produit\/balsamico12anni\/","title":{"rendered":"Vinaigre balsamique de Modena IGP 12 ans"},"content":{"rendered":"<p>Le vinaigre balsamique de Modena IGP se distingue du vinaigre de vin par la composition \u00e9quilibr\u00e9e de ses \u00e9l\u00e9ments constitutifs. Le cahier des charges de l&rsquo;IGP pr\u00e9voit que les raisins cuits ou concentr\u00e9s doivent provenir uniquement de sept vari\u00e9t\u00e9s, toutes typiques de la r\u00e9gion de Mod\u00e8ne et de Reggio Emilia : Lambrusco, Trebbiano, Sangiovese, Albana, Ancellotta, Fortana et Montuni.<\/p>\n<p>Ce vinaigre poss\u00e8de six m\u00e9dailles : une pour tous les deux ans de vieillissement, ce qui en fait un vinaigre de 12 ans. Un vinaigre vieilli se distingue des jeunes vinaigres par sa consistance plus dense et son go\u00fbt plus doux. Ces caract\u00e9ristiques sont obtenues gr\u00e2ce au processus de vieillissement naturel qui a lieu dans des f\u00fbts de bois fin.<\/p>\n","protected":false},"excerpt":{"rendered":"<p>Le vinaigre balsamique de Modena IGP se distingue du vinaigre de vin par la composition \u00e9quilibr\u00e9e de ses \u00e9l\u00e9ments constitutifs. Le cahier des charges de l&rsquo;IGP pr\u00e9voit que les raisins cuits ou concentr\u00e9s doivent provenir uniquement de sept vari\u00e9t\u00e9s, toutes typiques de la r\u00e9gion de Mod\u00e8ne et de Reggio Emilia : Lambrusco, Trebbiano, Sangiovese, Albana, [&hellip;]<\/p>\n","protected":false},"featured_media":1193,"template":"","meta":{"_acf_changed":false},"product_brand":[],"product_cat":[110],"product_tag":[],"class_list":{"0":"post-2063","1":"product","2":"type-product","3":"status-publish","4":"has-post-thumbnail","6":"product_cat-assaisonnements-fr","7":"pa_producers-cantarelli-dal-1876-fr","9":"first","10":"instock","11":"taxable","12":"shipping-taxable","13":"purchasable","14":"product-type-simple"},"bundled_by":[],"bundle_stock_status":"instock","bundle_stock_quantity":1,"bundle_virtual":false,"bundle_layout":"","bundle_add_to_cart_form_location":"","bundle_editable_in_cart":false,"bundle_sold_individually_context":"","bundle_item_grouping":"","bundle_min_size":"","bundle_max_size":"","bundled_items":[],"bundle_sell_ids":[],"acf":[],"yoast_head":"<!-- This site is optimized with the Yoast SEO plugin v25.4 - https:\/\/yoast.com\/wordpress\/plugins\/seo\/ -->\n<title>Vinaigre balsamique de Modena IGP 12 ans - Gourmetto<\/title>\n<meta name=\"robots\" content=\"index, follow, max-snippet:-1, max-image-preview:large, max-video-preview:-1\" \/>\n<link rel=\"canonical\" href=\"https:\/\/gourmetto.lu\/fr\/produit\/balsamico12anni\/\" \/>\n<meta property=\"og:locale\" content=\"fr_FR\" \/>\n<meta property=\"og:type\" content=\"article\" \/>\n<meta property=\"og:title\" content=\"Vinaigre balsamique de Modena IGP 12 ans - Gourmetto\" \/>\n<meta property=\"og:description\" content=\"Le vinaigre balsamique de Modena IGP se distingue du vinaigre de vin par la composition \u00e9quilibr\u00e9e de ses \u00e9l\u00e9ments constitutifs. Le cahier des charges de l&rsquo;IGP pr\u00e9voit que les raisins cuits ou concentr\u00e9s doivent provenir uniquement de sept vari\u00e9t\u00e9s, toutes typiques de la r\u00e9gion de Mod\u00e8ne et de Reggio Emilia : Lambrusco, Trebbiano, Sangiovese, Albana, [&hellip;]\" \/>\n<meta property=\"og:url\" content=\"https:\/\/gourmetto.lu\/fr\/produit\/balsamico12anni\/\" \/>\n<meta property=\"og:site_name\" content=\"Gourmetto\" \/>\n<meta property=\"article:modified_time\" content=\"2026-02-13T11:12:43+00:00\" \/>\n<meta property=\"og:image\" content=\"https:\/\/gourmetto.lu\/wp-content\/uploads\/2022\/10\/DSC_1201-scaled.jpg\" \/>\n\t<meta property=\"og:image:width\" content=\"2442\" \/>\n\t<meta property=\"og:image:height\" content=\"2560\" \/>\n\t<meta property=\"og:image:type\" content=\"image\/jpeg\" \/>\n<meta name=\"twitter:card\" content=\"summary_large_image\" \/>\n<meta name=\"twitter:label1\" content=\"Dur\u00e9e de lecture estim\u00e9e\" \/>\n\t<meta name=\"twitter:data1\" content=\"1 minute\" \/>\n<script type=\"application\/ld+json\" class=\"yoast-schema-graph\">{\"@context\":\"https:\/\/schema.org\",\"@graph\":[{\"@type\":\"WebPage\",\"@id\":\"https:\/\/gourmetto.lu\/fr\/produit\/balsamico12anni\/\",\"url\":\"https:\/\/gourmetto.lu\/fr\/produit\/balsamico12anni\/\",\"name\":\"Vinaigre balsamique de Modena IGP 12 ans - Gourmetto\",\"isPartOf\":{\"@id\":\"https:\/\/gourmetto.lu\/fr\/#website\"},\"primaryImageOfPage\":{\"@id\":\"https:\/\/gourmetto.lu\/fr\/produit\/balsamico12anni\/#primaryimage\"},\"image\":{\"@id\":\"https:\/\/gourmetto.lu\/fr\/produit\/balsamico12anni\/#primaryimage\"},\"thumbnailUrl\":\"https:\/\/gourmetto.lu\/wp-content\/uploads\/2022\/10\/DSC_1201-scaled.jpg\",\"datePublished\":\"2022-10-31T09:30:15+00:00\",\"dateModified\":\"2026-02-13T11:12:43+00:00\",\"breadcrumb\":{\"@id\":\"https:\/\/gourmetto.lu\/fr\/produit\/balsamico12anni\/#breadcrumb\"},\"inLanguage\":\"fr-FR\",\"potentialAction\":[{\"@type\":\"ReadAction\",\"target\":[\"https:\/\/gourmetto.lu\/fr\/produit\/balsamico12anni\/\"]}]},{\"@type\":\"ImageObject\",\"inLanguage\":\"fr-FR\",\"@id\":\"https:\/\/gourmetto.lu\/fr\/produit\/balsamico12anni\/#primaryimage\",\"url\":\"https:\/\/gourmetto.lu\/wp-content\/uploads\/2022\/10\/DSC_1201-scaled.jpg\",\"contentUrl\":\"https:\/\/gourmetto.lu\/wp-content\/uploads\/2022\/10\/DSC_1201-scaled.jpg\",\"width\":2442,\"height\":2560},{\"@type\":\"BreadcrumbList\",\"@id\":\"https:\/\/gourmetto.lu\/fr\/produit\/balsamico12anni\/#breadcrumb\",\"itemListElement\":[{\"@type\":\"ListItem\",\"position\":1,\"name\":\"Home\",\"item\":\"https:\/\/gourmetto.lu\/fr\/\"},{\"@type\":\"ListItem\",\"position\":2,\"name\":\"Boutique\",\"item\":\"https:\/\/gourmetto.lu\/shop\/\"},{\"@type\":\"ListItem\",\"position\":3,\"name\":\"Vinaigre balsamique de Modena IGP 12 ans\"}]},{\"@type\":\"WebSite\",\"@id\":\"https:\/\/gourmetto.lu\/fr\/#website\",\"url\":\"https:\/\/gourmetto.lu\/fr\/\",\"name\":\"Gourmetto\",\"description\":\"\",\"potentialAction\":[{\"@type\":\"SearchAction\",\"target\":{\"@type\":\"EntryPoint\",\"urlTemplate\":\"https:\/\/gourmetto.lu\/fr\/?s={search_term_string}\"},\"query-input\":{\"@type\":\"PropertyValueSpecification\",\"valueRequired\":true,\"valueName\":\"search_term_string\"}}],\"inLanguage\":\"fr-FR\"}]}<\/script>\n<!-- \/ Yoast SEO plugin. -->","yoast_head_json":{"title":"Vinaigre balsamique de Modena IGP 12 ans - Gourmetto","robots":{"index":"index","follow":"follow","max-snippet":"max-snippet:-1","max-image-preview":"max-image-preview:large","max-video-preview":"max-video-preview:-1"},"canonical":"https:\/\/gourmetto.lu\/fr\/produit\/balsamico12anni\/","og_locale":"fr_FR","og_type":"article","og_title":"Vinaigre balsamique de Modena IGP 12 ans - Gourmetto","og_description":"Le vinaigre balsamique de Modena IGP se distingue du vinaigre de vin par la composition \u00e9quilibr\u00e9e de ses \u00e9l\u00e9ments constitutifs. Le cahier des charges de l&rsquo;IGP pr\u00e9voit que les raisins cuits ou concentr\u00e9s doivent provenir uniquement de sept vari\u00e9t\u00e9s, toutes typiques de la r\u00e9gion de Mod\u00e8ne et de Reggio Emilia : Lambrusco, Trebbiano, Sangiovese, Albana, [&hellip;]","og_url":"https:\/\/gourmetto.lu\/fr\/produit\/balsamico12anni\/","og_site_name":"Gourmetto","article_modified_time":"2026-02-13T11:12:43+00:00","og_image":[{"width":2442,"height":2560,"url":"https:\/\/gourmetto.lu\/wp-content\/uploads\/2022\/10\/DSC_1201-scaled.jpg","type":"image\/jpeg"}],"twitter_card":"summary_large_image","twitter_misc":{"Dur\u00e9e de lecture estim\u00e9e":"1 minute"},"schema":{"@context":"https:\/\/schema.org","@graph":[{"@type":"WebPage","@id":"https:\/\/gourmetto.lu\/fr\/produit\/balsamico12anni\/","url":"https:\/\/gourmetto.lu\/fr\/produit\/balsamico12anni\/","name":"Vinaigre balsamique de Modena IGP 12 ans - Gourmetto","isPartOf":{"@id":"https:\/\/gourmetto.lu\/fr\/#website"},"primaryImageOfPage":{"@id":"https:\/\/gourmetto.lu\/fr\/produit\/balsamico12anni\/#primaryimage"},"image":{"@id":"https:\/\/gourmetto.lu\/fr\/produit\/balsamico12anni\/#primaryimage"},"thumbnailUrl":"https:\/\/gourmetto.lu\/wp-content\/uploads\/2022\/10\/DSC_1201-scaled.jpg","datePublished":"2022-10-31T09:30:15+00:00","dateModified":"2026-02-13T11:12:43+00:00","breadcrumb":{"@id":"https:\/\/gourmetto.lu\/fr\/produit\/balsamico12anni\/#breadcrumb"},"inLanguage":"fr-FR","potentialAction":[{"@type":"ReadAction","target":["https:\/\/gourmetto.lu\/fr\/produit\/balsamico12anni\/"]}]},{"@type":"ImageObject","inLanguage":"fr-FR","@id":"https:\/\/gourmetto.lu\/fr\/produit\/balsamico12anni\/#primaryimage","url":"https:\/\/gourmetto.lu\/wp-content\/uploads\/2022\/10\/DSC_1201-scaled.jpg","contentUrl":"https:\/\/gourmetto.lu\/wp-content\/uploads\/2022\/10\/DSC_1201-scaled.jpg","width":2442,"height":2560},{"@type":"BreadcrumbList","@id":"https:\/\/gourmetto.lu\/fr\/produit\/balsamico12anni\/#breadcrumb","itemListElement":[{"@type":"ListItem","position":1,"name":"Home","item":"https:\/\/gourmetto.lu\/fr\/"},{"@type":"ListItem","position":2,"name":"Boutique","item":"https:\/\/gourmetto.lu\/shop\/"},{"@type":"ListItem","position":3,"name":"Vinaigre balsamique de Modena IGP 12 ans"}]},{"@type":"WebSite","@id":"https:\/\/gourmetto.lu\/fr\/#website","url":"https:\/\/gourmetto.lu\/fr\/","name":"Gourmetto","description":"","potentialAction":[{"@type":"SearchAction","target":{"@type":"EntryPoint","urlTemplate":"https:\/\/gourmetto.lu\/fr\/?s={search_term_string}"},"query-input":{"@type":"PropertyValueSpecification","valueRequired":true,"valueName":"search_term_string"}}],"inLanguage":"fr-FR"}]}},"jetpack_sharing_enabled":true,"_links":{"self":[{"href":"https:\/\/gourmetto.lu\/fr\/wp-json\/wp\/v2\/product\/2063","targetHints":{"allow":["GET"]}}],"collection":[{"href":"https:\/\/gourmetto.lu\/fr\/wp-json\/wp\/v2\/product"}],"about":[{"href":"https:\/\/gourmetto.lu\/fr\/wp-json\/wp\/v2\/types\/product"}],"wp:featuredmedia":[{"embeddable":true,"href":"https:\/\/gourmetto.lu\/fr\/wp-json\/wp\/v2\/media\/1193"}],"wp:attachment":[{"href":"https:\/\/gourmetto.lu\/fr\/wp-json\/wp\/v2\/media?parent=2063"}],"wp:term":[{"taxonomy":"product_brand","embeddable":true,"href":"https:\/\/gourmetto.lu\/fr\/wp-json\/wp\/v2\/product_brand?post=2063"},{"taxonomy":"product_cat","embeddable":true,"href":"https:\/\/gourmetto.lu\/fr\/wp-json\/wp\/v2\/product_cat?post=2063"},{"taxonomy":"product_tag","embeddable":true,"href":"https:\/\/gourmetto.lu\/fr\/wp-json\/wp\/v2\/product_tag?post=2063"}],"curies":[{"name":"wp","href":"https:\/\/api.w.org\/{rel}","templated":true}]}}