{"id":2066,"date":"2022-10-31T10:29:59","date_gmt":"2022-10-31T09:29:59","guid":{"rendered":"https:\/\/beta.gourmetto.lu\/product\/balsamico6anni\/"},"modified":"2026-03-09T22:02:53","modified_gmt":"2026-03-09T21:02:53","slug":"balsamico6anni","status":"publish","type":"product","link":"https:\/\/gourmetto.lu\/fr\/produit\/balsamico6anni\/","title":{"rendered":"Vinaigre balsamique de Modena IGP 6 ans"},"content":{"rendered":"<p>Le vinaigre balsamique de Modena IGP se distingue du vinaigre de vin par la composition \u00e9quilibr\u00e9e de ses \u00e9l\u00e9ments constitutifs. Le cahier des charges de l&rsquo;IGP pr\u00e9voit que les raisins cuits ou concentr\u00e9s doivent provenir uniquement de sept vari\u00e9t\u00e9s, toutes typiques de la r\u00e9gion de Modena et de Reggio Emilia : Lambrusco, Trebbiano, Sangiovese, Albana, Ancellotta, Fortana et Montuni.<\/p>\n<p>Le vinaigre que nous vous pr\u00e9sentons poss\u00e8de trois m\u00e9dailles : une pour chaque deux ans de vieillissement, ce qui fait de celui-ci un vinaigre de 6 ans d&rsquo;\u00e2ge.<\/p>\n","protected":false},"excerpt":{"rendered":"<p>Le vinaigre balsamique de Modena IGP se distingue du vinaigre de vin par la composition \u00e9quilibr\u00e9e de ses \u00e9l\u00e9ments constitutifs. Le cahier des charges de l&rsquo;IGP pr\u00e9voit que les raisins cuits ou concentr\u00e9s doivent provenir uniquement de sept vari\u00e9t\u00e9s, toutes typiques de la r\u00e9gion de Modena et de Reggio Emilia : Lambrusco, Trebbiano, Sangiovese, Albana, [&hellip;]<\/p>\n","protected":false},"featured_media":1189,"template":"","meta":{"_acf_changed":false},"product_brand":[],"product_cat":[110],"product_tag":[],"class_list":{"0":"post-2066","1":"product","2":"type-product","3":"status-publish","4":"has-post-thumbnail","6":"product_cat-assaisonnements-fr","7":"pa_producers-cantarelli-dal-1876-fr","9":"first","10":"outofstock","11":"taxable","12":"shipping-taxable","13":"purchasable","14":"product-type-simple"},"bundled_by":[],"bundle_stock_status":"outofstock","bundle_stock_quantity":0,"bundle_virtual":false,"bundle_layout":"","bundle_add_to_cart_form_location":"","bundle_editable_in_cart":false,"bundle_sold_individually_context":"","bundle_item_grouping":"","bundle_min_size":"","bundle_max_size":"","bundled_items":[],"bundle_sell_ids":[],"acf":[],"yoast_head":"<!-- This site is optimized with the Yoast SEO plugin v25.4 - https:\/\/yoast.com\/wordpress\/plugins\/seo\/ -->\n<title>Vinaigre balsamique de Modena IGP 6 ans - Gourmetto<\/title>\n<meta name=\"robots\" content=\"index, follow, max-snippet:-1, max-image-preview:large, max-video-preview:-1\" \/>\n<link rel=\"canonical\" href=\"https:\/\/gourmetto.lu\/fr\/produit\/balsamico6anni\/\" \/>\n<meta property=\"og:locale\" content=\"fr_FR\" \/>\n<meta property=\"og:type\" content=\"article\" \/>\n<meta property=\"og:title\" content=\"Vinaigre balsamique de Modena IGP 6 ans - Gourmetto\" \/>\n<meta property=\"og:description\" content=\"Le vinaigre balsamique de Modena IGP se distingue du vinaigre de vin par la composition \u00e9quilibr\u00e9e de ses \u00e9l\u00e9ments constitutifs. Le cahier des charges de l&rsquo;IGP pr\u00e9voit que les raisins cuits ou concentr\u00e9s doivent provenir uniquement de sept vari\u00e9t\u00e9s, toutes typiques de la r\u00e9gion de Modena et de Reggio Emilia : Lambrusco, Trebbiano, Sangiovese, Albana, [&hellip;]\" \/>\n<meta property=\"og:url\" content=\"https:\/\/gourmetto.lu\/fr\/produit\/balsamico6anni\/\" \/>\n<meta property=\"og:site_name\" content=\"Gourmetto\" \/>\n<meta property=\"article:modified_time\" content=\"2026-03-09T21:02:53+00:00\" \/>\n<meta property=\"og:image\" content=\"https:\/\/gourmetto.lu\/wp-content\/uploads\/2022\/10\/DSC_1198-scaled.jpg\" \/>\n\t<meta property=\"og:image:width\" content=\"2486\" \/>\n\t<meta property=\"og:image:height\" content=\"2560\" \/>\n\t<meta property=\"og:image:type\" content=\"image\/jpeg\" \/>\n<meta name=\"twitter:card\" content=\"summary_large_image\" \/>\n<meta name=\"twitter:label1\" content=\"Dur\u00e9e de lecture estim\u00e9e\" \/>\n\t<meta name=\"twitter:data1\" content=\"1 minute\" \/>\n<script type=\"application\/ld+json\" class=\"yoast-schema-graph\">{\"@context\":\"https:\/\/schema.org\",\"@graph\":[{\"@type\":\"WebPage\",\"@id\":\"https:\/\/gourmetto.lu\/fr\/produit\/balsamico6anni\/\",\"url\":\"https:\/\/gourmetto.lu\/fr\/produit\/balsamico6anni\/\",\"name\":\"Vinaigre balsamique de Modena IGP 6 ans - Gourmetto\",\"isPartOf\":{\"@id\":\"https:\/\/gourmetto.lu\/fr\/#website\"},\"primaryImageOfPage\":{\"@id\":\"https:\/\/gourmetto.lu\/fr\/produit\/balsamico6anni\/#primaryimage\"},\"image\":{\"@id\":\"https:\/\/gourmetto.lu\/fr\/produit\/balsamico6anni\/#primaryimage\"},\"thumbnailUrl\":\"https:\/\/gourmetto.lu\/wp-content\/uploads\/2022\/10\/DSC_1198-scaled.jpg\",\"datePublished\":\"2022-10-31T09:29:59+00:00\",\"dateModified\":\"2026-03-09T21:02:53+00:00\",\"breadcrumb\":{\"@id\":\"https:\/\/gourmetto.lu\/fr\/produit\/balsamico6anni\/#breadcrumb\"},\"inLanguage\":\"fr-FR\",\"potentialAction\":[{\"@type\":\"ReadAction\",\"target\":[\"https:\/\/gourmetto.lu\/fr\/produit\/balsamico6anni\/\"]}]},{\"@type\":\"ImageObject\",\"inLanguage\":\"fr-FR\",\"@id\":\"https:\/\/gourmetto.lu\/fr\/produit\/balsamico6anni\/#primaryimage\",\"url\":\"https:\/\/gourmetto.lu\/wp-content\/uploads\/2022\/10\/DSC_1198-scaled.jpg\",\"contentUrl\":\"https:\/\/gourmetto.lu\/wp-content\/uploads\/2022\/10\/DSC_1198-scaled.jpg\",\"width\":2486,\"height\":2560},{\"@type\":\"BreadcrumbList\",\"@id\":\"https:\/\/gourmetto.lu\/fr\/produit\/balsamico6anni\/#breadcrumb\",\"itemListElement\":[{\"@type\":\"ListItem\",\"position\":1,\"name\":\"Home\",\"item\":\"https:\/\/gourmetto.lu\/fr\/\"},{\"@type\":\"ListItem\",\"position\":2,\"name\":\"Boutique\",\"item\":\"https:\/\/gourmetto.lu\/shop\/\"},{\"@type\":\"ListItem\",\"position\":3,\"name\":\"Vinaigre balsamique de Modena IGP 6 ans\"}]},{\"@type\":\"WebSite\",\"@id\":\"https:\/\/gourmetto.lu\/fr\/#website\",\"url\":\"https:\/\/gourmetto.lu\/fr\/\",\"name\":\"Gourmetto\",\"description\":\"\",\"potentialAction\":[{\"@type\":\"SearchAction\",\"target\":{\"@type\":\"EntryPoint\",\"urlTemplate\":\"https:\/\/gourmetto.lu\/fr\/?s={search_term_string}\"},\"query-input\":{\"@type\":\"PropertyValueSpecification\",\"valueRequired\":true,\"valueName\":\"search_term_string\"}}],\"inLanguage\":\"fr-FR\"}]}<\/script>\n<!-- \/ Yoast SEO plugin. -->","yoast_head_json":{"title":"Vinaigre balsamique de Modena IGP 6 ans - Gourmetto","robots":{"index":"index","follow":"follow","max-snippet":"max-snippet:-1","max-image-preview":"max-image-preview:large","max-video-preview":"max-video-preview:-1"},"canonical":"https:\/\/gourmetto.lu\/fr\/produit\/balsamico6anni\/","og_locale":"fr_FR","og_type":"article","og_title":"Vinaigre balsamique de Modena IGP 6 ans - Gourmetto","og_description":"Le vinaigre balsamique de Modena IGP se distingue du vinaigre de vin par la composition \u00e9quilibr\u00e9e de ses \u00e9l\u00e9ments constitutifs. Le cahier des charges de l&rsquo;IGP pr\u00e9voit que les raisins cuits ou concentr\u00e9s doivent provenir uniquement de sept vari\u00e9t\u00e9s, toutes typiques de la r\u00e9gion de Modena et de Reggio Emilia : Lambrusco, Trebbiano, Sangiovese, Albana, [&hellip;]","og_url":"https:\/\/gourmetto.lu\/fr\/produit\/balsamico6anni\/","og_site_name":"Gourmetto","article_modified_time":"2026-03-09T21:02:53+00:00","og_image":[{"width":2486,"height":2560,"url":"https:\/\/gourmetto.lu\/wp-content\/uploads\/2022\/10\/DSC_1198-scaled.jpg","type":"image\/jpeg"}],"twitter_card":"summary_large_image","twitter_misc":{"Dur\u00e9e de lecture estim\u00e9e":"1 minute"},"schema":{"@context":"https:\/\/schema.org","@graph":[{"@type":"WebPage","@id":"https:\/\/gourmetto.lu\/fr\/produit\/balsamico6anni\/","url":"https:\/\/gourmetto.lu\/fr\/produit\/balsamico6anni\/","name":"Vinaigre balsamique de Modena IGP 6 ans - Gourmetto","isPartOf":{"@id":"https:\/\/gourmetto.lu\/fr\/#website"},"primaryImageOfPage":{"@id":"https:\/\/gourmetto.lu\/fr\/produit\/balsamico6anni\/#primaryimage"},"image":{"@id":"https:\/\/gourmetto.lu\/fr\/produit\/balsamico6anni\/#primaryimage"},"thumbnailUrl":"https:\/\/gourmetto.lu\/wp-content\/uploads\/2022\/10\/DSC_1198-scaled.jpg","datePublished":"2022-10-31T09:29:59+00:00","dateModified":"2026-03-09T21:02:53+00:00","breadcrumb":{"@id":"https:\/\/gourmetto.lu\/fr\/produit\/balsamico6anni\/#breadcrumb"},"inLanguage":"fr-FR","potentialAction":[{"@type":"ReadAction","target":["https:\/\/gourmetto.lu\/fr\/produit\/balsamico6anni\/"]}]},{"@type":"ImageObject","inLanguage":"fr-FR","@id":"https:\/\/gourmetto.lu\/fr\/produit\/balsamico6anni\/#primaryimage","url":"https:\/\/gourmetto.lu\/wp-content\/uploads\/2022\/10\/DSC_1198-scaled.jpg","contentUrl":"https:\/\/gourmetto.lu\/wp-content\/uploads\/2022\/10\/DSC_1198-scaled.jpg","width":2486,"height":2560},{"@type":"BreadcrumbList","@id":"https:\/\/gourmetto.lu\/fr\/produit\/balsamico6anni\/#breadcrumb","itemListElement":[{"@type":"ListItem","position":1,"name":"Home","item":"https:\/\/gourmetto.lu\/fr\/"},{"@type":"ListItem","position":2,"name":"Boutique","item":"https:\/\/gourmetto.lu\/shop\/"},{"@type":"ListItem","position":3,"name":"Vinaigre balsamique de Modena IGP 6 ans"}]},{"@type":"WebSite","@id":"https:\/\/gourmetto.lu\/fr\/#website","url":"https:\/\/gourmetto.lu\/fr\/","name":"Gourmetto","description":"","potentialAction":[{"@type":"SearchAction","target":{"@type":"EntryPoint","urlTemplate":"https:\/\/gourmetto.lu\/fr\/?s={search_term_string}"},"query-input":{"@type":"PropertyValueSpecification","valueRequired":true,"valueName":"search_term_string"}}],"inLanguage":"fr-FR"}]}},"jetpack_sharing_enabled":true,"_links":{"self":[{"href":"https:\/\/gourmetto.lu\/fr\/wp-json\/wp\/v2\/product\/2066","targetHints":{"allow":["GET"]}}],"collection":[{"href":"https:\/\/gourmetto.lu\/fr\/wp-json\/wp\/v2\/product"}],"about":[{"href":"https:\/\/gourmetto.lu\/fr\/wp-json\/wp\/v2\/types\/product"}],"wp:featuredmedia":[{"embeddable":true,"href":"https:\/\/gourmetto.lu\/fr\/wp-json\/wp\/v2\/media\/1189"}],"wp:attachment":[{"href":"https:\/\/gourmetto.lu\/fr\/wp-json\/wp\/v2\/media?parent=2066"}],"wp:term":[{"taxonomy":"product_brand","embeddable":true,"href":"https:\/\/gourmetto.lu\/fr\/wp-json\/wp\/v2\/product_brand?post=2066"},{"taxonomy":"product_cat","embeddable":true,"href":"https:\/\/gourmetto.lu\/fr\/wp-json\/wp\/v2\/product_cat?post=2066"},{"taxonomy":"product_tag","embeddable":true,"href":"https:\/\/gourmetto.lu\/fr\/wp-json\/wp\/v2\/product_tag?post=2066"}],"curies":[{"name":"wp","href":"https:\/\/api.w.org\/{rel}","templated":true}]}}