{"id":2072,"date":"2022-10-31T09:55:34","date_gmt":"2022-10-31T08:55:34","guid":{"rendered":"https:\/\/beta.gourmetto.lu\/product\/lemonsoda\/"},"modified":"2026-02-13T12:12:44","modified_gmt":"2026-02-13T11:12:44","slug":"lemonsoda","status":"publish","type":"product","link":"https:\/\/gourmetto.lu\/fr\/produit\/lemonsoda\/","title":{"rendered":"BIO* Soda au citron de Sicile"},"content":{"rendered":"<p>Soda sans alcool.<\/p>\n<p>Fabriqu\u00e9e exclusivement avec des citrons Femminello, une vari\u00e9t\u00e9 particuli\u00e8rement r\u00e9pandue en Sicile ionienne et tyrrh\u00e9nienne. Le jus de cet agrume est naturellement frais et \u00e9quilibr\u00e9, avec un zeste riche en huiles essentielles. Vif, acidul\u00e9, simple et rafra\u00eechissant, avec un \u00e9quilibre parfait entre l&rsquo;acidit\u00e9 naturelle et la douceur, c&rsquo;est un d\u00e9salt\u00e9rant immortel avec l&rsquo;\u00e2me du sud d&rsquo;Italie.<\/p>\n<p>&nbsp;<\/p>\n<p>*Certifi\u00e9 biologique par Certisys : LU-BIO-06<\/p>\n","protected":false},"excerpt":{"rendered":"<p>Soda sans alcool. Fabriqu\u00e9e exclusivement avec des citrons Femminello, une vari\u00e9t\u00e9 particuli\u00e8rement r\u00e9pandue en Sicile ionienne et tyrrh\u00e9nienne. Le jus de cet agrume est naturellement frais et \u00e9quilibr\u00e9, avec un zeste riche en huiles essentielles. Vif, acidul\u00e9, simple et rafra\u00eechissant, avec un \u00e9quilibre parfait entre l&rsquo;acidit\u00e9 naturelle et la douceur, c&rsquo;est un d\u00e9salt\u00e9rant immortel avec [&hellip;]<\/p>\n","protected":false},"featured_media":5407,"template":"","meta":{"_acf_changed":false},"product_brand":[],"product_cat":[119,112],"product_tag":[],"class_list":{"0":"post-2072","1":"product","2":"type-product","3":"status-publish","4":"has-post-thumbnail","6":"product_cat-biologique-fr","7":"product_cat-boissons-fr","8":"pa_producers-tomarchio-bibite-fr","10":"first","11":"instock","12":"taxable","13":"shipping-taxable","14":"purchasable","15":"product-type-simple"},"bundled_by":[],"bundle_stock_status":"instock","bundle_stock_quantity":20,"bundle_virtual":false,"bundle_layout":"","bundle_add_to_cart_form_location":"","bundle_editable_in_cart":false,"bundle_sold_individually_context":"","bundle_item_grouping":"","bundle_min_size":"","bundle_max_size":"","bundled_items":[],"bundle_sell_ids":[],"acf":[],"yoast_head":"<!-- This site is optimized with the Yoast SEO plugin v25.4 - https:\/\/yoast.com\/wordpress\/plugins\/seo\/ -->\n<title>BIO* Soda au citron de Sicile - Gourmetto<\/title>\n<meta name=\"robots\" content=\"index, follow, max-snippet:-1, max-image-preview:large, max-video-preview:-1\" \/>\n<link rel=\"canonical\" href=\"https:\/\/gourmetto.lu\/fr\/produit\/lemonsoda\/\" \/>\n<meta property=\"og:locale\" content=\"fr_FR\" \/>\n<meta property=\"og:type\" content=\"article\" \/>\n<meta property=\"og:title\" content=\"BIO* Soda au citron de Sicile - Gourmetto\" \/>\n<meta property=\"og:description\" content=\"Soda sans alcool. Fabriqu\u00e9e exclusivement avec des citrons Femminello, une vari\u00e9t\u00e9 particuli\u00e8rement r\u00e9pandue en Sicile ionienne et tyrrh\u00e9nienne. Le jus de cet agrume est naturellement frais et \u00e9quilibr\u00e9, avec un zeste riche en huiles essentielles. Vif, acidul\u00e9, simple et rafra\u00eechissant, avec un \u00e9quilibre parfait entre l&rsquo;acidit\u00e9 naturelle et la douceur, c&rsquo;est un d\u00e9salt\u00e9rant immortel avec [&hellip;]\" \/>\n<meta property=\"og:url\" content=\"https:\/\/gourmetto.lu\/fr\/produit\/lemonsoda\/\" \/>\n<meta property=\"og:site_name\" content=\"Gourmetto\" \/>\n<meta property=\"article:modified_time\" content=\"2026-02-13T11:12:44+00:00\" \/>\n<meta property=\"og:image\" content=\"https:\/\/gourmetto.lu\/wp-content\/uploads\/2022\/10\/drink.jpg\" \/>\n\t<meta property=\"og:image:width\" content=\"689\" \/>\n\t<meta property=\"og:image:height\" content=\"689\" \/>\n\t<meta property=\"og:image:type\" content=\"image\/jpeg\" \/>\n<meta name=\"twitter:card\" content=\"summary_large_image\" \/>\n<meta name=\"twitter:label1\" content=\"Dur\u00e9e de lecture estim\u00e9e\" \/>\n\t<meta name=\"twitter:data1\" content=\"1 minute\" \/>\n<script type=\"application\/ld+json\" class=\"yoast-schema-graph\">{\"@context\":\"https:\/\/schema.org\",\"@graph\":[{\"@type\":\"WebPage\",\"@id\":\"https:\/\/gourmetto.lu\/fr\/produit\/lemonsoda\/\",\"url\":\"https:\/\/gourmetto.lu\/fr\/produit\/lemonsoda\/\",\"name\":\"BIO* Soda au citron de Sicile - Gourmetto\",\"isPartOf\":{\"@id\":\"https:\/\/gourmetto.lu\/fr\/#website\"},\"primaryImageOfPage\":{\"@id\":\"https:\/\/gourmetto.lu\/fr\/produit\/lemonsoda\/#primaryimage\"},\"image\":{\"@id\":\"https:\/\/gourmetto.lu\/fr\/produit\/lemonsoda\/#primaryimage\"},\"thumbnailUrl\":\"https:\/\/gourmetto.lu\/wp-content\/uploads\/2022\/10\/drink.jpg\",\"datePublished\":\"2022-10-31T08:55:34+00:00\",\"dateModified\":\"2026-02-13T11:12:44+00:00\",\"breadcrumb\":{\"@id\":\"https:\/\/gourmetto.lu\/fr\/produit\/lemonsoda\/#breadcrumb\"},\"inLanguage\":\"fr-FR\",\"potentialAction\":[{\"@type\":\"ReadAction\",\"target\":[\"https:\/\/gourmetto.lu\/fr\/produit\/lemonsoda\/\"]}]},{\"@type\":\"ImageObject\",\"inLanguage\":\"fr-FR\",\"@id\":\"https:\/\/gourmetto.lu\/fr\/produit\/lemonsoda\/#primaryimage\",\"url\":\"https:\/\/gourmetto.lu\/wp-content\/uploads\/2022\/10\/drink.jpg\",\"contentUrl\":\"https:\/\/gourmetto.lu\/wp-content\/uploads\/2022\/10\/drink.jpg\",\"width\":689,\"height\":689},{\"@type\":\"BreadcrumbList\",\"@id\":\"https:\/\/gourmetto.lu\/fr\/produit\/lemonsoda\/#breadcrumb\",\"itemListElement\":[{\"@type\":\"ListItem\",\"position\":1,\"name\":\"Home\",\"item\":\"https:\/\/gourmetto.lu\/fr\/\"},{\"@type\":\"ListItem\",\"position\":2,\"name\":\"Boutique\",\"item\":\"https:\/\/gourmetto.lu\/shop\/\"},{\"@type\":\"ListItem\",\"position\":3,\"name\":\"BIO* Soda au citron de Sicile\"}]},{\"@type\":\"WebSite\",\"@id\":\"https:\/\/gourmetto.lu\/fr\/#website\",\"url\":\"https:\/\/gourmetto.lu\/fr\/\",\"name\":\"Gourmetto\",\"description\":\"\",\"potentialAction\":[{\"@type\":\"SearchAction\",\"target\":{\"@type\":\"EntryPoint\",\"urlTemplate\":\"https:\/\/gourmetto.lu\/fr\/?s={search_term_string}\"},\"query-input\":{\"@type\":\"PropertyValueSpecification\",\"valueRequired\":true,\"valueName\":\"search_term_string\"}}],\"inLanguage\":\"fr-FR\"}]}<\/script>\n<!-- \/ Yoast SEO plugin. -->","yoast_head_json":{"title":"BIO* Soda au citron de Sicile - Gourmetto","robots":{"index":"index","follow":"follow","max-snippet":"max-snippet:-1","max-image-preview":"max-image-preview:large","max-video-preview":"max-video-preview:-1"},"canonical":"https:\/\/gourmetto.lu\/fr\/produit\/lemonsoda\/","og_locale":"fr_FR","og_type":"article","og_title":"BIO* Soda au citron de Sicile - Gourmetto","og_description":"Soda sans alcool. Fabriqu\u00e9e exclusivement avec des citrons Femminello, une vari\u00e9t\u00e9 particuli\u00e8rement r\u00e9pandue en Sicile ionienne et tyrrh\u00e9nienne. Le jus de cet agrume est naturellement frais et \u00e9quilibr\u00e9, avec un zeste riche en huiles essentielles. Vif, acidul\u00e9, simple et rafra\u00eechissant, avec un \u00e9quilibre parfait entre l&rsquo;acidit\u00e9 naturelle et la douceur, c&rsquo;est un d\u00e9salt\u00e9rant immortel avec [&hellip;]","og_url":"https:\/\/gourmetto.lu\/fr\/produit\/lemonsoda\/","og_site_name":"Gourmetto","article_modified_time":"2026-02-13T11:12:44+00:00","og_image":[{"width":689,"height":689,"url":"https:\/\/gourmetto.lu\/wp-content\/uploads\/2022\/10\/drink.jpg","type":"image\/jpeg"}],"twitter_card":"summary_large_image","twitter_misc":{"Dur\u00e9e de lecture estim\u00e9e":"1 minute"},"schema":{"@context":"https:\/\/schema.org","@graph":[{"@type":"WebPage","@id":"https:\/\/gourmetto.lu\/fr\/produit\/lemonsoda\/","url":"https:\/\/gourmetto.lu\/fr\/produit\/lemonsoda\/","name":"BIO* Soda au citron de Sicile - Gourmetto","isPartOf":{"@id":"https:\/\/gourmetto.lu\/fr\/#website"},"primaryImageOfPage":{"@id":"https:\/\/gourmetto.lu\/fr\/produit\/lemonsoda\/#primaryimage"},"image":{"@id":"https:\/\/gourmetto.lu\/fr\/produit\/lemonsoda\/#primaryimage"},"thumbnailUrl":"https:\/\/gourmetto.lu\/wp-content\/uploads\/2022\/10\/drink.jpg","datePublished":"2022-10-31T08:55:34+00:00","dateModified":"2026-02-13T11:12:44+00:00","breadcrumb":{"@id":"https:\/\/gourmetto.lu\/fr\/produit\/lemonsoda\/#breadcrumb"},"inLanguage":"fr-FR","potentialAction":[{"@type":"ReadAction","target":["https:\/\/gourmetto.lu\/fr\/produit\/lemonsoda\/"]}]},{"@type":"ImageObject","inLanguage":"fr-FR","@id":"https:\/\/gourmetto.lu\/fr\/produit\/lemonsoda\/#primaryimage","url":"https:\/\/gourmetto.lu\/wp-content\/uploads\/2022\/10\/drink.jpg","contentUrl":"https:\/\/gourmetto.lu\/wp-content\/uploads\/2022\/10\/drink.jpg","width":689,"height":689},{"@type":"BreadcrumbList","@id":"https:\/\/gourmetto.lu\/fr\/produit\/lemonsoda\/#breadcrumb","itemListElement":[{"@type":"ListItem","position":1,"name":"Home","item":"https:\/\/gourmetto.lu\/fr\/"},{"@type":"ListItem","position":2,"name":"Boutique","item":"https:\/\/gourmetto.lu\/shop\/"},{"@type":"ListItem","position":3,"name":"BIO* Soda au citron de Sicile"}]},{"@type":"WebSite","@id":"https:\/\/gourmetto.lu\/fr\/#website","url":"https:\/\/gourmetto.lu\/fr\/","name":"Gourmetto","description":"","potentialAction":[{"@type":"SearchAction","target":{"@type":"EntryPoint","urlTemplate":"https:\/\/gourmetto.lu\/fr\/?s={search_term_string}"},"query-input":{"@type":"PropertyValueSpecification","valueRequired":true,"valueName":"search_term_string"}}],"inLanguage":"fr-FR"}]}},"jetpack_sharing_enabled":true,"_links":{"self":[{"href":"https:\/\/gourmetto.lu\/fr\/wp-json\/wp\/v2\/product\/2072","targetHints":{"allow":["GET"]}}],"collection":[{"href":"https:\/\/gourmetto.lu\/fr\/wp-json\/wp\/v2\/product"}],"about":[{"href":"https:\/\/gourmetto.lu\/fr\/wp-json\/wp\/v2\/types\/product"}],"wp:featuredmedia":[{"embeddable":true,"href":"https:\/\/gourmetto.lu\/fr\/wp-json\/wp\/v2\/media\/5407"}],"wp:attachment":[{"href":"https:\/\/gourmetto.lu\/fr\/wp-json\/wp\/v2\/media?parent=2072"}],"wp:term":[{"taxonomy":"product_brand","embeddable":true,"href":"https:\/\/gourmetto.lu\/fr\/wp-json\/wp\/v2\/product_brand?post=2072"},{"taxonomy":"product_cat","embeddable":true,"href":"https:\/\/gourmetto.lu\/fr\/wp-json\/wp\/v2\/product_cat?post=2072"},{"taxonomy":"product_tag","embeddable":true,"href":"https:\/\/gourmetto.lu\/fr\/wp-json\/wp\/v2\/product_tag?post=2072"}],"curies":[{"name":"wp","href":"https:\/\/api.w.org\/{rel}","templated":true}]}}