{"id":2076,"date":"2022-10-31T09:46:40","date_gmt":"2022-10-31T08:46:40","guid":{"rendered":"https:\/\/beta.gourmetto.lu\/product\/aranciata\/"},"modified":"2025-06-13T10:41:56","modified_gmt":"2025-06-13T08:41:56","slug":"aranciata","status":"publish","type":"product","link":"https:\/\/gourmetto.lu\/fr\/produit\/aranciata\/","title":{"rendered":"BIO* Soda \u00e0 l&rsquo;orange classique"},"content":{"rendered":"<p>Soda sans alcool.<\/p>\n<p>16% de jus d&rsquo;oranges siciliennes de la vari\u00e9t\u00e9 tr\u00e8s pris\u00e9e \u00ab Arancia di Ribera DOP \u00bb. Un v\u00e9ritable cadeau de la nature.<\/p>\n<p>L&rsquo;orange de Ribera est une orange blonde, au go\u00fbt agr\u00e9able et croquant, riche en vitamines (C, A, B, PP), en min\u00e9raux et en sucres naturels de fruits.<\/p>\n<p>&nbsp;<\/p>\n<p>*Certifi\u00e9 biologique par Certisys : LU-BIO-06<\/p>\n<p>&nbsp;<\/p>\n","protected":false},"excerpt":{"rendered":"<p>Soda sans alcool. 16% de jus d&rsquo;oranges siciliennes de la vari\u00e9t\u00e9 tr\u00e8s pris\u00e9e \u00ab Arancia di Ribera DOP \u00bb. Un v\u00e9ritable cadeau de la nature. L&rsquo;orange de Ribera est une orange blonde, au go\u00fbt agr\u00e9able et croquant, riche en vitamines (C, A, B, PP), en min\u00e9raux et en sucres naturels de fruits. &nbsp; *Certifi\u00e9 biologique [&hellip;]<\/p>\n","protected":false},"featured_media":5413,"template":"","meta":{"_acf_changed":false},"product_brand":[],"product_cat":[119,112],"product_tag":[],"class_list":{"0":"post-2076","1":"product","2":"type-product","3":"status-publish","4":"has-post-thumbnail","6":"product_cat-biologique-fr","7":"product_cat-boissons-fr","8":"pa_producers-tomarchio-bibite-fr","10":"first","11":"instock","12":"taxable","13":"shipping-taxable","14":"purchasable","15":"product-type-simple"},"bundled_by":[],"bundle_stock_status":"instock","bundle_stock_quantity":6,"bundle_virtual":false,"bundle_layout":"","bundle_add_to_cart_form_location":"","bundle_editable_in_cart":false,"bundle_sold_individually_context":"","bundle_item_grouping":"","bundle_min_size":"","bundle_max_size":"","bundled_items":[],"bundle_sell_ids":[],"acf":[],"yoast_head":"<!-- This site is optimized with the Yoast SEO plugin v25.4 - https:\/\/yoast.com\/wordpress\/plugins\/seo\/ -->\n<title>BIO* Soda \u00e0 l&#039;orange classique - Gourmetto<\/title>\n<meta name=\"robots\" content=\"index, follow, max-snippet:-1, max-image-preview:large, max-video-preview:-1\" \/>\n<link rel=\"canonical\" href=\"https:\/\/gourmetto.lu\/fr\/produit\/aranciata\/\" \/>\n<meta property=\"og:locale\" content=\"fr_FR\" \/>\n<meta property=\"og:type\" content=\"article\" \/>\n<meta property=\"og:title\" content=\"BIO* Soda \u00e0 l&#039;orange classique - Gourmetto\" \/>\n<meta property=\"og:description\" content=\"Soda sans alcool. 16% de jus d&rsquo;oranges siciliennes de la vari\u00e9t\u00e9 tr\u00e8s pris\u00e9e \u00ab Arancia di Ribera DOP \u00bb. Un v\u00e9ritable cadeau de la nature. L&rsquo;orange de Ribera est une orange blonde, au go\u00fbt agr\u00e9able et croquant, riche en vitamines (C, A, B, PP), en min\u00e9raux et en sucres naturels de fruits. &nbsp; *Certifi\u00e9 biologique [&hellip;]\" \/>\n<meta property=\"og:url\" content=\"https:\/\/gourmetto.lu\/fr\/produit\/aranciata\/\" \/>\n<meta property=\"og:site_name\" content=\"Gourmetto\" \/>\n<meta property=\"article:modified_time\" content=\"2025-06-13T08:41:56+00:00\" \/>\n<meta property=\"og:image\" content=\"https:\/\/gourmetto.lu\/wp-content\/uploads\/2022\/10\/PXL_20220522_095355249.PORTRAIT-scaled.jpg\" \/>\n\t<meta property=\"og:image:width\" content=\"2560\" \/>\n\t<meta property=\"og:image:height\" content=\"2560\" \/>\n\t<meta property=\"og:image:type\" content=\"image\/jpeg\" \/>\n<meta name=\"twitter:card\" content=\"summary_large_image\" \/>\n<meta name=\"twitter:label1\" content=\"Dur\u00e9e de lecture estim\u00e9e\" \/>\n\t<meta name=\"twitter:data1\" content=\"1 minute\" \/>\n<script type=\"application\/ld+json\" class=\"yoast-schema-graph\">{\"@context\":\"https:\/\/schema.org\",\"@graph\":[{\"@type\":\"WebPage\",\"@id\":\"https:\/\/gourmetto.lu\/fr\/produit\/aranciata\/\",\"url\":\"https:\/\/gourmetto.lu\/fr\/produit\/aranciata\/\",\"name\":\"BIO* Soda \u00e0 l'orange classique - Gourmetto\",\"isPartOf\":{\"@id\":\"https:\/\/gourmetto.lu\/fr\/#website\"},\"primaryImageOfPage\":{\"@id\":\"https:\/\/gourmetto.lu\/fr\/produit\/aranciata\/#primaryimage\"},\"image\":{\"@id\":\"https:\/\/gourmetto.lu\/fr\/produit\/aranciata\/#primaryimage\"},\"thumbnailUrl\":\"https:\/\/gourmetto.lu\/wp-content\/uploads\/2022\/10\/drink-2.jpg\",\"datePublished\":\"2022-10-31T08:46:40+00:00\",\"dateModified\":\"2025-06-13T08:41:56+00:00\",\"breadcrumb\":{\"@id\":\"https:\/\/gourmetto.lu\/fr\/produit\/aranciata\/#breadcrumb\"},\"inLanguage\":\"fr-FR\",\"potentialAction\":[{\"@type\":\"ReadAction\",\"target\":[\"https:\/\/gourmetto.lu\/fr\/produit\/aranciata\/\"]}]},{\"@type\":\"ImageObject\",\"inLanguage\":\"fr-FR\",\"@id\":\"https:\/\/gourmetto.lu\/fr\/produit\/aranciata\/#primaryimage\",\"url\":\"https:\/\/gourmetto.lu\/wp-content\/uploads\/2022\/10\/drink-2.jpg\",\"contentUrl\":\"https:\/\/gourmetto.lu\/wp-content\/uploads\/2022\/10\/drink-2.jpg\",\"width\":689,\"height\":689},{\"@type\":\"BreadcrumbList\",\"@id\":\"https:\/\/gourmetto.lu\/fr\/produit\/aranciata\/#breadcrumb\",\"itemListElement\":[{\"@type\":\"ListItem\",\"position\":1,\"name\":\"Home\",\"item\":\"https:\/\/gourmetto.lu\/fr\/\"},{\"@type\":\"ListItem\",\"position\":2,\"name\":\"Boutique\",\"item\":\"https:\/\/gourmetto.lu\/shop\/\"},{\"@type\":\"ListItem\",\"position\":3,\"name\":\"BIO* Soda \u00e0 l&#8217;orange classique\"}]},{\"@type\":\"WebSite\",\"@id\":\"https:\/\/gourmetto.lu\/fr\/#website\",\"url\":\"https:\/\/gourmetto.lu\/fr\/\",\"name\":\"Gourmetto\",\"description\":\"\",\"potentialAction\":[{\"@type\":\"SearchAction\",\"target\":{\"@type\":\"EntryPoint\",\"urlTemplate\":\"https:\/\/gourmetto.lu\/fr\/?s={search_term_string}\"},\"query-input\":{\"@type\":\"PropertyValueSpecification\",\"valueRequired\":true,\"valueName\":\"search_term_string\"}}],\"inLanguage\":\"fr-FR\"}]}<\/script>\n<!-- \/ Yoast SEO plugin. -->","yoast_head_json":{"title":"BIO* Soda \u00e0 l'orange classique - Gourmetto","robots":{"index":"index","follow":"follow","max-snippet":"max-snippet:-1","max-image-preview":"max-image-preview:large","max-video-preview":"max-video-preview:-1"},"canonical":"https:\/\/gourmetto.lu\/fr\/produit\/aranciata\/","og_locale":"fr_FR","og_type":"article","og_title":"BIO* Soda \u00e0 l'orange classique - Gourmetto","og_description":"Soda sans alcool. 16% de jus d&rsquo;oranges siciliennes de la vari\u00e9t\u00e9 tr\u00e8s pris\u00e9e \u00ab Arancia di Ribera DOP \u00bb. Un v\u00e9ritable cadeau de la nature. L&rsquo;orange de Ribera est une orange blonde, au go\u00fbt agr\u00e9able et croquant, riche en vitamines (C, A, B, PP), en min\u00e9raux et en sucres naturels de fruits. &nbsp; *Certifi\u00e9 biologique [&hellip;]","og_url":"https:\/\/gourmetto.lu\/fr\/produit\/aranciata\/","og_site_name":"Gourmetto","article_modified_time":"2025-06-13T08:41:56+00:00","og_image":[{"width":2560,"height":2560,"url":"https:\/\/gourmetto.lu\/wp-content\/uploads\/2022\/10\/PXL_20220522_095355249.PORTRAIT-scaled.jpg","type":"image\/jpeg"}],"twitter_card":"summary_large_image","twitter_misc":{"Dur\u00e9e de lecture estim\u00e9e":"1 minute"},"schema":{"@context":"https:\/\/schema.org","@graph":[{"@type":"WebPage","@id":"https:\/\/gourmetto.lu\/fr\/produit\/aranciata\/","url":"https:\/\/gourmetto.lu\/fr\/produit\/aranciata\/","name":"BIO* Soda \u00e0 l'orange classique - Gourmetto","isPartOf":{"@id":"https:\/\/gourmetto.lu\/fr\/#website"},"primaryImageOfPage":{"@id":"https:\/\/gourmetto.lu\/fr\/produit\/aranciata\/#primaryimage"},"image":{"@id":"https:\/\/gourmetto.lu\/fr\/produit\/aranciata\/#primaryimage"},"thumbnailUrl":"https:\/\/gourmetto.lu\/wp-content\/uploads\/2022\/10\/drink-2.jpg","datePublished":"2022-10-31T08:46:40+00:00","dateModified":"2025-06-13T08:41:56+00:00","breadcrumb":{"@id":"https:\/\/gourmetto.lu\/fr\/produit\/aranciata\/#breadcrumb"},"inLanguage":"fr-FR","potentialAction":[{"@type":"ReadAction","target":["https:\/\/gourmetto.lu\/fr\/produit\/aranciata\/"]}]},{"@type":"ImageObject","inLanguage":"fr-FR","@id":"https:\/\/gourmetto.lu\/fr\/produit\/aranciata\/#primaryimage","url":"https:\/\/gourmetto.lu\/wp-content\/uploads\/2022\/10\/drink-2.jpg","contentUrl":"https:\/\/gourmetto.lu\/wp-content\/uploads\/2022\/10\/drink-2.jpg","width":689,"height":689},{"@type":"BreadcrumbList","@id":"https:\/\/gourmetto.lu\/fr\/produit\/aranciata\/#breadcrumb","itemListElement":[{"@type":"ListItem","position":1,"name":"Home","item":"https:\/\/gourmetto.lu\/fr\/"},{"@type":"ListItem","position":2,"name":"Boutique","item":"https:\/\/gourmetto.lu\/shop\/"},{"@type":"ListItem","position":3,"name":"BIO* Soda \u00e0 l&#8217;orange classique"}]},{"@type":"WebSite","@id":"https:\/\/gourmetto.lu\/fr\/#website","url":"https:\/\/gourmetto.lu\/fr\/","name":"Gourmetto","description":"","potentialAction":[{"@type":"SearchAction","target":{"@type":"EntryPoint","urlTemplate":"https:\/\/gourmetto.lu\/fr\/?s={search_term_string}"},"query-input":{"@type":"PropertyValueSpecification","valueRequired":true,"valueName":"search_term_string"}}],"inLanguage":"fr-FR"}]}},"jetpack_sharing_enabled":true,"_links":{"self":[{"href":"https:\/\/gourmetto.lu\/fr\/wp-json\/wp\/v2\/product\/2076","targetHints":{"allow":["GET"]}}],"collection":[{"href":"https:\/\/gourmetto.lu\/fr\/wp-json\/wp\/v2\/product"}],"about":[{"href":"https:\/\/gourmetto.lu\/fr\/wp-json\/wp\/v2\/types\/product"}],"wp:featuredmedia":[{"embeddable":true,"href":"https:\/\/gourmetto.lu\/fr\/wp-json\/wp\/v2\/media\/5413"}],"wp:attachment":[{"href":"https:\/\/gourmetto.lu\/fr\/wp-json\/wp\/v2\/media?parent=2076"}],"wp:term":[{"taxonomy":"product_brand","embeddable":true,"href":"https:\/\/gourmetto.lu\/fr\/wp-json\/wp\/v2\/product_brand?post=2076"},{"taxonomy":"product_cat","embeddable":true,"href":"https:\/\/gourmetto.lu\/fr\/wp-json\/wp\/v2\/product_cat?post=2076"},{"taxonomy":"product_tag","embeddable":true,"href":"https:\/\/gourmetto.lu\/fr\/wp-json\/wp\/v2\/product_tag?post=2076"}],"curies":[{"name":"wp","href":"https:\/\/api.w.org\/{rel}","templated":true}]}}