{"id":2078,"date":"2022-10-31T09:37:12","date_gmt":"2022-10-31T08:37:12","guid":{"rendered":"https:\/\/beta.gourmetto.lu\/product\/gingerbeer\/"},"modified":"2025-06-13T10:42:09","modified_gmt":"2025-06-13T08:42:09","slug":"gingerbeer","status":"publish","type":"product","link":"https:\/\/gourmetto.lu\/fr\/produit\/gingerbeer\/","title":{"rendered":"Soda Ginger Beer"},"content":{"rendered":"<p>Soda sans alcool.<\/p>\n<p>Une touche audacieuse et \u00e9pic\u00e9e en provenance de Sicile. La bi\u00e8re au gingembre de Tomarchio est \u00e9labor\u00e9e \u00e0 partir d&rsquo;un extrait naturel de racine de gingembre et d&rsquo;eau pure du mont Etna. Son go\u00fbt vif et son p\u00e9tillement rafra\u00eechissant la rendent parfaite seule ou comme m\u00e9lange dans vos cocktails pr\u00e9f\u00e9r\u00e9s.<\/p>\n","protected":false},"excerpt":{"rendered":"<p>Soda sans alcool. Une touche audacieuse et \u00e9pic\u00e9e en provenance de Sicile. La bi\u00e8re au gingembre de Tomarchio est \u00e9labor\u00e9e \u00e0 partir d&rsquo;un extrait naturel de racine de gingembre et d&rsquo;eau pure du mont Etna. Son go\u00fbt vif et son p\u00e9tillement rafra\u00eechissant la rendent parfaite seule ou comme m\u00e9lange dans vos cocktails pr\u00e9f\u00e9r\u00e9s.<\/p>\n","protected":false},"featured_media":4140,"template":"","meta":{"_acf_changed":false},"product_brand":[],"product_cat":[112,153],"product_tag":[],"class_list":{"0":"post-2078","1":"product","2":"type-product","3":"status-publish","4":"has-post-thumbnail","6":"product_cat-boissons-fr","7":"product_cat-zerogaspillage","8":"pa_producers-tomarchio-bibite-fr","10":"first","11":"instock","12":"sale","13":"taxable","14":"shipping-taxable","15":"purchasable","16":"product-type-simple"},"bundled_by":[],"bundle_stock_status":"instock","bundle_stock_quantity":10,"bundle_virtual":false,"bundle_layout":"","bundle_add_to_cart_form_location":"","bundle_editable_in_cart":false,"bundle_sold_individually_context":"","bundle_item_grouping":"","bundle_min_size":"","bundle_max_size":"","bundled_items":[],"bundle_sell_ids":[],"acf":[],"yoast_head":"<!-- This site is optimized with the Yoast SEO plugin v25.4 - https:\/\/yoast.com\/wordpress\/plugins\/seo\/ -->\n<title>Soda Ginger Beer - Gourmetto<\/title>\n<meta name=\"robots\" content=\"index, follow, max-snippet:-1, max-image-preview:large, max-video-preview:-1\" \/>\n<link rel=\"canonical\" href=\"https:\/\/gourmetto.lu\/fr\/produit\/gingerbeer\/\" \/>\n<meta property=\"og:locale\" content=\"fr_FR\" \/>\n<meta property=\"og:type\" content=\"article\" \/>\n<meta property=\"og:title\" content=\"Soda Ginger Beer - Gourmetto\" \/>\n<meta property=\"og:description\" content=\"Soda sans alcool. Une touche audacieuse et \u00e9pic\u00e9e en provenance de Sicile. La bi\u00e8re au gingembre de Tomarchio est \u00e9labor\u00e9e \u00e0 partir d&rsquo;un extrait naturel de racine de gingembre et d&rsquo;eau pure du mont Etna. Son go\u00fbt vif et son p\u00e9tillement rafra\u00eechissant la rendent parfaite seule ou comme m\u00e9lange dans vos cocktails pr\u00e9f\u00e9r\u00e9s.\" \/>\n<meta property=\"og:url\" content=\"https:\/\/gourmetto.lu\/fr\/produit\/gingerbeer\/\" \/>\n<meta property=\"og:site_name\" content=\"Gourmetto\" \/>\n<meta property=\"article:modified_time\" content=\"2025-06-13T08:42:09+00:00\" \/>\n<meta property=\"og:image\" content=\"https:\/\/gourmetto.lu\/wp-content\/uploads\/2024\/04\/IMG20240530111817.jpg\" \/>\n\t<meta property=\"og:image:width\" content=\"2422\" \/>\n\t<meta property=\"og:image:height\" content=\"2422\" \/>\n\t<meta property=\"og:image:type\" content=\"image\/jpeg\" \/>\n<meta name=\"twitter:card\" content=\"summary_large_image\" \/>\n<meta name=\"twitter:label1\" content=\"Dur\u00e9e de lecture estim\u00e9e\" \/>\n\t<meta name=\"twitter:data1\" content=\"1 minute\" \/>\n<script type=\"application\/ld+json\" class=\"yoast-schema-graph\">{\"@context\":\"https:\/\/schema.org\",\"@graph\":[{\"@type\":\"WebPage\",\"@id\":\"https:\/\/gourmetto.lu\/fr\/produit\/gingerbeer\/\",\"url\":\"https:\/\/gourmetto.lu\/fr\/produit\/gingerbeer\/\",\"name\":\"Soda Ginger Beer - Gourmetto\",\"isPartOf\":{\"@id\":\"https:\/\/gourmetto.lu\/fr\/#website\"},\"primaryImageOfPage\":{\"@id\":\"https:\/\/gourmetto.lu\/fr\/produit\/gingerbeer\/#primaryimage\"},\"image\":{\"@id\":\"https:\/\/gourmetto.lu\/fr\/produit\/gingerbeer\/#primaryimage\"},\"thumbnailUrl\":\"https:\/\/gourmetto.lu\/wp-content\/uploads\/2024\/04\/IMG20240530111817.jpg\",\"datePublished\":\"2022-10-31T08:37:12+00:00\",\"dateModified\":\"2025-06-13T08:42:09+00:00\",\"breadcrumb\":{\"@id\":\"https:\/\/gourmetto.lu\/fr\/produit\/gingerbeer\/#breadcrumb\"},\"inLanguage\":\"fr-FR\",\"potentialAction\":[{\"@type\":\"ReadAction\",\"target\":[\"https:\/\/gourmetto.lu\/fr\/produit\/gingerbeer\/\"]}]},{\"@type\":\"ImageObject\",\"inLanguage\":\"fr-FR\",\"@id\":\"https:\/\/gourmetto.lu\/fr\/produit\/gingerbeer\/#primaryimage\",\"url\":\"https:\/\/gourmetto.lu\/wp-content\/uploads\/2024\/04\/IMG20240530111817.jpg\",\"contentUrl\":\"https:\/\/gourmetto.lu\/wp-content\/uploads\/2024\/04\/IMG20240530111817.jpg\",\"width\":2422,\"height\":2422},{\"@type\":\"BreadcrumbList\",\"@id\":\"https:\/\/gourmetto.lu\/fr\/produit\/gingerbeer\/#breadcrumb\",\"itemListElement\":[{\"@type\":\"ListItem\",\"position\":1,\"name\":\"Home\",\"item\":\"https:\/\/gourmetto.lu\/fr\/\"},{\"@type\":\"ListItem\",\"position\":2,\"name\":\"Boutique\",\"item\":\"https:\/\/gourmetto.lu\/shop\/\"},{\"@type\":\"ListItem\",\"position\":3,\"name\":\"Soda Ginger Beer\"}]},{\"@type\":\"WebSite\",\"@id\":\"https:\/\/gourmetto.lu\/fr\/#website\",\"url\":\"https:\/\/gourmetto.lu\/fr\/\",\"name\":\"Gourmetto\",\"description\":\"\",\"potentialAction\":[{\"@type\":\"SearchAction\",\"target\":{\"@type\":\"EntryPoint\",\"urlTemplate\":\"https:\/\/gourmetto.lu\/fr\/?s={search_term_string}\"},\"query-input\":{\"@type\":\"PropertyValueSpecification\",\"valueRequired\":true,\"valueName\":\"search_term_string\"}}],\"inLanguage\":\"fr-FR\"}]}<\/script>\n<!-- \/ Yoast SEO plugin. -->","yoast_head_json":{"title":"Soda Ginger Beer - Gourmetto","robots":{"index":"index","follow":"follow","max-snippet":"max-snippet:-1","max-image-preview":"max-image-preview:large","max-video-preview":"max-video-preview:-1"},"canonical":"https:\/\/gourmetto.lu\/fr\/produit\/gingerbeer\/","og_locale":"fr_FR","og_type":"article","og_title":"Soda Ginger Beer - Gourmetto","og_description":"Soda sans alcool. Une touche audacieuse et \u00e9pic\u00e9e en provenance de Sicile. La bi\u00e8re au gingembre de Tomarchio est \u00e9labor\u00e9e \u00e0 partir d&rsquo;un extrait naturel de racine de gingembre et d&rsquo;eau pure du mont Etna. Son go\u00fbt vif et son p\u00e9tillement rafra\u00eechissant la rendent parfaite seule ou comme m\u00e9lange dans vos cocktails pr\u00e9f\u00e9r\u00e9s.","og_url":"https:\/\/gourmetto.lu\/fr\/produit\/gingerbeer\/","og_site_name":"Gourmetto","article_modified_time":"2025-06-13T08:42:09+00:00","og_image":[{"width":2422,"height":2422,"url":"https:\/\/gourmetto.lu\/wp-content\/uploads\/2024\/04\/IMG20240530111817.jpg","type":"image\/jpeg"}],"twitter_card":"summary_large_image","twitter_misc":{"Dur\u00e9e de lecture estim\u00e9e":"1 minute"},"schema":{"@context":"https:\/\/schema.org","@graph":[{"@type":"WebPage","@id":"https:\/\/gourmetto.lu\/fr\/produit\/gingerbeer\/","url":"https:\/\/gourmetto.lu\/fr\/produit\/gingerbeer\/","name":"Soda Ginger Beer - Gourmetto","isPartOf":{"@id":"https:\/\/gourmetto.lu\/fr\/#website"},"primaryImageOfPage":{"@id":"https:\/\/gourmetto.lu\/fr\/produit\/gingerbeer\/#primaryimage"},"image":{"@id":"https:\/\/gourmetto.lu\/fr\/produit\/gingerbeer\/#primaryimage"},"thumbnailUrl":"https:\/\/gourmetto.lu\/wp-content\/uploads\/2024\/04\/IMG20240530111817.jpg","datePublished":"2022-10-31T08:37:12+00:00","dateModified":"2025-06-13T08:42:09+00:00","breadcrumb":{"@id":"https:\/\/gourmetto.lu\/fr\/produit\/gingerbeer\/#breadcrumb"},"inLanguage":"fr-FR","potentialAction":[{"@type":"ReadAction","target":["https:\/\/gourmetto.lu\/fr\/produit\/gingerbeer\/"]}]},{"@type":"ImageObject","inLanguage":"fr-FR","@id":"https:\/\/gourmetto.lu\/fr\/produit\/gingerbeer\/#primaryimage","url":"https:\/\/gourmetto.lu\/wp-content\/uploads\/2024\/04\/IMG20240530111817.jpg","contentUrl":"https:\/\/gourmetto.lu\/wp-content\/uploads\/2024\/04\/IMG20240530111817.jpg","width":2422,"height":2422},{"@type":"BreadcrumbList","@id":"https:\/\/gourmetto.lu\/fr\/produit\/gingerbeer\/#breadcrumb","itemListElement":[{"@type":"ListItem","position":1,"name":"Home","item":"https:\/\/gourmetto.lu\/fr\/"},{"@type":"ListItem","position":2,"name":"Boutique","item":"https:\/\/gourmetto.lu\/shop\/"},{"@type":"ListItem","position":3,"name":"Soda Ginger Beer"}]},{"@type":"WebSite","@id":"https:\/\/gourmetto.lu\/fr\/#website","url":"https:\/\/gourmetto.lu\/fr\/","name":"Gourmetto","description":"","potentialAction":[{"@type":"SearchAction","target":{"@type":"EntryPoint","urlTemplate":"https:\/\/gourmetto.lu\/fr\/?s={search_term_string}"},"query-input":{"@type":"PropertyValueSpecification","valueRequired":true,"valueName":"search_term_string"}}],"inLanguage":"fr-FR"}]}},"jetpack_sharing_enabled":true,"_links":{"self":[{"href":"https:\/\/gourmetto.lu\/fr\/wp-json\/wp\/v2\/product\/2078","targetHints":{"allow":["GET"]}}],"collection":[{"href":"https:\/\/gourmetto.lu\/fr\/wp-json\/wp\/v2\/product"}],"about":[{"href":"https:\/\/gourmetto.lu\/fr\/wp-json\/wp\/v2\/types\/product"}],"wp:featuredmedia":[{"embeddable":true,"href":"https:\/\/gourmetto.lu\/fr\/wp-json\/wp\/v2\/media\/4140"}],"wp:attachment":[{"href":"https:\/\/gourmetto.lu\/fr\/wp-json\/wp\/v2\/media?parent=2078"}],"wp:term":[{"taxonomy":"product_brand","embeddable":true,"href":"https:\/\/gourmetto.lu\/fr\/wp-json\/wp\/v2\/product_brand?post=2078"},{"taxonomy":"product_cat","embeddable":true,"href":"https:\/\/gourmetto.lu\/fr\/wp-json\/wp\/v2\/product_cat?post=2078"},{"taxonomy":"product_tag","embeddable":true,"href":"https:\/\/gourmetto.lu\/fr\/wp-json\/wp\/v2\/product_tag?post=2078"}],"curies":[{"name":"wp","href":"https:\/\/api.w.org\/{rel}","templated":true}]}}