{"id":2566,"date":"2023-01-19T20:58:05","date_gmt":"2023-01-19T19:58:05","guid":{"rendered":"https:\/\/gourmetto.lu\/?post_type=product&#038;p=2566"},"modified":"2026-02-13T12:12:43","modified_gmt":"2026-02-13T11:12:43","slug":"ragu-bolognese","status":"publish","type":"product","link":"https:\/\/gourmetto.lu\/fr\/produit\/ragu-bolognese\/","title":{"rendered":"Sauce Bolognese \u00e0 l&rsquo;ancienne"},"content":{"rendered":"<p>Avec 70 ans d&rsquo;activit\u00e9, Alpe Magna est ma\u00eetre dans l&rsquo;art de mettre sur la table l&rsquo;excellence gastronomique de la r\u00e9gion des Dolomites des Alpes italiennes. En combinant les bonnes saveurs de la cuisine traditionnelle faite \u00e0 la main, les ingr\u00e9dients locaux de haute qualit\u00e9 et les plus avanc\u00e9es techniques d&#8217;emballage\u202f; le r\u00e9sultat est un gout \u00e9tonnant et une longue dur\u00e9e de conservation, sans aucun conservateur ou autre additif.<\/p>\n<p>&nbsp;<\/p>\n<p>Revisitant la recette traditionnelle du Rag\u00f9 Bolognese, devenu un symbole de la cuisine italienne, cette sauce est pr\u00e9par\u00e9e avec b\u0153uf s\u00e9lectionn\u00e9 et des l\u00e9gumes frais, pr\u00e9par\u00e9s \u00e0 la main et cuits lentement pour des saveurs parfaites.<\/p>\n","protected":false},"excerpt":{"rendered":"<p>Avec 70 ans d&rsquo;activit\u00e9, Alpe Magna est ma\u00eetre dans l&rsquo;art de mettre sur la table l&rsquo;excellence gastronomique de la r\u00e9gion des Dolomites des Alpes italiennes. En combinant les bonnes saveurs de la cuisine traditionnelle faite \u00e0 la main, les ingr\u00e9dients locaux de haute qualit\u00e9 et les plus avanc\u00e9es techniques d&#8217;emballage\u202f; le r\u00e9sultat est un gout [&hellip;]<\/p>\n","protected":false},"featured_media":2643,"template":"","meta":{"_acf_changed":false},"product_brand":[],"product_cat":[108,164],"product_tag":[],"class_list":{"0":"post-2566","1":"product","2":"type-product","3":"status-publish","4":"has-post-thumbnail","6":"product_cat-sans-gluten-fr","7":"product_cat-pastasauce-fr","8":"pa_producers-alpemagna-fr","10":"first","11":"instock","12":"taxable","13":"shipping-taxable","14":"purchasable","15":"product-type-simple"},"bundled_by":[],"bundle_stock_status":"instock","bundle_stock_quantity":2,"bundle_virtual":false,"bundle_layout":"","bundle_add_to_cart_form_location":"","bundle_editable_in_cart":false,"bundle_sold_individually_context":"","bundle_item_grouping":"","bundle_min_size":"","bundle_max_size":"","bundled_items":[],"bundle_sell_ids":[],"acf":[],"yoast_head":"<!-- This site is optimized with the Yoast SEO plugin v25.4 - https:\/\/yoast.com\/wordpress\/plugins\/seo\/ -->\n<title>Sauce Bolognese \u00e0 l&#039;ancienne - Gourmetto<\/title>\n<meta name=\"robots\" content=\"index, follow, max-snippet:-1, max-image-preview:large, max-video-preview:-1\" \/>\n<link rel=\"canonical\" href=\"https:\/\/gourmetto.lu\/fr\/produit\/ragu-bolognese\/\" \/>\n<meta property=\"og:locale\" content=\"fr_FR\" \/>\n<meta property=\"og:type\" content=\"article\" \/>\n<meta property=\"og:title\" content=\"Sauce Bolognese \u00e0 l&#039;ancienne - Gourmetto\" \/>\n<meta property=\"og:description\" content=\"Avec 70 ans d&rsquo;activit\u00e9, Alpe Magna est ma\u00eetre dans l&rsquo;art de mettre sur la table l&rsquo;excellence gastronomique de la r\u00e9gion des Dolomites des Alpes italiennes. En combinant les bonnes saveurs de la cuisine traditionnelle faite \u00e0 la main, les ingr\u00e9dients locaux de haute qualit\u00e9 et les plus avanc\u00e9es techniques d&#8217;emballage\u202f; le r\u00e9sultat est un gout [&hellip;]\" \/>\n<meta property=\"og:url\" content=\"https:\/\/gourmetto.lu\/fr\/produit\/ragu-bolognese\/\" \/>\n<meta property=\"og:site_name\" content=\"Gourmetto\" \/>\n<meta property=\"article:modified_time\" content=\"2026-02-13T11:12:43+00:00\" \/>\n<meta property=\"og:image\" content=\"https:\/\/gourmetto.lu\/wp-content\/uploads\/2023\/01\/PXL_20230129_115425552-scaled.jpg\" \/>\n\t<meta property=\"og:image:width\" content=\"2560\" \/>\n\t<meta property=\"og:image:height\" content=\"2560\" \/>\n\t<meta property=\"og:image:type\" content=\"image\/jpeg\" \/>\n<meta name=\"twitter:card\" content=\"summary_large_image\" \/>\n<meta name=\"twitter:label1\" content=\"Dur\u00e9e de lecture estim\u00e9e\" \/>\n\t<meta name=\"twitter:data1\" content=\"1 minute\" \/>\n<script type=\"application\/ld+json\" class=\"yoast-schema-graph\">{\"@context\":\"https:\/\/schema.org\",\"@graph\":[{\"@type\":\"WebPage\",\"@id\":\"https:\/\/gourmetto.lu\/fr\/produit\/ragu-bolognese\/\",\"url\":\"https:\/\/gourmetto.lu\/fr\/produit\/ragu-bolognese\/\",\"name\":\"Sauce Bolognese \u00e0 l'ancienne - Gourmetto\",\"isPartOf\":{\"@id\":\"https:\/\/gourmetto.lu\/fr\/#website\"},\"primaryImageOfPage\":{\"@id\":\"https:\/\/gourmetto.lu\/fr\/produit\/ragu-bolognese\/#primaryimage\"},\"image\":{\"@id\":\"https:\/\/gourmetto.lu\/fr\/produit\/ragu-bolognese\/#primaryimage\"},\"thumbnailUrl\":\"https:\/\/gourmetto.lu\/wp-content\/uploads\/2023\/01\/PXL_20230129_115425552-scaled.jpg\",\"datePublished\":\"2023-01-19T19:58:05+00:00\",\"dateModified\":\"2026-02-13T11:12:43+00:00\",\"breadcrumb\":{\"@id\":\"https:\/\/gourmetto.lu\/fr\/produit\/ragu-bolognese\/#breadcrumb\"},\"inLanguage\":\"fr-FR\",\"potentialAction\":[{\"@type\":\"ReadAction\",\"target\":[\"https:\/\/gourmetto.lu\/fr\/produit\/ragu-bolognese\/\"]}]},{\"@type\":\"ImageObject\",\"inLanguage\":\"fr-FR\",\"@id\":\"https:\/\/gourmetto.lu\/fr\/produit\/ragu-bolognese\/#primaryimage\",\"url\":\"https:\/\/gourmetto.lu\/wp-content\/uploads\/2023\/01\/PXL_20230129_115425552-scaled.jpg\",\"contentUrl\":\"https:\/\/gourmetto.lu\/wp-content\/uploads\/2023\/01\/PXL_20230129_115425552-scaled.jpg\",\"width\":2560,\"height\":2560},{\"@type\":\"BreadcrumbList\",\"@id\":\"https:\/\/gourmetto.lu\/fr\/produit\/ragu-bolognese\/#breadcrumb\",\"itemListElement\":[{\"@type\":\"ListItem\",\"position\":1,\"name\":\"Home\",\"item\":\"https:\/\/gourmetto.lu\/fr\/\"},{\"@type\":\"ListItem\",\"position\":2,\"name\":\"Boutique\",\"item\":\"https:\/\/gourmetto.lu\/shop\/\"},{\"@type\":\"ListItem\",\"position\":3,\"name\":\"Sauce Bolognese \u00e0 l&#8217;ancienne\"}]},{\"@type\":\"WebSite\",\"@id\":\"https:\/\/gourmetto.lu\/fr\/#website\",\"url\":\"https:\/\/gourmetto.lu\/fr\/\",\"name\":\"Gourmetto\",\"description\":\"\",\"potentialAction\":[{\"@type\":\"SearchAction\",\"target\":{\"@type\":\"EntryPoint\",\"urlTemplate\":\"https:\/\/gourmetto.lu\/fr\/?s={search_term_string}\"},\"query-input\":{\"@type\":\"PropertyValueSpecification\",\"valueRequired\":true,\"valueName\":\"search_term_string\"}}],\"inLanguage\":\"fr-FR\"}]}<\/script>\n<!-- \/ Yoast SEO plugin. -->","yoast_head_json":{"title":"Sauce Bolognese \u00e0 l'ancienne - Gourmetto","robots":{"index":"index","follow":"follow","max-snippet":"max-snippet:-1","max-image-preview":"max-image-preview:large","max-video-preview":"max-video-preview:-1"},"canonical":"https:\/\/gourmetto.lu\/fr\/produit\/ragu-bolognese\/","og_locale":"fr_FR","og_type":"article","og_title":"Sauce Bolognese \u00e0 l'ancienne - Gourmetto","og_description":"Avec 70 ans d&rsquo;activit\u00e9, Alpe Magna est ma\u00eetre dans l&rsquo;art de mettre sur la table l&rsquo;excellence gastronomique de la r\u00e9gion des Dolomites des Alpes italiennes. En combinant les bonnes saveurs de la cuisine traditionnelle faite \u00e0 la main, les ingr\u00e9dients locaux de haute qualit\u00e9 et les plus avanc\u00e9es techniques d&#8217;emballage\u202f; le r\u00e9sultat est un gout [&hellip;]","og_url":"https:\/\/gourmetto.lu\/fr\/produit\/ragu-bolognese\/","og_site_name":"Gourmetto","article_modified_time":"2026-02-13T11:12:43+00:00","og_image":[{"width":2560,"height":2560,"url":"https:\/\/gourmetto.lu\/wp-content\/uploads\/2023\/01\/PXL_20230129_115425552-scaled.jpg","type":"image\/jpeg"}],"twitter_card":"summary_large_image","twitter_misc":{"Dur\u00e9e de lecture estim\u00e9e":"1 minute"},"schema":{"@context":"https:\/\/schema.org","@graph":[{"@type":"WebPage","@id":"https:\/\/gourmetto.lu\/fr\/produit\/ragu-bolognese\/","url":"https:\/\/gourmetto.lu\/fr\/produit\/ragu-bolognese\/","name":"Sauce Bolognese \u00e0 l'ancienne - Gourmetto","isPartOf":{"@id":"https:\/\/gourmetto.lu\/fr\/#website"},"primaryImageOfPage":{"@id":"https:\/\/gourmetto.lu\/fr\/produit\/ragu-bolognese\/#primaryimage"},"image":{"@id":"https:\/\/gourmetto.lu\/fr\/produit\/ragu-bolognese\/#primaryimage"},"thumbnailUrl":"https:\/\/gourmetto.lu\/wp-content\/uploads\/2023\/01\/PXL_20230129_115425552-scaled.jpg","datePublished":"2023-01-19T19:58:05+00:00","dateModified":"2026-02-13T11:12:43+00:00","breadcrumb":{"@id":"https:\/\/gourmetto.lu\/fr\/produit\/ragu-bolognese\/#breadcrumb"},"inLanguage":"fr-FR","potentialAction":[{"@type":"ReadAction","target":["https:\/\/gourmetto.lu\/fr\/produit\/ragu-bolognese\/"]}]},{"@type":"ImageObject","inLanguage":"fr-FR","@id":"https:\/\/gourmetto.lu\/fr\/produit\/ragu-bolognese\/#primaryimage","url":"https:\/\/gourmetto.lu\/wp-content\/uploads\/2023\/01\/PXL_20230129_115425552-scaled.jpg","contentUrl":"https:\/\/gourmetto.lu\/wp-content\/uploads\/2023\/01\/PXL_20230129_115425552-scaled.jpg","width":2560,"height":2560},{"@type":"BreadcrumbList","@id":"https:\/\/gourmetto.lu\/fr\/produit\/ragu-bolognese\/#breadcrumb","itemListElement":[{"@type":"ListItem","position":1,"name":"Home","item":"https:\/\/gourmetto.lu\/fr\/"},{"@type":"ListItem","position":2,"name":"Boutique","item":"https:\/\/gourmetto.lu\/shop\/"},{"@type":"ListItem","position":3,"name":"Sauce Bolognese \u00e0 l&#8217;ancienne"}]},{"@type":"WebSite","@id":"https:\/\/gourmetto.lu\/fr\/#website","url":"https:\/\/gourmetto.lu\/fr\/","name":"Gourmetto","description":"","potentialAction":[{"@type":"SearchAction","target":{"@type":"EntryPoint","urlTemplate":"https:\/\/gourmetto.lu\/fr\/?s={search_term_string}"},"query-input":{"@type":"PropertyValueSpecification","valueRequired":true,"valueName":"search_term_string"}}],"inLanguage":"fr-FR"}]}},"jetpack_sharing_enabled":true,"_links":{"self":[{"href":"https:\/\/gourmetto.lu\/fr\/wp-json\/wp\/v2\/product\/2566","targetHints":{"allow":["GET"]}}],"collection":[{"href":"https:\/\/gourmetto.lu\/fr\/wp-json\/wp\/v2\/product"}],"about":[{"href":"https:\/\/gourmetto.lu\/fr\/wp-json\/wp\/v2\/types\/product"}],"wp:featuredmedia":[{"embeddable":true,"href":"https:\/\/gourmetto.lu\/fr\/wp-json\/wp\/v2\/media\/2643"}],"wp:attachment":[{"href":"https:\/\/gourmetto.lu\/fr\/wp-json\/wp\/v2\/media?parent=2566"}],"wp:term":[{"taxonomy":"product_brand","embeddable":true,"href":"https:\/\/gourmetto.lu\/fr\/wp-json\/wp\/v2\/product_brand?post=2566"},{"taxonomy":"product_cat","embeddable":true,"href":"https:\/\/gourmetto.lu\/fr\/wp-json\/wp\/v2\/product_cat?post=2566"},{"taxonomy":"product_tag","embeddable":true,"href":"https:\/\/gourmetto.lu\/fr\/wp-json\/wp\/v2\/product_tag?post=2566"}],"curies":[{"name":"wp","href":"https:\/\/api.w.org\/{rel}","templated":true}]}}