{"id":2903,"date":"2023-04-27T18:58:37","date_gmt":"2023-04-27T16:58:37","guid":{"rendered":"https:\/\/gourmetto.lu\/?post_type=product&#038;p=2903"},"modified":"2025-06-13T10:41:43","modified_gmt":"2025-06-13T08:41:43","slug":"mandarino","status":"publish","type":"product","link":"https:\/\/gourmetto.lu\/fr\/produit\/mandarino\/","title":{"rendered":"BIO* Soda \u00e0 la mandarine"},"content":{"rendered":"<p>Soda sans alcool.<\/p>\n<p>Doux, parfum\u00e9 et l\u00e9g\u00e8rement floral, ce soda biologique est fabriqu\u00e9 \u00e0 partir de mandarines siciliennes juteuses et des eaux pures de l&rsquo;Etna. L\u00e9g\u00e8rement p\u00e9tillant, c&rsquo;est une alternative d\u00e9licate et aromatique aux boissons aux agrumes habituelles.<\/p>\n<p>On utilise le jus du \u00ab Mandarino Tardivo di Ciaculli \u00bb, qui atteint sa maturit\u00e9 parfaite en mars. Il s&rsquo;agit d&rsquo;une mandarine unique et incomparable, \u00e0 la pulpe juteuse, aromatique et sucr\u00e9e.<\/p>\n<p>&nbsp;<\/p>\n<p>*Certifi\u00e9 biologique par Certisys : LU-BIO-06<\/p>\n","protected":false},"excerpt":{"rendered":"<p>Soda sans alcool. Doux, parfum\u00e9 et l\u00e9g\u00e8rement floral, ce soda biologique est fabriqu\u00e9 \u00e0 partir de mandarines siciliennes juteuses et des eaux pures de l&rsquo;Etna. L\u00e9g\u00e8rement p\u00e9tillant, c&rsquo;est une alternative d\u00e9licate et aromatique aux boissons aux agrumes habituelles. On utilise le jus du \u00ab Mandarino Tardivo di Ciaculli \u00bb, qui atteint sa maturit\u00e9 parfaite en [&hellip;]<\/p>\n","protected":false},"featured_media":5394,"template":"","meta":{"_acf_changed":false},"product_brand":[],"product_cat":[119,112],"product_tag":[],"class_list":{"0":"post-2903","1":"product","2":"type-product","3":"status-publish","4":"has-post-thumbnail","6":"product_cat-biologique-fr","7":"product_cat-boissons-fr","8":"pa_producers-tomarchio-bibite-fr","10":"first","11":"instock","12":"taxable","13":"shipping-taxable","14":"purchasable","15":"product-type-simple"},"bundled_by":[],"bundle_stock_status":"instock","bundle_stock_quantity":38,"bundle_virtual":false,"bundle_layout":"","bundle_add_to_cart_form_location":"","bundle_editable_in_cart":false,"bundle_sold_individually_context":"","bundle_item_grouping":"","bundle_min_size":"","bundle_max_size":"","bundled_items":[],"bundle_sell_ids":[],"acf":[],"yoast_head":"<!-- This site is optimized with the Yoast SEO plugin v25.4 - https:\/\/yoast.com\/wordpress\/plugins\/seo\/ -->\n<title>BIO* Soda \u00e0 la mandarine - Gourmetto<\/title>\n<meta name=\"robots\" content=\"index, follow, max-snippet:-1, max-image-preview:large, max-video-preview:-1\" \/>\n<link rel=\"canonical\" href=\"https:\/\/gourmetto.lu\/fr\/produit\/mandarino\/\" \/>\n<meta property=\"og:locale\" content=\"fr_FR\" \/>\n<meta property=\"og:type\" content=\"article\" \/>\n<meta property=\"og:title\" content=\"BIO* Soda \u00e0 la mandarine - Gourmetto\" \/>\n<meta property=\"og:description\" content=\"Soda sans alcool. Doux, parfum\u00e9 et l\u00e9g\u00e8rement floral, ce soda biologique est fabriqu\u00e9 \u00e0 partir de mandarines siciliennes juteuses et des eaux pures de l&rsquo;Etna. L\u00e9g\u00e8rement p\u00e9tillant, c&rsquo;est une alternative d\u00e9licate et aromatique aux boissons aux agrumes habituelles. On utilise le jus du \u00ab Mandarino Tardivo di Ciaculli \u00bb, qui atteint sa maturit\u00e9 parfaite en [&hellip;]\" \/>\n<meta property=\"og:url\" content=\"https:\/\/gourmetto.lu\/fr\/produit\/mandarino\/\" \/>\n<meta property=\"og:site_name\" content=\"Gourmetto\" \/>\n<meta property=\"article:modified_time\" content=\"2025-06-13T08:41:43+00:00\" \/>\n<meta property=\"og:image\" content=\"https:\/\/gourmetto.lu\/wp-content\/uploads\/2025\/05\/mandarino.jpg\" \/>\n\t<meta property=\"og:image:width\" content=\"2046\" \/>\n\t<meta property=\"og:image:height\" content=\"2048\" \/>\n\t<meta property=\"og:image:type\" content=\"image\/jpeg\" \/>\n<meta name=\"twitter:card\" content=\"summary_large_image\" \/>\n<meta name=\"twitter:label1\" content=\"Dur\u00e9e de lecture estim\u00e9e\" \/>\n\t<meta name=\"twitter:data1\" content=\"1 minute\" \/>\n<script type=\"application\/ld+json\" class=\"yoast-schema-graph\">{\"@context\":\"https:\/\/schema.org\",\"@graph\":[{\"@type\":\"WebPage\",\"@id\":\"https:\/\/gourmetto.lu\/fr\/produit\/mandarino\/\",\"url\":\"https:\/\/gourmetto.lu\/fr\/produit\/mandarino\/\",\"name\":\"BIO* Soda \u00e0 la mandarine - Gourmetto\",\"isPartOf\":{\"@id\":\"https:\/\/gourmetto.lu\/fr\/#website\"},\"primaryImageOfPage\":{\"@id\":\"https:\/\/gourmetto.lu\/fr\/produit\/mandarino\/#primaryimage\"},\"image\":{\"@id\":\"https:\/\/gourmetto.lu\/fr\/produit\/mandarino\/#primaryimage\"},\"thumbnailUrl\":\"https:\/\/gourmetto.lu\/wp-content\/uploads\/2025\/05\/mandarino.jpg\",\"datePublished\":\"2023-04-27T16:58:37+00:00\",\"dateModified\":\"2025-06-13T08:41:43+00:00\",\"breadcrumb\":{\"@id\":\"https:\/\/gourmetto.lu\/fr\/produit\/mandarino\/#breadcrumb\"},\"inLanguage\":\"fr-FR\",\"potentialAction\":[{\"@type\":\"ReadAction\",\"target\":[\"https:\/\/gourmetto.lu\/fr\/produit\/mandarino\/\"]}]},{\"@type\":\"ImageObject\",\"inLanguage\":\"fr-FR\",\"@id\":\"https:\/\/gourmetto.lu\/fr\/produit\/mandarino\/#primaryimage\",\"url\":\"https:\/\/gourmetto.lu\/wp-content\/uploads\/2025\/05\/mandarino.jpg\",\"contentUrl\":\"https:\/\/gourmetto.lu\/wp-content\/uploads\/2025\/05\/mandarino.jpg\",\"width\":2046,\"height\":2048},{\"@type\":\"BreadcrumbList\",\"@id\":\"https:\/\/gourmetto.lu\/fr\/produit\/mandarino\/#breadcrumb\",\"itemListElement\":[{\"@type\":\"ListItem\",\"position\":1,\"name\":\"Home\",\"item\":\"https:\/\/gourmetto.lu\/fr\/\"},{\"@type\":\"ListItem\",\"position\":2,\"name\":\"Boutique\",\"item\":\"https:\/\/gourmetto.lu\/shop\/\"},{\"@type\":\"ListItem\",\"position\":3,\"name\":\"BIO* Soda \u00e0 la mandarine\"}]},{\"@type\":\"WebSite\",\"@id\":\"https:\/\/gourmetto.lu\/fr\/#website\",\"url\":\"https:\/\/gourmetto.lu\/fr\/\",\"name\":\"Gourmetto\",\"description\":\"\",\"potentialAction\":[{\"@type\":\"SearchAction\",\"target\":{\"@type\":\"EntryPoint\",\"urlTemplate\":\"https:\/\/gourmetto.lu\/fr\/?s={search_term_string}\"},\"query-input\":{\"@type\":\"PropertyValueSpecification\",\"valueRequired\":true,\"valueName\":\"search_term_string\"}}],\"inLanguage\":\"fr-FR\"}]}<\/script>\n<!-- \/ Yoast SEO plugin. -->","yoast_head_json":{"title":"BIO* Soda \u00e0 la mandarine - Gourmetto","robots":{"index":"index","follow":"follow","max-snippet":"max-snippet:-1","max-image-preview":"max-image-preview:large","max-video-preview":"max-video-preview:-1"},"canonical":"https:\/\/gourmetto.lu\/fr\/produit\/mandarino\/","og_locale":"fr_FR","og_type":"article","og_title":"BIO* Soda \u00e0 la mandarine - Gourmetto","og_description":"Soda sans alcool. Doux, parfum\u00e9 et l\u00e9g\u00e8rement floral, ce soda biologique est fabriqu\u00e9 \u00e0 partir de mandarines siciliennes juteuses et des eaux pures de l&rsquo;Etna. L\u00e9g\u00e8rement p\u00e9tillant, c&rsquo;est une alternative d\u00e9licate et aromatique aux boissons aux agrumes habituelles. On utilise le jus du \u00ab Mandarino Tardivo di Ciaculli \u00bb, qui atteint sa maturit\u00e9 parfaite en [&hellip;]","og_url":"https:\/\/gourmetto.lu\/fr\/produit\/mandarino\/","og_site_name":"Gourmetto","article_modified_time":"2025-06-13T08:41:43+00:00","og_image":[{"width":2046,"height":2048,"url":"https:\/\/gourmetto.lu\/wp-content\/uploads\/2025\/05\/mandarino.jpg","type":"image\/jpeg"}],"twitter_card":"summary_large_image","twitter_misc":{"Dur\u00e9e de lecture estim\u00e9e":"1 minute"},"schema":{"@context":"https:\/\/schema.org","@graph":[{"@type":"WebPage","@id":"https:\/\/gourmetto.lu\/fr\/produit\/mandarino\/","url":"https:\/\/gourmetto.lu\/fr\/produit\/mandarino\/","name":"BIO* Soda \u00e0 la mandarine - Gourmetto","isPartOf":{"@id":"https:\/\/gourmetto.lu\/fr\/#website"},"primaryImageOfPage":{"@id":"https:\/\/gourmetto.lu\/fr\/produit\/mandarino\/#primaryimage"},"image":{"@id":"https:\/\/gourmetto.lu\/fr\/produit\/mandarino\/#primaryimage"},"thumbnailUrl":"https:\/\/gourmetto.lu\/wp-content\/uploads\/2025\/05\/mandarino.jpg","datePublished":"2023-04-27T16:58:37+00:00","dateModified":"2025-06-13T08:41:43+00:00","breadcrumb":{"@id":"https:\/\/gourmetto.lu\/fr\/produit\/mandarino\/#breadcrumb"},"inLanguage":"fr-FR","potentialAction":[{"@type":"ReadAction","target":["https:\/\/gourmetto.lu\/fr\/produit\/mandarino\/"]}]},{"@type":"ImageObject","inLanguage":"fr-FR","@id":"https:\/\/gourmetto.lu\/fr\/produit\/mandarino\/#primaryimage","url":"https:\/\/gourmetto.lu\/wp-content\/uploads\/2025\/05\/mandarino.jpg","contentUrl":"https:\/\/gourmetto.lu\/wp-content\/uploads\/2025\/05\/mandarino.jpg","width":2046,"height":2048},{"@type":"BreadcrumbList","@id":"https:\/\/gourmetto.lu\/fr\/produit\/mandarino\/#breadcrumb","itemListElement":[{"@type":"ListItem","position":1,"name":"Home","item":"https:\/\/gourmetto.lu\/fr\/"},{"@type":"ListItem","position":2,"name":"Boutique","item":"https:\/\/gourmetto.lu\/shop\/"},{"@type":"ListItem","position":3,"name":"BIO* Soda \u00e0 la mandarine"}]},{"@type":"WebSite","@id":"https:\/\/gourmetto.lu\/fr\/#website","url":"https:\/\/gourmetto.lu\/fr\/","name":"Gourmetto","description":"","potentialAction":[{"@type":"SearchAction","target":{"@type":"EntryPoint","urlTemplate":"https:\/\/gourmetto.lu\/fr\/?s={search_term_string}"},"query-input":{"@type":"PropertyValueSpecification","valueRequired":true,"valueName":"search_term_string"}}],"inLanguage":"fr-FR"}]}},"jetpack_sharing_enabled":true,"_links":{"self":[{"href":"https:\/\/gourmetto.lu\/fr\/wp-json\/wp\/v2\/product\/2903","targetHints":{"allow":["GET"]}}],"collection":[{"href":"https:\/\/gourmetto.lu\/fr\/wp-json\/wp\/v2\/product"}],"about":[{"href":"https:\/\/gourmetto.lu\/fr\/wp-json\/wp\/v2\/types\/product"}],"wp:featuredmedia":[{"embeddable":true,"href":"https:\/\/gourmetto.lu\/fr\/wp-json\/wp\/v2\/media\/5394"}],"wp:attachment":[{"href":"https:\/\/gourmetto.lu\/fr\/wp-json\/wp\/v2\/media?parent=2903"}],"wp:term":[{"taxonomy":"product_brand","embeddable":true,"href":"https:\/\/gourmetto.lu\/fr\/wp-json\/wp\/v2\/product_brand?post=2903"},{"taxonomy":"product_cat","embeddable":true,"href":"https:\/\/gourmetto.lu\/fr\/wp-json\/wp\/v2\/product_cat?post=2903"},{"taxonomy":"product_tag","embeddable":true,"href":"https:\/\/gourmetto.lu\/fr\/wp-json\/wp\/v2\/product_tag?post=2903"}],"curies":[{"name":"wp","href":"https:\/\/api.w.org\/{rel}","templated":true}]}}