{"id":2915,"date":"2023-04-27T19:17:08","date_gmt":"2023-04-27T17:17:08","guid":{"rendered":"https:\/\/gourmetto.lu\/?post_type=product&#038;p=2915"},"modified":"2026-03-11T17:36:41","modified_gmt":"2026-03-11T16:36:41","slug":"pecorinoromano","status":"publish","type":"product","link":"https:\/\/gourmetto.lu\/fr\/produit\/pecorinoromano\/","title":{"rendered":"Pecorino Romano DOP"},"content":{"rendered":"<p>Ce fromage de brebis traditionnel, produit dans les collines du centre de l&rsquo;Italie, est le fromage le plus utilis\u00e9 dans la cuisine romaine, en particulier pour les sauces de p\u00e2tes, mais aussi pour de nombreuses autres recettes. Il est connu pour sa saveur sal\u00e9e et piquante et sa texture fondante.<\/p>\n<p>Les formes sont produites par des fromagers artisanaux dans la r\u00e9gion d&rsquo;origine, puis affin\u00e9es par nos chers amis de Cantarelli, qui se chargent de l&rsquo;affinage final dans leurs grottes traditionnelles en pierre.<\/p>\n","protected":false},"excerpt":{"rendered":"<p>Ce fromage de brebis traditionnel, produit dans les collines du centre de l&rsquo;Italie, est le fromage le plus utilis\u00e9 dans la cuisine romaine, en particulier pour les sauces de p\u00e2tes, mais aussi pour de nombreuses autres recettes. Il est connu pour sa saveur sal\u00e9e et piquante et sa texture fondante. Les formes sont produites par [&hellip;]<\/p>\n","protected":false},"featured_media":3238,"template":"","meta":{"_acf_changed":false},"product_brand":[],"product_cat":[113],"product_tag":[],"class_list":{"0":"post-2915","1":"product","2":"type-product","3":"status-publish","4":"has-post-thumbnail","6":"product_cat-fromages-fr","7":"pa_producers-cantarelli-dal-1876-fr","9":"first","10":"instock","11":"taxable","12":"shipping-taxable","13":"purchasable","14":"product-type-simple"},"bundled_by":[],"bundle_stock_status":"instock","bundle_stock_quantity":3,"bundle_virtual":false,"bundle_layout":"","bundle_add_to_cart_form_location":"","bundle_editable_in_cart":false,"bundle_sold_individually_context":"","bundle_item_grouping":"","bundle_min_size":"","bundle_max_size":"","bundled_items":[],"bundle_sell_ids":[],"acf":[],"yoast_head":"<!-- This site is optimized with the Yoast SEO plugin v25.4 - https:\/\/yoast.com\/wordpress\/plugins\/seo\/ -->\n<title>Pecorino Romano DOP - Gourmetto<\/title>\n<meta name=\"robots\" content=\"index, follow, max-snippet:-1, max-image-preview:large, max-video-preview:-1\" \/>\n<link rel=\"canonical\" href=\"https:\/\/gourmetto.lu\/fr\/produit\/pecorinoromano\/\" \/>\n<meta property=\"og:locale\" content=\"fr_FR\" \/>\n<meta property=\"og:type\" content=\"article\" \/>\n<meta property=\"og:title\" content=\"Pecorino Romano DOP - Gourmetto\" \/>\n<meta property=\"og:description\" content=\"Ce fromage de brebis traditionnel, produit dans les collines du centre de l&rsquo;Italie, est le fromage le plus utilis\u00e9 dans la cuisine romaine, en particulier pour les sauces de p\u00e2tes, mais aussi pour de nombreuses autres recettes. Il est connu pour sa saveur sal\u00e9e et piquante et sa texture fondante. Les formes sont produites par [&hellip;]\" \/>\n<meta property=\"og:url\" content=\"https:\/\/gourmetto.lu\/fr\/produit\/pecorinoromano\/\" \/>\n<meta property=\"og:site_name\" content=\"Gourmetto\" \/>\n<meta property=\"article:modified_time\" content=\"2026-03-11T16:36:41+00:00\" \/>\n<meta property=\"og:image\" content=\"https:\/\/gourmetto.lu\/wp-content\/uploads\/2023\/04\/PXL_20230805_135357178.PORTRAIT.ORIGINAL-scaled.jpg\" \/>\n\t<meta property=\"og:image:width\" content=\"2560\" \/>\n\t<meta property=\"og:image:height\" content=\"2560\" \/>\n\t<meta property=\"og:image:type\" content=\"image\/jpeg\" \/>\n<meta name=\"twitter:card\" content=\"summary_large_image\" \/>\n<meta name=\"twitter:label1\" content=\"Dur\u00e9e de lecture estim\u00e9e\" \/>\n\t<meta name=\"twitter:data1\" content=\"1 minute\" \/>\n<script type=\"application\/ld+json\" class=\"yoast-schema-graph\">{\"@context\":\"https:\/\/schema.org\",\"@graph\":[{\"@type\":\"WebPage\",\"@id\":\"https:\/\/gourmetto.lu\/fr\/produit\/pecorinoromano\/\",\"url\":\"https:\/\/gourmetto.lu\/fr\/produit\/pecorinoromano\/\",\"name\":\"Pecorino Romano DOP - Gourmetto\",\"isPartOf\":{\"@id\":\"https:\/\/gourmetto.lu\/fr\/#website\"},\"primaryImageOfPage\":{\"@id\":\"https:\/\/gourmetto.lu\/fr\/produit\/pecorinoromano\/#primaryimage\"},\"image\":{\"@id\":\"https:\/\/gourmetto.lu\/fr\/produit\/pecorinoromano\/#primaryimage\"},\"thumbnailUrl\":\"https:\/\/gourmetto.lu\/wp-content\/uploads\/2023\/04\/PXL_20230805_135357178.PORTRAIT.ORIGINAL-scaled.jpg\",\"datePublished\":\"2023-04-27T17:17:08+00:00\",\"dateModified\":\"2026-03-11T16:36:41+00:00\",\"breadcrumb\":{\"@id\":\"https:\/\/gourmetto.lu\/fr\/produit\/pecorinoromano\/#breadcrumb\"},\"inLanguage\":\"fr-FR\",\"potentialAction\":[{\"@type\":\"ReadAction\",\"target\":[\"https:\/\/gourmetto.lu\/fr\/produit\/pecorinoromano\/\"]}]},{\"@type\":\"ImageObject\",\"inLanguage\":\"fr-FR\",\"@id\":\"https:\/\/gourmetto.lu\/fr\/produit\/pecorinoromano\/#primaryimage\",\"url\":\"https:\/\/gourmetto.lu\/wp-content\/uploads\/2023\/04\/PXL_20230805_135357178.PORTRAIT.ORIGINAL-scaled.jpg\",\"contentUrl\":\"https:\/\/gourmetto.lu\/wp-content\/uploads\/2023\/04\/PXL_20230805_135357178.PORTRAIT.ORIGINAL-scaled.jpg\",\"width\":2560,\"height\":2560},{\"@type\":\"BreadcrumbList\",\"@id\":\"https:\/\/gourmetto.lu\/fr\/produit\/pecorinoromano\/#breadcrumb\",\"itemListElement\":[{\"@type\":\"ListItem\",\"position\":1,\"name\":\"Home\",\"item\":\"https:\/\/gourmetto.lu\/fr\/\"},{\"@type\":\"ListItem\",\"position\":2,\"name\":\"Boutique\",\"item\":\"https:\/\/gourmetto.lu\/shop\/\"},{\"@type\":\"ListItem\",\"position\":3,\"name\":\"Pecorino Romano DOP\"}]},{\"@type\":\"WebSite\",\"@id\":\"https:\/\/gourmetto.lu\/fr\/#website\",\"url\":\"https:\/\/gourmetto.lu\/fr\/\",\"name\":\"Gourmetto\",\"description\":\"\",\"potentialAction\":[{\"@type\":\"SearchAction\",\"target\":{\"@type\":\"EntryPoint\",\"urlTemplate\":\"https:\/\/gourmetto.lu\/fr\/?s={search_term_string}\"},\"query-input\":{\"@type\":\"PropertyValueSpecification\",\"valueRequired\":true,\"valueName\":\"search_term_string\"}}],\"inLanguage\":\"fr-FR\"}]}<\/script>\n<!-- \/ Yoast SEO plugin. -->","yoast_head_json":{"title":"Pecorino Romano DOP - Gourmetto","robots":{"index":"index","follow":"follow","max-snippet":"max-snippet:-1","max-image-preview":"max-image-preview:large","max-video-preview":"max-video-preview:-1"},"canonical":"https:\/\/gourmetto.lu\/fr\/produit\/pecorinoromano\/","og_locale":"fr_FR","og_type":"article","og_title":"Pecorino Romano DOP - Gourmetto","og_description":"Ce fromage de brebis traditionnel, produit dans les collines du centre de l&rsquo;Italie, est le fromage le plus utilis\u00e9 dans la cuisine romaine, en particulier pour les sauces de p\u00e2tes, mais aussi pour de nombreuses autres recettes. Il est connu pour sa saveur sal\u00e9e et piquante et sa texture fondante. Les formes sont produites par [&hellip;]","og_url":"https:\/\/gourmetto.lu\/fr\/produit\/pecorinoromano\/","og_site_name":"Gourmetto","article_modified_time":"2026-03-11T16:36:41+00:00","og_image":[{"width":2560,"height":2560,"url":"https:\/\/gourmetto.lu\/wp-content\/uploads\/2023\/04\/PXL_20230805_135357178.PORTRAIT.ORIGINAL-scaled.jpg","type":"image\/jpeg"}],"twitter_card":"summary_large_image","twitter_misc":{"Dur\u00e9e de lecture estim\u00e9e":"1 minute"},"schema":{"@context":"https:\/\/schema.org","@graph":[{"@type":"WebPage","@id":"https:\/\/gourmetto.lu\/fr\/produit\/pecorinoromano\/","url":"https:\/\/gourmetto.lu\/fr\/produit\/pecorinoromano\/","name":"Pecorino Romano DOP - Gourmetto","isPartOf":{"@id":"https:\/\/gourmetto.lu\/fr\/#website"},"primaryImageOfPage":{"@id":"https:\/\/gourmetto.lu\/fr\/produit\/pecorinoromano\/#primaryimage"},"image":{"@id":"https:\/\/gourmetto.lu\/fr\/produit\/pecorinoromano\/#primaryimage"},"thumbnailUrl":"https:\/\/gourmetto.lu\/wp-content\/uploads\/2023\/04\/PXL_20230805_135357178.PORTRAIT.ORIGINAL-scaled.jpg","datePublished":"2023-04-27T17:17:08+00:00","dateModified":"2026-03-11T16:36:41+00:00","breadcrumb":{"@id":"https:\/\/gourmetto.lu\/fr\/produit\/pecorinoromano\/#breadcrumb"},"inLanguage":"fr-FR","potentialAction":[{"@type":"ReadAction","target":["https:\/\/gourmetto.lu\/fr\/produit\/pecorinoromano\/"]}]},{"@type":"ImageObject","inLanguage":"fr-FR","@id":"https:\/\/gourmetto.lu\/fr\/produit\/pecorinoromano\/#primaryimage","url":"https:\/\/gourmetto.lu\/wp-content\/uploads\/2023\/04\/PXL_20230805_135357178.PORTRAIT.ORIGINAL-scaled.jpg","contentUrl":"https:\/\/gourmetto.lu\/wp-content\/uploads\/2023\/04\/PXL_20230805_135357178.PORTRAIT.ORIGINAL-scaled.jpg","width":2560,"height":2560},{"@type":"BreadcrumbList","@id":"https:\/\/gourmetto.lu\/fr\/produit\/pecorinoromano\/#breadcrumb","itemListElement":[{"@type":"ListItem","position":1,"name":"Home","item":"https:\/\/gourmetto.lu\/fr\/"},{"@type":"ListItem","position":2,"name":"Boutique","item":"https:\/\/gourmetto.lu\/shop\/"},{"@type":"ListItem","position":3,"name":"Pecorino Romano DOP"}]},{"@type":"WebSite","@id":"https:\/\/gourmetto.lu\/fr\/#website","url":"https:\/\/gourmetto.lu\/fr\/","name":"Gourmetto","description":"","potentialAction":[{"@type":"SearchAction","target":{"@type":"EntryPoint","urlTemplate":"https:\/\/gourmetto.lu\/fr\/?s={search_term_string}"},"query-input":{"@type":"PropertyValueSpecification","valueRequired":true,"valueName":"search_term_string"}}],"inLanguage":"fr-FR"}]}},"jetpack_sharing_enabled":true,"_links":{"self":[{"href":"https:\/\/gourmetto.lu\/fr\/wp-json\/wp\/v2\/product\/2915","targetHints":{"allow":["GET"]}}],"collection":[{"href":"https:\/\/gourmetto.lu\/fr\/wp-json\/wp\/v2\/product"}],"about":[{"href":"https:\/\/gourmetto.lu\/fr\/wp-json\/wp\/v2\/types\/product"}],"wp:featuredmedia":[{"embeddable":true,"href":"https:\/\/gourmetto.lu\/fr\/wp-json\/wp\/v2\/media\/3238"}],"wp:attachment":[{"href":"https:\/\/gourmetto.lu\/fr\/wp-json\/wp\/v2\/media?parent=2915"}],"wp:term":[{"taxonomy":"product_brand","embeddable":true,"href":"https:\/\/gourmetto.lu\/fr\/wp-json\/wp\/v2\/product_brand?post=2915"},{"taxonomy":"product_cat","embeddable":true,"href":"https:\/\/gourmetto.lu\/fr\/wp-json\/wp\/v2\/product_cat?post=2915"},{"taxonomy":"product_tag","embeddable":true,"href":"https:\/\/gourmetto.lu\/fr\/wp-json\/wp\/v2\/product_tag?post=2915"}],"curies":[{"name":"wp","href":"https:\/\/api.w.org\/{rel}","templated":true}]}}