{"id":3053,"date":"2023-05-25T16:56:51","date_gmt":"2023-05-25T14:56:51","guid":{"rendered":"https:\/\/gourmetto.lu\/?post_type=product&#038;p=3053"},"modified":"2025-12-19T15:04:01","modified_gmt":"2025-12-19T14:04:01","slug":"grissiniolio-2","status":"publish","type":"product","link":"https:\/\/gourmetto.lu\/fr\/produit\/grissiniolio-2\/","title":{"rendered":"Grissini levain \u00e0 l&rsquo;huile d&rsquo;olive extra vi\u00e8rge"},"content":{"rendered":"<p>Ces gressins classiques sont fabriqu\u00e9s selon une vieille recette traditionnelle, avec du levain naturel, fa\u00e7onn\u00e9s \u00e0 la main un par un et lev\u00e9s pendant 24 heures.<\/p>\n<p>Le r\u00e9sultat est un gressin croustillant et cassant, avec la richesse classique de l&rsquo;huile d&rsquo;olive.<\/p>\n<p>&nbsp;<\/p>\n","protected":false},"excerpt":{"rendered":"<p>Ces gressins classiques sont fabriqu\u00e9s selon une vieille recette traditionnelle, avec du levain naturel, fa\u00e7onn\u00e9s \u00e0 la main un par un et lev\u00e9s pendant 24 heures. Le r\u00e9sultat est un gressin croustillant et cassant, avec la richesse classique de l&rsquo;huile d&rsquo;olive. &nbsp;<\/p>\n","protected":false},"featured_media":3134,"template":"","meta":{"_acf_changed":false},"product_brand":[],"product_cat":[173,118],"product_tag":[],"class_list":{"0":"post-3053","1":"product","2":"type-product","3":"status-publish","4":"has-post-thumbnail","6":"product_cat-forno-fr","7":"product_cat-vegetarien-fr","8":"pa_producers-gusto-squisito-fr","10":"first","11":"outofstock","12":"taxable","13":"shipping-taxable","14":"purchasable","15":"product-type-simple"},"bundled_by":[],"bundle_stock_status":"outofstock","bundle_stock_quantity":0,"bundle_virtual":false,"bundle_layout":"","bundle_add_to_cart_form_location":"","bundle_editable_in_cart":false,"bundle_sold_individually_context":"","bundle_item_grouping":"","bundle_min_size":"","bundle_max_size":"","bundled_items":[],"bundle_sell_ids":[],"acf":[],"yoast_head":"<!-- This site is optimized with the Yoast SEO plugin v25.4 - https:\/\/yoast.com\/wordpress\/plugins\/seo\/ -->\n<title>Grissini levain \u00e0 l&#039;huile d&#039;olive extra vi\u00e8rge - Gourmetto<\/title>\n<meta name=\"robots\" content=\"index, follow, max-snippet:-1, max-image-preview:large, max-video-preview:-1\" \/>\n<link rel=\"canonical\" href=\"https:\/\/gourmetto.lu\/fr\/produit\/grissiniolio-2\/\" \/>\n<meta property=\"og:locale\" content=\"fr_FR\" \/>\n<meta property=\"og:type\" content=\"article\" \/>\n<meta property=\"og:title\" content=\"Grissini levain \u00e0 l&#039;huile d&#039;olive extra vi\u00e8rge - Gourmetto\" \/>\n<meta property=\"og:description\" content=\"Ces gressins classiques sont fabriqu\u00e9s selon une vieille recette traditionnelle, avec du levain naturel, fa\u00e7onn\u00e9s \u00e0 la main un par un et lev\u00e9s pendant 24 heures. Le r\u00e9sultat est un gressin croustillant et cassant, avec la richesse classique de l&rsquo;huile d&rsquo;olive. &nbsp;\" \/>\n<meta property=\"og:url\" content=\"https:\/\/gourmetto.lu\/fr\/produit\/grissiniolio-2\/\" \/>\n<meta property=\"og:site_name\" content=\"Gourmetto\" \/>\n<meta property=\"article:modified_time\" content=\"2025-12-19T14:04:01+00:00\" \/>\n<meta property=\"og:image\" content=\"https:\/\/gourmetto.lu\/wp-content\/uploads\/2023\/05\/PXL_20230605_172914167.MP_-scaled.jpg\" \/>\n\t<meta property=\"og:image:width\" content=\"2560\" \/>\n\t<meta property=\"og:image:height\" content=\"2560\" \/>\n\t<meta property=\"og:image:type\" content=\"image\/jpeg\" \/>\n<meta name=\"twitter:card\" content=\"summary_large_image\" \/>\n<meta name=\"twitter:label1\" content=\"Dur\u00e9e de lecture estim\u00e9e\" \/>\n\t<meta name=\"twitter:data1\" content=\"1 minute\" \/>\n<script type=\"application\/ld+json\" class=\"yoast-schema-graph\">{\"@context\":\"https:\/\/schema.org\",\"@graph\":[{\"@type\":\"WebPage\",\"@id\":\"https:\/\/gourmetto.lu\/fr\/produit\/grissiniolio-2\/\",\"url\":\"https:\/\/gourmetto.lu\/fr\/produit\/grissiniolio-2\/\",\"name\":\"Grissini levain \u00e0 l'huile d'olive extra vi\u00e8rge - Gourmetto\",\"isPartOf\":{\"@id\":\"https:\/\/gourmetto.lu\/fr\/#website\"},\"primaryImageOfPage\":{\"@id\":\"https:\/\/gourmetto.lu\/fr\/produit\/grissiniolio-2\/#primaryimage\"},\"image\":{\"@id\":\"https:\/\/gourmetto.lu\/fr\/produit\/grissiniolio-2\/#primaryimage\"},\"thumbnailUrl\":\"https:\/\/gourmetto.lu\/wp-content\/uploads\/2023\/05\/PXL_20230605_172914167.MP_-scaled.jpg\",\"datePublished\":\"2023-05-25T14:56:51+00:00\",\"dateModified\":\"2025-12-19T14:04:01+00:00\",\"breadcrumb\":{\"@id\":\"https:\/\/gourmetto.lu\/fr\/produit\/grissiniolio-2\/#breadcrumb\"},\"inLanguage\":\"fr-FR\",\"potentialAction\":[{\"@type\":\"ReadAction\",\"target\":[\"https:\/\/gourmetto.lu\/fr\/produit\/grissiniolio-2\/\"]}]},{\"@type\":\"ImageObject\",\"inLanguage\":\"fr-FR\",\"@id\":\"https:\/\/gourmetto.lu\/fr\/produit\/grissiniolio-2\/#primaryimage\",\"url\":\"https:\/\/gourmetto.lu\/wp-content\/uploads\/2023\/05\/PXL_20230605_172914167.MP_-scaled.jpg\",\"contentUrl\":\"https:\/\/gourmetto.lu\/wp-content\/uploads\/2023\/05\/PXL_20230605_172914167.MP_-scaled.jpg\",\"width\":2560,\"height\":2560},{\"@type\":\"BreadcrumbList\",\"@id\":\"https:\/\/gourmetto.lu\/fr\/produit\/grissiniolio-2\/#breadcrumb\",\"itemListElement\":[{\"@type\":\"ListItem\",\"position\":1,\"name\":\"Home\",\"item\":\"https:\/\/gourmetto.lu\/fr\/\"},{\"@type\":\"ListItem\",\"position\":2,\"name\":\"Boutique\",\"item\":\"https:\/\/gourmetto.lu\/shop\/\"},{\"@type\":\"ListItem\",\"position\":3,\"name\":\"Grissini levain \u00e0 l&#8217;huile d&#8217;olive extra vi\u00e8rge\"}]},{\"@type\":\"WebSite\",\"@id\":\"https:\/\/gourmetto.lu\/fr\/#website\",\"url\":\"https:\/\/gourmetto.lu\/fr\/\",\"name\":\"Gourmetto\",\"description\":\"\",\"potentialAction\":[{\"@type\":\"SearchAction\",\"target\":{\"@type\":\"EntryPoint\",\"urlTemplate\":\"https:\/\/gourmetto.lu\/fr\/?s={search_term_string}\"},\"query-input\":{\"@type\":\"PropertyValueSpecification\",\"valueRequired\":true,\"valueName\":\"search_term_string\"}}],\"inLanguage\":\"fr-FR\"}]}<\/script>\n<!-- \/ Yoast SEO plugin. -->","yoast_head_json":{"title":"Grissini levain \u00e0 l'huile d'olive extra vi\u00e8rge - Gourmetto","robots":{"index":"index","follow":"follow","max-snippet":"max-snippet:-1","max-image-preview":"max-image-preview:large","max-video-preview":"max-video-preview:-1"},"canonical":"https:\/\/gourmetto.lu\/fr\/produit\/grissiniolio-2\/","og_locale":"fr_FR","og_type":"article","og_title":"Grissini levain \u00e0 l'huile d'olive extra vi\u00e8rge - Gourmetto","og_description":"Ces gressins classiques sont fabriqu\u00e9s selon une vieille recette traditionnelle, avec du levain naturel, fa\u00e7onn\u00e9s \u00e0 la main un par un et lev\u00e9s pendant 24 heures. Le r\u00e9sultat est un gressin croustillant et cassant, avec la richesse classique de l&rsquo;huile d&rsquo;olive. &nbsp;","og_url":"https:\/\/gourmetto.lu\/fr\/produit\/grissiniolio-2\/","og_site_name":"Gourmetto","article_modified_time":"2025-12-19T14:04:01+00:00","og_image":[{"width":2560,"height":2560,"url":"https:\/\/gourmetto.lu\/wp-content\/uploads\/2023\/05\/PXL_20230605_172914167.MP_-scaled.jpg","type":"image\/jpeg"}],"twitter_card":"summary_large_image","twitter_misc":{"Dur\u00e9e de lecture estim\u00e9e":"1 minute"},"schema":{"@context":"https:\/\/schema.org","@graph":[{"@type":"WebPage","@id":"https:\/\/gourmetto.lu\/fr\/produit\/grissiniolio-2\/","url":"https:\/\/gourmetto.lu\/fr\/produit\/grissiniolio-2\/","name":"Grissini levain \u00e0 l'huile d'olive extra vi\u00e8rge - Gourmetto","isPartOf":{"@id":"https:\/\/gourmetto.lu\/fr\/#website"},"primaryImageOfPage":{"@id":"https:\/\/gourmetto.lu\/fr\/produit\/grissiniolio-2\/#primaryimage"},"image":{"@id":"https:\/\/gourmetto.lu\/fr\/produit\/grissiniolio-2\/#primaryimage"},"thumbnailUrl":"https:\/\/gourmetto.lu\/wp-content\/uploads\/2023\/05\/PXL_20230605_172914167.MP_-scaled.jpg","datePublished":"2023-05-25T14:56:51+00:00","dateModified":"2025-12-19T14:04:01+00:00","breadcrumb":{"@id":"https:\/\/gourmetto.lu\/fr\/produit\/grissiniolio-2\/#breadcrumb"},"inLanguage":"fr-FR","potentialAction":[{"@type":"ReadAction","target":["https:\/\/gourmetto.lu\/fr\/produit\/grissiniolio-2\/"]}]},{"@type":"ImageObject","inLanguage":"fr-FR","@id":"https:\/\/gourmetto.lu\/fr\/produit\/grissiniolio-2\/#primaryimage","url":"https:\/\/gourmetto.lu\/wp-content\/uploads\/2023\/05\/PXL_20230605_172914167.MP_-scaled.jpg","contentUrl":"https:\/\/gourmetto.lu\/wp-content\/uploads\/2023\/05\/PXL_20230605_172914167.MP_-scaled.jpg","width":2560,"height":2560},{"@type":"BreadcrumbList","@id":"https:\/\/gourmetto.lu\/fr\/produit\/grissiniolio-2\/#breadcrumb","itemListElement":[{"@type":"ListItem","position":1,"name":"Home","item":"https:\/\/gourmetto.lu\/fr\/"},{"@type":"ListItem","position":2,"name":"Boutique","item":"https:\/\/gourmetto.lu\/shop\/"},{"@type":"ListItem","position":3,"name":"Grissini levain \u00e0 l&#8217;huile d&#8217;olive extra vi\u00e8rge"}]},{"@type":"WebSite","@id":"https:\/\/gourmetto.lu\/fr\/#website","url":"https:\/\/gourmetto.lu\/fr\/","name":"Gourmetto","description":"","potentialAction":[{"@type":"SearchAction","target":{"@type":"EntryPoint","urlTemplate":"https:\/\/gourmetto.lu\/fr\/?s={search_term_string}"},"query-input":{"@type":"PropertyValueSpecification","valueRequired":true,"valueName":"search_term_string"}}],"inLanguage":"fr-FR"}]}},"jetpack_sharing_enabled":true,"_links":{"self":[{"href":"https:\/\/gourmetto.lu\/fr\/wp-json\/wp\/v2\/product\/3053","targetHints":{"allow":["GET"]}}],"collection":[{"href":"https:\/\/gourmetto.lu\/fr\/wp-json\/wp\/v2\/product"}],"about":[{"href":"https:\/\/gourmetto.lu\/fr\/wp-json\/wp\/v2\/types\/product"}],"wp:featuredmedia":[{"embeddable":true,"href":"https:\/\/gourmetto.lu\/fr\/wp-json\/wp\/v2\/media\/3134"}],"wp:attachment":[{"href":"https:\/\/gourmetto.lu\/fr\/wp-json\/wp\/v2\/media?parent=3053"}],"wp:term":[{"taxonomy":"product_brand","embeddable":true,"href":"https:\/\/gourmetto.lu\/fr\/wp-json\/wp\/v2\/product_brand?post=3053"},{"taxonomy":"product_cat","embeddable":true,"href":"https:\/\/gourmetto.lu\/fr\/wp-json\/wp\/v2\/product_cat?post=3053"},{"taxonomy":"product_tag","embeddable":true,"href":"https:\/\/gourmetto.lu\/fr\/wp-json\/wp\/v2\/product_tag?post=3053"}],"curies":[{"name":"wp","href":"https:\/\/api.w.org\/{rel}","templated":true}]}}