{"id":3228,"date":"2023-08-08T16:29:44","date_gmt":"2023-08-08T14:29:44","guid":{"rendered":"https:\/\/gourmetto.lu\/?post_type=product&#038;p=3228"},"modified":"2026-02-13T12:25:56","modified_gmt":"2026-02-13T11:25:56","slug":"gustosettisesamo","status":"publish","type":"product","link":"https:\/\/gourmetto.lu\/fr\/produit\/gustosettisesamo\/","title":{"rendered":"Taralli b\u00e2tonnets au s\u00e9same"},"content":{"rendered":"<p>Ces petits grissini sont fabriqu\u00e9s avec le m\u00eame soin et la m\u00eame passion que leurs grands fr\u00e8res, selon une vieille recette traditionnelle, fa\u00e7onn\u00e9 \u00e0 la main un par un.<\/p>\n<p>Le r\u00e9sultat est un morceau de pain croustillant et friable, d&rsquo;une taille id\u00e9ale pour le snacking, et au go\u00fbt de sesame.<\/p>\n<p>&nbsp;<\/p>\n","protected":false},"excerpt":{"rendered":"<p>Ces petits grissini sont fabriqu\u00e9s avec le m\u00eame soin et la m\u00eame passion que leurs grands fr\u00e8res, selon une vieille recette traditionnelle, fa\u00e7onn\u00e9 \u00e0 la main un par un. Le r\u00e9sultat est un morceau de pain croustillant et friable, d&rsquo;une taille id\u00e9ale pour le snacking, et au go\u00fbt de sesame. &nbsp;<\/p>\n","protected":false},"featured_media":3235,"template":"","meta":{"_acf_changed":false},"product_brand":[],"product_cat":[173,118],"product_tag":[],"class_list":{"0":"post-3228","1":"product","2":"type-product","3":"status-publish","4":"has-post-thumbnail","6":"product_cat-forno-fr","7":"product_cat-vegetarien-fr","8":"pa_producers-gusto-squisito-fr","10":"first","11":"outofstock","12":"taxable","13":"shipping-taxable","14":"purchasable","15":"product-type-simple"},"bundled_by":[],"bundle_stock_status":"outofstock","bundle_stock_quantity":0,"bundle_virtual":false,"bundle_layout":"","bundle_add_to_cart_form_location":"","bundle_editable_in_cart":false,"bundle_sold_individually_context":"","bundle_item_grouping":"","bundle_min_size":"","bundle_max_size":"","bundled_items":[],"bundle_sell_ids":[],"acf":[],"yoast_head":"<!-- This site is optimized with the Yoast SEO plugin v25.4 - https:\/\/yoast.com\/wordpress\/plugins\/seo\/ -->\n<title>Taralli b\u00e2tonnets au s\u00e9same - Gourmetto<\/title>\n<meta name=\"robots\" content=\"index, follow, max-snippet:-1, max-image-preview:large, max-video-preview:-1\" \/>\n<link rel=\"canonical\" href=\"https:\/\/gourmetto.lu\/fr\/produit\/gustosettisesamo\/\" \/>\n<meta property=\"og:locale\" content=\"fr_FR\" \/>\n<meta property=\"og:type\" content=\"article\" \/>\n<meta property=\"og:title\" content=\"Taralli b\u00e2tonnets au s\u00e9same - Gourmetto\" \/>\n<meta property=\"og:description\" content=\"Ces petits grissini sont fabriqu\u00e9s avec le m\u00eame soin et la m\u00eame passion que leurs grands fr\u00e8res, selon une vieille recette traditionnelle, fa\u00e7onn\u00e9 \u00e0 la main un par un. Le r\u00e9sultat est un morceau de pain croustillant et friable, d&rsquo;une taille id\u00e9ale pour le snacking, et au go\u00fbt de sesame. &nbsp;\" \/>\n<meta property=\"og:url\" content=\"https:\/\/gourmetto.lu\/fr\/produit\/gustosettisesamo\/\" \/>\n<meta property=\"og:site_name\" content=\"Gourmetto\" \/>\n<meta property=\"article:modified_time\" content=\"2026-02-13T11:25:56+00:00\" \/>\n<meta property=\"og:image\" content=\"https:\/\/gourmetto.lu\/wp-content\/uploads\/2023\/08\/PXL_20230820_105344482.PORTRAIT-scaled.jpg\" \/>\n\t<meta property=\"og:image:width\" content=\"2560\" \/>\n\t<meta property=\"og:image:height\" content=\"2560\" \/>\n\t<meta property=\"og:image:type\" content=\"image\/jpeg\" \/>\n<meta name=\"twitter:card\" content=\"summary_large_image\" \/>\n<meta name=\"twitter:label1\" content=\"Dur\u00e9e de lecture estim\u00e9e\" \/>\n\t<meta name=\"twitter:data1\" content=\"1 minute\" \/>\n<script type=\"application\/ld+json\" class=\"yoast-schema-graph\">{\"@context\":\"https:\/\/schema.org\",\"@graph\":[{\"@type\":\"WebPage\",\"@id\":\"https:\/\/gourmetto.lu\/fr\/produit\/gustosettisesamo\/\",\"url\":\"https:\/\/gourmetto.lu\/fr\/produit\/gustosettisesamo\/\",\"name\":\"Taralli b\u00e2tonnets au s\u00e9same - Gourmetto\",\"isPartOf\":{\"@id\":\"https:\/\/gourmetto.lu\/fr\/#website\"},\"primaryImageOfPage\":{\"@id\":\"https:\/\/gourmetto.lu\/fr\/produit\/gustosettisesamo\/#primaryimage\"},\"image\":{\"@id\":\"https:\/\/gourmetto.lu\/fr\/produit\/gustosettisesamo\/#primaryimage\"},\"thumbnailUrl\":\"https:\/\/gourmetto.lu\/wp-content\/uploads\/2023\/08\/PXL_20230820_105344482.PORTRAIT-scaled.jpg\",\"datePublished\":\"2023-08-08T14:29:44+00:00\",\"dateModified\":\"2026-02-13T11:25:56+00:00\",\"breadcrumb\":{\"@id\":\"https:\/\/gourmetto.lu\/fr\/produit\/gustosettisesamo\/#breadcrumb\"},\"inLanguage\":\"fr-FR\",\"potentialAction\":[{\"@type\":\"ReadAction\",\"target\":[\"https:\/\/gourmetto.lu\/fr\/produit\/gustosettisesamo\/\"]}]},{\"@type\":\"ImageObject\",\"inLanguage\":\"fr-FR\",\"@id\":\"https:\/\/gourmetto.lu\/fr\/produit\/gustosettisesamo\/#primaryimage\",\"url\":\"https:\/\/gourmetto.lu\/wp-content\/uploads\/2023\/08\/PXL_20230820_105344482.PORTRAIT-scaled.jpg\",\"contentUrl\":\"https:\/\/gourmetto.lu\/wp-content\/uploads\/2023\/08\/PXL_20230820_105344482.PORTRAIT-scaled.jpg\",\"width\":2560,\"height\":2560},{\"@type\":\"BreadcrumbList\",\"@id\":\"https:\/\/gourmetto.lu\/fr\/produit\/gustosettisesamo\/#breadcrumb\",\"itemListElement\":[{\"@type\":\"ListItem\",\"position\":1,\"name\":\"Home\",\"item\":\"https:\/\/gourmetto.lu\/fr\/\"},{\"@type\":\"ListItem\",\"position\":2,\"name\":\"Boutique\",\"item\":\"https:\/\/gourmetto.lu\/shop\/\"},{\"@type\":\"ListItem\",\"position\":3,\"name\":\"Taralli b\u00e2tonnets au s\u00e9same\"}]},{\"@type\":\"WebSite\",\"@id\":\"https:\/\/gourmetto.lu\/fr\/#website\",\"url\":\"https:\/\/gourmetto.lu\/fr\/\",\"name\":\"Gourmetto\",\"description\":\"\",\"potentialAction\":[{\"@type\":\"SearchAction\",\"target\":{\"@type\":\"EntryPoint\",\"urlTemplate\":\"https:\/\/gourmetto.lu\/fr\/?s={search_term_string}\"},\"query-input\":{\"@type\":\"PropertyValueSpecification\",\"valueRequired\":true,\"valueName\":\"search_term_string\"}}],\"inLanguage\":\"fr-FR\"}]}<\/script>\n<!-- \/ Yoast SEO plugin. -->","yoast_head_json":{"title":"Taralli b\u00e2tonnets au s\u00e9same - Gourmetto","robots":{"index":"index","follow":"follow","max-snippet":"max-snippet:-1","max-image-preview":"max-image-preview:large","max-video-preview":"max-video-preview:-1"},"canonical":"https:\/\/gourmetto.lu\/fr\/produit\/gustosettisesamo\/","og_locale":"fr_FR","og_type":"article","og_title":"Taralli b\u00e2tonnets au s\u00e9same - Gourmetto","og_description":"Ces petits grissini sont fabriqu\u00e9s avec le m\u00eame soin et la m\u00eame passion que leurs grands fr\u00e8res, selon une vieille recette traditionnelle, fa\u00e7onn\u00e9 \u00e0 la main un par un. Le r\u00e9sultat est un morceau de pain croustillant et friable, d&rsquo;une taille id\u00e9ale pour le snacking, et au go\u00fbt de sesame. &nbsp;","og_url":"https:\/\/gourmetto.lu\/fr\/produit\/gustosettisesamo\/","og_site_name":"Gourmetto","article_modified_time":"2026-02-13T11:25:56+00:00","og_image":[{"width":2560,"height":2560,"url":"https:\/\/gourmetto.lu\/wp-content\/uploads\/2023\/08\/PXL_20230820_105344482.PORTRAIT-scaled.jpg","type":"image\/jpeg"}],"twitter_card":"summary_large_image","twitter_misc":{"Dur\u00e9e de lecture estim\u00e9e":"1 minute"},"schema":{"@context":"https:\/\/schema.org","@graph":[{"@type":"WebPage","@id":"https:\/\/gourmetto.lu\/fr\/produit\/gustosettisesamo\/","url":"https:\/\/gourmetto.lu\/fr\/produit\/gustosettisesamo\/","name":"Taralli b\u00e2tonnets au s\u00e9same - Gourmetto","isPartOf":{"@id":"https:\/\/gourmetto.lu\/fr\/#website"},"primaryImageOfPage":{"@id":"https:\/\/gourmetto.lu\/fr\/produit\/gustosettisesamo\/#primaryimage"},"image":{"@id":"https:\/\/gourmetto.lu\/fr\/produit\/gustosettisesamo\/#primaryimage"},"thumbnailUrl":"https:\/\/gourmetto.lu\/wp-content\/uploads\/2023\/08\/PXL_20230820_105344482.PORTRAIT-scaled.jpg","datePublished":"2023-08-08T14:29:44+00:00","dateModified":"2026-02-13T11:25:56+00:00","breadcrumb":{"@id":"https:\/\/gourmetto.lu\/fr\/produit\/gustosettisesamo\/#breadcrumb"},"inLanguage":"fr-FR","potentialAction":[{"@type":"ReadAction","target":["https:\/\/gourmetto.lu\/fr\/produit\/gustosettisesamo\/"]}]},{"@type":"ImageObject","inLanguage":"fr-FR","@id":"https:\/\/gourmetto.lu\/fr\/produit\/gustosettisesamo\/#primaryimage","url":"https:\/\/gourmetto.lu\/wp-content\/uploads\/2023\/08\/PXL_20230820_105344482.PORTRAIT-scaled.jpg","contentUrl":"https:\/\/gourmetto.lu\/wp-content\/uploads\/2023\/08\/PXL_20230820_105344482.PORTRAIT-scaled.jpg","width":2560,"height":2560},{"@type":"BreadcrumbList","@id":"https:\/\/gourmetto.lu\/fr\/produit\/gustosettisesamo\/#breadcrumb","itemListElement":[{"@type":"ListItem","position":1,"name":"Home","item":"https:\/\/gourmetto.lu\/fr\/"},{"@type":"ListItem","position":2,"name":"Boutique","item":"https:\/\/gourmetto.lu\/shop\/"},{"@type":"ListItem","position":3,"name":"Taralli b\u00e2tonnets au s\u00e9same"}]},{"@type":"WebSite","@id":"https:\/\/gourmetto.lu\/fr\/#website","url":"https:\/\/gourmetto.lu\/fr\/","name":"Gourmetto","description":"","potentialAction":[{"@type":"SearchAction","target":{"@type":"EntryPoint","urlTemplate":"https:\/\/gourmetto.lu\/fr\/?s={search_term_string}"},"query-input":{"@type":"PropertyValueSpecification","valueRequired":true,"valueName":"search_term_string"}}],"inLanguage":"fr-FR"}]}},"jetpack_sharing_enabled":true,"_links":{"self":[{"href":"https:\/\/gourmetto.lu\/fr\/wp-json\/wp\/v2\/product\/3228","targetHints":{"allow":["GET"]}}],"collection":[{"href":"https:\/\/gourmetto.lu\/fr\/wp-json\/wp\/v2\/product"}],"about":[{"href":"https:\/\/gourmetto.lu\/fr\/wp-json\/wp\/v2\/types\/product"}],"wp:featuredmedia":[{"embeddable":true,"href":"https:\/\/gourmetto.lu\/fr\/wp-json\/wp\/v2\/media\/3235"}],"wp:attachment":[{"href":"https:\/\/gourmetto.lu\/fr\/wp-json\/wp\/v2\/media?parent=3228"}],"wp:term":[{"taxonomy":"product_brand","embeddable":true,"href":"https:\/\/gourmetto.lu\/fr\/wp-json\/wp\/v2\/product_brand?post=3228"},{"taxonomy":"product_cat","embeddable":true,"href":"https:\/\/gourmetto.lu\/fr\/wp-json\/wp\/v2\/product_cat?post=3228"},{"taxonomy":"product_tag","embeddable":true,"href":"https:\/\/gourmetto.lu\/fr\/wp-json\/wp\/v2\/product_tag?post=3228"}],"curies":[{"name":"wp","href":"https:\/\/api.w.org\/{rel}","templated":true}]}}