{"id":3371,"date":"2023-09-29T10:08:35","date_gmt":"2023-09-29T08:08:35","guid":{"rendered":"https:\/\/gourmetto.lu\/?post_type=product&#038;p=3371"},"modified":"2026-03-31T09:49:07","modified_gmt":"2026-03-31T07:49:07","slug":"ricottasalata","status":"publish","type":"product","link":"https:\/\/gourmetto.lu\/fr\/produit\/ricottasalata\/","title":{"rendered":"Ricotta sal\u00e9e de Boufflonne"},"content":{"rendered":"<p>Variante typique de la ricotta classique, cr\u00e9\u00e9e \u00e0 l&rsquo;origine pour la faire durer plus longtemps en la salant et en la d\u00e9shydratant, elle est devenue avec le temps un produit \u00e0 part enti\u00e8re et occupe une place sp\u00e9ciale dans la cuisine italienne.<\/p>\n<p>Avec son go\u00fbt sal\u00e9, aigu et l\u00e9g\u00e8rement acidul\u00e9, elle conserve une texture cr\u00e9meuse et onctueuse, elle constitue un atout d\u00e9licieux \u00e0 l&rsquo;arsenal de vos recettes.<\/p>\n","protected":false},"excerpt":{"rendered":"<p>Variante typique de la ricotta classique, cr\u00e9\u00e9e \u00e0 l&rsquo;origine pour la faire durer plus longtemps en la salant et en la d\u00e9shydratant, elle est devenue avec le temps un produit \u00e0 part enti\u00e8re et occupe une place sp\u00e9ciale dans la cuisine italienne. Avec son go\u00fbt sal\u00e9, aigu et l\u00e9g\u00e8rement acidul\u00e9, elle conserve une texture cr\u00e9meuse [&hellip;]<\/p>\n","protected":false},"featured_media":3497,"template":"","meta":{"_acf_changed":false},"product_brand":[],"product_cat":[93],"product_tag":[],"class_list":{"0":"post-3371","1":"product","2":"type-product","3":"status-publish","4":"has-post-thumbnail","6":"product_cat-mozzaweek-fr","7":"pa_producers-caseificio-la-fattoria-fr","9":"first","10":"outofstock","11":"taxable","12":"shipping-taxable","13":"purchasable","14":"product-type-simple"},"bundled_by":[],"bundle_stock_status":"outofstock","bundle_stock_quantity":0,"bundle_virtual":false,"bundle_layout":"","bundle_add_to_cart_form_location":"","bundle_editable_in_cart":false,"bundle_sold_individually_context":"","bundle_item_grouping":"","bundle_min_size":"","bundle_max_size":"","bundled_items":[],"bundle_sell_ids":[],"acf":[],"yoast_head":"<!-- This site is optimized with the Yoast SEO plugin v25.4 - https:\/\/yoast.com\/wordpress\/plugins\/seo\/ -->\n<title>Ricotta sal\u00e9e de Boufflonne - Gourmetto<\/title>\n<meta name=\"robots\" content=\"index, follow, max-snippet:-1, max-image-preview:large, max-video-preview:-1\" \/>\n<link rel=\"canonical\" href=\"https:\/\/gourmetto.lu\/fr\/produit\/ricottasalata\/\" \/>\n<meta property=\"og:locale\" content=\"fr_FR\" \/>\n<meta property=\"og:type\" content=\"article\" \/>\n<meta property=\"og:title\" content=\"Ricotta sal\u00e9e de Boufflonne - Gourmetto\" \/>\n<meta property=\"og:description\" content=\"Variante typique de la ricotta classique, cr\u00e9\u00e9e \u00e0 l&rsquo;origine pour la faire durer plus longtemps en la salant et en la d\u00e9shydratant, elle est devenue avec le temps un produit \u00e0 part enti\u00e8re et occupe une place sp\u00e9ciale dans la cuisine italienne. Avec son go\u00fbt sal\u00e9, aigu et l\u00e9g\u00e8rement acidul\u00e9, elle conserve une texture cr\u00e9meuse [&hellip;]\" \/>\n<meta property=\"og:url\" content=\"https:\/\/gourmetto.lu\/fr\/produit\/ricottasalata\/\" \/>\n<meta property=\"og:site_name\" content=\"Gourmetto\" \/>\n<meta property=\"article:modified_time\" content=\"2026-03-31T07:49:07+00:00\" \/>\n<meta property=\"og:image\" content=\"https:\/\/gourmetto.lu\/wp-content\/uploads\/2023\/09\/PXL_20231029_120453643.MP_-scaled.jpg\" \/>\n\t<meta property=\"og:image:width\" content=\"1928\" \/>\n\t<meta property=\"og:image:height\" content=\"2560\" \/>\n\t<meta property=\"og:image:type\" content=\"image\/jpeg\" \/>\n<meta name=\"twitter:card\" content=\"summary_large_image\" \/>\n<meta name=\"twitter:label1\" content=\"Dur\u00e9e de lecture estim\u00e9e\" \/>\n\t<meta name=\"twitter:data1\" content=\"1 minute\" \/>\n<script type=\"application\/ld+json\" class=\"yoast-schema-graph\">{\"@context\":\"https:\/\/schema.org\",\"@graph\":[{\"@type\":\"WebPage\",\"@id\":\"https:\/\/gourmetto.lu\/fr\/produit\/ricottasalata\/\",\"url\":\"https:\/\/gourmetto.lu\/fr\/produit\/ricottasalata\/\",\"name\":\"Ricotta sal\u00e9e de Boufflonne - Gourmetto\",\"isPartOf\":{\"@id\":\"https:\/\/gourmetto.lu\/fr\/#website\"},\"primaryImageOfPage\":{\"@id\":\"https:\/\/gourmetto.lu\/fr\/produit\/ricottasalata\/#primaryimage\"},\"image\":{\"@id\":\"https:\/\/gourmetto.lu\/fr\/produit\/ricottasalata\/#primaryimage\"},\"thumbnailUrl\":\"https:\/\/gourmetto.lu\/wp-content\/uploads\/2023\/09\/PXL_20231029_120453643.MP_-scaled.jpg\",\"datePublished\":\"2023-09-29T08:08:35+00:00\",\"dateModified\":\"2026-03-31T07:49:07+00:00\",\"breadcrumb\":{\"@id\":\"https:\/\/gourmetto.lu\/fr\/produit\/ricottasalata\/#breadcrumb\"},\"inLanguage\":\"fr-FR\",\"potentialAction\":[{\"@type\":\"ReadAction\",\"target\":[\"https:\/\/gourmetto.lu\/fr\/produit\/ricottasalata\/\"]}]},{\"@type\":\"ImageObject\",\"inLanguage\":\"fr-FR\",\"@id\":\"https:\/\/gourmetto.lu\/fr\/produit\/ricottasalata\/#primaryimage\",\"url\":\"https:\/\/gourmetto.lu\/wp-content\/uploads\/2023\/09\/PXL_20231029_120453643.MP_-scaled.jpg\",\"contentUrl\":\"https:\/\/gourmetto.lu\/wp-content\/uploads\/2023\/09\/PXL_20231029_120453643.MP_-scaled.jpg\",\"width\":1928,\"height\":2560},{\"@type\":\"BreadcrumbList\",\"@id\":\"https:\/\/gourmetto.lu\/fr\/produit\/ricottasalata\/#breadcrumb\",\"itemListElement\":[{\"@type\":\"ListItem\",\"position\":1,\"name\":\"Home\",\"item\":\"https:\/\/gourmetto.lu\/fr\/\"},{\"@type\":\"ListItem\",\"position\":2,\"name\":\"Boutique\",\"item\":\"https:\/\/gourmetto.lu\/shop\/\"},{\"@type\":\"ListItem\",\"position\":3,\"name\":\"Ricotta sal\u00e9e de Boufflonne\"}]},{\"@type\":\"WebSite\",\"@id\":\"https:\/\/gourmetto.lu\/fr\/#website\",\"url\":\"https:\/\/gourmetto.lu\/fr\/\",\"name\":\"Gourmetto\",\"description\":\"\",\"potentialAction\":[{\"@type\":\"SearchAction\",\"target\":{\"@type\":\"EntryPoint\",\"urlTemplate\":\"https:\/\/gourmetto.lu\/fr\/?s={search_term_string}\"},\"query-input\":{\"@type\":\"PropertyValueSpecification\",\"valueRequired\":true,\"valueName\":\"search_term_string\"}}],\"inLanguage\":\"fr-FR\"}]}<\/script>\n<!-- \/ Yoast SEO plugin. -->","yoast_head_json":{"title":"Ricotta sal\u00e9e de Boufflonne - Gourmetto","robots":{"index":"index","follow":"follow","max-snippet":"max-snippet:-1","max-image-preview":"max-image-preview:large","max-video-preview":"max-video-preview:-1"},"canonical":"https:\/\/gourmetto.lu\/fr\/produit\/ricottasalata\/","og_locale":"fr_FR","og_type":"article","og_title":"Ricotta sal\u00e9e de Boufflonne - Gourmetto","og_description":"Variante typique de la ricotta classique, cr\u00e9\u00e9e \u00e0 l&rsquo;origine pour la faire durer plus longtemps en la salant et en la d\u00e9shydratant, elle est devenue avec le temps un produit \u00e0 part enti\u00e8re et occupe une place sp\u00e9ciale dans la cuisine italienne. Avec son go\u00fbt sal\u00e9, aigu et l\u00e9g\u00e8rement acidul\u00e9, elle conserve une texture cr\u00e9meuse [&hellip;]","og_url":"https:\/\/gourmetto.lu\/fr\/produit\/ricottasalata\/","og_site_name":"Gourmetto","article_modified_time":"2026-03-31T07:49:07+00:00","og_image":[{"width":1928,"height":2560,"url":"https:\/\/gourmetto.lu\/wp-content\/uploads\/2023\/09\/PXL_20231029_120453643.MP_-scaled.jpg","type":"image\/jpeg"}],"twitter_card":"summary_large_image","twitter_misc":{"Dur\u00e9e de lecture estim\u00e9e":"1 minute"},"schema":{"@context":"https:\/\/schema.org","@graph":[{"@type":"WebPage","@id":"https:\/\/gourmetto.lu\/fr\/produit\/ricottasalata\/","url":"https:\/\/gourmetto.lu\/fr\/produit\/ricottasalata\/","name":"Ricotta sal\u00e9e de Boufflonne - Gourmetto","isPartOf":{"@id":"https:\/\/gourmetto.lu\/fr\/#website"},"primaryImageOfPage":{"@id":"https:\/\/gourmetto.lu\/fr\/produit\/ricottasalata\/#primaryimage"},"image":{"@id":"https:\/\/gourmetto.lu\/fr\/produit\/ricottasalata\/#primaryimage"},"thumbnailUrl":"https:\/\/gourmetto.lu\/wp-content\/uploads\/2023\/09\/PXL_20231029_120453643.MP_-scaled.jpg","datePublished":"2023-09-29T08:08:35+00:00","dateModified":"2026-03-31T07:49:07+00:00","breadcrumb":{"@id":"https:\/\/gourmetto.lu\/fr\/produit\/ricottasalata\/#breadcrumb"},"inLanguage":"fr-FR","potentialAction":[{"@type":"ReadAction","target":["https:\/\/gourmetto.lu\/fr\/produit\/ricottasalata\/"]}]},{"@type":"ImageObject","inLanguage":"fr-FR","@id":"https:\/\/gourmetto.lu\/fr\/produit\/ricottasalata\/#primaryimage","url":"https:\/\/gourmetto.lu\/wp-content\/uploads\/2023\/09\/PXL_20231029_120453643.MP_-scaled.jpg","contentUrl":"https:\/\/gourmetto.lu\/wp-content\/uploads\/2023\/09\/PXL_20231029_120453643.MP_-scaled.jpg","width":1928,"height":2560},{"@type":"BreadcrumbList","@id":"https:\/\/gourmetto.lu\/fr\/produit\/ricottasalata\/#breadcrumb","itemListElement":[{"@type":"ListItem","position":1,"name":"Home","item":"https:\/\/gourmetto.lu\/fr\/"},{"@type":"ListItem","position":2,"name":"Boutique","item":"https:\/\/gourmetto.lu\/shop\/"},{"@type":"ListItem","position":3,"name":"Ricotta sal\u00e9e de Boufflonne"}]},{"@type":"WebSite","@id":"https:\/\/gourmetto.lu\/fr\/#website","url":"https:\/\/gourmetto.lu\/fr\/","name":"Gourmetto","description":"","potentialAction":[{"@type":"SearchAction","target":{"@type":"EntryPoint","urlTemplate":"https:\/\/gourmetto.lu\/fr\/?s={search_term_string}"},"query-input":{"@type":"PropertyValueSpecification","valueRequired":true,"valueName":"search_term_string"}}],"inLanguage":"fr-FR"}]}},"jetpack_sharing_enabled":true,"_links":{"self":[{"href":"https:\/\/gourmetto.lu\/fr\/wp-json\/wp\/v2\/product\/3371","targetHints":{"allow":["GET"]}}],"collection":[{"href":"https:\/\/gourmetto.lu\/fr\/wp-json\/wp\/v2\/product"}],"about":[{"href":"https:\/\/gourmetto.lu\/fr\/wp-json\/wp\/v2\/types\/product"}],"wp:featuredmedia":[{"embeddable":true,"href":"https:\/\/gourmetto.lu\/fr\/wp-json\/wp\/v2\/media\/3497"}],"wp:attachment":[{"href":"https:\/\/gourmetto.lu\/fr\/wp-json\/wp\/v2\/media?parent=3371"}],"wp:term":[{"taxonomy":"product_brand","embeddable":true,"href":"https:\/\/gourmetto.lu\/fr\/wp-json\/wp\/v2\/product_brand?post=3371"},{"taxonomy":"product_cat","embeddable":true,"href":"https:\/\/gourmetto.lu\/fr\/wp-json\/wp\/v2\/product_cat?post=3371"},{"taxonomy":"product_tag","embeddable":true,"href":"https:\/\/gourmetto.lu\/fr\/wp-json\/wp\/v2\/product_tag?post=3371"}],"curies":[{"name":"wp","href":"https:\/\/api.w.org\/{rel}","templated":true}]}}