{"id":3402,"date":"2023-09-29T11:56:06","date_gmt":"2023-09-29T09:56:06","guid":{"rendered":"https:\/\/gourmetto.lu\/?post_type=product&#038;p=3402"},"modified":"2025-11-07T13:20:40","modified_gmt":"2025-11-07T12:20:40","slug":"pache","status":"publish","type":"product","link":"https:\/\/gourmetto.lu\/fr\/produit\/pache\/","title":{"rendered":"BIO* \u00ab\u00a0Pach\u00e9\u00a0\u00bb Paccheri Monograno \u00ab\u00a0Matt\u00a0\u00bb"},"content":{"rendered":"<p>L&rsquo;historique pastificio Felicetti nous pr\u00e9sente la ligne Monograno, largement consid\u00e9r\u00e9e comme les meilleures p\u00e2tes s\u00e8ches d&rsquo;Italie, et donc du monde. Fabriqu\u00e9es avec de la semoule de bl\u00e9 dur Bio 100% italienne et de l&rsquo;eau fra\u00eeche de haute montagne.<\/p>\n","protected":false},"excerpt":{"rendered":"<p>L&rsquo;historique pastificio Felicetti nous pr\u00e9sente la ligne Monograno, largement consid\u00e9r\u00e9e comme les meilleures p\u00e2tes s\u00e8ches d&rsquo;Italie, et donc du monde. Fabriqu\u00e9es avec de la semoule de bl\u00e9 dur Bio 100% italienne et de l&rsquo;eau fra\u00eeche de haute montagne.<\/p>\n","protected":false},"featured_media":3485,"template":"","meta":{"_acf_changed":false},"product_brand":[],"product_cat":[119,111],"product_tag":[],"class_list":{"0":"post-3402","1":"product","2":"type-product","3":"status-publish","4":"has-post-thumbnail","6":"product_cat-biologique-fr","7":"product_cat-pasta-fr","8":"pa_producers-pastificio-felicetti-fr","10":"first","11":"outofstock","12":"taxable","13":"shipping-taxable","14":"purchasable","15":"product-type-simple"},"bundled_by":[],"bundle_stock_status":"outofstock","bundle_stock_quantity":0,"bundle_virtual":false,"bundle_layout":"","bundle_add_to_cart_form_location":"","bundle_editable_in_cart":false,"bundle_sold_individually_context":"","bundle_item_grouping":"","bundle_min_size":"","bundle_max_size":"","bundled_items":[],"bundle_sell_ids":[],"acf":[],"yoast_head":"<!-- This site is optimized with the Yoast SEO plugin v25.4 - https:\/\/yoast.com\/wordpress\/plugins\/seo\/ -->\n<title>BIO* &quot;Pach\u00e9&quot; Paccheri Monograno &quot;Matt&quot; - Gourmetto<\/title>\n<meta name=\"robots\" content=\"index, follow, max-snippet:-1, max-image-preview:large, max-video-preview:-1\" \/>\n<link rel=\"canonical\" href=\"https:\/\/gourmetto.lu\/fr\/produit\/pache\/\" \/>\n<meta property=\"og:locale\" content=\"fr_FR\" \/>\n<meta property=\"og:type\" content=\"article\" \/>\n<meta property=\"og:title\" content=\"BIO* &quot;Pach\u00e9&quot; Paccheri Monograno &quot;Matt&quot; - Gourmetto\" \/>\n<meta property=\"og:description\" content=\"L&rsquo;historique pastificio Felicetti nous pr\u00e9sente la ligne Monograno, largement consid\u00e9r\u00e9e comme les meilleures p\u00e2tes s\u00e8ches d&rsquo;Italie, et donc du monde. Fabriqu\u00e9es avec de la semoule de bl\u00e9 dur Bio 100% italienne et de l&rsquo;eau fra\u00eeche de haute montagne.\" \/>\n<meta property=\"og:url\" content=\"https:\/\/gourmetto.lu\/fr\/produit\/pache\/\" \/>\n<meta property=\"og:site_name\" content=\"Gourmetto\" \/>\n<meta property=\"article:modified_time\" content=\"2025-11-07T12:20:40+00:00\" \/>\n<meta property=\"og:image\" content=\"https:\/\/gourmetto.lu\/wp-content\/uploads\/2023\/09\/PXL_20231029_120919198.PORTRAIT.ORIGINAL-scaled.jpg\" \/>\n\t<meta property=\"og:image:width\" content=\"1928\" \/>\n\t<meta property=\"og:image:height\" content=\"2560\" \/>\n\t<meta property=\"og:image:type\" content=\"image\/jpeg\" \/>\n<meta name=\"twitter:card\" content=\"summary_large_image\" \/>\n<meta name=\"twitter:label1\" content=\"Dur\u00e9e de lecture estim\u00e9e\" \/>\n\t<meta name=\"twitter:data1\" content=\"1 minute\" \/>\n<script type=\"application\/ld+json\" class=\"yoast-schema-graph\">{\"@context\":\"https:\/\/schema.org\",\"@graph\":[{\"@type\":\"WebPage\",\"@id\":\"https:\/\/gourmetto.lu\/fr\/produit\/pache\/\",\"url\":\"https:\/\/gourmetto.lu\/fr\/produit\/pache\/\",\"name\":\"BIO* \\\"Pach\u00e9\\\" Paccheri Monograno \\\"Matt\\\" - Gourmetto\",\"isPartOf\":{\"@id\":\"https:\/\/gourmetto.lu\/fr\/#website\"},\"primaryImageOfPage\":{\"@id\":\"https:\/\/gourmetto.lu\/fr\/produit\/pache\/#primaryimage\"},\"image\":{\"@id\":\"https:\/\/gourmetto.lu\/fr\/produit\/pache\/#primaryimage\"},\"thumbnailUrl\":\"https:\/\/gourmetto.lu\/wp-content\/uploads\/2023\/09\/PXL_20231029_120919198.PORTRAIT.ORIGINAL-scaled.jpg\",\"datePublished\":\"2023-09-29T09:56:06+00:00\",\"dateModified\":\"2025-11-07T12:20:40+00:00\",\"breadcrumb\":{\"@id\":\"https:\/\/gourmetto.lu\/fr\/produit\/pache\/#breadcrumb\"},\"inLanguage\":\"fr-FR\",\"potentialAction\":[{\"@type\":\"ReadAction\",\"target\":[\"https:\/\/gourmetto.lu\/fr\/produit\/pache\/\"]}]},{\"@type\":\"ImageObject\",\"inLanguage\":\"fr-FR\",\"@id\":\"https:\/\/gourmetto.lu\/fr\/produit\/pache\/#primaryimage\",\"url\":\"https:\/\/gourmetto.lu\/wp-content\/uploads\/2023\/09\/PXL_20231029_120919198.PORTRAIT.ORIGINAL-scaled.jpg\",\"contentUrl\":\"https:\/\/gourmetto.lu\/wp-content\/uploads\/2023\/09\/PXL_20231029_120919198.PORTRAIT.ORIGINAL-scaled.jpg\",\"width\":1928,\"height\":2560},{\"@type\":\"BreadcrumbList\",\"@id\":\"https:\/\/gourmetto.lu\/fr\/produit\/pache\/#breadcrumb\",\"itemListElement\":[{\"@type\":\"ListItem\",\"position\":1,\"name\":\"Home\",\"item\":\"https:\/\/gourmetto.lu\/fr\/\"},{\"@type\":\"ListItem\",\"position\":2,\"name\":\"Boutique\",\"item\":\"https:\/\/gourmetto.lu\/shop\/\"},{\"@type\":\"ListItem\",\"position\":3,\"name\":\"BIO* &#8220;Pach\u00e9&#8221; Paccheri Monograno &#8220;Matt&#8221;\"}]},{\"@type\":\"WebSite\",\"@id\":\"https:\/\/gourmetto.lu\/fr\/#website\",\"url\":\"https:\/\/gourmetto.lu\/fr\/\",\"name\":\"Gourmetto\",\"description\":\"\",\"potentialAction\":[{\"@type\":\"SearchAction\",\"target\":{\"@type\":\"EntryPoint\",\"urlTemplate\":\"https:\/\/gourmetto.lu\/fr\/?s={search_term_string}\"},\"query-input\":{\"@type\":\"PropertyValueSpecification\",\"valueRequired\":true,\"valueName\":\"search_term_string\"}}],\"inLanguage\":\"fr-FR\"}]}<\/script>\n<!-- \/ Yoast SEO plugin. -->","yoast_head_json":{"title":"BIO* \"Pach\u00e9\" Paccheri Monograno \"Matt\" - Gourmetto","robots":{"index":"index","follow":"follow","max-snippet":"max-snippet:-1","max-image-preview":"max-image-preview:large","max-video-preview":"max-video-preview:-1"},"canonical":"https:\/\/gourmetto.lu\/fr\/produit\/pache\/","og_locale":"fr_FR","og_type":"article","og_title":"BIO* \"Pach\u00e9\" Paccheri Monograno \"Matt\" - Gourmetto","og_description":"L&rsquo;historique pastificio Felicetti nous pr\u00e9sente la ligne Monograno, largement consid\u00e9r\u00e9e comme les meilleures p\u00e2tes s\u00e8ches d&rsquo;Italie, et donc du monde. Fabriqu\u00e9es avec de la semoule de bl\u00e9 dur Bio 100% italienne et de l&rsquo;eau fra\u00eeche de haute montagne.","og_url":"https:\/\/gourmetto.lu\/fr\/produit\/pache\/","og_site_name":"Gourmetto","article_modified_time":"2025-11-07T12:20:40+00:00","og_image":[{"width":1928,"height":2560,"url":"https:\/\/gourmetto.lu\/wp-content\/uploads\/2023\/09\/PXL_20231029_120919198.PORTRAIT.ORIGINAL-scaled.jpg","type":"image\/jpeg"}],"twitter_card":"summary_large_image","twitter_misc":{"Dur\u00e9e de lecture estim\u00e9e":"1 minute"},"schema":{"@context":"https:\/\/schema.org","@graph":[{"@type":"WebPage","@id":"https:\/\/gourmetto.lu\/fr\/produit\/pache\/","url":"https:\/\/gourmetto.lu\/fr\/produit\/pache\/","name":"BIO* \"Pach\u00e9\" Paccheri Monograno \"Matt\" - Gourmetto","isPartOf":{"@id":"https:\/\/gourmetto.lu\/fr\/#website"},"primaryImageOfPage":{"@id":"https:\/\/gourmetto.lu\/fr\/produit\/pache\/#primaryimage"},"image":{"@id":"https:\/\/gourmetto.lu\/fr\/produit\/pache\/#primaryimage"},"thumbnailUrl":"https:\/\/gourmetto.lu\/wp-content\/uploads\/2023\/09\/PXL_20231029_120919198.PORTRAIT.ORIGINAL-scaled.jpg","datePublished":"2023-09-29T09:56:06+00:00","dateModified":"2025-11-07T12:20:40+00:00","breadcrumb":{"@id":"https:\/\/gourmetto.lu\/fr\/produit\/pache\/#breadcrumb"},"inLanguage":"fr-FR","potentialAction":[{"@type":"ReadAction","target":["https:\/\/gourmetto.lu\/fr\/produit\/pache\/"]}]},{"@type":"ImageObject","inLanguage":"fr-FR","@id":"https:\/\/gourmetto.lu\/fr\/produit\/pache\/#primaryimage","url":"https:\/\/gourmetto.lu\/wp-content\/uploads\/2023\/09\/PXL_20231029_120919198.PORTRAIT.ORIGINAL-scaled.jpg","contentUrl":"https:\/\/gourmetto.lu\/wp-content\/uploads\/2023\/09\/PXL_20231029_120919198.PORTRAIT.ORIGINAL-scaled.jpg","width":1928,"height":2560},{"@type":"BreadcrumbList","@id":"https:\/\/gourmetto.lu\/fr\/produit\/pache\/#breadcrumb","itemListElement":[{"@type":"ListItem","position":1,"name":"Home","item":"https:\/\/gourmetto.lu\/fr\/"},{"@type":"ListItem","position":2,"name":"Boutique","item":"https:\/\/gourmetto.lu\/shop\/"},{"@type":"ListItem","position":3,"name":"BIO* &#8220;Pach\u00e9&#8221; Paccheri Monograno &#8220;Matt&#8221;"}]},{"@type":"WebSite","@id":"https:\/\/gourmetto.lu\/fr\/#website","url":"https:\/\/gourmetto.lu\/fr\/","name":"Gourmetto","description":"","potentialAction":[{"@type":"SearchAction","target":{"@type":"EntryPoint","urlTemplate":"https:\/\/gourmetto.lu\/fr\/?s={search_term_string}"},"query-input":{"@type":"PropertyValueSpecification","valueRequired":true,"valueName":"search_term_string"}}],"inLanguage":"fr-FR"}]}},"jetpack_sharing_enabled":true,"_links":{"self":[{"href":"https:\/\/gourmetto.lu\/fr\/wp-json\/wp\/v2\/product\/3402","targetHints":{"allow":["GET"]}}],"collection":[{"href":"https:\/\/gourmetto.lu\/fr\/wp-json\/wp\/v2\/product"}],"about":[{"href":"https:\/\/gourmetto.lu\/fr\/wp-json\/wp\/v2\/types\/product"}],"wp:featuredmedia":[{"embeddable":true,"href":"https:\/\/gourmetto.lu\/fr\/wp-json\/wp\/v2\/media\/3485"}],"wp:attachment":[{"href":"https:\/\/gourmetto.lu\/fr\/wp-json\/wp\/v2\/media?parent=3402"}],"wp:term":[{"taxonomy":"product_brand","embeddable":true,"href":"https:\/\/gourmetto.lu\/fr\/wp-json\/wp\/v2\/product_brand?post=3402"},{"taxonomy":"product_cat","embeddable":true,"href":"https:\/\/gourmetto.lu\/fr\/wp-json\/wp\/v2\/product_cat?post=3402"},{"taxonomy":"product_tag","embeddable":true,"href":"https:\/\/gourmetto.lu\/fr\/wp-json\/wp\/v2\/product_tag?post=3402"}],"curies":[{"name":"wp","href":"https:\/\/api.w.org\/{rel}","templated":true}]}}