{"id":3450,"date":"2023-11-02T14:04:47","date_gmt":"2023-11-02T13:04:47","guid":{"rendered":"https:\/\/gourmetto.lu\/product\/carnaroli-rice-for-risotto\/"},"modified":"2025-11-07T21:49:50","modified_gmt":"2025-11-07T20:49:50","slug":"risocarnaroli","status":"publish","type":"product","link":"https:\/\/gourmetto.lu\/fr\/produit\/risocarnaroli\/","title":{"rendered":"Riz Carnaroli pour risotto"},"content":{"rendered":"<p>Roi des riz \u00e0 risotto, le Carnaroli est un riz \u00e0 grain moyen cultiv\u00e9 dans les provinces de Pavie, Novara et Vercelli, dans le nord de l&rsquo;Italie. Avec une consistance qui se maintient lors d&rsquo;une cuisson lente et basse, et un m\u00e9lange parfait d&rsquo;amidons, c&rsquo;est le meilleur riz pour obtenir un risotto parfait, avec des grains \u00ab\u00a0al dente\u00a0\u00bb et une sauce incroyablement lisse et riche.<\/p>\n<p>Provenant de la famille Bianchi, qui cultive le riz et d&rsquo;autres produits dans la province de Pavie, il s&rsquo;agit d&rsquo;un riz d&rsquo;une qualit\u00e9 exceptionnelle, choisi par de nombreux chefs cuisiniers dans toute l&rsquo;Italie.<\/p>\n","protected":false},"excerpt":{"rendered":"<p>Roi des riz \u00e0 risotto, le Carnaroli est un riz \u00e0 grain moyen cultiv\u00e9 dans les provinces de Pavie, Novara et Vercelli, dans le nord de l&rsquo;Italie. Avec une consistance qui se maintient lors d&rsquo;une cuisson lente et basse, et un m\u00e9lange parfait d&rsquo;amidons, c&rsquo;est le meilleur riz pour obtenir un risotto parfait, avec des [&hellip;]<\/p>\n","protected":false},"featured_media":3447,"template":"","meta":{"_acf_changed":false},"product_brand":[],"product_cat":[111,108,118],"product_tag":[],"class_list":{"0":"post-3450","1":"product","2":"type-product","3":"status-publish","4":"has-post-thumbnail","6":"product_cat-pasta-fr","7":"product_cat-sans-gluten-fr","8":"product_cat-vegetarien-fr","9":"pa_producers-campo-delloste-fr","11":"first","12":"outofstock","13":"taxable","14":"shipping-taxable","15":"purchasable","16":"product-type-simple"},"bundled_by":[],"bundle_stock_status":"outofstock","bundle_stock_quantity":0,"bundle_virtual":false,"bundle_layout":"","bundle_add_to_cart_form_location":"","bundle_editable_in_cart":false,"bundle_sold_individually_context":"","bundle_item_grouping":"","bundle_min_size":"","bundle_max_size":"","bundled_items":[],"bundle_sell_ids":[],"acf":[],"yoast_head":"<!-- This site is optimized with the Yoast SEO plugin v25.4 - https:\/\/yoast.com\/wordpress\/plugins\/seo\/ -->\n<title>Riz Carnaroli pour risotto - Gourmetto<\/title>\n<meta name=\"robots\" content=\"index, follow, max-snippet:-1, max-image-preview:large, max-video-preview:-1\" \/>\n<link rel=\"canonical\" href=\"https:\/\/gourmetto.lu\/fr\/produit\/risocarnaroli\/\" \/>\n<meta property=\"og:locale\" content=\"fr_FR\" \/>\n<meta property=\"og:type\" content=\"article\" \/>\n<meta property=\"og:title\" content=\"Riz Carnaroli pour risotto - Gourmetto\" \/>\n<meta property=\"og:description\" content=\"Roi des riz \u00e0 risotto, le Carnaroli est un riz \u00e0 grain moyen cultiv\u00e9 dans les provinces de Pavie, Novara et Vercelli, dans le nord de l&rsquo;Italie. Avec une consistance qui se maintient lors d&rsquo;une cuisson lente et basse, et un m\u00e9lange parfait d&rsquo;amidons, c&rsquo;est le meilleur riz pour obtenir un risotto parfait, avec des [&hellip;]\" \/>\n<meta property=\"og:url\" content=\"https:\/\/gourmetto.lu\/fr\/produit\/risocarnaroli\/\" \/>\n<meta property=\"og:site_name\" content=\"Gourmetto\" \/>\n<meta property=\"article:modified_time\" content=\"2025-11-07T20:49:50+00:00\" \/>\n<meta property=\"og:image\" content=\"https:\/\/gourmetto.lu\/wp-content\/uploads\/2023\/11\/PXL_20230820_104944553.PORTRAIT-1024x1024.jpg\" \/>\n\t<meta property=\"og:image:width\" content=\"1024\" \/>\n\t<meta property=\"og:image:height\" content=\"1024\" \/>\n\t<meta property=\"og:image:type\" content=\"image\/jpeg\" \/>\n<meta name=\"twitter:card\" content=\"summary_large_image\" \/>\n<meta name=\"twitter:label1\" content=\"Dur\u00e9e de lecture estim\u00e9e\" \/>\n\t<meta name=\"twitter:data1\" content=\"1 minute\" \/>\n<script type=\"application\/ld+json\" class=\"yoast-schema-graph\">{\"@context\":\"https:\/\/schema.org\",\"@graph\":[{\"@type\":\"WebPage\",\"@id\":\"https:\/\/gourmetto.lu\/fr\/produit\/risocarnaroli\/\",\"url\":\"https:\/\/gourmetto.lu\/fr\/produit\/risocarnaroli\/\",\"name\":\"Riz Carnaroli pour risotto - Gourmetto\",\"isPartOf\":{\"@id\":\"https:\/\/gourmetto.lu\/fr\/#website\"},\"primaryImageOfPage\":{\"@id\":\"https:\/\/gourmetto.lu\/fr\/produit\/risocarnaroli\/#primaryimage\"},\"image\":{\"@id\":\"https:\/\/gourmetto.lu\/fr\/produit\/risocarnaroli\/#primaryimage\"},\"thumbnailUrl\":\"https:\/\/gourmetto.lu\/wp-content\/uploads\/2023\/11\/PXL_20230820_104944553.PORTRAIT.jpg\",\"datePublished\":\"2023-11-02T13:04:47+00:00\",\"dateModified\":\"2025-11-07T20:49:50+00:00\",\"breadcrumb\":{\"@id\":\"https:\/\/gourmetto.lu\/fr\/produit\/risocarnaroli\/#breadcrumb\"},\"inLanguage\":\"fr-FR\",\"potentialAction\":[{\"@type\":\"ReadAction\",\"target\":[\"https:\/\/gourmetto.lu\/fr\/produit\/risocarnaroli\/\"]}]},{\"@type\":\"ImageObject\",\"inLanguage\":\"fr-FR\",\"@id\":\"https:\/\/gourmetto.lu\/fr\/produit\/risocarnaroli\/#primaryimage\",\"url\":\"https:\/\/gourmetto.lu\/wp-content\/uploads\/2023\/11\/PXL_20230820_104944553.PORTRAIT.jpg\",\"contentUrl\":\"https:\/\/gourmetto.lu\/wp-content\/uploads\/2023\/11\/PXL_20230820_104944553.PORTRAIT.jpg\",\"width\":2432,\"height\":2433},{\"@type\":\"BreadcrumbList\",\"@id\":\"https:\/\/gourmetto.lu\/fr\/produit\/risocarnaroli\/#breadcrumb\",\"itemListElement\":[{\"@type\":\"ListItem\",\"position\":1,\"name\":\"Home\",\"item\":\"https:\/\/gourmetto.lu\/fr\/\"},{\"@type\":\"ListItem\",\"position\":2,\"name\":\"Boutique\",\"item\":\"https:\/\/gourmetto.lu\/shop\/\"},{\"@type\":\"ListItem\",\"position\":3,\"name\":\"Riz Carnaroli pour risotto\"}]},{\"@type\":\"WebSite\",\"@id\":\"https:\/\/gourmetto.lu\/fr\/#website\",\"url\":\"https:\/\/gourmetto.lu\/fr\/\",\"name\":\"Gourmetto\",\"description\":\"\",\"potentialAction\":[{\"@type\":\"SearchAction\",\"target\":{\"@type\":\"EntryPoint\",\"urlTemplate\":\"https:\/\/gourmetto.lu\/fr\/?s={search_term_string}\"},\"query-input\":{\"@type\":\"PropertyValueSpecification\",\"valueRequired\":true,\"valueName\":\"search_term_string\"}}],\"inLanguage\":\"fr-FR\"}]}<\/script>\n<!-- \/ Yoast SEO plugin. -->","yoast_head_json":{"title":"Riz Carnaroli pour risotto - Gourmetto","robots":{"index":"index","follow":"follow","max-snippet":"max-snippet:-1","max-image-preview":"max-image-preview:large","max-video-preview":"max-video-preview:-1"},"canonical":"https:\/\/gourmetto.lu\/fr\/produit\/risocarnaroli\/","og_locale":"fr_FR","og_type":"article","og_title":"Riz Carnaroli pour risotto - Gourmetto","og_description":"Roi des riz \u00e0 risotto, le Carnaroli est un riz \u00e0 grain moyen cultiv\u00e9 dans les provinces de Pavie, Novara et Vercelli, dans le nord de l&rsquo;Italie. Avec une consistance qui se maintient lors d&rsquo;une cuisson lente et basse, et un m\u00e9lange parfait d&rsquo;amidons, c&rsquo;est le meilleur riz pour obtenir un risotto parfait, avec des [&hellip;]","og_url":"https:\/\/gourmetto.lu\/fr\/produit\/risocarnaroli\/","og_site_name":"Gourmetto","article_modified_time":"2025-11-07T20:49:50+00:00","og_image":[{"width":1024,"height":1024,"url":"https:\/\/gourmetto.lu\/wp-content\/uploads\/2023\/11\/PXL_20230820_104944553.PORTRAIT-1024x1024.jpg","type":"image\/jpeg"}],"twitter_card":"summary_large_image","twitter_misc":{"Dur\u00e9e de lecture estim\u00e9e":"1 minute"},"schema":{"@context":"https:\/\/schema.org","@graph":[{"@type":"WebPage","@id":"https:\/\/gourmetto.lu\/fr\/produit\/risocarnaroli\/","url":"https:\/\/gourmetto.lu\/fr\/produit\/risocarnaroli\/","name":"Riz Carnaroli pour risotto - Gourmetto","isPartOf":{"@id":"https:\/\/gourmetto.lu\/fr\/#website"},"primaryImageOfPage":{"@id":"https:\/\/gourmetto.lu\/fr\/produit\/risocarnaroli\/#primaryimage"},"image":{"@id":"https:\/\/gourmetto.lu\/fr\/produit\/risocarnaroli\/#primaryimage"},"thumbnailUrl":"https:\/\/gourmetto.lu\/wp-content\/uploads\/2023\/11\/PXL_20230820_104944553.PORTRAIT.jpg","datePublished":"2023-11-02T13:04:47+00:00","dateModified":"2025-11-07T20:49:50+00:00","breadcrumb":{"@id":"https:\/\/gourmetto.lu\/fr\/produit\/risocarnaroli\/#breadcrumb"},"inLanguage":"fr-FR","potentialAction":[{"@type":"ReadAction","target":["https:\/\/gourmetto.lu\/fr\/produit\/risocarnaroli\/"]}]},{"@type":"ImageObject","inLanguage":"fr-FR","@id":"https:\/\/gourmetto.lu\/fr\/produit\/risocarnaroli\/#primaryimage","url":"https:\/\/gourmetto.lu\/wp-content\/uploads\/2023\/11\/PXL_20230820_104944553.PORTRAIT.jpg","contentUrl":"https:\/\/gourmetto.lu\/wp-content\/uploads\/2023\/11\/PXL_20230820_104944553.PORTRAIT.jpg","width":2432,"height":2433},{"@type":"BreadcrumbList","@id":"https:\/\/gourmetto.lu\/fr\/produit\/risocarnaroli\/#breadcrumb","itemListElement":[{"@type":"ListItem","position":1,"name":"Home","item":"https:\/\/gourmetto.lu\/fr\/"},{"@type":"ListItem","position":2,"name":"Boutique","item":"https:\/\/gourmetto.lu\/shop\/"},{"@type":"ListItem","position":3,"name":"Riz Carnaroli pour risotto"}]},{"@type":"WebSite","@id":"https:\/\/gourmetto.lu\/fr\/#website","url":"https:\/\/gourmetto.lu\/fr\/","name":"Gourmetto","description":"","potentialAction":[{"@type":"SearchAction","target":{"@type":"EntryPoint","urlTemplate":"https:\/\/gourmetto.lu\/fr\/?s={search_term_string}"},"query-input":{"@type":"PropertyValueSpecification","valueRequired":true,"valueName":"search_term_string"}}],"inLanguage":"fr-FR"}]}},"jetpack_sharing_enabled":true,"_links":{"self":[{"href":"https:\/\/gourmetto.lu\/fr\/wp-json\/wp\/v2\/product\/3450","targetHints":{"allow":["GET"]}}],"collection":[{"href":"https:\/\/gourmetto.lu\/fr\/wp-json\/wp\/v2\/product"}],"about":[{"href":"https:\/\/gourmetto.lu\/fr\/wp-json\/wp\/v2\/types\/product"}],"wp:featuredmedia":[{"embeddable":true,"href":"https:\/\/gourmetto.lu\/fr\/wp-json\/wp\/v2\/media\/3447"}],"wp:attachment":[{"href":"https:\/\/gourmetto.lu\/fr\/wp-json\/wp\/v2\/media?parent=3450"}],"wp:term":[{"taxonomy":"product_brand","embeddable":true,"href":"https:\/\/gourmetto.lu\/fr\/wp-json\/wp\/v2\/product_brand?post=3450"},{"taxonomy":"product_cat","embeddable":true,"href":"https:\/\/gourmetto.lu\/fr\/wp-json\/wp\/v2\/product_cat?post=3450"},{"taxonomy":"product_tag","embeddable":true,"href":"https:\/\/gourmetto.lu\/fr\/wp-json\/wp\/v2\/product_tag?post=3450"}],"curies":[{"name":"wp","href":"https:\/\/api.w.org\/{rel}","templated":true}]}}