{"id":3724,"date":"2024-02-15T13:18:36","date_gmt":"2024-02-15T12:18:36","guid":{"rendered":"https:\/\/gourmetto.lu\/?post_type=product&#038;p=3724"},"modified":"2026-03-06T16:09:25","modified_gmt":"2026-03-06T15:09:25","slug":"colombafruttirossi","status":"publish","type":"product","link":"https:\/\/gourmetto.lu\/fr\/produit\/colombafruttirossi\/","title":{"rendered":"Colomba artisanale au fruits rouges"},"content":{"rendered":"<p>Le pain sucr\u00e9 classique de P\u00e2ques, originaire de Milan, est une version de P\u00e2ques du c\u00e9l\u00e8bre panettone. Comme d&rsquo;habitude, il est produit par notre p\u00e2tisserie pr\u00e9f\u00e9r\u00e9e : Aledi di Bronte en Sicile.<\/p>\n<p>Cette variante de la tradition est enrichie de fruits rouges sauvages du mont Etna. Avec leurs saveurs douces et acidul\u00e9es, elles constituent un compl\u00e9ment parfait pour le pain moelleux et beurr\u00e9 de la Colomba.<\/p>\n<p>&nbsp;<\/p>\n<p>Il est strictement fabriqu\u00e9 selon la recette traditionnelle, \u00e0 partir de levain naturel, avec 56 heures de levage et repos.<\/p>\n","protected":false},"excerpt":{"rendered":"<p>Le pain sucr\u00e9 classique de P\u00e2ques, originaire de Milan, est une version de P\u00e2ques du c\u00e9l\u00e8bre panettone. Comme d&rsquo;habitude, il est produit par notre p\u00e2tisserie pr\u00e9f\u00e9r\u00e9e : Aledi di Bronte en Sicile. Cette variante de la tradition est enrichie de fruits rouges sauvages du mont Etna. Avec leurs saveurs douces et acidul\u00e9es, elles constituent un [&hellip;]<\/p>\n","protected":false},"featured_media":3851,"template":"","meta":{"_acf_changed":false},"product_brand":[],"product_cat":[98,120,153],"product_tag":[],"class_list":{"0":"post-3724","1":"product","2":"type-product","3":"status-publish","4":"has-post-thumbnail","6":"product_cat-confiseries-fr","7":"product_cat-paques-fr","8":"product_cat-zerogaspillage","9":"pa_producers-aledi-di-bronte-fr","11":"first","12":"instock","13":"sale","14":"taxable","15":"shipping-taxable","16":"purchasable","17":"product-type-simple"},"bundled_by":[],"bundle_stock_status":"instock","bundle_stock_quantity":7,"bundle_virtual":false,"bundle_layout":"","bundle_add_to_cart_form_location":"","bundle_editable_in_cart":false,"bundle_sold_individually_context":"","bundle_item_grouping":"","bundle_min_size":"","bundle_max_size":"","bundled_items":[],"bundle_sell_ids":[],"acf":[],"yoast_head":"<!-- This site is optimized with the Yoast SEO plugin v25.4 - https:\/\/yoast.com\/wordpress\/plugins\/seo\/ -->\n<title>Colomba artisanale au fruits rouges - Gourmetto<\/title>\n<meta name=\"robots\" content=\"index, follow, max-snippet:-1, max-image-preview:large, max-video-preview:-1\" \/>\n<link rel=\"canonical\" href=\"https:\/\/gourmetto.lu\/fr\/produit\/colombafruttirossi\/\" \/>\n<meta property=\"og:locale\" content=\"fr_FR\" \/>\n<meta property=\"og:type\" content=\"article\" \/>\n<meta property=\"og:title\" content=\"Colomba artisanale au fruits rouges - Gourmetto\" \/>\n<meta property=\"og:description\" content=\"Le pain sucr\u00e9 classique de P\u00e2ques, originaire de Milan, est une version de P\u00e2ques du c\u00e9l\u00e8bre panettone. Comme d&rsquo;habitude, il est produit par notre p\u00e2tisserie pr\u00e9f\u00e9r\u00e9e : Aledi di Bronte en Sicile. Cette variante de la tradition est enrichie de fruits rouges sauvages du mont Etna. Avec leurs saveurs douces et acidul\u00e9es, elles constituent un [&hellip;]\" \/>\n<meta property=\"og:url\" content=\"https:\/\/gourmetto.lu\/fr\/produit\/colombafruttirossi\/\" \/>\n<meta property=\"og:site_name\" content=\"Gourmetto\" \/>\n<meta property=\"article:modified_time\" content=\"2026-03-06T15:09:25+00:00\" \/>\n<meta property=\"og:image\" content=\"https:\/\/gourmetto.lu\/wp-content\/uploads\/2024\/02\/PXL_20240302_133110182.PORTRAIT.ORIGINAL-scaled.jpg\" \/>\n\t<meta property=\"og:image:width\" content=\"2560\" \/>\n\t<meta property=\"og:image:height\" content=\"2560\" \/>\n\t<meta property=\"og:image:type\" content=\"image\/jpeg\" \/>\n<meta name=\"twitter:card\" content=\"summary_large_image\" \/>\n<meta name=\"twitter:label1\" content=\"Dur\u00e9e de lecture estim\u00e9e\" \/>\n\t<meta name=\"twitter:data1\" content=\"1 minute\" \/>\n<script type=\"application\/ld+json\" class=\"yoast-schema-graph\">{\"@context\":\"https:\/\/schema.org\",\"@graph\":[{\"@type\":\"WebPage\",\"@id\":\"https:\/\/gourmetto.lu\/fr\/produit\/colombafruttirossi\/\",\"url\":\"https:\/\/gourmetto.lu\/fr\/produit\/colombafruttirossi\/\",\"name\":\"Colomba artisanale au fruits rouges - Gourmetto\",\"isPartOf\":{\"@id\":\"https:\/\/gourmetto.lu\/fr\/#website\"},\"primaryImageOfPage\":{\"@id\":\"https:\/\/gourmetto.lu\/fr\/produit\/colombafruttirossi\/#primaryimage\"},\"image\":{\"@id\":\"https:\/\/gourmetto.lu\/fr\/produit\/colombafruttirossi\/#primaryimage\"},\"thumbnailUrl\":\"https:\/\/gourmetto.lu\/wp-content\/uploads\/2024\/02\/PXL_20240302_133110182.PORTRAIT.ORIGINAL-scaled.jpg\",\"datePublished\":\"2024-02-15T12:18:36+00:00\",\"dateModified\":\"2026-03-06T15:09:25+00:00\",\"breadcrumb\":{\"@id\":\"https:\/\/gourmetto.lu\/fr\/produit\/colombafruttirossi\/#breadcrumb\"},\"inLanguage\":\"fr-FR\",\"potentialAction\":[{\"@type\":\"ReadAction\",\"target\":[\"https:\/\/gourmetto.lu\/fr\/produit\/colombafruttirossi\/\"]}]},{\"@type\":\"ImageObject\",\"inLanguage\":\"fr-FR\",\"@id\":\"https:\/\/gourmetto.lu\/fr\/produit\/colombafruttirossi\/#primaryimage\",\"url\":\"https:\/\/gourmetto.lu\/wp-content\/uploads\/2024\/02\/PXL_20240302_133110182.PORTRAIT.ORIGINAL-scaled.jpg\",\"contentUrl\":\"https:\/\/gourmetto.lu\/wp-content\/uploads\/2024\/02\/PXL_20240302_133110182.PORTRAIT.ORIGINAL-scaled.jpg\",\"width\":2560,\"height\":2560},{\"@type\":\"BreadcrumbList\",\"@id\":\"https:\/\/gourmetto.lu\/fr\/produit\/colombafruttirossi\/#breadcrumb\",\"itemListElement\":[{\"@type\":\"ListItem\",\"position\":1,\"name\":\"Home\",\"item\":\"https:\/\/gourmetto.lu\/fr\/\"},{\"@type\":\"ListItem\",\"position\":2,\"name\":\"Boutique\",\"item\":\"https:\/\/gourmetto.lu\/shop\/\"},{\"@type\":\"ListItem\",\"position\":3,\"name\":\"Colomba artisanale au fruits rouges\"}]},{\"@type\":\"WebSite\",\"@id\":\"https:\/\/gourmetto.lu\/fr\/#website\",\"url\":\"https:\/\/gourmetto.lu\/fr\/\",\"name\":\"Gourmetto\",\"description\":\"\",\"potentialAction\":[{\"@type\":\"SearchAction\",\"target\":{\"@type\":\"EntryPoint\",\"urlTemplate\":\"https:\/\/gourmetto.lu\/fr\/?s={search_term_string}\"},\"query-input\":{\"@type\":\"PropertyValueSpecification\",\"valueRequired\":true,\"valueName\":\"search_term_string\"}}],\"inLanguage\":\"fr-FR\"}]}<\/script>\n<!-- \/ Yoast SEO plugin. -->","yoast_head_json":{"title":"Colomba artisanale au fruits rouges - Gourmetto","robots":{"index":"index","follow":"follow","max-snippet":"max-snippet:-1","max-image-preview":"max-image-preview:large","max-video-preview":"max-video-preview:-1"},"canonical":"https:\/\/gourmetto.lu\/fr\/produit\/colombafruttirossi\/","og_locale":"fr_FR","og_type":"article","og_title":"Colomba artisanale au fruits rouges - Gourmetto","og_description":"Le pain sucr\u00e9 classique de P\u00e2ques, originaire de Milan, est une version de P\u00e2ques du c\u00e9l\u00e8bre panettone. Comme d&rsquo;habitude, il est produit par notre p\u00e2tisserie pr\u00e9f\u00e9r\u00e9e : Aledi di Bronte en Sicile. Cette variante de la tradition est enrichie de fruits rouges sauvages du mont Etna. Avec leurs saveurs douces et acidul\u00e9es, elles constituent un [&hellip;]","og_url":"https:\/\/gourmetto.lu\/fr\/produit\/colombafruttirossi\/","og_site_name":"Gourmetto","article_modified_time":"2026-03-06T15:09:25+00:00","og_image":[{"width":2560,"height":2560,"url":"https:\/\/gourmetto.lu\/wp-content\/uploads\/2024\/02\/PXL_20240302_133110182.PORTRAIT.ORIGINAL-scaled.jpg","type":"image\/jpeg"}],"twitter_card":"summary_large_image","twitter_misc":{"Dur\u00e9e de lecture estim\u00e9e":"1 minute"},"schema":{"@context":"https:\/\/schema.org","@graph":[{"@type":"WebPage","@id":"https:\/\/gourmetto.lu\/fr\/produit\/colombafruttirossi\/","url":"https:\/\/gourmetto.lu\/fr\/produit\/colombafruttirossi\/","name":"Colomba artisanale au fruits rouges - Gourmetto","isPartOf":{"@id":"https:\/\/gourmetto.lu\/fr\/#website"},"primaryImageOfPage":{"@id":"https:\/\/gourmetto.lu\/fr\/produit\/colombafruttirossi\/#primaryimage"},"image":{"@id":"https:\/\/gourmetto.lu\/fr\/produit\/colombafruttirossi\/#primaryimage"},"thumbnailUrl":"https:\/\/gourmetto.lu\/wp-content\/uploads\/2024\/02\/PXL_20240302_133110182.PORTRAIT.ORIGINAL-scaled.jpg","datePublished":"2024-02-15T12:18:36+00:00","dateModified":"2026-03-06T15:09:25+00:00","breadcrumb":{"@id":"https:\/\/gourmetto.lu\/fr\/produit\/colombafruttirossi\/#breadcrumb"},"inLanguage":"fr-FR","potentialAction":[{"@type":"ReadAction","target":["https:\/\/gourmetto.lu\/fr\/produit\/colombafruttirossi\/"]}]},{"@type":"ImageObject","inLanguage":"fr-FR","@id":"https:\/\/gourmetto.lu\/fr\/produit\/colombafruttirossi\/#primaryimage","url":"https:\/\/gourmetto.lu\/wp-content\/uploads\/2024\/02\/PXL_20240302_133110182.PORTRAIT.ORIGINAL-scaled.jpg","contentUrl":"https:\/\/gourmetto.lu\/wp-content\/uploads\/2024\/02\/PXL_20240302_133110182.PORTRAIT.ORIGINAL-scaled.jpg","width":2560,"height":2560},{"@type":"BreadcrumbList","@id":"https:\/\/gourmetto.lu\/fr\/produit\/colombafruttirossi\/#breadcrumb","itemListElement":[{"@type":"ListItem","position":1,"name":"Home","item":"https:\/\/gourmetto.lu\/fr\/"},{"@type":"ListItem","position":2,"name":"Boutique","item":"https:\/\/gourmetto.lu\/shop\/"},{"@type":"ListItem","position":3,"name":"Colomba artisanale au fruits rouges"}]},{"@type":"WebSite","@id":"https:\/\/gourmetto.lu\/fr\/#website","url":"https:\/\/gourmetto.lu\/fr\/","name":"Gourmetto","description":"","potentialAction":[{"@type":"SearchAction","target":{"@type":"EntryPoint","urlTemplate":"https:\/\/gourmetto.lu\/fr\/?s={search_term_string}"},"query-input":{"@type":"PropertyValueSpecification","valueRequired":true,"valueName":"search_term_string"}}],"inLanguage":"fr-FR"}]}},"jetpack_sharing_enabled":true,"_links":{"self":[{"href":"https:\/\/gourmetto.lu\/fr\/wp-json\/wp\/v2\/product\/3724","targetHints":{"allow":["GET"]}}],"collection":[{"href":"https:\/\/gourmetto.lu\/fr\/wp-json\/wp\/v2\/product"}],"about":[{"href":"https:\/\/gourmetto.lu\/fr\/wp-json\/wp\/v2\/types\/product"}],"wp:featuredmedia":[{"embeddable":true,"href":"https:\/\/gourmetto.lu\/fr\/wp-json\/wp\/v2\/media\/3851"}],"wp:attachment":[{"href":"https:\/\/gourmetto.lu\/fr\/wp-json\/wp\/v2\/media?parent=3724"}],"wp:term":[{"taxonomy":"product_brand","embeddable":true,"href":"https:\/\/gourmetto.lu\/fr\/wp-json\/wp\/v2\/product_brand?post=3724"},{"taxonomy":"product_cat","embeddable":true,"href":"https:\/\/gourmetto.lu\/fr\/wp-json\/wp\/v2\/product_cat?post=3724"},{"taxonomy":"product_tag","embeddable":true,"href":"https:\/\/gourmetto.lu\/fr\/wp-json\/wp\/v2\/product_tag?post=3724"}],"curies":[{"name":"wp","href":"https:\/\/api.w.org\/{rel}","templated":true}]}}