{"id":3740,"date":"2024-02-15T14:25:29","date_gmt":"2024-02-15T13:25:29","guid":{"rendered":"https:\/\/gourmetto.lu\/?post_type=product&#038;p=3740"},"modified":"2024-03-22T10:10:00","modified_gmt":"2024-03-22T09:10:00","slug":"sauce-au-speck-et-girolles-copy-2","status":"publish","type":"product","link":"https:\/\/gourmetto.lu\/fr\/produit\/sauce-au-speck-et-girolles-copy-2\/","title":{"rendered":"Sauce dent-de-lion, guanciale et vinaigre balsamique"},"content":{"rendered":"<p>Avec 70 ans d&rsquo;activit\u00e9, Alpe Magna est ma\u00eetre dans l&rsquo;art de mettre sur la table l&rsquo;excellence gastronomique de la r\u00e9gion des Dolomites des Alpes italiennes. En combinant les bonnes saveurs de la cuisine traditionnelle faite \u00e0 la main, les ingr\u00e9dients locaux de haute qualit\u00e9 et les plus avanc\u00e9es techniques d&#8217;emballage\u202f; le r\u00e9sultat est un gout \u00e9tonnant et une longue dur\u00e9e de conservation, sans aucun conservateur ou autre additif.<\/p>\n<p>Le dent-de-lion, (dit aussi pissenlit) est une herbe de printemps et d&rsquo;\u00e9t\u00e9 \u00e0 la note am\u00e8re caract\u00e9ristique, ici adoucie par la joue de porc assaisonn\u00e9e fait maison et du vinaigre balsamique IGP de Mod\u00e8ne.<\/p>\n<p>.<\/p>\n","protected":false},"excerpt":{"rendered":"<p>Avec 70 ans d&rsquo;activit\u00e9, Alpe Magna est ma\u00eetre dans l&rsquo;art de mettre sur la table l&rsquo;excellence gastronomique de la r\u00e9gion des Dolomites des Alpes italiennes. En combinant les bonnes saveurs de la cuisine traditionnelle faite \u00e0 la main, les ingr\u00e9dients locaux de haute qualit\u00e9 et les plus avanc\u00e9es techniques d&#8217;emballage\u202f; le r\u00e9sultat est un gout [&hellip;]<\/p>\n","protected":false},"featured_media":4002,"template":"","meta":{"_acf_changed":false},"product_brand":[],"product_cat":[108,164],"product_tag":[],"class_list":{"0":"post-3740","1":"product","2":"type-product","3":"status-publish","4":"has-post-thumbnail","6":"product_cat-sans-gluten-fr","7":"product_cat-pastasauce-fr","8":"pa_producers-alpemagna-fr","10":"first","11":"outofstock","12":"taxable","13":"shipping-taxable","14":"purchasable","15":"product-type-simple"},"bundled_by":[],"bundle_stock_status":"outofstock","bundle_stock_quantity":0,"bundle_virtual":false,"bundle_layout":"","bundle_add_to_cart_form_location":"","bundle_editable_in_cart":false,"bundle_sold_individually_context":"","bundle_item_grouping":"","bundle_min_size":"","bundle_max_size":"","bundled_items":[],"bundle_sell_ids":[],"acf":[],"yoast_head":"<!-- This site is optimized with the Yoast SEO plugin v25.4 - https:\/\/yoast.com\/wordpress\/plugins\/seo\/ -->\n<title>Sauce dent-de-lion, guanciale et vinaigre balsamique - Gourmetto<\/title>\n<meta name=\"robots\" content=\"index, follow, max-snippet:-1, max-image-preview:large, max-video-preview:-1\" \/>\n<link rel=\"canonical\" href=\"https:\/\/gourmetto.lu\/fr\/produit\/sauce-au-speck-et-girolles-copy-2\/\" \/>\n<meta property=\"og:locale\" content=\"fr_FR\" \/>\n<meta property=\"og:type\" content=\"article\" \/>\n<meta property=\"og:title\" content=\"Sauce dent-de-lion, guanciale et vinaigre balsamique - Gourmetto\" \/>\n<meta property=\"og:description\" content=\"Avec 70 ans d&rsquo;activit\u00e9, Alpe Magna est ma\u00eetre dans l&rsquo;art de mettre sur la table l&rsquo;excellence gastronomique de la r\u00e9gion des Dolomites des Alpes italiennes. En combinant les bonnes saveurs de la cuisine traditionnelle faite \u00e0 la main, les ingr\u00e9dients locaux de haute qualit\u00e9 et les plus avanc\u00e9es techniques d&#8217;emballage\u202f; le r\u00e9sultat est un gout [&hellip;]\" \/>\n<meta property=\"og:url\" content=\"https:\/\/gourmetto.lu\/fr\/produit\/sauce-au-speck-et-girolles-copy-2\/\" \/>\n<meta property=\"og:site_name\" content=\"Gourmetto\" \/>\n<meta property=\"article:modified_time\" content=\"2024-03-22T09:10:00+00:00\" \/>\n<meta property=\"og:image\" content=\"https:\/\/gourmetto.lu\/wp-content\/uploads\/2024\/02\/PXL_20240330_112552714.PORTRAIT-scaled.jpg\" \/>\n\t<meta property=\"og:image:width\" content=\"2560\" \/>\n\t<meta property=\"og:image:height\" content=\"2560\" \/>\n\t<meta property=\"og:image:type\" content=\"image\/jpeg\" \/>\n<meta name=\"twitter:card\" content=\"summary_large_image\" \/>\n<meta name=\"twitter:label1\" content=\"Dur\u00e9e de lecture estim\u00e9e\" \/>\n\t<meta name=\"twitter:data1\" content=\"1 minute\" \/>\n<script type=\"application\/ld+json\" class=\"yoast-schema-graph\">{\"@context\":\"https:\/\/schema.org\",\"@graph\":[{\"@type\":\"WebPage\",\"@id\":\"https:\/\/gourmetto.lu\/fr\/produit\/sauce-au-speck-et-girolles-copy-2\/\",\"url\":\"https:\/\/gourmetto.lu\/fr\/produit\/sauce-au-speck-et-girolles-copy-2\/\",\"name\":\"Sauce dent-de-lion, guanciale et vinaigre balsamique - Gourmetto\",\"isPartOf\":{\"@id\":\"https:\/\/gourmetto.lu\/fr\/#website\"},\"primaryImageOfPage\":{\"@id\":\"https:\/\/gourmetto.lu\/fr\/produit\/sauce-au-speck-et-girolles-copy-2\/#primaryimage\"},\"image\":{\"@id\":\"https:\/\/gourmetto.lu\/fr\/produit\/sauce-au-speck-et-girolles-copy-2\/#primaryimage\"},\"thumbnailUrl\":\"https:\/\/gourmetto.lu\/wp-content\/uploads\/2024\/02\/PXL_20240330_112552714.PORTRAIT-scaled.jpg\",\"datePublished\":\"2024-02-15T13:25:29+00:00\",\"dateModified\":\"2024-03-22T09:10:00+00:00\",\"breadcrumb\":{\"@id\":\"https:\/\/gourmetto.lu\/fr\/produit\/sauce-au-speck-et-girolles-copy-2\/#breadcrumb\"},\"inLanguage\":\"fr-FR\",\"potentialAction\":[{\"@type\":\"ReadAction\",\"target\":[\"https:\/\/gourmetto.lu\/fr\/produit\/sauce-au-speck-et-girolles-copy-2\/\"]}]},{\"@type\":\"ImageObject\",\"inLanguage\":\"fr-FR\",\"@id\":\"https:\/\/gourmetto.lu\/fr\/produit\/sauce-au-speck-et-girolles-copy-2\/#primaryimage\",\"url\":\"https:\/\/gourmetto.lu\/wp-content\/uploads\/2024\/02\/PXL_20240330_112552714.PORTRAIT-scaled.jpg\",\"contentUrl\":\"https:\/\/gourmetto.lu\/wp-content\/uploads\/2024\/02\/PXL_20240330_112552714.PORTRAIT-scaled.jpg\",\"width\":2560,\"height\":2560},{\"@type\":\"BreadcrumbList\",\"@id\":\"https:\/\/gourmetto.lu\/fr\/produit\/sauce-au-speck-et-girolles-copy-2\/#breadcrumb\",\"itemListElement\":[{\"@type\":\"ListItem\",\"position\":1,\"name\":\"Home\",\"item\":\"https:\/\/gourmetto.lu\/fr\/\"},{\"@type\":\"ListItem\",\"position\":2,\"name\":\"Boutique\",\"item\":\"https:\/\/gourmetto.lu\/shop\/\"},{\"@type\":\"ListItem\",\"position\":3,\"name\":\"Sauce dent-de-lion, guanciale et vinaigre balsamique\"}]},{\"@type\":\"WebSite\",\"@id\":\"https:\/\/gourmetto.lu\/fr\/#website\",\"url\":\"https:\/\/gourmetto.lu\/fr\/\",\"name\":\"Gourmetto\",\"description\":\"\",\"potentialAction\":[{\"@type\":\"SearchAction\",\"target\":{\"@type\":\"EntryPoint\",\"urlTemplate\":\"https:\/\/gourmetto.lu\/fr\/?s={search_term_string}\"},\"query-input\":{\"@type\":\"PropertyValueSpecification\",\"valueRequired\":true,\"valueName\":\"search_term_string\"}}],\"inLanguage\":\"fr-FR\"}]}<\/script>\n<!-- \/ Yoast SEO plugin. -->","yoast_head_json":{"title":"Sauce dent-de-lion, guanciale et vinaigre balsamique - Gourmetto","robots":{"index":"index","follow":"follow","max-snippet":"max-snippet:-1","max-image-preview":"max-image-preview:large","max-video-preview":"max-video-preview:-1"},"canonical":"https:\/\/gourmetto.lu\/fr\/produit\/sauce-au-speck-et-girolles-copy-2\/","og_locale":"fr_FR","og_type":"article","og_title":"Sauce dent-de-lion, guanciale et vinaigre balsamique - Gourmetto","og_description":"Avec 70 ans d&rsquo;activit\u00e9, Alpe Magna est ma\u00eetre dans l&rsquo;art de mettre sur la table l&rsquo;excellence gastronomique de la r\u00e9gion des Dolomites des Alpes italiennes. En combinant les bonnes saveurs de la cuisine traditionnelle faite \u00e0 la main, les ingr\u00e9dients locaux de haute qualit\u00e9 et les plus avanc\u00e9es techniques d&#8217;emballage\u202f; le r\u00e9sultat est un gout [&hellip;]","og_url":"https:\/\/gourmetto.lu\/fr\/produit\/sauce-au-speck-et-girolles-copy-2\/","og_site_name":"Gourmetto","article_modified_time":"2024-03-22T09:10:00+00:00","og_image":[{"width":2560,"height":2560,"url":"https:\/\/gourmetto.lu\/wp-content\/uploads\/2024\/02\/PXL_20240330_112552714.PORTRAIT-scaled.jpg","type":"image\/jpeg"}],"twitter_card":"summary_large_image","twitter_misc":{"Dur\u00e9e de lecture estim\u00e9e":"1 minute"},"schema":{"@context":"https:\/\/schema.org","@graph":[{"@type":"WebPage","@id":"https:\/\/gourmetto.lu\/fr\/produit\/sauce-au-speck-et-girolles-copy-2\/","url":"https:\/\/gourmetto.lu\/fr\/produit\/sauce-au-speck-et-girolles-copy-2\/","name":"Sauce dent-de-lion, guanciale et vinaigre balsamique - Gourmetto","isPartOf":{"@id":"https:\/\/gourmetto.lu\/fr\/#website"},"primaryImageOfPage":{"@id":"https:\/\/gourmetto.lu\/fr\/produit\/sauce-au-speck-et-girolles-copy-2\/#primaryimage"},"image":{"@id":"https:\/\/gourmetto.lu\/fr\/produit\/sauce-au-speck-et-girolles-copy-2\/#primaryimage"},"thumbnailUrl":"https:\/\/gourmetto.lu\/wp-content\/uploads\/2024\/02\/PXL_20240330_112552714.PORTRAIT-scaled.jpg","datePublished":"2024-02-15T13:25:29+00:00","dateModified":"2024-03-22T09:10:00+00:00","breadcrumb":{"@id":"https:\/\/gourmetto.lu\/fr\/produit\/sauce-au-speck-et-girolles-copy-2\/#breadcrumb"},"inLanguage":"fr-FR","potentialAction":[{"@type":"ReadAction","target":["https:\/\/gourmetto.lu\/fr\/produit\/sauce-au-speck-et-girolles-copy-2\/"]}]},{"@type":"ImageObject","inLanguage":"fr-FR","@id":"https:\/\/gourmetto.lu\/fr\/produit\/sauce-au-speck-et-girolles-copy-2\/#primaryimage","url":"https:\/\/gourmetto.lu\/wp-content\/uploads\/2024\/02\/PXL_20240330_112552714.PORTRAIT-scaled.jpg","contentUrl":"https:\/\/gourmetto.lu\/wp-content\/uploads\/2024\/02\/PXL_20240330_112552714.PORTRAIT-scaled.jpg","width":2560,"height":2560},{"@type":"BreadcrumbList","@id":"https:\/\/gourmetto.lu\/fr\/produit\/sauce-au-speck-et-girolles-copy-2\/#breadcrumb","itemListElement":[{"@type":"ListItem","position":1,"name":"Home","item":"https:\/\/gourmetto.lu\/fr\/"},{"@type":"ListItem","position":2,"name":"Boutique","item":"https:\/\/gourmetto.lu\/shop\/"},{"@type":"ListItem","position":3,"name":"Sauce dent-de-lion, guanciale et vinaigre balsamique"}]},{"@type":"WebSite","@id":"https:\/\/gourmetto.lu\/fr\/#website","url":"https:\/\/gourmetto.lu\/fr\/","name":"Gourmetto","description":"","potentialAction":[{"@type":"SearchAction","target":{"@type":"EntryPoint","urlTemplate":"https:\/\/gourmetto.lu\/fr\/?s={search_term_string}"},"query-input":{"@type":"PropertyValueSpecification","valueRequired":true,"valueName":"search_term_string"}}],"inLanguage":"fr-FR"}]}},"jetpack_sharing_enabled":true,"_links":{"self":[{"href":"https:\/\/gourmetto.lu\/fr\/wp-json\/wp\/v2\/product\/3740","targetHints":{"allow":["GET"]}}],"collection":[{"href":"https:\/\/gourmetto.lu\/fr\/wp-json\/wp\/v2\/product"}],"about":[{"href":"https:\/\/gourmetto.lu\/fr\/wp-json\/wp\/v2\/types\/product"}],"wp:featuredmedia":[{"embeddable":true,"href":"https:\/\/gourmetto.lu\/fr\/wp-json\/wp\/v2\/media\/4002"}],"wp:attachment":[{"href":"https:\/\/gourmetto.lu\/fr\/wp-json\/wp\/v2\/media?parent=3740"}],"wp:term":[{"taxonomy":"product_brand","embeddable":true,"href":"https:\/\/gourmetto.lu\/fr\/wp-json\/wp\/v2\/product_brand?post=3740"},{"taxonomy":"product_cat","embeddable":true,"href":"https:\/\/gourmetto.lu\/fr\/wp-json\/wp\/v2\/product_cat?post=3740"},{"taxonomy":"product_tag","embeddable":true,"href":"https:\/\/gourmetto.lu\/fr\/wp-json\/wp\/v2\/product_tag?post=3740"}],"curies":[{"name":"wp","href":"https:\/\/api.w.org\/{rel}","templated":true}]}}