{"id":3800,"date":"2024-02-29T14:43:23","date_gmt":"2024-02-29T13:43:23","guid":{"rendered":"https:\/\/gourmetto.lu\/?post_type=product&#038;p=3800"},"modified":"2024-06-15T17:58:21","modified_gmt":"2024-06-15T15:58:21","slug":"burzinebbiolo","status":"publish","type":"product","link":"https:\/\/gourmetto.lu\/fr\/produit\/burzinebbiolo\/","title":{"rendered":"Runcaja &#8211; Burzi Langhe Nebbiolo DOC"},"content":{"rendered":"<p>Des caves d&rsquo;Alberto Burzi, un Nebbiolo robuste et savoureux. L&rsquo;un des vins rouges les plus traditionnels de la r\u00e9gion des Langhe dans le Pi\u00e9mont.<\/p>\n<p>&nbsp;<\/p>\n<p>Rouge rubis clair. Le nez pr\u00e9sente de puissants ar\u00f4mes de fleurs et de baies fra\u00eeches, en particulier de rose, de violette, de cerise noire, de groseille, de fraise des bois et de framboise. Des notes plus l\u00e9g\u00e8res de sous-bois comme l&rsquo;herbe, la mousse, le foin et les feuilles. En bouche, il pr\u00e9sente une l\u00e9g\u00e8re salinit\u00e9 pour donner de la rigidit\u00e9 \u00e0 la structure, et des douceurs ad\u00e9quates pour donner de la substance. Les ar\u00f4mes de fruits reviennent pour finir en crescendo.<\/p>\n<p>Parmi les Nebbiolos, le Burzi se distingue par la fra\u00eecheur et le croquant des fruits exprim\u00e9s au nez, puis par la bonne buvabilit\u00e9.<\/p>\n<p>&nbsp;<\/p>\n<p>C\u00e9page : 100% Nebbiolo Lampia<\/p>\n<p>Alcool : 14,5%.<\/p>\n<p>Temp\u00e9rature de service sugg\u00e9r\u00e9e : 18\u00b0C<\/p>\n","protected":false},"excerpt":{"rendered":"<p>Des caves d&rsquo;Alberto Burzi, un Nebbiolo robuste et savoureux. L&rsquo;un des vins rouges les plus traditionnels de la r\u00e9gion des Langhe dans le Pi\u00e9mont. &nbsp; Rouge rubis clair. Le nez pr\u00e9sente de puissants ar\u00f4mes de fleurs et de baies fra\u00eeches, en particulier de rose, de violette, de cerise noire, de groseille, de fraise des bois [&hellip;]<\/p>\n","protected":false},"featured_media":3848,"template":"","meta":{"_acf_changed":false},"product_brand":[],"product_cat":[114],"product_tag":[],"class_list":{"0":"post-3800","1":"product","2":"type-product","3":"status-publish","4":"has-post-thumbnail","6":"product_cat-vins-fr","7":"pa_producers-alberto-burzi","9":"first","10":"instock","11":"taxable","12":"shipping-taxable","13":"purchasable","14":"product-type-simple"},"bundled_by":[],"bundle_stock_status":"instock","bundle_stock_quantity":5,"bundle_virtual":false,"bundle_layout":"","bundle_add_to_cart_form_location":"","bundle_editable_in_cart":false,"bundle_sold_individually_context":"","bundle_item_grouping":"","bundle_min_size":"","bundle_max_size":"","bundled_items":[],"bundle_sell_ids":[],"acf":[],"yoast_head":"<!-- This site is optimized with the Yoast SEO plugin v25.4 - https:\/\/yoast.com\/wordpress\/plugins\/seo\/ -->\n<title>Runcaja - Burzi Langhe Nebbiolo DOC - Gourmetto<\/title>\n<meta name=\"robots\" content=\"index, follow, max-snippet:-1, max-image-preview:large, max-video-preview:-1\" \/>\n<link rel=\"canonical\" href=\"https:\/\/gourmetto.lu\/fr\/produit\/burzinebbiolo\/\" \/>\n<meta property=\"og:locale\" content=\"fr_FR\" \/>\n<meta property=\"og:type\" content=\"article\" \/>\n<meta property=\"og:title\" content=\"Runcaja - Burzi Langhe Nebbiolo DOC - Gourmetto\" \/>\n<meta property=\"og:description\" content=\"Des caves d&rsquo;Alberto Burzi, un Nebbiolo robuste et savoureux. L&rsquo;un des vins rouges les plus traditionnels de la r\u00e9gion des Langhe dans le Pi\u00e9mont. &nbsp; Rouge rubis clair. Le nez pr\u00e9sente de puissants ar\u00f4mes de fleurs et de baies fra\u00eeches, en particulier de rose, de violette, de cerise noire, de groseille, de fraise des bois [&hellip;]\" \/>\n<meta property=\"og:url\" content=\"https:\/\/gourmetto.lu\/fr\/produit\/burzinebbiolo\/\" \/>\n<meta property=\"og:site_name\" content=\"Gourmetto\" \/>\n<meta property=\"article:modified_time\" content=\"2024-06-15T15:58:21+00:00\" \/>\n<meta property=\"og:image\" content=\"https:\/\/gourmetto.lu\/wp-content\/uploads\/2024\/02\/PXL_20240302_132031230.PORTRAIT-scaled.jpg\" \/>\n\t<meta property=\"og:image:width\" content=\"2560\" \/>\n\t<meta property=\"og:image:height\" content=\"2560\" \/>\n\t<meta property=\"og:image:type\" content=\"image\/jpeg\" \/>\n<meta name=\"twitter:card\" content=\"summary_large_image\" \/>\n<meta name=\"twitter:label1\" content=\"Dur\u00e9e de lecture estim\u00e9e\" \/>\n\t<meta name=\"twitter:data1\" content=\"1 minute\" \/>\n<script type=\"application\/ld+json\" class=\"yoast-schema-graph\">{\"@context\":\"https:\/\/schema.org\",\"@graph\":[{\"@type\":\"WebPage\",\"@id\":\"https:\/\/gourmetto.lu\/fr\/produit\/burzinebbiolo\/\",\"url\":\"https:\/\/gourmetto.lu\/fr\/produit\/burzinebbiolo\/\",\"name\":\"Runcaja - Burzi Langhe Nebbiolo DOC - Gourmetto\",\"isPartOf\":{\"@id\":\"https:\/\/gourmetto.lu\/fr\/#website\"},\"primaryImageOfPage\":{\"@id\":\"https:\/\/gourmetto.lu\/fr\/produit\/burzinebbiolo\/#primaryimage\"},\"image\":{\"@id\":\"https:\/\/gourmetto.lu\/fr\/produit\/burzinebbiolo\/#primaryimage\"},\"thumbnailUrl\":\"https:\/\/gourmetto.lu\/wp-content\/uploads\/2024\/02\/PXL_20240302_132031230.PORTRAIT-scaled.jpg\",\"datePublished\":\"2024-02-29T13:43:23+00:00\",\"dateModified\":\"2024-06-15T15:58:21+00:00\",\"breadcrumb\":{\"@id\":\"https:\/\/gourmetto.lu\/fr\/produit\/burzinebbiolo\/#breadcrumb\"},\"inLanguage\":\"fr-FR\",\"potentialAction\":[{\"@type\":\"ReadAction\",\"target\":[\"https:\/\/gourmetto.lu\/fr\/produit\/burzinebbiolo\/\"]}]},{\"@type\":\"ImageObject\",\"inLanguage\":\"fr-FR\",\"@id\":\"https:\/\/gourmetto.lu\/fr\/produit\/burzinebbiolo\/#primaryimage\",\"url\":\"https:\/\/gourmetto.lu\/wp-content\/uploads\/2024\/02\/PXL_20240302_132031230.PORTRAIT-scaled.jpg\",\"contentUrl\":\"https:\/\/gourmetto.lu\/wp-content\/uploads\/2024\/02\/PXL_20240302_132031230.PORTRAIT-scaled.jpg\",\"width\":2560,\"height\":2560},{\"@type\":\"BreadcrumbList\",\"@id\":\"https:\/\/gourmetto.lu\/fr\/produit\/burzinebbiolo\/#breadcrumb\",\"itemListElement\":[{\"@type\":\"ListItem\",\"position\":1,\"name\":\"Home\",\"item\":\"https:\/\/gourmetto.lu\/fr\/\"},{\"@type\":\"ListItem\",\"position\":2,\"name\":\"Boutique\",\"item\":\"https:\/\/gourmetto.lu\/shop\/\"},{\"@type\":\"ListItem\",\"position\":3,\"name\":\"Runcaja &#8211; Burzi Langhe Nebbiolo DOC\"}]},{\"@type\":\"WebSite\",\"@id\":\"https:\/\/gourmetto.lu\/fr\/#website\",\"url\":\"https:\/\/gourmetto.lu\/fr\/\",\"name\":\"Gourmetto\",\"description\":\"\",\"potentialAction\":[{\"@type\":\"SearchAction\",\"target\":{\"@type\":\"EntryPoint\",\"urlTemplate\":\"https:\/\/gourmetto.lu\/fr\/?s={search_term_string}\"},\"query-input\":{\"@type\":\"PropertyValueSpecification\",\"valueRequired\":true,\"valueName\":\"search_term_string\"}}],\"inLanguage\":\"fr-FR\"}]}<\/script>\n<!-- \/ Yoast SEO plugin. -->","yoast_head_json":{"title":"Runcaja - Burzi Langhe Nebbiolo DOC - Gourmetto","robots":{"index":"index","follow":"follow","max-snippet":"max-snippet:-1","max-image-preview":"max-image-preview:large","max-video-preview":"max-video-preview:-1"},"canonical":"https:\/\/gourmetto.lu\/fr\/produit\/burzinebbiolo\/","og_locale":"fr_FR","og_type":"article","og_title":"Runcaja - Burzi Langhe Nebbiolo DOC - Gourmetto","og_description":"Des caves d&rsquo;Alberto Burzi, un Nebbiolo robuste et savoureux. L&rsquo;un des vins rouges les plus traditionnels de la r\u00e9gion des Langhe dans le Pi\u00e9mont. &nbsp; Rouge rubis clair. Le nez pr\u00e9sente de puissants ar\u00f4mes de fleurs et de baies fra\u00eeches, en particulier de rose, de violette, de cerise noire, de groseille, de fraise des bois [&hellip;]","og_url":"https:\/\/gourmetto.lu\/fr\/produit\/burzinebbiolo\/","og_site_name":"Gourmetto","article_modified_time":"2024-06-15T15:58:21+00:00","og_image":[{"width":2560,"height":2560,"url":"https:\/\/gourmetto.lu\/wp-content\/uploads\/2024\/02\/PXL_20240302_132031230.PORTRAIT-scaled.jpg","type":"image\/jpeg"}],"twitter_card":"summary_large_image","twitter_misc":{"Dur\u00e9e de lecture estim\u00e9e":"1 minute"},"schema":{"@context":"https:\/\/schema.org","@graph":[{"@type":"WebPage","@id":"https:\/\/gourmetto.lu\/fr\/produit\/burzinebbiolo\/","url":"https:\/\/gourmetto.lu\/fr\/produit\/burzinebbiolo\/","name":"Runcaja - Burzi Langhe Nebbiolo DOC - Gourmetto","isPartOf":{"@id":"https:\/\/gourmetto.lu\/fr\/#website"},"primaryImageOfPage":{"@id":"https:\/\/gourmetto.lu\/fr\/produit\/burzinebbiolo\/#primaryimage"},"image":{"@id":"https:\/\/gourmetto.lu\/fr\/produit\/burzinebbiolo\/#primaryimage"},"thumbnailUrl":"https:\/\/gourmetto.lu\/wp-content\/uploads\/2024\/02\/PXL_20240302_132031230.PORTRAIT-scaled.jpg","datePublished":"2024-02-29T13:43:23+00:00","dateModified":"2024-06-15T15:58:21+00:00","breadcrumb":{"@id":"https:\/\/gourmetto.lu\/fr\/produit\/burzinebbiolo\/#breadcrumb"},"inLanguage":"fr-FR","potentialAction":[{"@type":"ReadAction","target":["https:\/\/gourmetto.lu\/fr\/produit\/burzinebbiolo\/"]}]},{"@type":"ImageObject","inLanguage":"fr-FR","@id":"https:\/\/gourmetto.lu\/fr\/produit\/burzinebbiolo\/#primaryimage","url":"https:\/\/gourmetto.lu\/wp-content\/uploads\/2024\/02\/PXL_20240302_132031230.PORTRAIT-scaled.jpg","contentUrl":"https:\/\/gourmetto.lu\/wp-content\/uploads\/2024\/02\/PXL_20240302_132031230.PORTRAIT-scaled.jpg","width":2560,"height":2560},{"@type":"BreadcrumbList","@id":"https:\/\/gourmetto.lu\/fr\/produit\/burzinebbiolo\/#breadcrumb","itemListElement":[{"@type":"ListItem","position":1,"name":"Home","item":"https:\/\/gourmetto.lu\/fr\/"},{"@type":"ListItem","position":2,"name":"Boutique","item":"https:\/\/gourmetto.lu\/shop\/"},{"@type":"ListItem","position":3,"name":"Runcaja &#8211; Burzi Langhe Nebbiolo DOC"}]},{"@type":"WebSite","@id":"https:\/\/gourmetto.lu\/fr\/#website","url":"https:\/\/gourmetto.lu\/fr\/","name":"Gourmetto","description":"","potentialAction":[{"@type":"SearchAction","target":{"@type":"EntryPoint","urlTemplate":"https:\/\/gourmetto.lu\/fr\/?s={search_term_string}"},"query-input":{"@type":"PropertyValueSpecification","valueRequired":true,"valueName":"search_term_string"}}],"inLanguage":"fr-FR"}]}},"jetpack_sharing_enabled":true,"_links":{"self":[{"href":"https:\/\/gourmetto.lu\/fr\/wp-json\/wp\/v2\/product\/3800","targetHints":{"allow":["GET"]}}],"collection":[{"href":"https:\/\/gourmetto.lu\/fr\/wp-json\/wp\/v2\/product"}],"about":[{"href":"https:\/\/gourmetto.lu\/fr\/wp-json\/wp\/v2\/types\/product"}],"wp:featuredmedia":[{"embeddable":true,"href":"https:\/\/gourmetto.lu\/fr\/wp-json\/wp\/v2\/media\/3848"}],"wp:attachment":[{"href":"https:\/\/gourmetto.lu\/fr\/wp-json\/wp\/v2\/media?parent=3800"}],"wp:term":[{"taxonomy":"product_brand","embeddable":true,"href":"https:\/\/gourmetto.lu\/fr\/wp-json\/wp\/v2\/product_brand?post=3800"},{"taxonomy":"product_cat","embeddable":true,"href":"https:\/\/gourmetto.lu\/fr\/wp-json\/wp\/v2\/product_cat?post=3800"},{"taxonomy":"product_tag","embeddable":true,"href":"https:\/\/gourmetto.lu\/fr\/wp-json\/wp\/v2\/product_tag?post=3800"}],"curies":[{"name":"wp","href":"https:\/\/api.w.org\/{rel}","templated":true}]}}