{"id":3805,"date":"2024-02-29T15:00:45","date_gmt":"2024-02-29T14:00:45","guid":{"rendered":"https:\/\/gourmetto.lu\/?post_type=product&#038;p=3805"},"modified":"2025-03-15T11:09:01","modified_gmt":"2025-03-15T10:09:01","slug":"sciaranuova","status":"publish","type":"product","link":"https:\/\/gourmetto.lu\/fr\/produit\/sciaranuova\/","title":{"rendered":"Sciara Nuova &#8211; Salvatore Modica Etna Rosso DOP"},"content":{"rendered":"<p>De Salvatore Modica, un vin rouge sec provenant des pentes de l&rsquo;Etna en Sicile.<\/p>\n<p>&nbsp;<\/p>\n<p>Couleur rouge rubis avec des reflets orang\u00e9s. Ar\u00f4mes de fruits rouges avec des sensations min\u00e9rales, sur un fond d\u00e9licatement \u00e9pic\u00e9 et balsamique. Le go\u00fbt est \u00e9l\u00e9gant et juteux, soutenu par une fra\u00eecheur vive et une saveur marqu\u00e9e, avec des tanins vigoureux, mais parfaitement int\u00e9gr\u00e9s dans le corps.<\/p>\n<p>&nbsp;<\/p>\n<p>C\u00e9page : 100% Nerello Mascalese<\/p>\n<p>Alcool 13.5%<\/p>\n<p>Temp\u00e9rature de service conseill\u00e9e :\u00a0 18\u00b0C<\/p>\n","protected":false},"excerpt":{"rendered":"<p>De Salvatore Modica, un vin rouge sec provenant des pentes de l&rsquo;Etna en Sicile. &nbsp; Couleur rouge rubis avec des reflets orang\u00e9s. Ar\u00f4mes de fruits rouges avec des sensations min\u00e9rales, sur un fond d\u00e9licatement \u00e9pic\u00e9 et balsamique. Le go\u00fbt est \u00e9l\u00e9gant et juteux, soutenu par une fra\u00eecheur vive et une saveur marqu\u00e9e, avec des tanins [&hellip;]<\/p>\n","protected":false},"featured_media":3844,"template":"","meta":{"_acf_changed":false},"product_brand":[],"product_cat":[114],"product_tag":[],"class_list":{"0":"post-3805","1":"product","2":"type-product","3":"status-publish","4":"has-post-thumbnail","6":"product_cat-vins-fr","7":"pa_producers-salvatore-modica","9":"first","10":"outofstock","11":"taxable","12":"shipping-taxable","13":"purchasable","14":"product-type-simple"},"bundled_by":[],"bundle_stock_status":"outofstock","bundle_stock_quantity":0,"bundle_virtual":false,"bundle_layout":"","bundle_add_to_cart_form_location":"","bundle_editable_in_cart":false,"bundle_sold_individually_context":"","bundle_item_grouping":"","bundle_min_size":"","bundle_max_size":"","bundled_items":[],"bundle_sell_ids":[],"acf":[],"yoast_head":"<!-- This site is optimized with the Yoast SEO plugin v25.4 - https:\/\/yoast.com\/wordpress\/plugins\/seo\/ -->\n<title>Sciara Nuova - Salvatore Modica Etna Rosso DOP - Gourmetto<\/title>\n<meta name=\"robots\" content=\"index, follow, max-snippet:-1, max-image-preview:large, max-video-preview:-1\" \/>\n<link rel=\"canonical\" href=\"https:\/\/gourmetto.lu\/fr\/produit\/sciaranuova\/\" \/>\n<meta property=\"og:locale\" content=\"fr_FR\" \/>\n<meta property=\"og:type\" content=\"article\" \/>\n<meta property=\"og:title\" content=\"Sciara Nuova - Salvatore Modica Etna Rosso DOP - Gourmetto\" \/>\n<meta property=\"og:description\" content=\"De Salvatore Modica, un vin rouge sec provenant des pentes de l&rsquo;Etna en Sicile. &nbsp; Couleur rouge rubis avec des reflets orang\u00e9s. Ar\u00f4mes de fruits rouges avec des sensations min\u00e9rales, sur un fond d\u00e9licatement \u00e9pic\u00e9 et balsamique. Le go\u00fbt est \u00e9l\u00e9gant et juteux, soutenu par une fra\u00eecheur vive et une saveur marqu\u00e9e, avec des tanins [&hellip;]\" \/>\n<meta property=\"og:url\" content=\"https:\/\/gourmetto.lu\/fr\/produit\/sciaranuova\/\" \/>\n<meta property=\"og:site_name\" content=\"Gourmetto\" \/>\n<meta property=\"article:modified_time\" content=\"2025-03-15T10:09:01+00:00\" \/>\n<meta property=\"og:image\" content=\"https:\/\/gourmetto.lu\/wp-content\/uploads\/2024\/02\/PXL_20240302_131928823.PORTRAIT.ORIGINAL-scaled.jpg\" \/>\n\t<meta property=\"og:image:width\" content=\"2560\" \/>\n\t<meta property=\"og:image:height\" content=\"2560\" \/>\n\t<meta property=\"og:image:type\" content=\"image\/jpeg\" \/>\n<meta name=\"twitter:card\" content=\"summary_large_image\" \/>\n<meta name=\"twitter:label1\" content=\"Dur\u00e9e de lecture estim\u00e9e\" \/>\n\t<meta name=\"twitter:data1\" content=\"1 minute\" \/>\n<script type=\"application\/ld+json\" class=\"yoast-schema-graph\">{\"@context\":\"https:\/\/schema.org\",\"@graph\":[{\"@type\":\"WebPage\",\"@id\":\"https:\/\/gourmetto.lu\/fr\/produit\/sciaranuova\/\",\"url\":\"https:\/\/gourmetto.lu\/fr\/produit\/sciaranuova\/\",\"name\":\"Sciara Nuova - Salvatore Modica Etna Rosso DOP - Gourmetto\",\"isPartOf\":{\"@id\":\"https:\/\/gourmetto.lu\/fr\/#website\"},\"primaryImageOfPage\":{\"@id\":\"https:\/\/gourmetto.lu\/fr\/produit\/sciaranuova\/#primaryimage\"},\"image\":{\"@id\":\"https:\/\/gourmetto.lu\/fr\/produit\/sciaranuova\/#primaryimage\"},\"thumbnailUrl\":\"https:\/\/gourmetto.lu\/wp-content\/uploads\/2024\/02\/PXL_20240302_131928823.PORTRAIT.ORIGINAL-scaled.jpg\",\"datePublished\":\"2024-02-29T14:00:45+00:00\",\"dateModified\":\"2025-03-15T10:09:01+00:00\",\"breadcrumb\":{\"@id\":\"https:\/\/gourmetto.lu\/fr\/produit\/sciaranuova\/#breadcrumb\"},\"inLanguage\":\"fr-FR\",\"potentialAction\":[{\"@type\":\"ReadAction\",\"target\":[\"https:\/\/gourmetto.lu\/fr\/produit\/sciaranuova\/\"]}]},{\"@type\":\"ImageObject\",\"inLanguage\":\"fr-FR\",\"@id\":\"https:\/\/gourmetto.lu\/fr\/produit\/sciaranuova\/#primaryimage\",\"url\":\"https:\/\/gourmetto.lu\/wp-content\/uploads\/2024\/02\/PXL_20240302_131928823.PORTRAIT.ORIGINAL-scaled.jpg\",\"contentUrl\":\"https:\/\/gourmetto.lu\/wp-content\/uploads\/2024\/02\/PXL_20240302_131928823.PORTRAIT.ORIGINAL-scaled.jpg\",\"width\":2560,\"height\":2560},{\"@type\":\"BreadcrumbList\",\"@id\":\"https:\/\/gourmetto.lu\/fr\/produit\/sciaranuova\/#breadcrumb\",\"itemListElement\":[{\"@type\":\"ListItem\",\"position\":1,\"name\":\"Home\",\"item\":\"https:\/\/gourmetto.lu\/fr\/\"},{\"@type\":\"ListItem\",\"position\":2,\"name\":\"Boutique\",\"item\":\"https:\/\/gourmetto.lu\/shop\/\"},{\"@type\":\"ListItem\",\"position\":3,\"name\":\"Sciara Nuova &#8211; Salvatore Modica Etna Rosso DOP\"}]},{\"@type\":\"WebSite\",\"@id\":\"https:\/\/gourmetto.lu\/fr\/#website\",\"url\":\"https:\/\/gourmetto.lu\/fr\/\",\"name\":\"Gourmetto\",\"description\":\"\",\"potentialAction\":[{\"@type\":\"SearchAction\",\"target\":{\"@type\":\"EntryPoint\",\"urlTemplate\":\"https:\/\/gourmetto.lu\/fr\/?s={search_term_string}\"},\"query-input\":{\"@type\":\"PropertyValueSpecification\",\"valueRequired\":true,\"valueName\":\"search_term_string\"}}],\"inLanguage\":\"fr-FR\"}]}<\/script>\n<!-- \/ Yoast SEO plugin. -->","yoast_head_json":{"title":"Sciara Nuova - Salvatore Modica Etna Rosso DOP - Gourmetto","robots":{"index":"index","follow":"follow","max-snippet":"max-snippet:-1","max-image-preview":"max-image-preview:large","max-video-preview":"max-video-preview:-1"},"canonical":"https:\/\/gourmetto.lu\/fr\/produit\/sciaranuova\/","og_locale":"fr_FR","og_type":"article","og_title":"Sciara Nuova - Salvatore Modica Etna Rosso DOP - Gourmetto","og_description":"De Salvatore Modica, un vin rouge sec provenant des pentes de l&rsquo;Etna en Sicile. &nbsp; Couleur rouge rubis avec des reflets orang\u00e9s. Ar\u00f4mes de fruits rouges avec des sensations min\u00e9rales, sur un fond d\u00e9licatement \u00e9pic\u00e9 et balsamique. Le go\u00fbt est \u00e9l\u00e9gant et juteux, soutenu par une fra\u00eecheur vive et une saveur marqu\u00e9e, avec des tanins [&hellip;]","og_url":"https:\/\/gourmetto.lu\/fr\/produit\/sciaranuova\/","og_site_name":"Gourmetto","article_modified_time":"2025-03-15T10:09:01+00:00","og_image":[{"width":2560,"height":2560,"url":"https:\/\/gourmetto.lu\/wp-content\/uploads\/2024\/02\/PXL_20240302_131928823.PORTRAIT.ORIGINAL-scaled.jpg","type":"image\/jpeg"}],"twitter_card":"summary_large_image","twitter_misc":{"Dur\u00e9e de lecture estim\u00e9e":"1 minute"},"schema":{"@context":"https:\/\/schema.org","@graph":[{"@type":"WebPage","@id":"https:\/\/gourmetto.lu\/fr\/produit\/sciaranuova\/","url":"https:\/\/gourmetto.lu\/fr\/produit\/sciaranuova\/","name":"Sciara Nuova - Salvatore Modica Etna Rosso DOP - Gourmetto","isPartOf":{"@id":"https:\/\/gourmetto.lu\/fr\/#website"},"primaryImageOfPage":{"@id":"https:\/\/gourmetto.lu\/fr\/produit\/sciaranuova\/#primaryimage"},"image":{"@id":"https:\/\/gourmetto.lu\/fr\/produit\/sciaranuova\/#primaryimage"},"thumbnailUrl":"https:\/\/gourmetto.lu\/wp-content\/uploads\/2024\/02\/PXL_20240302_131928823.PORTRAIT.ORIGINAL-scaled.jpg","datePublished":"2024-02-29T14:00:45+00:00","dateModified":"2025-03-15T10:09:01+00:00","breadcrumb":{"@id":"https:\/\/gourmetto.lu\/fr\/produit\/sciaranuova\/#breadcrumb"},"inLanguage":"fr-FR","potentialAction":[{"@type":"ReadAction","target":["https:\/\/gourmetto.lu\/fr\/produit\/sciaranuova\/"]}]},{"@type":"ImageObject","inLanguage":"fr-FR","@id":"https:\/\/gourmetto.lu\/fr\/produit\/sciaranuova\/#primaryimage","url":"https:\/\/gourmetto.lu\/wp-content\/uploads\/2024\/02\/PXL_20240302_131928823.PORTRAIT.ORIGINAL-scaled.jpg","contentUrl":"https:\/\/gourmetto.lu\/wp-content\/uploads\/2024\/02\/PXL_20240302_131928823.PORTRAIT.ORIGINAL-scaled.jpg","width":2560,"height":2560},{"@type":"BreadcrumbList","@id":"https:\/\/gourmetto.lu\/fr\/produit\/sciaranuova\/#breadcrumb","itemListElement":[{"@type":"ListItem","position":1,"name":"Home","item":"https:\/\/gourmetto.lu\/fr\/"},{"@type":"ListItem","position":2,"name":"Boutique","item":"https:\/\/gourmetto.lu\/shop\/"},{"@type":"ListItem","position":3,"name":"Sciara Nuova &#8211; Salvatore Modica Etna Rosso DOP"}]},{"@type":"WebSite","@id":"https:\/\/gourmetto.lu\/fr\/#website","url":"https:\/\/gourmetto.lu\/fr\/","name":"Gourmetto","description":"","potentialAction":[{"@type":"SearchAction","target":{"@type":"EntryPoint","urlTemplate":"https:\/\/gourmetto.lu\/fr\/?s={search_term_string}"},"query-input":{"@type":"PropertyValueSpecification","valueRequired":true,"valueName":"search_term_string"}}],"inLanguage":"fr-FR"}]}},"jetpack_sharing_enabled":true,"_links":{"self":[{"href":"https:\/\/gourmetto.lu\/fr\/wp-json\/wp\/v2\/product\/3805","targetHints":{"allow":["GET"]}}],"collection":[{"href":"https:\/\/gourmetto.lu\/fr\/wp-json\/wp\/v2\/product"}],"about":[{"href":"https:\/\/gourmetto.lu\/fr\/wp-json\/wp\/v2\/types\/product"}],"wp:featuredmedia":[{"embeddable":true,"href":"https:\/\/gourmetto.lu\/fr\/wp-json\/wp\/v2\/media\/3844"}],"wp:attachment":[{"href":"https:\/\/gourmetto.lu\/fr\/wp-json\/wp\/v2\/media?parent=3805"}],"wp:term":[{"taxonomy":"product_brand","embeddable":true,"href":"https:\/\/gourmetto.lu\/fr\/wp-json\/wp\/v2\/product_brand?post=3805"},{"taxonomy":"product_cat","embeddable":true,"href":"https:\/\/gourmetto.lu\/fr\/wp-json\/wp\/v2\/product_cat?post=3805"},{"taxonomy":"product_tag","embeddable":true,"href":"https:\/\/gourmetto.lu\/fr\/wp-json\/wp\/v2\/product_tag?post=3805"}],"curies":[{"name":"wp","href":"https:\/\/api.w.org\/{rel}","templated":true}]}}