{"id":3808,"date":"2024-02-29T15:33:56","date_gmt":"2024-02-29T14:33:56","guid":{"rendered":"https:\/\/gourmetto.lu\/?post_type=product&#038;p=3808"},"modified":"2024-06-15T17:56:15","modified_gmt":"2024-06-15T15:56:15","slug":"halara","status":"publish","type":"product","link":"https:\/\/gourmetto.lu\/fr\/produit\/halara\/","title":{"rendered":"Halar\u00e0 &#8211; Terre Siciliane IGP Rosato"},"content":{"rendered":"<p>De Halar\u00e0 (du grec \u03a7\u03b1\u03bb\u03ac\u03c1\u03b1, qui signifie \u00ab\u00a0se la couler douce\u00a0\u00bb) Un ros\u00e9 fin, intense et profond, qui sent les parfums de la M\u00e9diterran\u00e9e.<\/p>\n<p>&nbsp;<\/p>\n<p>Couleur rose vif et intense. En bouche, des merveilleuses notes d&rsquo;agrumes sont accompagn\u00e9es d&rsquo;une l\u00e9g\u00e8re salinit\u00e9 qui rend le vin extr\u00eamement agr\u00e9able et facile \u00e0 boire, mais qui laissent ensuite la place \u00e0 un profil un peu plus vivace et complexe gr\u00e2ce \u00e0 des notes \u00e9pic\u00e9es et poivr\u00e9es.<\/p>\n<p>&nbsp;<\/p>\n<p>C\u00e9pages : Parpato 80% &#8211; Catarratto 20%<\/p>\n<p>Alcool 11,5%.<\/p>\n<p>Temp\u00e9rature de service conseill\u00e9e : 12\u00b0C<\/p>\n","protected":false},"excerpt":{"rendered":"<p>De Halar\u00e0 (du grec \u03a7\u03b1\u03bb\u03ac\u03c1\u03b1, qui signifie \u00ab\u00a0se la couler douce\u00a0\u00bb) Un ros\u00e9 fin, intense et profond, qui sent les parfums de la M\u00e9diterran\u00e9e. &nbsp; Couleur rose vif et intense. En bouche, des merveilleuses notes d&rsquo;agrumes sont accompagn\u00e9es d&rsquo;une l\u00e9g\u00e8re salinit\u00e9 qui rend le vin extr\u00eamement agr\u00e9able et facile \u00e0 boire, mais qui laissent ensuite [&hellip;]<\/p>\n","protected":false},"featured_media":3841,"template":"","meta":{"_acf_changed":false},"product_brand":[],"product_cat":[114],"product_tag":[],"class_list":{"0":"post-3808","1":"product","2":"type-product","3":"status-publish","4":"has-post-thumbnail","6":"product_cat-vins-fr","7":"pa_producers-halara","9":"first","10":"instock","11":"taxable","12":"shipping-taxable","13":"purchasable","14":"product-type-simple"},"bundled_by":[],"bundle_stock_status":"instock","bundle_stock_quantity":9,"bundle_virtual":false,"bundle_layout":"","bundle_add_to_cart_form_location":"","bundle_editable_in_cart":false,"bundle_sold_individually_context":"","bundle_item_grouping":"","bundle_min_size":"","bundle_max_size":"","bundled_items":[],"bundle_sell_ids":[],"acf":[],"yoast_head":"<!-- This site is optimized with the Yoast SEO plugin v25.4 - https:\/\/yoast.com\/wordpress\/plugins\/seo\/ -->\n<title>Halar\u00e0 - Terre Siciliane IGP Rosato - Gourmetto<\/title>\n<meta name=\"robots\" content=\"index, follow, max-snippet:-1, max-image-preview:large, max-video-preview:-1\" \/>\n<link rel=\"canonical\" href=\"https:\/\/gourmetto.lu\/fr\/produit\/halara\/\" \/>\n<meta property=\"og:locale\" content=\"fr_FR\" \/>\n<meta property=\"og:type\" content=\"article\" \/>\n<meta property=\"og:title\" content=\"Halar\u00e0 - Terre Siciliane IGP Rosato - Gourmetto\" \/>\n<meta property=\"og:description\" content=\"De Halar\u00e0 (du grec \u03a7\u03b1\u03bb\u03ac\u03c1\u03b1, qui signifie \u00ab\u00a0se la couler douce\u00a0\u00bb) Un ros\u00e9 fin, intense et profond, qui sent les parfums de la M\u00e9diterran\u00e9e. &nbsp; Couleur rose vif et intense. En bouche, des merveilleuses notes d&rsquo;agrumes sont accompagn\u00e9es d&rsquo;une l\u00e9g\u00e8re salinit\u00e9 qui rend le vin extr\u00eamement agr\u00e9able et facile \u00e0 boire, mais qui laissent ensuite [&hellip;]\" \/>\n<meta property=\"og:url\" content=\"https:\/\/gourmetto.lu\/fr\/produit\/halara\/\" \/>\n<meta property=\"og:site_name\" content=\"Gourmetto\" \/>\n<meta property=\"article:modified_time\" content=\"2024-06-15T15:56:15+00:00\" \/>\n<meta property=\"og:image\" content=\"https:\/\/gourmetto.lu\/wp-content\/uploads\/2024\/02\/PXL_20240302_132136642.PORTRAIT-scaled.jpg\" \/>\n\t<meta property=\"og:image:width\" content=\"2560\" \/>\n\t<meta property=\"og:image:height\" content=\"2560\" \/>\n\t<meta property=\"og:image:type\" content=\"image\/jpeg\" \/>\n<meta name=\"twitter:card\" content=\"summary_large_image\" \/>\n<meta name=\"twitter:label1\" content=\"Dur\u00e9e de lecture estim\u00e9e\" \/>\n\t<meta name=\"twitter:data1\" content=\"1 minute\" \/>\n<script type=\"application\/ld+json\" class=\"yoast-schema-graph\">{\"@context\":\"https:\/\/schema.org\",\"@graph\":[{\"@type\":\"WebPage\",\"@id\":\"https:\/\/gourmetto.lu\/fr\/produit\/halara\/\",\"url\":\"https:\/\/gourmetto.lu\/fr\/produit\/halara\/\",\"name\":\"Halar\u00e0 - Terre Siciliane IGP Rosato - Gourmetto\",\"isPartOf\":{\"@id\":\"https:\/\/gourmetto.lu\/fr\/#website\"},\"primaryImageOfPage\":{\"@id\":\"https:\/\/gourmetto.lu\/fr\/produit\/halara\/#primaryimage\"},\"image\":{\"@id\":\"https:\/\/gourmetto.lu\/fr\/produit\/halara\/#primaryimage\"},\"thumbnailUrl\":\"https:\/\/gourmetto.lu\/wp-content\/uploads\/2024\/02\/PXL_20240302_132136642.PORTRAIT-scaled.jpg\",\"datePublished\":\"2024-02-29T14:33:56+00:00\",\"dateModified\":\"2024-06-15T15:56:15+00:00\",\"breadcrumb\":{\"@id\":\"https:\/\/gourmetto.lu\/fr\/produit\/halara\/#breadcrumb\"},\"inLanguage\":\"fr-FR\",\"potentialAction\":[{\"@type\":\"ReadAction\",\"target\":[\"https:\/\/gourmetto.lu\/fr\/produit\/halara\/\"]}]},{\"@type\":\"ImageObject\",\"inLanguage\":\"fr-FR\",\"@id\":\"https:\/\/gourmetto.lu\/fr\/produit\/halara\/#primaryimage\",\"url\":\"https:\/\/gourmetto.lu\/wp-content\/uploads\/2024\/02\/PXL_20240302_132136642.PORTRAIT-scaled.jpg\",\"contentUrl\":\"https:\/\/gourmetto.lu\/wp-content\/uploads\/2024\/02\/PXL_20240302_132136642.PORTRAIT-scaled.jpg\",\"width\":2560,\"height\":2560},{\"@type\":\"BreadcrumbList\",\"@id\":\"https:\/\/gourmetto.lu\/fr\/produit\/halara\/#breadcrumb\",\"itemListElement\":[{\"@type\":\"ListItem\",\"position\":1,\"name\":\"Home\",\"item\":\"https:\/\/gourmetto.lu\/fr\/\"},{\"@type\":\"ListItem\",\"position\":2,\"name\":\"Boutique\",\"item\":\"https:\/\/gourmetto.lu\/shop\/\"},{\"@type\":\"ListItem\",\"position\":3,\"name\":\"Halar\u00e0 &#8211; Terre Siciliane IGP Rosato\"}]},{\"@type\":\"WebSite\",\"@id\":\"https:\/\/gourmetto.lu\/fr\/#website\",\"url\":\"https:\/\/gourmetto.lu\/fr\/\",\"name\":\"Gourmetto\",\"description\":\"\",\"potentialAction\":[{\"@type\":\"SearchAction\",\"target\":{\"@type\":\"EntryPoint\",\"urlTemplate\":\"https:\/\/gourmetto.lu\/fr\/?s={search_term_string}\"},\"query-input\":{\"@type\":\"PropertyValueSpecification\",\"valueRequired\":true,\"valueName\":\"search_term_string\"}}],\"inLanguage\":\"fr-FR\"}]}<\/script>\n<!-- \/ Yoast SEO plugin. -->","yoast_head_json":{"title":"Halar\u00e0 - Terre Siciliane IGP Rosato - Gourmetto","robots":{"index":"index","follow":"follow","max-snippet":"max-snippet:-1","max-image-preview":"max-image-preview:large","max-video-preview":"max-video-preview:-1"},"canonical":"https:\/\/gourmetto.lu\/fr\/produit\/halara\/","og_locale":"fr_FR","og_type":"article","og_title":"Halar\u00e0 - Terre Siciliane IGP Rosato - Gourmetto","og_description":"De Halar\u00e0 (du grec \u03a7\u03b1\u03bb\u03ac\u03c1\u03b1, qui signifie \u00ab\u00a0se la couler douce\u00a0\u00bb) Un ros\u00e9 fin, intense et profond, qui sent les parfums de la M\u00e9diterran\u00e9e. &nbsp; Couleur rose vif et intense. En bouche, des merveilleuses notes d&rsquo;agrumes sont accompagn\u00e9es d&rsquo;une l\u00e9g\u00e8re salinit\u00e9 qui rend le vin extr\u00eamement agr\u00e9able et facile \u00e0 boire, mais qui laissent ensuite [&hellip;]","og_url":"https:\/\/gourmetto.lu\/fr\/produit\/halara\/","og_site_name":"Gourmetto","article_modified_time":"2024-06-15T15:56:15+00:00","og_image":[{"width":2560,"height":2560,"url":"https:\/\/gourmetto.lu\/wp-content\/uploads\/2024\/02\/PXL_20240302_132136642.PORTRAIT-scaled.jpg","type":"image\/jpeg"}],"twitter_card":"summary_large_image","twitter_misc":{"Dur\u00e9e de lecture estim\u00e9e":"1 minute"},"schema":{"@context":"https:\/\/schema.org","@graph":[{"@type":"WebPage","@id":"https:\/\/gourmetto.lu\/fr\/produit\/halara\/","url":"https:\/\/gourmetto.lu\/fr\/produit\/halara\/","name":"Halar\u00e0 - Terre Siciliane IGP Rosato - Gourmetto","isPartOf":{"@id":"https:\/\/gourmetto.lu\/fr\/#website"},"primaryImageOfPage":{"@id":"https:\/\/gourmetto.lu\/fr\/produit\/halara\/#primaryimage"},"image":{"@id":"https:\/\/gourmetto.lu\/fr\/produit\/halara\/#primaryimage"},"thumbnailUrl":"https:\/\/gourmetto.lu\/wp-content\/uploads\/2024\/02\/PXL_20240302_132136642.PORTRAIT-scaled.jpg","datePublished":"2024-02-29T14:33:56+00:00","dateModified":"2024-06-15T15:56:15+00:00","breadcrumb":{"@id":"https:\/\/gourmetto.lu\/fr\/produit\/halara\/#breadcrumb"},"inLanguage":"fr-FR","potentialAction":[{"@type":"ReadAction","target":["https:\/\/gourmetto.lu\/fr\/produit\/halara\/"]}]},{"@type":"ImageObject","inLanguage":"fr-FR","@id":"https:\/\/gourmetto.lu\/fr\/produit\/halara\/#primaryimage","url":"https:\/\/gourmetto.lu\/wp-content\/uploads\/2024\/02\/PXL_20240302_132136642.PORTRAIT-scaled.jpg","contentUrl":"https:\/\/gourmetto.lu\/wp-content\/uploads\/2024\/02\/PXL_20240302_132136642.PORTRAIT-scaled.jpg","width":2560,"height":2560},{"@type":"BreadcrumbList","@id":"https:\/\/gourmetto.lu\/fr\/produit\/halara\/#breadcrumb","itemListElement":[{"@type":"ListItem","position":1,"name":"Home","item":"https:\/\/gourmetto.lu\/fr\/"},{"@type":"ListItem","position":2,"name":"Boutique","item":"https:\/\/gourmetto.lu\/shop\/"},{"@type":"ListItem","position":3,"name":"Halar\u00e0 &#8211; Terre Siciliane IGP Rosato"}]},{"@type":"WebSite","@id":"https:\/\/gourmetto.lu\/fr\/#website","url":"https:\/\/gourmetto.lu\/fr\/","name":"Gourmetto","description":"","potentialAction":[{"@type":"SearchAction","target":{"@type":"EntryPoint","urlTemplate":"https:\/\/gourmetto.lu\/fr\/?s={search_term_string}"},"query-input":{"@type":"PropertyValueSpecification","valueRequired":true,"valueName":"search_term_string"}}],"inLanguage":"fr-FR"}]}},"jetpack_sharing_enabled":true,"_links":{"self":[{"href":"https:\/\/gourmetto.lu\/fr\/wp-json\/wp\/v2\/product\/3808","targetHints":{"allow":["GET"]}}],"collection":[{"href":"https:\/\/gourmetto.lu\/fr\/wp-json\/wp\/v2\/product"}],"about":[{"href":"https:\/\/gourmetto.lu\/fr\/wp-json\/wp\/v2\/types\/product"}],"wp:featuredmedia":[{"embeddable":true,"href":"https:\/\/gourmetto.lu\/fr\/wp-json\/wp\/v2\/media\/3841"}],"wp:attachment":[{"href":"https:\/\/gourmetto.lu\/fr\/wp-json\/wp\/v2\/media?parent=3808"}],"wp:term":[{"taxonomy":"product_brand","embeddable":true,"href":"https:\/\/gourmetto.lu\/fr\/wp-json\/wp\/v2\/product_brand?post=3808"},{"taxonomy":"product_cat","embeddable":true,"href":"https:\/\/gourmetto.lu\/fr\/wp-json\/wp\/v2\/product_cat?post=3808"},{"taxonomy":"product_tag","embeddable":true,"href":"https:\/\/gourmetto.lu\/fr\/wp-json\/wp\/v2\/product_tag?post=3808"}],"curies":[{"name":"wp","href":"https:\/\/api.w.org\/{rel}","templated":true}]}}