{"id":3821,"date":"2024-02-29T16:35:57","date_gmt":"2024-02-29T15:35:57","guid":{"rendered":"https:\/\/gourmetto.lu\/?post_type=product&#038;p=3821"},"modified":"2025-11-28T16:30:30","modified_gmt":"2025-11-28T15:30:30","slug":"rainagrechetto","status":"publish","type":"product","link":"https:\/\/gourmetto.lu\/fr\/produit\/rainagrechetto\/","title":{"rendered":"Ra\u00ecna &#8211; Grechetto IGT"},"content":{"rendered":"<p>De Cantina Ra\u00ecna &#8211; un vin blanc classique de la r\u00e9gion de l&rsquo;Ombrie, au centre de l&rsquo;Italie.<\/p>\n<p>&nbsp;<\/p>\n<p>Jaune dor\u00e9 intense. Le nez est expressif et territorial, avec des notes de fruits frais, d&rsquo;herbes et l\u00e9g\u00e8rement balsamiques. La bouche est riche, dynamique, juteuse, tendue et tr\u00e8s fra\u00eeche, avec de tr\u00e8s l\u00e9gers tanins en fin de bouche.<\/p>\n<p>&nbsp;<\/p>\n<p>C\u00e9page: 100% Grechetto<\/p>\n<p>Alcool : 12.5%.<\/p>\n<p>Temp\u00e9rature de service conseill\u00e9e : 10\u00b0C<\/p>\n","protected":false},"excerpt":{"rendered":"<p>De Cantina Ra\u00ecna &#8211; un vin blanc classique de la r\u00e9gion de l&rsquo;Ombrie, au centre de l&rsquo;Italie. &nbsp; Jaune dor\u00e9 intense. Le nez est expressif et territorial, avec des notes de fruits frais, d&rsquo;herbes et l\u00e9g\u00e8rement balsamiques. La bouche est riche, dynamique, juteuse, tendue et tr\u00e8s fra\u00eeche, avec de tr\u00e8s l\u00e9gers tanins en fin de [&hellip;]<\/p>\n","protected":false},"featured_media":3830,"template":"","meta":{"_acf_changed":false},"product_brand":[],"product_cat":[114],"product_tag":[],"class_list":{"0":"post-3821","1":"product","2":"type-product","3":"status-publish","4":"has-post-thumbnail","6":"product_cat-vins-fr","7":"pa_producers-cantina-raina-2","9":"first","10":"instock","11":"taxable","12":"shipping-taxable","13":"purchasable","14":"product-type-simple"},"bundled_by":[],"bundle_stock_status":"instock","bundle_stock_quantity":3,"bundle_virtual":false,"bundle_layout":"","bundle_add_to_cart_form_location":"","bundle_editable_in_cart":false,"bundle_sold_individually_context":"","bundle_item_grouping":"","bundle_min_size":"","bundle_max_size":"","bundled_items":[],"bundle_sell_ids":[],"acf":[],"yoast_head":"<!-- This site is optimized with the Yoast SEO plugin v25.4 - https:\/\/yoast.com\/wordpress\/plugins\/seo\/ -->\n<title>Ra\u00ecna - Grechetto IGT - Gourmetto<\/title>\n<meta name=\"robots\" content=\"index, follow, max-snippet:-1, max-image-preview:large, max-video-preview:-1\" \/>\n<link rel=\"canonical\" href=\"https:\/\/gourmetto.lu\/fr\/produit\/rainagrechetto\/\" \/>\n<meta property=\"og:locale\" content=\"fr_FR\" \/>\n<meta property=\"og:type\" content=\"article\" \/>\n<meta property=\"og:title\" content=\"Ra\u00ecna - Grechetto IGT - Gourmetto\" \/>\n<meta property=\"og:description\" content=\"De Cantina Ra\u00ecna &#8211; un vin blanc classique de la r\u00e9gion de l&rsquo;Ombrie, au centre de l&rsquo;Italie. &nbsp; Jaune dor\u00e9 intense. Le nez est expressif et territorial, avec des notes de fruits frais, d&rsquo;herbes et l\u00e9g\u00e8rement balsamiques. La bouche est riche, dynamique, juteuse, tendue et tr\u00e8s fra\u00eeche, avec de tr\u00e8s l\u00e9gers tanins en fin de [&hellip;]\" \/>\n<meta property=\"og:url\" content=\"https:\/\/gourmetto.lu\/fr\/produit\/rainagrechetto\/\" \/>\n<meta property=\"og:site_name\" content=\"Gourmetto\" \/>\n<meta property=\"article:modified_time\" content=\"2025-11-28T15:30:30+00:00\" \/>\n<meta property=\"og:image\" content=\"https:\/\/gourmetto.lu\/wp-content\/uploads\/2024\/02\/PXL_20240302_132103411.PORTRAIT.ORIGINAL-scaled.jpg\" \/>\n\t<meta property=\"og:image:width\" content=\"2560\" \/>\n\t<meta property=\"og:image:height\" content=\"2560\" \/>\n\t<meta property=\"og:image:type\" content=\"image\/jpeg\" \/>\n<meta name=\"twitter:card\" content=\"summary_large_image\" \/>\n<meta name=\"twitter:label1\" content=\"Dur\u00e9e de lecture estim\u00e9e\" \/>\n\t<meta name=\"twitter:data1\" content=\"1 minute\" \/>\n<script type=\"application\/ld+json\" class=\"yoast-schema-graph\">{\"@context\":\"https:\/\/schema.org\",\"@graph\":[{\"@type\":\"WebPage\",\"@id\":\"https:\/\/gourmetto.lu\/fr\/produit\/rainagrechetto\/\",\"url\":\"https:\/\/gourmetto.lu\/fr\/produit\/rainagrechetto\/\",\"name\":\"Ra\u00ecna - Grechetto IGT - Gourmetto\",\"isPartOf\":{\"@id\":\"https:\/\/gourmetto.lu\/fr\/#website\"},\"primaryImageOfPage\":{\"@id\":\"https:\/\/gourmetto.lu\/fr\/produit\/rainagrechetto\/#primaryimage\"},\"image\":{\"@id\":\"https:\/\/gourmetto.lu\/fr\/produit\/rainagrechetto\/#primaryimage\"},\"thumbnailUrl\":\"https:\/\/gourmetto.lu\/wp-content\/uploads\/2024\/02\/PXL_20240302_132103411.PORTRAIT.ORIGINAL-scaled.jpg\",\"datePublished\":\"2024-02-29T15:35:57+00:00\",\"dateModified\":\"2025-11-28T15:30:30+00:00\",\"breadcrumb\":{\"@id\":\"https:\/\/gourmetto.lu\/fr\/produit\/rainagrechetto\/#breadcrumb\"},\"inLanguage\":\"fr-FR\",\"potentialAction\":[{\"@type\":\"ReadAction\",\"target\":[\"https:\/\/gourmetto.lu\/fr\/produit\/rainagrechetto\/\"]}]},{\"@type\":\"ImageObject\",\"inLanguage\":\"fr-FR\",\"@id\":\"https:\/\/gourmetto.lu\/fr\/produit\/rainagrechetto\/#primaryimage\",\"url\":\"https:\/\/gourmetto.lu\/wp-content\/uploads\/2024\/02\/PXL_20240302_132103411.PORTRAIT.ORIGINAL-scaled.jpg\",\"contentUrl\":\"https:\/\/gourmetto.lu\/wp-content\/uploads\/2024\/02\/PXL_20240302_132103411.PORTRAIT.ORIGINAL-scaled.jpg\",\"width\":2560,\"height\":2560},{\"@type\":\"BreadcrumbList\",\"@id\":\"https:\/\/gourmetto.lu\/fr\/produit\/rainagrechetto\/#breadcrumb\",\"itemListElement\":[{\"@type\":\"ListItem\",\"position\":1,\"name\":\"Home\",\"item\":\"https:\/\/gourmetto.lu\/fr\/\"},{\"@type\":\"ListItem\",\"position\":2,\"name\":\"Boutique\",\"item\":\"https:\/\/gourmetto.lu\/shop\/\"},{\"@type\":\"ListItem\",\"position\":3,\"name\":\"Ra\u00ecna &#8211; Grechetto IGT\"}]},{\"@type\":\"WebSite\",\"@id\":\"https:\/\/gourmetto.lu\/fr\/#website\",\"url\":\"https:\/\/gourmetto.lu\/fr\/\",\"name\":\"Gourmetto\",\"description\":\"\",\"potentialAction\":[{\"@type\":\"SearchAction\",\"target\":{\"@type\":\"EntryPoint\",\"urlTemplate\":\"https:\/\/gourmetto.lu\/fr\/?s={search_term_string}\"},\"query-input\":{\"@type\":\"PropertyValueSpecification\",\"valueRequired\":true,\"valueName\":\"search_term_string\"}}],\"inLanguage\":\"fr-FR\"}]}<\/script>\n<!-- \/ Yoast SEO plugin. -->","yoast_head_json":{"title":"Ra\u00ecna - Grechetto IGT - Gourmetto","robots":{"index":"index","follow":"follow","max-snippet":"max-snippet:-1","max-image-preview":"max-image-preview:large","max-video-preview":"max-video-preview:-1"},"canonical":"https:\/\/gourmetto.lu\/fr\/produit\/rainagrechetto\/","og_locale":"fr_FR","og_type":"article","og_title":"Ra\u00ecna - Grechetto IGT - Gourmetto","og_description":"De Cantina Ra\u00ecna &#8211; un vin blanc classique de la r\u00e9gion de l&rsquo;Ombrie, au centre de l&rsquo;Italie. &nbsp; Jaune dor\u00e9 intense. Le nez est expressif et territorial, avec des notes de fruits frais, d&rsquo;herbes et l\u00e9g\u00e8rement balsamiques. La bouche est riche, dynamique, juteuse, tendue et tr\u00e8s fra\u00eeche, avec de tr\u00e8s l\u00e9gers tanins en fin de [&hellip;]","og_url":"https:\/\/gourmetto.lu\/fr\/produit\/rainagrechetto\/","og_site_name":"Gourmetto","article_modified_time":"2025-11-28T15:30:30+00:00","og_image":[{"width":2560,"height":2560,"url":"https:\/\/gourmetto.lu\/wp-content\/uploads\/2024\/02\/PXL_20240302_132103411.PORTRAIT.ORIGINAL-scaled.jpg","type":"image\/jpeg"}],"twitter_card":"summary_large_image","twitter_misc":{"Dur\u00e9e de lecture estim\u00e9e":"1 minute"},"schema":{"@context":"https:\/\/schema.org","@graph":[{"@type":"WebPage","@id":"https:\/\/gourmetto.lu\/fr\/produit\/rainagrechetto\/","url":"https:\/\/gourmetto.lu\/fr\/produit\/rainagrechetto\/","name":"Ra\u00ecna - Grechetto IGT - Gourmetto","isPartOf":{"@id":"https:\/\/gourmetto.lu\/fr\/#website"},"primaryImageOfPage":{"@id":"https:\/\/gourmetto.lu\/fr\/produit\/rainagrechetto\/#primaryimage"},"image":{"@id":"https:\/\/gourmetto.lu\/fr\/produit\/rainagrechetto\/#primaryimage"},"thumbnailUrl":"https:\/\/gourmetto.lu\/wp-content\/uploads\/2024\/02\/PXL_20240302_132103411.PORTRAIT.ORIGINAL-scaled.jpg","datePublished":"2024-02-29T15:35:57+00:00","dateModified":"2025-11-28T15:30:30+00:00","breadcrumb":{"@id":"https:\/\/gourmetto.lu\/fr\/produit\/rainagrechetto\/#breadcrumb"},"inLanguage":"fr-FR","potentialAction":[{"@type":"ReadAction","target":["https:\/\/gourmetto.lu\/fr\/produit\/rainagrechetto\/"]}]},{"@type":"ImageObject","inLanguage":"fr-FR","@id":"https:\/\/gourmetto.lu\/fr\/produit\/rainagrechetto\/#primaryimage","url":"https:\/\/gourmetto.lu\/wp-content\/uploads\/2024\/02\/PXL_20240302_132103411.PORTRAIT.ORIGINAL-scaled.jpg","contentUrl":"https:\/\/gourmetto.lu\/wp-content\/uploads\/2024\/02\/PXL_20240302_132103411.PORTRAIT.ORIGINAL-scaled.jpg","width":2560,"height":2560},{"@type":"BreadcrumbList","@id":"https:\/\/gourmetto.lu\/fr\/produit\/rainagrechetto\/#breadcrumb","itemListElement":[{"@type":"ListItem","position":1,"name":"Home","item":"https:\/\/gourmetto.lu\/fr\/"},{"@type":"ListItem","position":2,"name":"Boutique","item":"https:\/\/gourmetto.lu\/shop\/"},{"@type":"ListItem","position":3,"name":"Ra\u00ecna &#8211; Grechetto IGT"}]},{"@type":"WebSite","@id":"https:\/\/gourmetto.lu\/fr\/#website","url":"https:\/\/gourmetto.lu\/fr\/","name":"Gourmetto","description":"","potentialAction":[{"@type":"SearchAction","target":{"@type":"EntryPoint","urlTemplate":"https:\/\/gourmetto.lu\/fr\/?s={search_term_string}"},"query-input":{"@type":"PropertyValueSpecification","valueRequired":true,"valueName":"search_term_string"}}],"inLanguage":"fr-FR"}]}},"jetpack_sharing_enabled":true,"_links":{"self":[{"href":"https:\/\/gourmetto.lu\/fr\/wp-json\/wp\/v2\/product\/3821","targetHints":{"allow":["GET"]}}],"collection":[{"href":"https:\/\/gourmetto.lu\/fr\/wp-json\/wp\/v2\/product"}],"about":[{"href":"https:\/\/gourmetto.lu\/fr\/wp-json\/wp\/v2\/types\/product"}],"wp:featuredmedia":[{"embeddable":true,"href":"https:\/\/gourmetto.lu\/fr\/wp-json\/wp\/v2\/media\/3830"}],"wp:attachment":[{"href":"https:\/\/gourmetto.lu\/fr\/wp-json\/wp\/v2\/media?parent=3821"}],"wp:term":[{"taxonomy":"product_brand","embeddable":true,"href":"https:\/\/gourmetto.lu\/fr\/wp-json\/wp\/v2\/product_brand?post=3821"},{"taxonomy":"product_cat","embeddable":true,"href":"https:\/\/gourmetto.lu\/fr\/wp-json\/wp\/v2\/product_cat?post=3821"},{"taxonomy":"product_tag","embeddable":true,"href":"https:\/\/gourmetto.lu\/fr\/wp-json\/wp\/v2\/product_tag?post=3821"}],"curies":[{"name":"wp","href":"https:\/\/api.w.org\/{rel}","templated":true}]}}