{"id":4023,"date":"2024-04-29T17:29:14","date_gmt":"2024-04-29T15:29:14","guid":{"rendered":"https:\/\/gourmetto.lu\/?post_type=product&#038;p=4023"},"modified":"2025-12-02T09:33:54","modified_gmt":"2025-12-02T08:33:54","slug":"salametartufo","status":"publish","type":"product","link":"https:\/\/gourmetto.lu\/fr\/produit\/salametartufo\/","title":{"rendered":"Salami \u00e0 la truffe blanche"},"content":{"rendered":"<p>Depuis trois g\u00e9n\u00e9rations, la famille Armini fournit d&rsquo;excellents salamis et charcuteries dans la ville d&rsquo;Alba, au c\u0153ur de la r\u00e9gion des Langhe, o\u00f9 les gens sont connus pour leur connaissance de la viande et du vin.<\/p>\n<p>Le \u00ab diamant de la terre \u00bb rencontre le salami Armini dans un mariage sensoriel qui r\u00e9v\u00e8le l&rsquo;\u00e2me noble du Pi\u00e9mont. La viande de porcs lourds \u00e9lev\u00e9s en Italie rencontre les flocons de Tartufo Bianco Pregiato (Tuber Magnatum Pico). Un saucisson \u00e0 la saveur sup\u00e9rieure, \u00e0 l&rsquo;ar\u00f4me intense, fin et \u00e9l\u00e9gant, v\u00e9ritable essence des Langhe, patrie de l&rsquo;excellence gastronomique ind\u00e9modable.<\/p>\n<p>&nbsp;<\/p>\n<p>&nbsp;<\/p>\n","protected":false},"excerpt":{"rendered":"<p>Depuis trois g\u00e9n\u00e9rations, la famille Armini fournit d&rsquo;excellents salamis et charcuteries dans la ville d&rsquo;Alba, au c\u0153ur de la r\u00e9gion des Langhe, o\u00f9 les gens sont connus pour leur connaissance de la viande et du vin. Le \u00ab diamant de la terre \u00bb rencontre le salami Armini dans un mariage sensoriel qui r\u00e9v\u00e8le l&rsquo;\u00e2me noble [&hellip;]<\/p>\n","protected":false},"featured_media":4125,"template":"","meta":{"_acf_changed":false},"product_brand":[],"product_cat":[101],"product_tag":[],"class_list":{"0":"post-4023","1":"product","2":"type-product","3":"status-publish","4":"has-post-thumbnail","6":"product_cat-charcuterie-fr","8":"first","9":"outofstock","10":"taxable","11":"shipping-taxable","12":"purchasable","13":"product-type-simple"},"bundled_by":[],"bundle_stock_status":"outofstock","bundle_stock_quantity":0,"bundle_virtual":false,"bundle_layout":"","bundle_add_to_cart_form_location":"","bundle_editable_in_cart":false,"bundle_sold_individually_context":"","bundle_item_grouping":"","bundle_min_size":"","bundle_max_size":"","bundled_items":[],"bundle_sell_ids":[],"acf":[],"yoast_head":"<!-- This site is optimized with the Yoast SEO plugin v25.4 - https:\/\/yoast.com\/wordpress\/plugins\/seo\/ -->\n<title>Salami \u00e0 la truffe blanche - Gourmetto<\/title>\n<meta name=\"robots\" content=\"index, follow, max-snippet:-1, max-image-preview:large, max-video-preview:-1\" \/>\n<link rel=\"canonical\" href=\"https:\/\/gourmetto.lu\/fr\/produit\/salametartufo\/\" \/>\n<meta property=\"og:locale\" content=\"fr_FR\" \/>\n<meta property=\"og:type\" content=\"article\" \/>\n<meta property=\"og:title\" content=\"Salami \u00e0 la truffe blanche - Gourmetto\" \/>\n<meta property=\"og:description\" content=\"Depuis trois g\u00e9n\u00e9rations, la famille Armini fournit d&rsquo;excellents salamis et charcuteries dans la ville d&rsquo;Alba, au c\u0153ur de la r\u00e9gion des Langhe, o\u00f9 les gens sont connus pour leur connaissance de la viande et du vin. Le \u00ab diamant de la terre \u00bb rencontre le salami Armini dans un mariage sensoriel qui r\u00e9v\u00e8le l&rsquo;\u00e2me noble [&hellip;]\" \/>\n<meta property=\"og:url\" content=\"https:\/\/gourmetto.lu\/fr\/produit\/salametartufo\/\" \/>\n<meta property=\"og:site_name\" content=\"Gourmetto\" \/>\n<meta property=\"article:modified_time\" content=\"2025-12-02T08:33:54+00:00\" \/>\n<meta property=\"og:image\" content=\"https:\/\/gourmetto.lu\/wp-content\/uploads\/2024\/04\/IMG20240530111537-scaled.jpg\" \/>\n\t<meta property=\"og:image:width\" content=\"2560\" \/>\n\t<meta property=\"og:image:height\" content=\"2560\" \/>\n\t<meta property=\"og:image:type\" content=\"image\/jpeg\" \/>\n<meta name=\"twitter:card\" content=\"summary_large_image\" \/>\n<meta name=\"twitter:label1\" content=\"Dur\u00e9e de lecture estim\u00e9e\" \/>\n\t<meta name=\"twitter:data1\" content=\"1 minute\" \/>\n<script type=\"application\/ld+json\" class=\"yoast-schema-graph\">{\"@context\":\"https:\/\/schema.org\",\"@graph\":[{\"@type\":\"WebPage\",\"@id\":\"https:\/\/gourmetto.lu\/fr\/produit\/salametartufo\/\",\"url\":\"https:\/\/gourmetto.lu\/fr\/produit\/salametartufo\/\",\"name\":\"Salami \u00e0 la truffe blanche - Gourmetto\",\"isPartOf\":{\"@id\":\"https:\/\/gourmetto.lu\/fr\/#website\"},\"primaryImageOfPage\":{\"@id\":\"https:\/\/gourmetto.lu\/fr\/produit\/salametartufo\/#primaryimage\"},\"image\":{\"@id\":\"https:\/\/gourmetto.lu\/fr\/produit\/salametartufo\/#primaryimage\"},\"thumbnailUrl\":\"https:\/\/gourmetto.lu\/wp-content\/uploads\/2024\/04\/IMG20240530111537-scaled.jpg\",\"datePublished\":\"2024-04-29T15:29:14+00:00\",\"dateModified\":\"2025-12-02T08:33:54+00:00\",\"breadcrumb\":{\"@id\":\"https:\/\/gourmetto.lu\/fr\/produit\/salametartufo\/#breadcrumb\"},\"inLanguage\":\"fr-FR\",\"potentialAction\":[{\"@type\":\"ReadAction\",\"target\":[\"https:\/\/gourmetto.lu\/fr\/produit\/salametartufo\/\"]}]},{\"@type\":\"ImageObject\",\"inLanguage\":\"fr-FR\",\"@id\":\"https:\/\/gourmetto.lu\/fr\/produit\/salametartufo\/#primaryimage\",\"url\":\"https:\/\/gourmetto.lu\/wp-content\/uploads\/2024\/04\/IMG20240530111537-scaled.jpg\",\"contentUrl\":\"https:\/\/gourmetto.lu\/wp-content\/uploads\/2024\/04\/IMG20240530111537-scaled.jpg\",\"width\":2560,\"height\":2560},{\"@type\":\"BreadcrumbList\",\"@id\":\"https:\/\/gourmetto.lu\/fr\/produit\/salametartufo\/#breadcrumb\",\"itemListElement\":[{\"@type\":\"ListItem\",\"position\":1,\"name\":\"Home\",\"item\":\"https:\/\/gourmetto.lu\/fr\/\"},{\"@type\":\"ListItem\",\"position\":2,\"name\":\"Boutique\",\"item\":\"https:\/\/gourmetto.lu\/shop\/\"},{\"@type\":\"ListItem\",\"position\":3,\"name\":\"Salami \u00e0 la truffe blanche\"}]},{\"@type\":\"WebSite\",\"@id\":\"https:\/\/gourmetto.lu\/fr\/#website\",\"url\":\"https:\/\/gourmetto.lu\/fr\/\",\"name\":\"Gourmetto\",\"description\":\"\",\"potentialAction\":[{\"@type\":\"SearchAction\",\"target\":{\"@type\":\"EntryPoint\",\"urlTemplate\":\"https:\/\/gourmetto.lu\/fr\/?s={search_term_string}\"},\"query-input\":{\"@type\":\"PropertyValueSpecification\",\"valueRequired\":true,\"valueName\":\"search_term_string\"}}],\"inLanguage\":\"fr-FR\"}]}<\/script>\n<!-- \/ Yoast SEO plugin. -->","yoast_head_json":{"title":"Salami \u00e0 la truffe blanche - Gourmetto","robots":{"index":"index","follow":"follow","max-snippet":"max-snippet:-1","max-image-preview":"max-image-preview:large","max-video-preview":"max-video-preview:-1"},"canonical":"https:\/\/gourmetto.lu\/fr\/produit\/salametartufo\/","og_locale":"fr_FR","og_type":"article","og_title":"Salami \u00e0 la truffe blanche - Gourmetto","og_description":"Depuis trois g\u00e9n\u00e9rations, la famille Armini fournit d&rsquo;excellents salamis et charcuteries dans la ville d&rsquo;Alba, au c\u0153ur de la r\u00e9gion des Langhe, o\u00f9 les gens sont connus pour leur connaissance de la viande et du vin. Le \u00ab diamant de la terre \u00bb rencontre le salami Armini dans un mariage sensoriel qui r\u00e9v\u00e8le l&rsquo;\u00e2me noble [&hellip;]","og_url":"https:\/\/gourmetto.lu\/fr\/produit\/salametartufo\/","og_site_name":"Gourmetto","article_modified_time":"2025-12-02T08:33:54+00:00","og_image":[{"width":2560,"height":2560,"url":"https:\/\/gourmetto.lu\/wp-content\/uploads\/2024\/04\/IMG20240530111537-scaled.jpg","type":"image\/jpeg"}],"twitter_card":"summary_large_image","twitter_misc":{"Dur\u00e9e de lecture estim\u00e9e":"1 minute"},"schema":{"@context":"https:\/\/schema.org","@graph":[{"@type":"WebPage","@id":"https:\/\/gourmetto.lu\/fr\/produit\/salametartufo\/","url":"https:\/\/gourmetto.lu\/fr\/produit\/salametartufo\/","name":"Salami \u00e0 la truffe blanche - Gourmetto","isPartOf":{"@id":"https:\/\/gourmetto.lu\/fr\/#website"},"primaryImageOfPage":{"@id":"https:\/\/gourmetto.lu\/fr\/produit\/salametartufo\/#primaryimage"},"image":{"@id":"https:\/\/gourmetto.lu\/fr\/produit\/salametartufo\/#primaryimage"},"thumbnailUrl":"https:\/\/gourmetto.lu\/wp-content\/uploads\/2024\/04\/IMG20240530111537-scaled.jpg","datePublished":"2024-04-29T15:29:14+00:00","dateModified":"2025-12-02T08:33:54+00:00","breadcrumb":{"@id":"https:\/\/gourmetto.lu\/fr\/produit\/salametartufo\/#breadcrumb"},"inLanguage":"fr-FR","potentialAction":[{"@type":"ReadAction","target":["https:\/\/gourmetto.lu\/fr\/produit\/salametartufo\/"]}]},{"@type":"ImageObject","inLanguage":"fr-FR","@id":"https:\/\/gourmetto.lu\/fr\/produit\/salametartufo\/#primaryimage","url":"https:\/\/gourmetto.lu\/wp-content\/uploads\/2024\/04\/IMG20240530111537-scaled.jpg","contentUrl":"https:\/\/gourmetto.lu\/wp-content\/uploads\/2024\/04\/IMG20240530111537-scaled.jpg","width":2560,"height":2560},{"@type":"BreadcrumbList","@id":"https:\/\/gourmetto.lu\/fr\/produit\/salametartufo\/#breadcrumb","itemListElement":[{"@type":"ListItem","position":1,"name":"Home","item":"https:\/\/gourmetto.lu\/fr\/"},{"@type":"ListItem","position":2,"name":"Boutique","item":"https:\/\/gourmetto.lu\/shop\/"},{"@type":"ListItem","position":3,"name":"Salami \u00e0 la truffe blanche"}]},{"@type":"WebSite","@id":"https:\/\/gourmetto.lu\/fr\/#website","url":"https:\/\/gourmetto.lu\/fr\/","name":"Gourmetto","description":"","potentialAction":[{"@type":"SearchAction","target":{"@type":"EntryPoint","urlTemplate":"https:\/\/gourmetto.lu\/fr\/?s={search_term_string}"},"query-input":{"@type":"PropertyValueSpecification","valueRequired":true,"valueName":"search_term_string"}}],"inLanguage":"fr-FR"}]}},"jetpack_sharing_enabled":true,"_links":{"self":[{"href":"https:\/\/gourmetto.lu\/fr\/wp-json\/wp\/v2\/product\/4023","targetHints":{"allow":["GET"]}}],"collection":[{"href":"https:\/\/gourmetto.lu\/fr\/wp-json\/wp\/v2\/product"}],"about":[{"href":"https:\/\/gourmetto.lu\/fr\/wp-json\/wp\/v2\/types\/product"}],"wp:featuredmedia":[{"embeddable":true,"href":"https:\/\/gourmetto.lu\/fr\/wp-json\/wp\/v2\/media\/4125"}],"wp:attachment":[{"href":"https:\/\/gourmetto.lu\/fr\/wp-json\/wp\/v2\/media?parent=4023"}],"wp:term":[{"taxonomy":"product_brand","embeddable":true,"href":"https:\/\/gourmetto.lu\/fr\/wp-json\/wp\/v2\/product_brand?post=4023"},{"taxonomy":"product_cat","embeddable":true,"href":"https:\/\/gourmetto.lu\/fr\/wp-json\/wp\/v2\/product_cat?post=4023"},{"taxonomy":"product_tag","embeddable":true,"href":"https:\/\/gourmetto.lu\/fr\/wp-json\/wp\/v2\/product_tag?post=4023"}],"curies":[{"name":"wp","href":"https:\/\/api.w.org\/{rel}","templated":true}]}}