{"id":4104,"date":"2024-05-30T16:35:57","date_gmt":"2024-05-30T14:35:57","guid":{"rendered":"https:\/\/gourmetto.lu\/?post_type=product&#038;p=4104"},"modified":"2024-06-05T15:41:01","modified_gmt":"2024-06-05T13:41:01","slug":"panpistaq","status":"publish","type":"product","link":"https:\/\/gourmetto.lu\/fr\/produit\/panpistaq\/","title":{"rendered":"Panpistaq &#8211; G\u00e2teau sicilien \u00e0 la pistache"},"content":{"rendered":"<p>Pour les nostalgiques du Panettone, nos amis d&rsquo;Aledi n&rsquo;aiment pas nous laisser de\u00e7us. Voici le Panpistaq, fait avec la m\u00eame p\u00e2te lev\u00e9e du panettone, la m\u00eame lev\u00e9e lente, le m\u00eame amour, et la m\u00eame cr\u00e8me de pistache !<\/p>\n","protected":false},"excerpt":{"rendered":"<p>Pour les nostalgiques du Panettone, nos amis d&rsquo;Aledi n&rsquo;aiment pas nous laisser de\u00e7us. Voici le Panpistaq, fait avec la m\u00eame p\u00e2te lev\u00e9e du panettone, la m\u00eame lev\u00e9e lente, le m\u00eame amour, et la m\u00eame cr\u00e8me de pistache !<\/p>\n","protected":false},"featured_media":4213,"template":"","meta":{"_acf_changed":false},"product_brand":[],"product_cat":[98],"product_tag":[],"class_list":{"0":"post-4104","1":"product","2":"type-product","3":"status-publish","4":"has-post-thumbnail","6":"product_cat-confiseries-fr","7":"pa_producers-aledi-di-bronte-fr","9":"first","10":"outofstock","11":"taxable","12":"shipping-taxable","13":"purchasable","14":"product-type-simple"},"bundled_by":[],"bundle_stock_status":"outofstock","bundle_stock_quantity":0,"bundle_virtual":false,"bundle_layout":"","bundle_add_to_cart_form_location":"","bundle_editable_in_cart":false,"bundle_sold_individually_context":"","bundle_item_grouping":"","bundle_min_size":"","bundle_max_size":"","bundled_items":[],"bundle_sell_ids":[],"acf":[],"yoast_head":"<!-- This site is optimized with the Yoast SEO plugin v25.4 - https:\/\/yoast.com\/wordpress\/plugins\/seo\/ -->\n<title>Panpistaq - G\u00e2teau sicilien \u00e0 la pistache - Gourmetto<\/title>\n<meta name=\"robots\" content=\"index, follow, max-snippet:-1, max-image-preview:large, max-video-preview:-1\" \/>\n<link rel=\"canonical\" href=\"https:\/\/gourmetto.lu\/fr\/produit\/panpistaq\/\" \/>\n<meta property=\"og:locale\" content=\"fr_FR\" \/>\n<meta property=\"og:type\" content=\"article\" \/>\n<meta property=\"og:title\" content=\"Panpistaq - G\u00e2teau sicilien \u00e0 la pistache - Gourmetto\" \/>\n<meta property=\"og:description\" content=\"Pour les nostalgiques du Panettone, nos amis d&rsquo;Aledi n&rsquo;aiment pas nous laisser de\u00e7us. Voici le Panpistaq, fait avec la m\u00eame p\u00e2te lev\u00e9e du panettone, la m\u00eame lev\u00e9e lente, le m\u00eame amour, et la m\u00eame cr\u00e8me de pistache !\" \/>\n<meta property=\"og:url\" content=\"https:\/\/gourmetto.lu\/fr\/produit\/panpistaq\/\" \/>\n<meta property=\"og:site_name\" content=\"Gourmetto\" \/>\n<meta property=\"article:modified_time\" content=\"2024-06-05T13:41:01+00:00\" \/>\n<meta property=\"og:image\" content=\"https:\/\/gourmetto.lu\/wp-content\/uploads\/2024\/05\/IMG20240605111329-scaled.jpg\" \/>\n\t<meta property=\"og:image:width\" content=\"2560\" \/>\n\t<meta property=\"og:image:height\" content=\"2560\" \/>\n\t<meta property=\"og:image:type\" content=\"image\/jpeg\" \/>\n<meta name=\"twitter:card\" content=\"summary_large_image\" \/>\n<meta name=\"twitter:label1\" content=\"Dur\u00e9e de lecture estim\u00e9e\" \/>\n\t<meta name=\"twitter:data1\" content=\"1 minute\" \/>\n<script type=\"application\/ld+json\" class=\"yoast-schema-graph\">{\"@context\":\"https:\/\/schema.org\",\"@graph\":[{\"@type\":\"WebPage\",\"@id\":\"https:\/\/gourmetto.lu\/fr\/produit\/panpistaq\/\",\"url\":\"https:\/\/gourmetto.lu\/fr\/produit\/panpistaq\/\",\"name\":\"Panpistaq - G\u00e2teau sicilien \u00e0 la pistache - Gourmetto\",\"isPartOf\":{\"@id\":\"https:\/\/gourmetto.lu\/fr\/#website\"},\"primaryImageOfPage\":{\"@id\":\"https:\/\/gourmetto.lu\/fr\/produit\/panpistaq\/#primaryimage\"},\"image\":{\"@id\":\"https:\/\/gourmetto.lu\/fr\/produit\/panpistaq\/#primaryimage\"},\"thumbnailUrl\":\"https:\/\/gourmetto.lu\/wp-content\/uploads\/2024\/05\/PXL_20240609_134042219.PORTRAIT-scaled.jpg\",\"datePublished\":\"2024-05-30T14:35:57+00:00\",\"dateModified\":\"2024-06-05T13:41:01+00:00\",\"breadcrumb\":{\"@id\":\"https:\/\/gourmetto.lu\/fr\/produit\/panpistaq\/#breadcrumb\"},\"inLanguage\":\"fr-FR\",\"potentialAction\":[{\"@type\":\"ReadAction\",\"target\":[\"https:\/\/gourmetto.lu\/fr\/produit\/panpistaq\/\"]}]},{\"@type\":\"ImageObject\",\"inLanguage\":\"fr-FR\",\"@id\":\"https:\/\/gourmetto.lu\/fr\/produit\/panpistaq\/#primaryimage\",\"url\":\"https:\/\/gourmetto.lu\/wp-content\/uploads\/2024\/05\/PXL_20240609_134042219.PORTRAIT-scaled.jpg\",\"contentUrl\":\"https:\/\/gourmetto.lu\/wp-content\/uploads\/2024\/05\/PXL_20240609_134042219.PORTRAIT-scaled.jpg\",\"width\":2560,\"height\":2558},{\"@type\":\"BreadcrumbList\",\"@id\":\"https:\/\/gourmetto.lu\/fr\/produit\/panpistaq\/#breadcrumb\",\"itemListElement\":[{\"@type\":\"ListItem\",\"position\":1,\"name\":\"Home\",\"item\":\"https:\/\/gourmetto.lu\/fr\/\"},{\"@type\":\"ListItem\",\"position\":2,\"name\":\"Boutique\",\"item\":\"https:\/\/gourmetto.lu\/shop\/\"},{\"@type\":\"ListItem\",\"position\":3,\"name\":\"Panpistaq &#8211; G\u00e2teau sicilien \u00e0 la pistache\"}]},{\"@type\":\"WebSite\",\"@id\":\"https:\/\/gourmetto.lu\/fr\/#website\",\"url\":\"https:\/\/gourmetto.lu\/fr\/\",\"name\":\"Gourmetto\",\"description\":\"\",\"potentialAction\":[{\"@type\":\"SearchAction\",\"target\":{\"@type\":\"EntryPoint\",\"urlTemplate\":\"https:\/\/gourmetto.lu\/fr\/?s={search_term_string}\"},\"query-input\":{\"@type\":\"PropertyValueSpecification\",\"valueRequired\":true,\"valueName\":\"search_term_string\"}}],\"inLanguage\":\"fr-FR\"}]}<\/script>\n<!-- \/ Yoast SEO plugin. -->","yoast_head_json":{"title":"Panpistaq - G\u00e2teau sicilien \u00e0 la pistache - Gourmetto","robots":{"index":"index","follow":"follow","max-snippet":"max-snippet:-1","max-image-preview":"max-image-preview:large","max-video-preview":"max-video-preview:-1"},"canonical":"https:\/\/gourmetto.lu\/fr\/produit\/panpistaq\/","og_locale":"fr_FR","og_type":"article","og_title":"Panpistaq - G\u00e2teau sicilien \u00e0 la pistache - Gourmetto","og_description":"Pour les nostalgiques du Panettone, nos amis d&rsquo;Aledi n&rsquo;aiment pas nous laisser de\u00e7us. Voici le Panpistaq, fait avec la m\u00eame p\u00e2te lev\u00e9e du panettone, la m\u00eame lev\u00e9e lente, le m\u00eame amour, et la m\u00eame cr\u00e8me de pistache !","og_url":"https:\/\/gourmetto.lu\/fr\/produit\/panpistaq\/","og_site_name":"Gourmetto","article_modified_time":"2024-06-05T13:41:01+00:00","og_image":[{"width":2560,"height":2560,"url":"https:\/\/gourmetto.lu\/wp-content\/uploads\/2024\/05\/IMG20240605111329-scaled.jpg","type":"image\/jpeg"}],"twitter_card":"summary_large_image","twitter_misc":{"Dur\u00e9e de lecture estim\u00e9e":"1 minute"},"schema":{"@context":"https:\/\/schema.org","@graph":[{"@type":"WebPage","@id":"https:\/\/gourmetto.lu\/fr\/produit\/panpistaq\/","url":"https:\/\/gourmetto.lu\/fr\/produit\/panpistaq\/","name":"Panpistaq - G\u00e2teau sicilien \u00e0 la pistache - Gourmetto","isPartOf":{"@id":"https:\/\/gourmetto.lu\/fr\/#website"},"primaryImageOfPage":{"@id":"https:\/\/gourmetto.lu\/fr\/produit\/panpistaq\/#primaryimage"},"image":{"@id":"https:\/\/gourmetto.lu\/fr\/produit\/panpistaq\/#primaryimage"},"thumbnailUrl":"https:\/\/gourmetto.lu\/wp-content\/uploads\/2024\/05\/PXL_20240609_134042219.PORTRAIT-scaled.jpg","datePublished":"2024-05-30T14:35:57+00:00","dateModified":"2024-06-05T13:41:01+00:00","breadcrumb":{"@id":"https:\/\/gourmetto.lu\/fr\/produit\/panpistaq\/#breadcrumb"},"inLanguage":"fr-FR","potentialAction":[{"@type":"ReadAction","target":["https:\/\/gourmetto.lu\/fr\/produit\/panpistaq\/"]}]},{"@type":"ImageObject","inLanguage":"fr-FR","@id":"https:\/\/gourmetto.lu\/fr\/produit\/panpistaq\/#primaryimage","url":"https:\/\/gourmetto.lu\/wp-content\/uploads\/2024\/05\/PXL_20240609_134042219.PORTRAIT-scaled.jpg","contentUrl":"https:\/\/gourmetto.lu\/wp-content\/uploads\/2024\/05\/PXL_20240609_134042219.PORTRAIT-scaled.jpg","width":2560,"height":2558},{"@type":"BreadcrumbList","@id":"https:\/\/gourmetto.lu\/fr\/produit\/panpistaq\/#breadcrumb","itemListElement":[{"@type":"ListItem","position":1,"name":"Home","item":"https:\/\/gourmetto.lu\/fr\/"},{"@type":"ListItem","position":2,"name":"Boutique","item":"https:\/\/gourmetto.lu\/shop\/"},{"@type":"ListItem","position":3,"name":"Panpistaq &#8211; G\u00e2teau sicilien \u00e0 la pistache"}]},{"@type":"WebSite","@id":"https:\/\/gourmetto.lu\/fr\/#website","url":"https:\/\/gourmetto.lu\/fr\/","name":"Gourmetto","description":"","potentialAction":[{"@type":"SearchAction","target":{"@type":"EntryPoint","urlTemplate":"https:\/\/gourmetto.lu\/fr\/?s={search_term_string}"},"query-input":{"@type":"PropertyValueSpecification","valueRequired":true,"valueName":"search_term_string"}}],"inLanguage":"fr-FR"}]}},"jetpack_sharing_enabled":true,"_links":{"self":[{"href":"https:\/\/gourmetto.lu\/fr\/wp-json\/wp\/v2\/product\/4104","targetHints":{"allow":["GET"]}}],"collection":[{"href":"https:\/\/gourmetto.lu\/fr\/wp-json\/wp\/v2\/product"}],"about":[{"href":"https:\/\/gourmetto.lu\/fr\/wp-json\/wp\/v2\/types\/product"}],"wp:featuredmedia":[{"embeddable":true,"href":"https:\/\/gourmetto.lu\/fr\/wp-json\/wp\/v2\/media\/4213"}],"wp:attachment":[{"href":"https:\/\/gourmetto.lu\/fr\/wp-json\/wp\/v2\/media?parent=4104"}],"wp:term":[{"taxonomy":"product_brand","embeddable":true,"href":"https:\/\/gourmetto.lu\/fr\/wp-json\/wp\/v2\/product_brand?post=4104"},{"taxonomy":"product_cat","embeddable":true,"href":"https:\/\/gourmetto.lu\/fr\/wp-json\/wp\/v2\/product_cat?post=4104"},{"taxonomy":"product_tag","embeddable":true,"href":"https:\/\/gourmetto.lu\/fr\/wp-json\/wp\/v2\/product_tag?post=4104"}],"curies":[{"name":"wp","href":"https:\/\/api.w.org\/{rel}","templated":true}]}}