{"id":4223,"date":"2024-06-27T14:00:41","date_gmt":"2024-06-27T12:00:41","guid":{"rendered":"https:\/\/gourmetto.lu\/?post_type=product&#038;p=4223"},"modified":"2024-09-09T19:55:45","modified_gmt":"2024-09-09T17:55:45","slug":"erbespaghetti","status":"publish","type":"product","link":"https:\/\/gourmetto.lu\/fr\/produit\/erbespaghetti\/","title":{"rendered":"M\u00e9lange d&rsquo;herbes \u00ab\u00a0spaghetti de minuit\u00a0\u00bb"},"content":{"rendered":"<p>De la terre de Sicile, un m\u00e9lange parfait d&rsquo;\u00e9pices et d&rsquo;herbes de la plus haute qualit\u00e9, s\u00e9ch\u00e9es et pr\u00eates \u00e0 assaisonner tous vos plats.<\/p>\n<p>Ce m\u00e9lange classique, avec du piment, de l&rsquo;ail et du persil, est la combinaison parfaite pour de d\u00e9licieuses p\u00e2tes de minuit improvis\u00e9es.<\/p>\n","protected":false},"excerpt":{"rendered":"<p>De la terre de Sicile, un m\u00e9lange parfait d&rsquo;\u00e9pices et d&rsquo;herbes de la plus haute qualit\u00e9, s\u00e9ch\u00e9es et pr\u00eates \u00e0 assaisonner tous vos plats. Ce m\u00e9lange classique, avec du piment, de l&rsquo;ail et du persil, est la combinaison parfaite pour de d\u00e9licieuses p\u00e2tes de minuit improvis\u00e9es.<\/p>\n","protected":false},"featured_media":4350,"template":"","meta":{"_acf_changed":false},"product_brand":[],"product_cat":[110],"product_tag":[],"class_list":{"0":"post-4223","1":"product","2":"type-product","3":"status-publish","4":"has-post-thumbnail","6":"product_cat-assaisonnements-fr","8":"first","9":"instock","10":"taxable","11":"shipping-taxable","12":"purchasable","13":"product-type-simple"},"bundled_by":[],"bundle_stock_status":"instock","bundle_stock_quantity":12,"bundle_virtual":false,"bundle_layout":"","bundle_add_to_cart_form_location":"","bundle_editable_in_cart":false,"bundle_sold_individually_context":"","bundle_item_grouping":"","bundle_min_size":"","bundle_max_size":"","bundled_items":[],"bundle_sell_ids":[],"acf":[],"yoast_head":"<!-- This site is optimized with the Yoast SEO plugin v25.4 - https:\/\/yoast.com\/wordpress\/plugins\/seo\/ -->\n<title>M\u00e9lange d&#039;herbes &quot;spaghetti de minuit&quot; - Gourmetto<\/title>\n<meta name=\"robots\" content=\"index, follow, max-snippet:-1, max-image-preview:large, max-video-preview:-1\" \/>\n<link rel=\"canonical\" href=\"https:\/\/gourmetto.lu\/fr\/produit\/erbespaghetti\/\" \/>\n<meta property=\"og:locale\" content=\"fr_FR\" \/>\n<meta property=\"og:type\" content=\"article\" \/>\n<meta property=\"og:title\" content=\"M\u00e9lange d&#039;herbes &quot;spaghetti de minuit&quot; - Gourmetto\" \/>\n<meta property=\"og:description\" content=\"De la terre de Sicile, un m\u00e9lange parfait d&rsquo;\u00e9pices et d&rsquo;herbes de la plus haute qualit\u00e9, s\u00e9ch\u00e9es et pr\u00eates \u00e0 assaisonner tous vos plats. Ce m\u00e9lange classique, avec du piment, de l&rsquo;ail et du persil, est la combinaison parfaite pour de d\u00e9licieuses p\u00e2tes de minuit improvis\u00e9es.\" \/>\n<meta property=\"og:url\" content=\"https:\/\/gourmetto.lu\/fr\/produit\/erbespaghetti\/\" \/>\n<meta property=\"og:site_name\" content=\"Gourmetto\" \/>\n<meta property=\"article:modified_time\" content=\"2024-09-09T17:55:45+00:00\" \/>\n<meta property=\"og:image\" content=\"https:\/\/gourmetto.lu\/wp-content\/uploads\/2024\/06\/Senza-titolo.jpg\" \/>\n\t<meta property=\"og:image:width\" content=\"496\" \/>\n\t<meta property=\"og:image:height\" content=\"496\" \/>\n\t<meta property=\"og:image:type\" content=\"image\/jpeg\" \/>\n<meta name=\"twitter:card\" content=\"summary_large_image\" \/>\n<meta name=\"twitter:label1\" content=\"Dur\u00e9e de lecture estim\u00e9e\" \/>\n\t<meta name=\"twitter:data1\" content=\"1 minute\" \/>\n<script type=\"application\/ld+json\" class=\"yoast-schema-graph\">{\"@context\":\"https:\/\/schema.org\",\"@graph\":[{\"@type\":\"WebPage\",\"@id\":\"https:\/\/gourmetto.lu\/fr\/produit\/erbespaghetti\/\",\"url\":\"https:\/\/gourmetto.lu\/fr\/produit\/erbespaghetti\/\",\"name\":\"M\u00e9lange d'herbes \\\"spaghetti de minuit\\\" - Gourmetto\",\"isPartOf\":{\"@id\":\"https:\/\/gourmetto.lu\/fr\/#website\"},\"primaryImageOfPage\":{\"@id\":\"https:\/\/gourmetto.lu\/fr\/produit\/erbespaghetti\/#primaryimage\"},\"image\":{\"@id\":\"https:\/\/gourmetto.lu\/fr\/produit\/erbespaghetti\/#primaryimage\"},\"thumbnailUrl\":\"https:\/\/gourmetto.lu\/wp-content\/uploads\/2024\/06\/PXL_20240714_141210465.PORTRAIT.ORIGINAL-scaled.jpg\",\"datePublished\":\"2024-06-27T12:00:41+00:00\",\"dateModified\":\"2024-09-09T17:55:45+00:00\",\"breadcrumb\":{\"@id\":\"https:\/\/gourmetto.lu\/fr\/produit\/erbespaghetti\/#breadcrumb\"},\"inLanguage\":\"fr-FR\",\"potentialAction\":[{\"@type\":\"ReadAction\",\"target\":[\"https:\/\/gourmetto.lu\/fr\/produit\/erbespaghetti\/\"]}]},{\"@type\":\"ImageObject\",\"inLanguage\":\"fr-FR\",\"@id\":\"https:\/\/gourmetto.lu\/fr\/produit\/erbespaghetti\/#primaryimage\",\"url\":\"https:\/\/gourmetto.lu\/wp-content\/uploads\/2024\/06\/PXL_20240714_141210465.PORTRAIT.ORIGINAL-scaled.jpg\",\"contentUrl\":\"https:\/\/gourmetto.lu\/wp-content\/uploads\/2024\/06\/PXL_20240714_141210465.PORTRAIT.ORIGINAL-scaled.jpg\",\"width\":2560,\"height\":2558},{\"@type\":\"BreadcrumbList\",\"@id\":\"https:\/\/gourmetto.lu\/fr\/produit\/erbespaghetti\/#breadcrumb\",\"itemListElement\":[{\"@type\":\"ListItem\",\"position\":1,\"name\":\"Home\",\"item\":\"https:\/\/gourmetto.lu\/fr\/\"},{\"@type\":\"ListItem\",\"position\":2,\"name\":\"Boutique\",\"item\":\"https:\/\/gourmetto.lu\/shop\/\"},{\"@type\":\"ListItem\",\"position\":3,\"name\":\"M\u00e9lange d&#8217;herbes &#8220;spaghetti de minuit&#8221;\"}]},{\"@type\":\"WebSite\",\"@id\":\"https:\/\/gourmetto.lu\/fr\/#website\",\"url\":\"https:\/\/gourmetto.lu\/fr\/\",\"name\":\"Gourmetto\",\"description\":\"\",\"potentialAction\":[{\"@type\":\"SearchAction\",\"target\":{\"@type\":\"EntryPoint\",\"urlTemplate\":\"https:\/\/gourmetto.lu\/fr\/?s={search_term_string}\"},\"query-input\":{\"@type\":\"PropertyValueSpecification\",\"valueRequired\":true,\"valueName\":\"search_term_string\"}}],\"inLanguage\":\"fr-FR\"}]}<\/script>\n<!-- \/ Yoast SEO plugin. -->","yoast_head_json":{"title":"M\u00e9lange d'herbes \"spaghetti de minuit\" - Gourmetto","robots":{"index":"index","follow":"follow","max-snippet":"max-snippet:-1","max-image-preview":"max-image-preview:large","max-video-preview":"max-video-preview:-1"},"canonical":"https:\/\/gourmetto.lu\/fr\/produit\/erbespaghetti\/","og_locale":"fr_FR","og_type":"article","og_title":"M\u00e9lange d'herbes \"spaghetti de minuit\" - Gourmetto","og_description":"De la terre de Sicile, un m\u00e9lange parfait d&rsquo;\u00e9pices et d&rsquo;herbes de la plus haute qualit\u00e9, s\u00e9ch\u00e9es et pr\u00eates \u00e0 assaisonner tous vos plats. Ce m\u00e9lange classique, avec du piment, de l&rsquo;ail et du persil, est la combinaison parfaite pour de d\u00e9licieuses p\u00e2tes de minuit improvis\u00e9es.","og_url":"https:\/\/gourmetto.lu\/fr\/produit\/erbespaghetti\/","og_site_name":"Gourmetto","article_modified_time":"2024-09-09T17:55:45+00:00","og_image":[{"width":496,"height":496,"url":"https:\/\/gourmetto.lu\/wp-content\/uploads\/2024\/06\/Senza-titolo.jpg","type":"image\/jpeg"}],"twitter_card":"summary_large_image","twitter_misc":{"Dur\u00e9e de lecture estim\u00e9e":"1 minute"},"schema":{"@context":"https:\/\/schema.org","@graph":[{"@type":"WebPage","@id":"https:\/\/gourmetto.lu\/fr\/produit\/erbespaghetti\/","url":"https:\/\/gourmetto.lu\/fr\/produit\/erbespaghetti\/","name":"M\u00e9lange d'herbes \"spaghetti de minuit\" - Gourmetto","isPartOf":{"@id":"https:\/\/gourmetto.lu\/fr\/#website"},"primaryImageOfPage":{"@id":"https:\/\/gourmetto.lu\/fr\/produit\/erbespaghetti\/#primaryimage"},"image":{"@id":"https:\/\/gourmetto.lu\/fr\/produit\/erbespaghetti\/#primaryimage"},"thumbnailUrl":"https:\/\/gourmetto.lu\/wp-content\/uploads\/2024\/06\/PXL_20240714_141210465.PORTRAIT.ORIGINAL-scaled.jpg","datePublished":"2024-06-27T12:00:41+00:00","dateModified":"2024-09-09T17:55:45+00:00","breadcrumb":{"@id":"https:\/\/gourmetto.lu\/fr\/produit\/erbespaghetti\/#breadcrumb"},"inLanguage":"fr-FR","potentialAction":[{"@type":"ReadAction","target":["https:\/\/gourmetto.lu\/fr\/produit\/erbespaghetti\/"]}]},{"@type":"ImageObject","inLanguage":"fr-FR","@id":"https:\/\/gourmetto.lu\/fr\/produit\/erbespaghetti\/#primaryimage","url":"https:\/\/gourmetto.lu\/wp-content\/uploads\/2024\/06\/PXL_20240714_141210465.PORTRAIT.ORIGINAL-scaled.jpg","contentUrl":"https:\/\/gourmetto.lu\/wp-content\/uploads\/2024\/06\/PXL_20240714_141210465.PORTRAIT.ORIGINAL-scaled.jpg","width":2560,"height":2558},{"@type":"BreadcrumbList","@id":"https:\/\/gourmetto.lu\/fr\/produit\/erbespaghetti\/#breadcrumb","itemListElement":[{"@type":"ListItem","position":1,"name":"Home","item":"https:\/\/gourmetto.lu\/fr\/"},{"@type":"ListItem","position":2,"name":"Boutique","item":"https:\/\/gourmetto.lu\/shop\/"},{"@type":"ListItem","position":3,"name":"M\u00e9lange d&#8217;herbes &#8220;spaghetti de minuit&#8221;"}]},{"@type":"WebSite","@id":"https:\/\/gourmetto.lu\/fr\/#website","url":"https:\/\/gourmetto.lu\/fr\/","name":"Gourmetto","description":"","potentialAction":[{"@type":"SearchAction","target":{"@type":"EntryPoint","urlTemplate":"https:\/\/gourmetto.lu\/fr\/?s={search_term_string}"},"query-input":{"@type":"PropertyValueSpecification","valueRequired":true,"valueName":"search_term_string"}}],"inLanguage":"fr-FR"}]}},"jetpack_sharing_enabled":true,"_links":{"self":[{"href":"https:\/\/gourmetto.lu\/fr\/wp-json\/wp\/v2\/product\/4223","targetHints":{"allow":["GET"]}}],"collection":[{"href":"https:\/\/gourmetto.lu\/fr\/wp-json\/wp\/v2\/product"}],"about":[{"href":"https:\/\/gourmetto.lu\/fr\/wp-json\/wp\/v2\/types\/product"}],"wp:featuredmedia":[{"embeddable":true,"href":"https:\/\/gourmetto.lu\/fr\/wp-json\/wp\/v2\/media\/4350"}],"wp:attachment":[{"href":"https:\/\/gourmetto.lu\/fr\/wp-json\/wp\/v2\/media?parent=4223"}],"wp:term":[{"taxonomy":"product_brand","embeddable":true,"href":"https:\/\/gourmetto.lu\/fr\/wp-json\/wp\/v2\/product_brand?post=4223"},{"taxonomy":"product_cat","embeddable":true,"href":"https:\/\/gourmetto.lu\/fr\/wp-json\/wp\/v2\/product_cat?post=4223"},{"taxonomy":"product_tag","embeddable":true,"href":"https:\/\/gourmetto.lu\/fr\/wp-json\/wp\/v2\/product_tag?post=4223"}],"curies":[{"name":"wp","href":"https:\/\/api.w.org\/{rel}","templated":true}]}}