{"id":4509,"date":"2024-10-31T16:16:44","date_gmt":"2024-10-31T15:16:44","guid":{"rendered":"https:\/\/gourmetto.lu\/product\/formdelmese1\/"},"modified":"2026-04-03T09:44:48","modified_gmt":"2026-04-03T07:44:48","slug":"formdelmese1","status":"publish","type":"product","link":"https:\/\/gourmetto.lu\/fr\/produit\/formdelmese1\/","title":{"rendered":"Cru di pecora nera, fromage de brebis noire"},"content":{"rendered":"<p>Le Cru du pecora nera est un fromage qui revisite une ancienne recette issue de la tradition paysanne.<\/p>\n<p>Sa cro\u00fbte est de couleur fonc\u00e9e en raison de son affinage sur des planches de bois de ch\u00e2taignier ; sa p\u00e2te est de couleur ivoire et granuleuse ; son go\u00fbt intense, typique des fromages au lait de brebis, est rehauss\u00e9 d&rsquo;un arri\u00e8re-go\u00fbt d&rsquo;amande.<\/p>\n<p>&nbsp;<\/p>\n<p>&nbsp;<\/p>\n","protected":false},"excerpt":{"rendered":"<p>Le Cru du pecora nera est un fromage qui revisite une ancienne recette issue de la tradition paysanne. Sa cro\u00fbte est de couleur fonc\u00e9e en raison de son affinage sur des planches de bois de ch\u00e2taignier ; sa p\u00e2te est de couleur ivoire et granuleuse ; son go\u00fbt intense, typique des fromages au lait de [&hellip;]<\/p>\n","protected":false},"featured_media":4515,"template":"","meta":{"_acf_changed":false},"product_brand":[],"product_cat":[113],"product_tag":[],"class_list":{"0":"post-4509","1":"product","2":"type-product","3":"status-publish","4":"has-post-thumbnail","6":"product_cat-fromages-fr","8":"first","9":"instock","10":"taxable","11":"shipping-taxable","12":"purchasable","13":"product-type-simple"},"bundled_by":[],"bundle_stock_status":"instock","bundle_stock_quantity":3,"bundle_virtual":false,"bundle_layout":"","bundle_add_to_cart_form_location":"","bundle_editable_in_cart":false,"bundle_sold_individually_context":"","bundle_item_grouping":"","bundle_min_size":"","bundle_max_size":"","bundled_items":[],"bundle_sell_ids":[],"acf":[],"yoast_head":"<!-- This site is optimized with the Yoast SEO plugin v25.4 - https:\/\/yoast.com\/wordpress\/plugins\/seo\/ -->\n<title>Cru di pecora nera, fromage de brebis noire - Gourmetto<\/title>\n<meta name=\"robots\" content=\"index, follow, max-snippet:-1, max-image-preview:large, max-video-preview:-1\" \/>\n<link rel=\"canonical\" href=\"https:\/\/gourmetto.lu\/fr\/produit\/formdelmese1\/\" \/>\n<meta property=\"og:locale\" content=\"fr_FR\" \/>\n<meta property=\"og:type\" content=\"article\" \/>\n<meta property=\"og:title\" content=\"Cru di pecora nera, fromage de brebis noire - Gourmetto\" \/>\n<meta property=\"og:description\" content=\"Le Cru du pecora nera est un fromage qui revisite une ancienne recette issue de la tradition paysanne. Sa cro\u00fbte est de couleur fonc\u00e9e en raison de son affinage sur des planches de bois de ch\u00e2taignier ; sa p\u00e2te est de couleur ivoire et granuleuse ; son go\u00fbt intense, typique des fromages au lait de [&hellip;]\" \/>\n<meta property=\"og:url\" content=\"https:\/\/gourmetto.lu\/fr\/produit\/formdelmese1\/\" \/>\n<meta property=\"og:site_name\" content=\"Gourmetto\" \/>\n<meta property=\"article:modified_time\" content=\"2026-04-03T07:44:48+00:00\" \/>\n<meta property=\"og:image\" content=\"https:\/\/gourmetto.lu\/wp-content\/uploads\/2024\/10\/fontina-1.jpg\" \/>\n\t<meta property=\"og:image:width\" content=\"500\" \/>\n\t<meta property=\"og:image:height\" content=\"500\" \/>\n\t<meta property=\"og:image:type\" content=\"image\/jpeg\" \/>\n<meta name=\"twitter:card\" content=\"summary_large_image\" \/>\n<meta name=\"twitter:label1\" content=\"Dur\u00e9e de lecture estim\u00e9e\" \/>\n\t<meta name=\"twitter:data1\" content=\"1 minute\" \/>\n<script type=\"application\/ld+json\" class=\"yoast-schema-graph\">{\"@context\":\"https:\/\/schema.org\",\"@graph\":[{\"@type\":\"WebPage\",\"@id\":\"https:\/\/gourmetto.lu\/fr\/produit\/formdelmese1\/\",\"url\":\"https:\/\/gourmetto.lu\/fr\/produit\/formdelmese1\/\",\"name\":\"Cru di pecora nera, fromage de brebis noire - Gourmetto\",\"isPartOf\":{\"@id\":\"https:\/\/gourmetto.lu\/fr\/#website\"},\"primaryImageOfPage\":{\"@id\":\"https:\/\/gourmetto.lu\/fr\/produit\/formdelmese1\/#primaryimage\"},\"image\":{\"@id\":\"https:\/\/gourmetto.lu\/fr\/produit\/formdelmese1\/#primaryimage\"},\"thumbnailUrl\":\"https:\/\/gourmetto.lu\/wp-content\/uploads\/2024\/10\/fontina-1.jpg\",\"datePublished\":\"2024-10-31T15:16:44+00:00\",\"dateModified\":\"2026-04-03T07:44:48+00:00\",\"breadcrumb\":{\"@id\":\"https:\/\/gourmetto.lu\/fr\/produit\/formdelmese1\/#breadcrumb\"},\"inLanguage\":\"fr-FR\",\"potentialAction\":[{\"@type\":\"ReadAction\",\"target\":[\"https:\/\/gourmetto.lu\/fr\/produit\/formdelmese1\/\"]}]},{\"@type\":\"ImageObject\",\"inLanguage\":\"fr-FR\",\"@id\":\"https:\/\/gourmetto.lu\/fr\/produit\/formdelmese1\/#primaryimage\",\"url\":\"https:\/\/gourmetto.lu\/wp-content\/uploads\/2024\/10\/fontina-1.jpg\",\"contentUrl\":\"https:\/\/gourmetto.lu\/wp-content\/uploads\/2024\/10\/fontina-1.jpg\",\"width\":500,\"height\":500},{\"@type\":\"BreadcrumbList\",\"@id\":\"https:\/\/gourmetto.lu\/fr\/produit\/formdelmese1\/#breadcrumb\",\"itemListElement\":[{\"@type\":\"ListItem\",\"position\":1,\"name\":\"Home\",\"item\":\"https:\/\/gourmetto.lu\/fr\/\"},{\"@type\":\"ListItem\",\"position\":2,\"name\":\"Boutique\",\"item\":\"https:\/\/gourmetto.lu\/shop\/\"},{\"@type\":\"ListItem\",\"position\":3,\"name\":\"Cru di pecora nera, fromage de brebis noire\"}]},{\"@type\":\"WebSite\",\"@id\":\"https:\/\/gourmetto.lu\/fr\/#website\",\"url\":\"https:\/\/gourmetto.lu\/fr\/\",\"name\":\"Gourmetto\",\"description\":\"\",\"potentialAction\":[{\"@type\":\"SearchAction\",\"target\":{\"@type\":\"EntryPoint\",\"urlTemplate\":\"https:\/\/gourmetto.lu\/fr\/?s={search_term_string}\"},\"query-input\":{\"@type\":\"PropertyValueSpecification\",\"valueRequired\":true,\"valueName\":\"search_term_string\"}}],\"inLanguage\":\"fr-FR\"}]}<\/script>\n<!-- \/ Yoast SEO plugin. -->","yoast_head_json":{"title":"Cru di pecora nera, fromage de brebis noire - Gourmetto","robots":{"index":"index","follow":"follow","max-snippet":"max-snippet:-1","max-image-preview":"max-image-preview:large","max-video-preview":"max-video-preview:-1"},"canonical":"https:\/\/gourmetto.lu\/fr\/produit\/formdelmese1\/","og_locale":"fr_FR","og_type":"article","og_title":"Cru di pecora nera, fromage de brebis noire - Gourmetto","og_description":"Le Cru du pecora nera est un fromage qui revisite une ancienne recette issue de la tradition paysanne. Sa cro\u00fbte est de couleur fonc\u00e9e en raison de son affinage sur des planches de bois de ch\u00e2taignier ; sa p\u00e2te est de couleur ivoire et granuleuse ; son go\u00fbt intense, typique des fromages au lait de [&hellip;]","og_url":"https:\/\/gourmetto.lu\/fr\/produit\/formdelmese1\/","og_site_name":"Gourmetto","article_modified_time":"2026-04-03T07:44:48+00:00","og_image":[{"width":500,"height":500,"url":"https:\/\/gourmetto.lu\/wp-content\/uploads\/2024\/10\/fontina-1.jpg","type":"image\/jpeg"}],"twitter_card":"summary_large_image","twitter_misc":{"Dur\u00e9e de lecture estim\u00e9e":"1 minute"},"schema":{"@context":"https:\/\/schema.org","@graph":[{"@type":"WebPage","@id":"https:\/\/gourmetto.lu\/fr\/produit\/formdelmese1\/","url":"https:\/\/gourmetto.lu\/fr\/produit\/formdelmese1\/","name":"Cru di pecora nera, fromage de brebis noire - Gourmetto","isPartOf":{"@id":"https:\/\/gourmetto.lu\/fr\/#website"},"primaryImageOfPage":{"@id":"https:\/\/gourmetto.lu\/fr\/produit\/formdelmese1\/#primaryimage"},"image":{"@id":"https:\/\/gourmetto.lu\/fr\/produit\/formdelmese1\/#primaryimage"},"thumbnailUrl":"https:\/\/gourmetto.lu\/wp-content\/uploads\/2024\/10\/fontina-1.jpg","datePublished":"2024-10-31T15:16:44+00:00","dateModified":"2026-04-03T07:44:48+00:00","breadcrumb":{"@id":"https:\/\/gourmetto.lu\/fr\/produit\/formdelmese1\/#breadcrumb"},"inLanguage":"fr-FR","potentialAction":[{"@type":"ReadAction","target":["https:\/\/gourmetto.lu\/fr\/produit\/formdelmese1\/"]}]},{"@type":"ImageObject","inLanguage":"fr-FR","@id":"https:\/\/gourmetto.lu\/fr\/produit\/formdelmese1\/#primaryimage","url":"https:\/\/gourmetto.lu\/wp-content\/uploads\/2024\/10\/fontina-1.jpg","contentUrl":"https:\/\/gourmetto.lu\/wp-content\/uploads\/2024\/10\/fontina-1.jpg","width":500,"height":500},{"@type":"BreadcrumbList","@id":"https:\/\/gourmetto.lu\/fr\/produit\/formdelmese1\/#breadcrumb","itemListElement":[{"@type":"ListItem","position":1,"name":"Home","item":"https:\/\/gourmetto.lu\/fr\/"},{"@type":"ListItem","position":2,"name":"Boutique","item":"https:\/\/gourmetto.lu\/shop\/"},{"@type":"ListItem","position":3,"name":"Cru di pecora nera, fromage de brebis noire"}]},{"@type":"WebSite","@id":"https:\/\/gourmetto.lu\/fr\/#website","url":"https:\/\/gourmetto.lu\/fr\/","name":"Gourmetto","description":"","potentialAction":[{"@type":"SearchAction","target":{"@type":"EntryPoint","urlTemplate":"https:\/\/gourmetto.lu\/fr\/?s={search_term_string}"},"query-input":{"@type":"PropertyValueSpecification","valueRequired":true,"valueName":"search_term_string"}}],"inLanguage":"fr-FR"}]}},"jetpack_sharing_enabled":true,"_links":{"self":[{"href":"https:\/\/gourmetto.lu\/fr\/wp-json\/wp\/v2\/product\/4509","targetHints":{"allow":["GET"]}}],"collection":[{"href":"https:\/\/gourmetto.lu\/fr\/wp-json\/wp\/v2\/product"}],"about":[{"href":"https:\/\/gourmetto.lu\/fr\/wp-json\/wp\/v2\/types\/product"}],"wp:featuredmedia":[{"embeddable":true,"href":"https:\/\/gourmetto.lu\/fr\/wp-json\/wp\/v2\/media\/4515"}],"wp:attachment":[{"href":"https:\/\/gourmetto.lu\/fr\/wp-json\/wp\/v2\/media?parent=4509"}],"wp:term":[{"taxonomy":"product_brand","embeddable":true,"href":"https:\/\/gourmetto.lu\/fr\/wp-json\/wp\/v2\/product_brand?post=4509"},{"taxonomy":"product_cat","embeddable":true,"href":"https:\/\/gourmetto.lu\/fr\/wp-json\/wp\/v2\/product_cat?post=4509"},{"taxonomy":"product_tag","embeddable":true,"href":"https:\/\/gourmetto.lu\/fr\/wp-json\/wp\/v2\/product_tag?post=4509"}],"curies":[{"name":"wp","href":"https:\/\/api.w.org\/{rel}","templated":true}]}}