{"id":4513,"date":"2024-10-31T16:21:17","date_gmt":"2024-10-31T15:21:17","guid":{"rendered":"https:\/\/gourmetto.lu\/?post_type=product&#038;p=4513"},"modified":"2026-04-03T09:44:33","modified_gmt":"2026-04-03T07:44:33","slug":"formaggiodelmese2","status":"publish","type":"product","link":"https:\/\/gourmetto.lu\/fr\/produit\/formaggiodelmese2\/","title":{"rendered":"Ciabrot fromage de ch\u00e8vre"},"content":{"rendered":"<p>Le Ciabrot (dont le nom, en occitan, signifie \u00ab petite ch\u00e8vre \u00bb) est un fromage qui reprend une ancienne recette traditionnelle. Il pr\u00e9sente une cro\u00fbte lisse et fine, dont la couleur varie du gris clair au gris fonc\u00e9 selon le degr\u00e9 d&rsquo;affinage.<\/p>\n<p>&nbsp;<\/p>\n<p>La p\u00e2te est l\u00e9g\u00e8rement alv\u00e9ol\u00e9e, de couleur blanc ivoire, d&rsquo;abord onctueuse, puis plus compacte \u00e0 mesure qu&rsquo;elle m\u00fbrit. Son go\u00fbt est lact\u00e9 et onctueux au cours du premier mois, puis il s&rsquo;affine au fil du temps. L&rsquo;affinage se fait dans des grottes naturelles sur des planches de cerisier qui harmonisent son go\u00fbt.<\/p>\n","protected":false},"excerpt":{"rendered":"<p>Le Ciabrot (dont le nom, en occitan, signifie \u00ab petite ch\u00e8vre \u00bb) est un fromage qui reprend une ancienne recette traditionnelle. Il pr\u00e9sente une cro\u00fbte lisse et fine, dont la couleur varie du gris clair au gris fonc\u00e9 selon le degr\u00e9 d&rsquo;affinage. &nbsp; La p\u00e2te est l\u00e9g\u00e8rement alv\u00e9ol\u00e9e, de couleur blanc ivoire, d&rsquo;abord onctueuse, puis [&hellip;]<\/p>\n","protected":false},"featured_media":6079,"template":"","meta":{"_acf_changed":false},"product_brand":[],"product_cat":[113],"product_tag":[],"class_list":{"0":"post-4513","1":"product","2":"type-product","3":"status-publish","4":"has-post-thumbnail","6":"product_cat-fromages-fr","8":"first","9":"instock","10":"taxable","11":"shipping-taxable","12":"purchasable","13":"product-type-simple"},"bundled_by":[],"bundle_stock_status":"instock","bundle_stock_quantity":2,"bundle_virtual":false,"bundle_layout":"","bundle_add_to_cart_form_location":"","bundle_editable_in_cart":false,"bundle_sold_individually_context":"","bundle_item_grouping":"","bundle_min_size":"","bundle_max_size":"","bundled_items":[],"bundle_sell_ids":[],"acf":[],"yoast_head":"<!-- This site is optimized with the Yoast SEO plugin v25.4 - https:\/\/yoast.com\/wordpress\/plugins\/seo\/ -->\n<title>Ciabrot fromage de ch\u00e8vre - Gourmetto<\/title>\n<meta name=\"robots\" content=\"index, follow, max-snippet:-1, max-image-preview:large, max-video-preview:-1\" \/>\n<link rel=\"canonical\" href=\"https:\/\/gourmetto.lu\/fr\/produit\/formaggiodelmese2\/\" \/>\n<meta property=\"og:locale\" content=\"fr_FR\" \/>\n<meta property=\"og:type\" content=\"article\" \/>\n<meta property=\"og:title\" content=\"Ciabrot fromage de ch\u00e8vre - Gourmetto\" \/>\n<meta property=\"og:description\" content=\"Le Ciabrot (dont le nom, en occitan, signifie \u00ab petite ch\u00e8vre \u00bb) est un fromage qui reprend une ancienne recette traditionnelle. Il pr\u00e9sente une cro\u00fbte lisse et fine, dont la couleur varie du gris clair au gris fonc\u00e9 selon le degr\u00e9 d&rsquo;affinage. &nbsp; La p\u00e2te est l\u00e9g\u00e8rement alv\u00e9ol\u00e9e, de couleur blanc ivoire, d&rsquo;abord onctueuse, puis [&hellip;]\" \/>\n<meta property=\"og:url\" content=\"https:\/\/gourmetto.lu\/fr\/produit\/formaggiodelmese2\/\" \/>\n<meta property=\"og:site_name\" content=\"Gourmetto\" \/>\n<meta property=\"article:modified_time\" content=\"2026-04-03T07:44:33+00:00\" \/>\n<meta property=\"og:image\" content=\"https:\/\/gourmetto.lu\/wp-content\/uploads\/2024\/10\/Senza-titolo-2.jpg\" \/>\n\t<meta property=\"og:image:width\" content=\"736\" \/>\n\t<meta property=\"og:image:height\" content=\"736\" \/>\n\t<meta property=\"og:image:type\" content=\"image\/jpeg\" \/>\n<meta name=\"twitter:card\" content=\"summary_large_image\" \/>\n<meta name=\"twitter:label1\" content=\"Dur\u00e9e de lecture estim\u00e9e\" \/>\n\t<meta name=\"twitter:data1\" content=\"1 minute\" \/>\n<script type=\"application\/ld+json\" class=\"yoast-schema-graph\">{\"@context\":\"https:\/\/schema.org\",\"@graph\":[{\"@type\":\"WebPage\",\"@id\":\"https:\/\/gourmetto.lu\/fr\/produit\/formaggiodelmese2\/\",\"url\":\"https:\/\/gourmetto.lu\/fr\/produit\/formaggiodelmese2\/\",\"name\":\"Ciabrot fromage de ch\u00e8vre - Gourmetto\",\"isPartOf\":{\"@id\":\"https:\/\/gourmetto.lu\/fr\/#website\"},\"primaryImageOfPage\":{\"@id\":\"https:\/\/gourmetto.lu\/fr\/produit\/formaggiodelmese2\/#primaryimage\"},\"image\":{\"@id\":\"https:\/\/gourmetto.lu\/fr\/produit\/formaggiodelmese2\/#primaryimage\"},\"thumbnailUrl\":\"https:\/\/gourmetto.lu\/wp-content\/uploads\/2024\/10\/Senza-titolo-2.jpg\",\"datePublished\":\"2024-10-31T15:21:17+00:00\",\"dateModified\":\"2026-04-03T07:44:33+00:00\",\"breadcrumb\":{\"@id\":\"https:\/\/gourmetto.lu\/fr\/produit\/formaggiodelmese2\/#breadcrumb\"},\"inLanguage\":\"fr-FR\",\"potentialAction\":[{\"@type\":\"ReadAction\",\"target\":[\"https:\/\/gourmetto.lu\/fr\/produit\/formaggiodelmese2\/\"]}]},{\"@type\":\"ImageObject\",\"inLanguage\":\"fr-FR\",\"@id\":\"https:\/\/gourmetto.lu\/fr\/produit\/formaggiodelmese2\/#primaryimage\",\"url\":\"https:\/\/gourmetto.lu\/wp-content\/uploads\/2024\/10\/Senza-titolo-2.jpg\",\"contentUrl\":\"https:\/\/gourmetto.lu\/wp-content\/uploads\/2024\/10\/Senza-titolo-2.jpg\",\"width\":736,\"height\":736},{\"@type\":\"BreadcrumbList\",\"@id\":\"https:\/\/gourmetto.lu\/fr\/produit\/formaggiodelmese2\/#breadcrumb\",\"itemListElement\":[{\"@type\":\"ListItem\",\"position\":1,\"name\":\"Home\",\"item\":\"https:\/\/gourmetto.lu\/fr\/\"},{\"@type\":\"ListItem\",\"position\":2,\"name\":\"Boutique\",\"item\":\"https:\/\/gourmetto.lu\/shop\/\"},{\"@type\":\"ListItem\",\"position\":3,\"name\":\"Ciabrot fromage de ch\u00e8vre\"}]},{\"@type\":\"WebSite\",\"@id\":\"https:\/\/gourmetto.lu\/fr\/#website\",\"url\":\"https:\/\/gourmetto.lu\/fr\/\",\"name\":\"Gourmetto\",\"description\":\"\",\"potentialAction\":[{\"@type\":\"SearchAction\",\"target\":{\"@type\":\"EntryPoint\",\"urlTemplate\":\"https:\/\/gourmetto.lu\/fr\/?s={search_term_string}\"},\"query-input\":{\"@type\":\"PropertyValueSpecification\",\"valueRequired\":true,\"valueName\":\"search_term_string\"}}],\"inLanguage\":\"fr-FR\"}]}<\/script>\n<!-- \/ Yoast SEO plugin. -->","yoast_head_json":{"title":"Ciabrot fromage de ch\u00e8vre - Gourmetto","robots":{"index":"index","follow":"follow","max-snippet":"max-snippet:-1","max-image-preview":"max-image-preview:large","max-video-preview":"max-video-preview:-1"},"canonical":"https:\/\/gourmetto.lu\/fr\/produit\/formaggiodelmese2\/","og_locale":"fr_FR","og_type":"article","og_title":"Ciabrot fromage de ch\u00e8vre - Gourmetto","og_description":"Le Ciabrot (dont le nom, en occitan, signifie \u00ab petite ch\u00e8vre \u00bb) est un fromage qui reprend une ancienne recette traditionnelle. Il pr\u00e9sente une cro\u00fbte lisse et fine, dont la couleur varie du gris clair au gris fonc\u00e9 selon le degr\u00e9 d&rsquo;affinage. &nbsp; La p\u00e2te est l\u00e9g\u00e8rement alv\u00e9ol\u00e9e, de couleur blanc ivoire, d&rsquo;abord onctueuse, puis [&hellip;]","og_url":"https:\/\/gourmetto.lu\/fr\/produit\/formaggiodelmese2\/","og_site_name":"Gourmetto","article_modified_time":"2026-04-03T07:44:33+00:00","og_image":[{"width":736,"height":736,"url":"https:\/\/gourmetto.lu\/wp-content\/uploads\/2024\/10\/Senza-titolo-2.jpg","type":"image\/jpeg"}],"twitter_card":"summary_large_image","twitter_misc":{"Dur\u00e9e de lecture estim\u00e9e":"1 minute"},"schema":{"@context":"https:\/\/schema.org","@graph":[{"@type":"WebPage","@id":"https:\/\/gourmetto.lu\/fr\/produit\/formaggiodelmese2\/","url":"https:\/\/gourmetto.lu\/fr\/produit\/formaggiodelmese2\/","name":"Ciabrot fromage de ch\u00e8vre - Gourmetto","isPartOf":{"@id":"https:\/\/gourmetto.lu\/fr\/#website"},"primaryImageOfPage":{"@id":"https:\/\/gourmetto.lu\/fr\/produit\/formaggiodelmese2\/#primaryimage"},"image":{"@id":"https:\/\/gourmetto.lu\/fr\/produit\/formaggiodelmese2\/#primaryimage"},"thumbnailUrl":"https:\/\/gourmetto.lu\/wp-content\/uploads\/2024\/10\/Senza-titolo-2.jpg","datePublished":"2024-10-31T15:21:17+00:00","dateModified":"2026-04-03T07:44:33+00:00","breadcrumb":{"@id":"https:\/\/gourmetto.lu\/fr\/produit\/formaggiodelmese2\/#breadcrumb"},"inLanguage":"fr-FR","potentialAction":[{"@type":"ReadAction","target":["https:\/\/gourmetto.lu\/fr\/produit\/formaggiodelmese2\/"]}]},{"@type":"ImageObject","inLanguage":"fr-FR","@id":"https:\/\/gourmetto.lu\/fr\/produit\/formaggiodelmese2\/#primaryimage","url":"https:\/\/gourmetto.lu\/wp-content\/uploads\/2024\/10\/Senza-titolo-2.jpg","contentUrl":"https:\/\/gourmetto.lu\/wp-content\/uploads\/2024\/10\/Senza-titolo-2.jpg","width":736,"height":736},{"@type":"BreadcrumbList","@id":"https:\/\/gourmetto.lu\/fr\/produit\/formaggiodelmese2\/#breadcrumb","itemListElement":[{"@type":"ListItem","position":1,"name":"Home","item":"https:\/\/gourmetto.lu\/fr\/"},{"@type":"ListItem","position":2,"name":"Boutique","item":"https:\/\/gourmetto.lu\/shop\/"},{"@type":"ListItem","position":3,"name":"Ciabrot fromage de ch\u00e8vre"}]},{"@type":"WebSite","@id":"https:\/\/gourmetto.lu\/fr\/#website","url":"https:\/\/gourmetto.lu\/fr\/","name":"Gourmetto","description":"","potentialAction":[{"@type":"SearchAction","target":{"@type":"EntryPoint","urlTemplate":"https:\/\/gourmetto.lu\/fr\/?s={search_term_string}"},"query-input":{"@type":"PropertyValueSpecification","valueRequired":true,"valueName":"search_term_string"}}],"inLanguage":"fr-FR"}]}},"jetpack_sharing_enabled":true,"_links":{"self":[{"href":"https:\/\/gourmetto.lu\/fr\/wp-json\/wp\/v2\/product\/4513","targetHints":{"allow":["GET"]}}],"collection":[{"href":"https:\/\/gourmetto.lu\/fr\/wp-json\/wp\/v2\/product"}],"about":[{"href":"https:\/\/gourmetto.lu\/fr\/wp-json\/wp\/v2\/types\/product"}],"wp:featuredmedia":[{"embeddable":true,"href":"https:\/\/gourmetto.lu\/fr\/wp-json\/wp\/v2\/media\/6079"}],"wp:attachment":[{"href":"https:\/\/gourmetto.lu\/fr\/wp-json\/wp\/v2\/media?parent=4513"}],"wp:term":[{"taxonomy":"product_brand","embeddable":true,"href":"https:\/\/gourmetto.lu\/fr\/wp-json\/wp\/v2\/product_brand?post=4513"},{"taxonomy":"product_cat","embeddable":true,"href":"https:\/\/gourmetto.lu\/fr\/wp-json\/wp\/v2\/product_cat?post=4513"},{"taxonomy":"product_tag","embeddable":true,"href":"https:\/\/gourmetto.lu\/fr\/wp-json\/wp\/v2\/product_tag?post=4513"}],"curies":[{"name":"wp","href":"https:\/\/api.w.org\/{rel}","templated":true}]}}