{"id":4978,"date":"2025-02-20T17:12:47","date_gmt":"2025-02-20T16:12:47","guid":{"rendered":"https:\/\/gourmetto.lu\/?post_type=product&#038;p=4978"},"modified":"2025-03-12T15:15:10","modified_gmt":"2025-03-12T14:15:10","slug":"tartine-a-la-toscane","status":"publish","type":"product","link":"https:\/\/gourmetto.lu\/fr\/produit\/tartine-a-la-toscane\/","title":{"rendered":"Tartinade au foie de poulet \u00e0 la Toscane"},"content":{"rendered":"<p>Avec 70 ans d&rsquo;activit\u00e9, Alpe Magna est ma\u00eetre dans l&rsquo;art de mettre sur la table l&rsquo;excellence gastronomique de la r\u00e9gion des Dolomites des Alpes italiennes. En combinant les bonnes saveurs de la cuisine traditionnelle faite \u00e0 la main, les ingr\u00e9dients locaux de haute qualit\u00e9 et les plus avanc\u00e9es techniques d&#8217;emballage\u202f; le r\u00e9sultat est un gout \u00e9tonnant et une longue dur\u00e9e de conservation, sans aucun conservateur ou autre additif.<\/p>\n<p>&nbsp;<\/p>\n<p>Recette de Toscane traditionnelle, les foies de poulet sont m\u00e9lang\u00e9s \u00e0 du brandy pendant la cuisson pour adoucir leur go\u00fbt prononc\u00e9. Excellent en entr\u00e9e ou en ap\u00e9ritif avec des tranches de pain grill\u00e9, ou pour assaisonner les p\u00e2tes. Ils peuvent \u00e9galement \u00eatre servis comme finger food.<\/p>\n","protected":false},"excerpt":{"rendered":"<p>Avec 70 ans d&rsquo;activit\u00e9, Alpe Magna est ma\u00eetre dans l&rsquo;art de mettre sur la table l&rsquo;excellence gastronomique de la r\u00e9gion des Dolomites des Alpes italiennes. En combinant les bonnes saveurs de la cuisine traditionnelle faite \u00e0 la main, les ingr\u00e9dients locaux de haute qualit\u00e9 et les plus avanc\u00e9es techniques d&#8217;emballage\u202f; le r\u00e9sultat est un gout [&hellip;]<\/p>\n","protected":false},"featured_media":5019,"template":"","meta":{"_acf_changed":false},"product_brand":[],"product_cat":[108,164],"product_tag":[],"class_list":{"0":"post-4978","1":"product","2":"type-product","3":"status-publish","4":"has-post-thumbnail","6":"product_cat-sans-gluten-fr","7":"product_cat-pastasauce-fr","8":"pa_producers-alpemagna-fr","10":"first","11":"instock","12":"taxable","13":"shipping-taxable","14":"purchasable","15":"product-type-simple"},"bundled_by":[],"bundle_stock_status":"instock","bundle_stock_quantity":5,"bundle_virtual":false,"bundle_layout":"","bundle_add_to_cart_form_location":"","bundle_editable_in_cart":false,"bundle_sold_individually_context":"","bundle_item_grouping":"","bundle_min_size":"","bundle_max_size":"","bundled_items":[],"bundle_sell_ids":[],"acf":[],"yoast_head":"<!-- This site is optimized with the Yoast SEO plugin v25.4 - https:\/\/yoast.com\/wordpress\/plugins\/seo\/ -->\n<title>Tartinade au foie de poulet \u00e0 la Toscane - Gourmetto<\/title>\n<meta name=\"robots\" content=\"index, follow, max-snippet:-1, max-image-preview:large, max-video-preview:-1\" \/>\n<link rel=\"canonical\" href=\"https:\/\/gourmetto.lu\/fr\/produit\/tartine-a-la-toscane\/\" \/>\n<meta property=\"og:locale\" content=\"fr_FR\" \/>\n<meta property=\"og:type\" content=\"article\" \/>\n<meta property=\"og:title\" content=\"Tartinade au foie de poulet \u00e0 la Toscane - Gourmetto\" \/>\n<meta property=\"og:description\" content=\"Avec 70 ans d&rsquo;activit\u00e9, Alpe Magna est ma\u00eetre dans l&rsquo;art de mettre sur la table l&rsquo;excellence gastronomique de la r\u00e9gion des Dolomites des Alpes italiennes. En combinant les bonnes saveurs de la cuisine traditionnelle faite \u00e0 la main, les ingr\u00e9dients locaux de haute qualit\u00e9 et les plus avanc\u00e9es techniques d&#8217;emballage\u202f; le r\u00e9sultat est un gout [&hellip;]\" \/>\n<meta property=\"og:url\" content=\"https:\/\/gourmetto.lu\/fr\/produit\/tartine-a-la-toscane\/\" \/>\n<meta property=\"og:site_name\" content=\"Gourmetto\" \/>\n<meta property=\"article:modified_time\" content=\"2025-03-12T14:15:10+00:00\" \/>\n<meta property=\"og:image\" content=\"https:\/\/gourmetto.lu\/wp-content\/uploads\/2025\/02\/PXL_20250304_193428617.MP-EDIT.jpg\" \/>\n\t<meta property=\"og:image:width\" content=\"2541\" \/>\n\t<meta property=\"og:image:height\" content=\"2542\" \/>\n\t<meta property=\"og:image:type\" content=\"image\/jpeg\" \/>\n<meta name=\"twitter:card\" content=\"summary_large_image\" \/>\n<meta name=\"twitter:label1\" content=\"Dur\u00e9e de lecture estim\u00e9e\" \/>\n\t<meta name=\"twitter:data1\" content=\"1 minute\" \/>\n<script type=\"application\/ld+json\" class=\"yoast-schema-graph\">{\"@context\":\"https:\/\/schema.org\",\"@graph\":[{\"@type\":\"WebPage\",\"@id\":\"https:\/\/gourmetto.lu\/fr\/produit\/tartine-a-la-toscane\/\",\"url\":\"https:\/\/gourmetto.lu\/fr\/produit\/tartine-a-la-toscane\/\",\"name\":\"Tartinade au foie de poulet \u00e0 la Toscane - Gourmetto\",\"isPartOf\":{\"@id\":\"https:\/\/gourmetto.lu\/fr\/#website\"},\"primaryImageOfPage\":{\"@id\":\"https:\/\/gourmetto.lu\/fr\/produit\/tartine-a-la-toscane\/#primaryimage\"},\"image\":{\"@id\":\"https:\/\/gourmetto.lu\/fr\/produit\/tartine-a-la-toscane\/#primaryimage\"},\"thumbnailUrl\":\"https:\/\/gourmetto.lu\/wp-content\/uploads\/2025\/02\/PXL_20250304_193428617.MP-EDIT.jpg\",\"datePublished\":\"2025-02-20T16:12:47+00:00\",\"dateModified\":\"2025-03-12T14:15:10+00:00\",\"breadcrumb\":{\"@id\":\"https:\/\/gourmetto.lu\/fr\/produit\/tartine-a-la-toscane\/#breadcrumb\"},\"inLanguage\":\"fr-FR\",\"potentialAction\":[{\"@type\":\"ReadAction\",\"target\":[\"https:\/\/gourmetto.lu\/fr\/produit\/tartine-a-la-toscane\/\"]}]},{\"@type\":\"ImageObject\",\"inLanguage\":\"fr-FR\",\"@id\":\"https:\/\/gourmetto.lu\/fr\/produit\/tartine-a-la-toscane\/#primaryimage\",\"url\":\"https:\/\/gourmetto.lu\/wp-content\/uploads\/2025\/02\/PXL_20250304_193428617.MP-EDIT.jpg\",\"contentUrl\":\"https:\/\/gourmetto.lu\/wp-content\/uploads\/2025\/02\/PXL_20250304_193428617.MP-EDIT.jpg\",\"width\":2541,\"height\":2542},{\"@type\":\"BreadcrumbList\",\"@id\":\"https:\/\/gourmetto.lu\/fr\/produit\/tartine-a-la-toscane\/#breadcrumb\",\"itemListElement\":[{\"@type\":\"ListItem\",\"position\":1,\"name\":\"Home\",\"item\":\"https:\/\/gourmetto.lu\/fr\/\"},{\"@type\":\"ListItem\",\"position\":2,\"name\":\"Boutique\",\"item\":\"https:\/\/gourmetto.lu\/shop\/\"},{\"@type\":\"ListItem\",\"position\":3,\"name\":\"Tartinade au foie de poulet \u00e0 la Toscane\"}]},{\"@type\":\"WebSite\",\"@id\":\"https:\/\/gourmetto.lu\/fr\/#website\",\"url\":\"https:\/\/gourmetto.lu\/fr\/\",\"name\":\"Gourmetto\",\"description\":\"\",\"potentialAction\":[{\"@type\":\"SearchAction\",\"target\":{\"@type\":\"EntryPoint\",\"urlTemplate\":\"https:\/\/gourmetto.lu\/fr\/?s={search_term_string}\"},\"query-input\":{\"@type\":\"PropertyValueSpecification\",\"valueRequired\":true,\"valueName\":\"search_term_string\"}}],\"inLanguage\":\"fr-FR\"}]}<\/script>\n<!-- \/ Yoast SEO plugin. -->","yoast_head_json":{"title":"Tartinade au foie de poulet \u00e0 la Toscane - Gourmetto","robots":{"index":"index","follow":"follow","max-snippet":"max-snippet:-1","max-image-preview":"max-image-preview:large","max-video-preview":"max-video-preview:-1"},"canonical":"https:\/\/gourmetto.lu\/fr\/produit\/tartine-a-la-toscane\/","og_locale":"fr_FR","og_type":"article","og_title":"Tartinade au foie de poulet \u00e0 la Toscane - Gourmetto","og_description":"Avec 70 ans d&rsquo;activit\u00e9, Alpe Magna est ma\u00eetre dans l&rsquo;art de mettre sur la table l&rsquo;excellence gastronomique de la r\u00e9gion des Dolomites des Alpes italiennes. En combinant les bonnes saveurs de la cuisine traditionnelle faite \u00e0 la main, les ingr\u00e9dients locaux de haute qualit\u00e9 et les plus avanc\u00e9es techniques d&#8217;emballage\u202f; le r\u00e9sultat est un gout [&hellip;]","og_url":"https:\/\/gourmetto.lu\/fr\/produit\/tartine-a-la-toscane\/","og_site_name":"Gourmetto","article_modified_time":"2025-03-12T14:15:10+00:00","og_image":[{"width":2541,"height":2542,"url":"https:\/\/gourmetto.lu\/wp-content\/uploads\/2025\/02\/PXL_20250304_193428617.MP-EDIT.jpg","type":"image\/jpeg"}],"twitter_card":"summary_large_image","twitter_misc":{"Dur\u00e9e de lecture estim\u00e9e":"1 minute"},"schema":{"@context":"https:\/\/schema.org","@graph":[{"@type":"WebPage","@id":"https:\/\/gourmetto.lu\/fr\/produit\/tartine-a-la-toscane\/","url":"https:\/\/gourmetto.lu\/fr\/produit\/tartine-a-la-toscane\/","name":"Tartinade au foie de poulet \u00e0 la Toscane - Gourmetto","isPartOf":{"@id":"https:\/\/gourmetto.lu\/fr\/#website"},"primaryImageOfPage":{"@id":"https:\/\/gourmetto.lu\/fr\/produit\/tartine-a-la-toscane\/#primaryimage"},"image":{"@id":"https:\/\/gourmetto.lu\/fr\/produit\/tartine-a-la-toscane\/#primaryimage"},"thumbnailUrl":"https:\/\/gourmetto.lu\/wp-content\/uploads\/2025\/02\/PXL_20250304_193428617.MP-EDIT.jpg","datePublished":"2025-02-20T16:12:47+00:00","dateModified":"2025-03-12T14:15:10+00:00","breadcrumb":{"@id":"https:\/\/gourmetto.lu\/fr\/produit\/tartine-a-la-toscane\/#breadcrumb"},"inLanguage":"fr-FR","potentialAction":[{"@type":"ReadAction","target":["https:\/\/gourmetto.lu\/fr\/produit\/tartine-a-la-toscane\/"]}]},{"@type":"ImageObject","inLanguage":"fr-FR","@id":"https:\/\/gourmetto.lu\/fr\/produit\/tartine-a-la-toscane\/#primaryimage","url":"https:\/\/gourmetto.lu\/wp-content\/uploads\/2025\/02\/PXL_20250304_193428617.MP-EDIT.jpg","contentUrl":"https:\/\/gourmetto.lu\/wp-content\/uploads\/2025\/02\/PXL_20250304_193428617.MP-EDIT.jpg","width":2541,"height":2542},{"@type":"BreadcrumbList","@id":"https:\/\/gourmetto.lu\/fr\/produit\/tartine-a-la-toscane\/#breadcrumb","itemListElement":[{"@type":"ListItem","position":1,"name":"Home","item":"https:\/\/gourmetto.lu\/fr\/"},{"@type":"ListItem","position":2,"name":"Boutique","item":"https:\/\/gourmetto.lu\/shop\/"},{"@type":"ListItem","position":3,"name":"Tartinade au foie de poulet \u00e0 la Toscane"}]},{"@type":"WebSite","@id":"https:\/\/gourmetto.lu\/fr\/#website","url":"https:\/\/gourmetto.lu\/fr\/","name":"Gourmetto","description":"","potentialAction":[{"@type":"SearchAction","target":{"@type":"EntryPoint","urlTemplate":"https:\/\/gourmetto.lu\/fr\/?s={search_term_string}"},"query-input":{"@type":"PropertyValueSpecification","valueRequired":true,"valueName":"search_term_string"}}],"inLanguage":"fr-FR"}]}},"jetpack_sharing_enabled":true,"_links":{"self":[{"href":"https:\/\/gourmetto.lu\/fr\/wp-json\/wp\/v2\/product\/4978","targetHints":{"allow":["GET"]}}],"collection":[{"href":"https:\/\/gourmetto.lu\/fr\/wp-json\/wp\/v2\/product"}],"about":[{"href":"https:\/\/gourmetto.lu\/fr\/wp-json\/wp\/v2\/types\/product"}],"wp:featuredmedia":[{"embeddable":true,"href":"https:\/\/gourmetto.lu\/fr\/wp-json\/wp\/v2\/media\/5019"}],"wp:attachment":[{"href":"https:\/\/gourmetto.lu\/fr\/wp-json\/wp\/v2\/media?parent=4978"}],"wp:term":[{"taxonomy":"product_brand","embeddable":true,"href":"https:\/\/gourmetto.lu\/fr\/wp-json\/wp\/v2\/product_brand?post=4978"},{"taxonomy":"product_cat","embeddable":true,"href":"https:\/\/gourmetto.lu\/fr\/wp-json\/wp\/v2\/product_cat?post=4978"},{"taxonomy":"product_tag","embeddable":true,"href":"https:\/\/gourmetto.lu\/fr\/wp-json\/wp\/v2\/product_tag?post=4978"}],"curies":[{"name":"wp","href":"https:\/\/api.w.org\/{rel}","templated":true}]}}