{"id":5044,"date":"2025-03-12T15:43:05","date_gmt":"2025-03-12T14:43:05","guid":{"rendered":"https:\/\/gourmetto.lu\/?post_type=product&#038;p=5044"},"modified":"2026-02-13T12:25:56","modified_gmt":"2026-02-13T11:25:56","slug":"melange-dherbes-penne-siclilenne-copy","status":"publish","type":"product","link":"https:\/\/gourmetto.lu\/fr\/produit\/melange-dherbes-penne-siclilenne-copy\/","title":{"rendered":"Piment Sicilien \u00e9cras\u00e9"},"content":{"rendered":"<p>De la terre de Sicile, un m\u00e9lange parfait d&rsquo;\u00e9pices et d&rsquo;herbes de la plus haute qualit\u00e9, s\u00e9ch\u00e9es et pr\u00eates \u00e0 assaisonner tous vos plats.<\/p>\n<p>Parfois, la simplicit\u00e9 est la meilleure des choses, et les cuisiniers italiens le savent mieux que quiconque. Il s&rsquo;agit simplement d&rsquo;un bon piment, cultiv\u00e9 sous le soleil de Sicile, s\u00e9ch\u00e9 et \u00e9cras\u00e9.<\/p>\n","protected":false},"excerpt":{"rendered":"<p>De la terre de Sicile, un m\u00e9lange parfait d&rsquo;\u00e9pices et d&rsquo;herbes de la plus haute qualit\u00e9, s\u00e9ch\u00e9es et pr\u00eates \u00e0 assaisonner tous vos plats. Parfois, la simplicit\u00e9 est la meilleure des choses, et les cuisiniers italiens le savent mieux que quiconque. Il s&rsquo;agit simplement d&rsquo;un bon piment, cultiv\u00e9 sous le soleil de Sicile, s\u00e9ch\u00e9 et [&hellip;]<\/p>\n","protected":false},"featured_media":5046,"template":"","meta":{"_acf_changed":false},"product_brand":[],"product_cat":[110],"product_tag":[],"class_list":{"0":"post-5044","1":"product","2":"type-product","3":"status-publish","4":"has-post-thumbnail","6":"product_cat-assaisonnements-fr","8":"first","9":"instock","10":"taxable","11":"shipping-taxable","12":"purchasable","13":"product-type-simple"},"bundled_by":[],"bundle_stock_status":"instock","bundle_stock_quantity":13,"bundle_virtual":false,"bundle_layout":"","bundle_add_to_cart_form_location":"","bundle_editable_in_cart":false,"bundle_sold_individually_context":"","bundle_item_grouping":"","bundle_min_size":"","bundle_max_size":"","bundled_items":[],"bundle_sell_ids":[],"acf":[],"yoast_head":"<!-- This site is optimized with the Yoast SEO plugin v25.4 - https:\/\/yoast.com\/wordpress\/plugins\/seo\/ -->\n<title>Piment Sicilien \u00e9cras\u00e9 - Gourmetto<\/title>\n<meta name=\"robots\" content=\"index, follow, max-snippet:-1, max-image-preview:large, max-video-preview:-1\" \/>\n<link rel=\"canonical\" href=\"https:\/\/gourmetto.lu\/fr\/produit\/melange-dherbes-penne-siclilenne-copy\/\" \/>\n<meta property=\"og:locale\" content=\"fr_FR\" \/>\n<meta property=\"og:type\" content=\"article\" \/>\n<meta property=\"og:title\" content=\"Piment Sicilien \u00e9cras\u00e9 - Gourmetto\" \/>\n<meta property=\"og:description\" content=\"De la terre de Sicile, un m\u00e9lange parfait d&rsquo;\u00e9pices et d&rsquo;herbes de la plus haute qualit\u00e9, s\u00e9ch\u00e9es et pr\u00eates \u00e0 assaisonner tous vos plats. Parfois, la simplicit\u00e9 est la meilleure des choses, et les cuisiniers italiens le savent mieux que quiconque. Il s&rsquo;agit simplement d&rsquo;un bon piment, cultiv\u00e9 sous le soleil de Sicile, s\u00e9ch\u00e9 et [&hellip;]\" \/>\n<meta property=\"og:url\" content=\"https:\/\/gourmetto.lu\/fr\/produit\/melange-dherbes-penne-siclilenne-copy\/\" \/>\n<meta property=\"og:site_name\" content=\"Gourmetto\" \/>\n<meta property=\"article:modified_time\" content=\"2026-02-13T11:25:56+00:00\" \/>\n<meta property=\"og:image\" content=\"https:\/\/gourmetto.lu\/wp-content\/uploads\/2025\/03\/peperoncino.jpg\" \/>\n\t<meta property=\"og:image:width\" content=\"627\" \/>\n\t<meta property=\"og:image:height\" content=\"627\" \/>\n\t<meta property=\"og:image:type\" content=\"image\/jpeg\" \/>\n<meta name=\"twitter:card\" content=\"summary_large_image\" \/>\n<meta name=\"twitter:label1\" content=\"Dur\u00e9e de lecture estim\u00e9e\" \/>\n\t<meta name=\"twitter:data1\" content=\"1 minute\" \/>\n<script type=\"application\/ld+json\" class=\"yoast-schema-graph\">{\"@context\":\"https:\/\/schema.org\",\"@graph\":[{\"@type\":\"WebPage\",\"@id\":\"https:\/\/gourmetto.lu\/fr\/produit\/melange-dherbes-penne-siclilenne-copy\/\",\"url\":\"https:\/\/gourmetto.lu\/fr\/produit\/melange-dherbes-penne-siclilenne-copy\/\",\"name\":\"Piment Sicilien \u00e9cras\u00e9 - Gourmetto\",\"isPartOf\":{\"@id\":\"https:\/\/gourmetto.lu\/fr\/#website\"},\"primaryImageOfPage\":{\"@id\":\"https:\/\/gourmetto.lu\/fr\/produit\/melange-dherbes-penne-siclilenne-copy\/#primaryimage\"},\"image\":{\"@id\":\"https:\/\/gourmetto.lu\/fr\/produit\/melange-dherbes-penne-siclilenne-copy\/#primaryimage\"},\"thumbnailUrl\":\"https:\/\/gourmetto.lu\/wp-content\/uploads\/2025\/03\/peperoncino.jpg\",\"datePublished\":\"2025-03-12T14:43:05+00:00\",\"dateModified\":\"2026-02-13T11:25:56+00:00\",\"breadcrumb\":{\"@id\":\"https:\/\/gourmetto.lu\/fr\/produit\/melange-dherbes-penne-siclilenne-copy\/#breadcrumb\"},\"inLanguage\":\"fr-FR\",\"potentialAction\":[{\"@type\":\"ReadAction\",\"target\":[\"https:\/\/gourmetto.lu\/fr\/produit\/melange-dherbes-penne-siclilenne-copy\/\"]}]},{\"@type\":\"ImageObject\",\"inLanguage\":\"fr-FR\",\"@id\":\"https:\/\/gourmetto.lu\/fr\/produit\/melange-dherbes-penne-siclilenne-copy\/#primaryimage\",\"url\":\"https:\/\/gourmetto.lu\/wp-content\/uploads\/2025\/03\/peperoncino.jpg\",\"contentUrl\":\"https:\/\/gourmetto.lu\/wp-content\/uploads\/2025\/03\/peperoncino.jpg\",\"width\":627,\"height\":627},{\"@type\":\"BreadcrumbList\",\"@id\":\"https:\/\/gourmetto.lu\/fr\/produit\/melange-dherbes-penne-siclilenne-copy\/#breadcrumb\",\"itemListElement\":[{\"@type\":\"ListItem\",\"position\":1,\"name\":\"Home\",\"item\":\"https:\/\/gourmetto.lu\/fr\/\"},{\"@type\":\"ListItem\",\"position\":2,\"name\":\"Boutique\",\"item\":\"https:\/\/gourmetto.lu\/shop\/\"},{\"@type\":\"ListItem\",\"position\":3,\"name\":\"Piment Sicilien \u00e9cras\u00e9\"}]},{\"@type\":\"WebSite\",\"@id\":\"https:\/\/gourmetto.lu\/fr\/#website\",\"url\":\"https:\/\/gourmetto.lu\/fr\/\",\"name\":\"Gourmetto\",\"description\":\"\",\"potentialAction\":[{\"@type\":\"SearchAction\",\"target\":{\"@type\":\"EntryPoint\",\"urlTemplate\":\"https:\/\/gourmetto.lu\/fr\/?s={search_term_string}\"},\"query-input\":{\"@type\":\"PropertyValueSpecification\",\"valueRequired\":true,\"valueName\":\"search_term_string\"}}],\"inLanguage\":\"fr-FR\"}]}<\/script>\n<!-- \/ Yoast SEO plugin. -->","yoast_head_json":{"title":"Piment Sicilien \u00e9cras\u00e9 - Gourmetto","robots":{"index":"index","follow":"follow","max-snippet":"max-snippet:-1","max-image-preview":"max-image-preview:large","max-video-preview":"max-video-preview:-1"},"canonical":"https:\/\/gourmetto.lu\/fr\/produit\/melange-dherbes-penne-siclilenne-copy\/","og_locale":"fr_FR","og_type":"article","og_title":"Piment Sicilien \u00e9cras\u00e9 - Gourmetto","og_description":"De la terre de Sicile, un m\u00e9lange parfait d&rsquo;\u00e9pices et d&rsquo;herbes de la plus haute qualit\u00e9, s\u00e9ch\u00e9es et pr\u00eates \u00e0 assaisonner tous vos plats. Parfois, la simplicit\u00e9 est la meilleure des choses, et les cuisiniers italiens le savent mieux que quiconque. Il s&rsquo;agit simplement d&rsquo;un bon piment, cultiv\u00e9 sous le soleil de Sicile, s\u00e9ch\u00e9 et [&hellip;]","og_url":"https:\/\/gourmetto.lu\/fr\/produit\/melange-dherbes-penne-siclilenne-copy\/","og_site_name":"Gourmetto","article_modified_time":"2026-02-13T11:25:56+00:00","og_image":[{"width":627,"height":627,"url":"https:\/\/gourmetto.lu\/wp-content\/uploads\/2025\/03\/peperoncino.jpg","type":"image\/jpeg"}],"twitter_card":"summary_large_image","twitter_misc":{"Dur\u00e9e de lecture estim\u00e9e":"1 minute"},"schema":{"@context":"https:\/\/schema.org","@graph":[{"@type":"WebPage","@id":"https:\/\/gourmetto.lu\/fr\/produit\/melange-dherbes-penne-siclilenne-copy\/","url":"https:\/\/gourmetto.lu\/fr\/produit\/melange-dherbes-penne-siclilenne-copy\/","name":"Piment Sicilien \u00e9cras\u00e9 - Gourmetto","isPartOf":{"@id":"https:\/\/gourmetto.lu\/fr\/#website"},"primaryImageOfPage":{"@id":"https:\/\/gourmetto.lu\/fr\/produit\/melange-dherbes-penne-siclilenne-copy\/#primaryimage"},"image":{"@id":"https:\/\/gourmetto.lu\/fr\/produit\/melange-dherbes-penne-siclilenne-copy\/#primaryimage"},"thumbnailUrl":"https:\/\/gourmetto.lu\/wp-content\/uploads\/2025\/03\/peperoncino.jpg","datePublished":"2025-03-12T14:43:05+00:00","dateModified":"2026-02-13T11:25:56+00:00","breadcrumb":{"@id":"https:\/\/gourmetto.lu\/fr\/produit\/melange-dherbes-penne-siclilenne-copy\/#breadcrumb"},"inLanguage":"fr-FR","potentialAction":[{"@type":"ReadAction","target":["https:\/\/gourmetto.lu\/fr\/produit\/melange-dherbes-penne-siclilenne-copy\/"]}]},{"@type":"ImageObject","inLanguage":"fr-FR","@id":"https:\/\/gourmetto.lu\/fr\/produit\/melange-dherbes-penne-siclilenne-copy\/#primaryimage","url":"https:\/\/gourmetto.lu\/wp-content\/uploads\/2025\/03\/peperoncino.jpg","contentUrl":"https:\/\/gourmetto.lu\/wp-content\/uploads\/2025\/03\/peperoncino.jpg","width":627,"height":627},{"@type":"BreadcrumbList","@id":"https:\/\/gourmetto.lu\/fr\/produit\/melange-dherbes-penne-siclilenne-copy\/#breadcrumb","itemListElement":[{"@type":"ListItem","position":1,"name":"Home","item":"https:\/\/gourmetto.lu\/fr\/"},{"@type":"ListItem","position":2,"name":"Boutique","item":"https:\/\/gourmetto.lu\/shop\/"},{"@type":"ListItem","position":3,"name":"Piment Sicilien \u00e9cras\u00e9"}]},{"@type":"WebSite","@id":"https:\/\/gourmetto.lu\/fr\/#website","url":"https:\/\/gourmetto.lu\/fr\/","name":"Gourmetto","description":"","potentialAction":[{"@type":"SearchAction","target":{"@type":"EntryPoint","urlTemplate":"https:\/\/gourmetto.lu\/fr\/?s={search_term_string}"},"query-input":{"@type":"PropertyValueSpecification","valueRequired":true,"valueName":"search_term_string"}}],"inLanguage":"fr-FR"}]}},"jetpack_sharing_enabled":true,"_links":{"self":[{"href":"https:\/\/gourmetto.lu\/fr\/wp-json\/wp\/v2\/product\/5044","targetHints":{"allow":["GET"]}}],"collection":[{"href":"https:\/\/gourmetto.lu\/fr\/wp-json\/wp\/v2\/product"}],"about":[{"href":"https:\/\/gourmetto.lu\/fr\/wp-json\/wp\/v2\/types\/product"}],"wp:featuredmedia":[{"embeddable":true,"href":"https:\/\/gourmetto.lu\/fr\/wp-json\/wp\/v2\/media\/5046"}],"wp:attachment":[{"href":"https:\/\/gourmetto.lu\/fr\/wp-json\/wp\/v2\/media?parent=5044"}],"wp:term":[{"taxonomy":"product_brand","embeddable":true,"href":"https:\/\/gourmetto.lu\/fr\/wp-json\/wp\/v2\/product_brand?post=5044"},{"taxonomy":"product_cat","embeddable":true,"href":"https:\/\/gourmetto.lu\/fr\/wp-json\/wp\/v2\/product_cat?post=5044"},{"taxonomy":"product_tag","embeddable":true,"href":"https:\/\/gourmetto.lu\/fr\/wp-json\/wp\/v2\/product_tag?post=5044"}],"curies":[{"name":"wp","href":"https:\/\/api.w.org\/{rel}","templated":true}]}}