{"id":5053,"date":"2025-03-12T15:52:14","date_gmt":"2025-03-12T14:52:14","guid":{"rendered":"https:\/\/gourmetto.lu\/?post_type=product&#038;p=5053"},"modified":"2026-02-16T22:27:08","modified_gmt":"2026-02-16T21:27:08","slug":"mielearancia","status":"publish","type":"product","link":"https:\/\/gourmetto.lu\/fr\/produit\/mielearancia\/","title":{"rendered":"Miel de fleurs d&rsquo;oranger"},"content":{"rendered":"<p>Un miel sp\u00e9cial. Les ruches sont plac\u00e9es pr\u00e8s des orangers en Sicile, une terre riche en soleil m\u00e9diterran\u00e9en qui nous donne des fruits extraordinaires.<\/p>\n<p>Le r\u00e9sultat est un miel riche et fruit\u00e9, avec une l\u00e9g\u00e8re note de fleur d&rsquo;oranger.<\/p>\n","protected":false},"excerpt":{"rendered":"<p>Un miel sp\u00e9cial. Les ruches sont plac\u00e9es pr\u00e8s des orangers en Sicile, une terre riche en soleil m\u00e9diterran\u00e9en qui nous donne des fruits extraordinaires. Le r\u00e9sultat est un miel riche et fruit\u00e9, avec une l\u00e9g\u00e8re note de fleur d&rsquo;oranger.<\/p>\n","protected":false},"featured_media":5013,"template":"","meta":{"_acf_changed":false},"product_brand":[],"product_cat":[98],"product_tag":[],"class_list":{"0":"post-5053","1":"product","2":"type-product","3":"status-publish","4":"has-post-thumbnail","6":"product_cat-confiseries-fr","7":"pa_producers-migliarese-fr","9":"first","10":"outofstock","11":"taxable","12":"shipping-taxable","13":"purchasable","14":"product-type-simple"},"bundled_by":[],"bundle_stock_status":"outofstock","bundle_stock_quantity":0,"bundle_virtual":false,"bundle_layout":"","bundle_add_to_cart_form_location":"","bundle_editable_in_cart":false,"bundle_sold_individually_context":"","bundle_item_grouping":"","bundle_min_size":"","bundle_max_size":"","bundled_items":[],"bundle_sell_ids":[],"acf":[],"yoast_head":"<!-- This site is optimized with the Yoast SEO plugin v25.4 - https:\/\/yoast.com\/wordpress\/plugins\/seo\/ -->\n<title>Miel de fleurs d&#039;oranger - Gourmetto<\/title>\n<meta name=\"robots\" content=\"index, follow, max-snippet:-1, max-image-preview:large, max-video-preview:-1\" \/>\n<link rel=\"canonical\" href=\"https:\/\/gourmetto.lu\/fr\/produit\/mielearancia\/\" \/>\n<meta property=\"og:locale\" content=\"fr_FR\" \/>\n<meta property=\"og:type\" content=\"article\" \/>\n<meta property=\"og:title\" content=\"Miel de fleurs d&#039;oranger - Gourmetto\" \/>\n<meta property=\"og:description\" content=\"Un miel sp\u00e9cial. Les ruches sont plac\u00e9es pr\u00e8s des orangers en Sicile, une terre riche en soleil m\u00e9diterran\u00e9en qui nous donne des fruits extraordinaires. Le r\u00e9sultat est un miel riche et fruit\u00e9, avec une l\u00e9g\u00e8re note de fleur d&rsquo;oranger.\" \/>\n<meta property=\"og:url\" content=\"https:\/\/gourmetto.lu\/fr\/produit\/mielearancia\/\" \/>\n<meta property=\"og:site_name\" content=\"Gourmetto\" \/>\n<meta property=\"article:modified_time\" content=\"2026-02-16T21:27:08+00:00\" \/>\n<meta property=\"og:image\" content=\"https:\/\/gourmetto.lu\/wp-content\/uploads\/2025\/02\/PXL_20250304_193614718.MP-EDIT-scaled.jpg\" \/>\n\t<meta property=\"og:image:width\" content=\"2560\" \/>\n\t<meta property=\"og:image:height\" content=\"2560\" \/>\n\t<meta property=\"og:image:type\" content=\"image\/jpeg\" \/>\n<meta name=\"twitter:card\" content=\"summary_large_image\" \/>\n<meta name=\"twitter:label1\" content=\"Dur\u00e9e de lecture estim\u00e9e\" \/>\n\t<meta name=\"twitter:data1\" content=\"1 minute\" \/>\n<script type=\"application\/ld+json\" class=\"yoast-schema-graph\">{\"@context\":\"https:\/\/schema.org\",\"@graph\":[{\"@type\":\"WebPage\",\"@id\":\"https:\/\/gourmetto.lu\/fr\/produit\/mielearancia\/\",\"url\":\"https:\/\/gourmetto.lu\/fr\/produit\/mielearancia\/\",\"name\":\"Miel de fleurs d'oranger - Gourmetto\",\"isPartOf\":{\"@id\":\"https:\/\/gourmetto.lu\/fr\/#website\"},\"primaryImageOfPage\":{\"@id\":\"https:\/\/gourmetto.lu\/fr\/produit\/mielearancia\/#primaryimage\"},\"image\":{\"@id\":\"https:\/\/gourmetto.lu\/fr\/produit\/mielearancia\/#primaryimage\"},\"thumbnailUrl\":\"https:\/\/gourmetto.lu\/wp-content\/uploads\/2025\/02\/PXL_20250304_193614718.MP-EDIT-scaled.jpg\",\"datePublished\":\"2025-03-12T14:52:14+00:00\",\"dateModified\":\"2026-02-16T21:27:08+00:00\",\"breadcrumb\":{\"@id\":\"https:\/\/gourmetto.lu\/fr\/produit\/mielearancia\/#breadcrumb\"},\"inLanguage\":\"fr-FR\",\"potentialAction\":[{\"@type\":\"ReadAction\",\"target\":[\"https:\/\/gourmetto.lu\/fr\/produit\/mielearancia\/\"]}]},{\"@type\":\"ImageObject\",\"inLanguage\":\"fr-FR\",\"@id\":\"https:\/\/gourmetto.lu\/fr\/produit\/mielearancia\/#primaryimage\",\"url\":\"https:\/\/gourmetto.lu\/wp-content\/uploads\/2025\/02\/PXL_20250304_193614718.MP-EDIT-scaled.jpg\",\"contentUrl\":\"https:\/\/gourmetto.lu\/wp-content\/uploads\/2025\/02\/PXL_20250304_193614718.MP-EDIT-scaled.jpg\",\"width\":2560,\"height\":2560},{\"@type\":\"BreadcrumbList\",\"@id\":\"https:\/\/gourmetto.lu\/fr\/produit\/mielearancia\/#breadcrumb\",\"itemListElement\":[{\"@type\":\"ListItem\",\"position\":1,\"name\":\"Home\",\"item\":\"https:\/\/gourmetto.lu\/fr\/\"},{\"@type\":\"ListItem\",\"position\":2,\"name\":\"Boutique\",\"item\":\"https:\/\/gourmetto.lu\/shop\/\"},{\"@type\":\"ListItem\",\"position\":3,\"name\":\"Miel de fleurs d&#8217;oranger\"}]},{\"@type\":\"WebSite\",\"@id\":\"https:\/\/gourmetto.lu\/fr\/#website\",\"url\":\"https:\/\/gourmetto.lu\/fr\/\",\"name\":\"Gourmetto\",\"description\":\"\",\"potentialAction\":[{\"@type\":\"SearchAction\",\"target\":{\"@type\":\"EntryPoint\",\"urlTemplate\":\"https:\/\/gourmetto.lu\/fr\/?s={search_term_string}\"},\"query-input\":{\"@type\":\"PropertyValueSpecification\",\"valueRequired\":true,\"valueName\":\"search_term_string\"}}],\"inLanguage\":\"fr-FR\"}]}<\/script>\n<!-- \/ Yoast SEO plugin. -->","yoast_head_json":{"title":"Miel de fleurs d'oranger - Gourmetto","robots":{"index":"index","follow":"follow","max-snippet":"max-snippet:-1","max-image-preview":"max-image-preview:large","max-video-preview":"max-video-preview:-1"},"canonical":"https:\/\/gourmetto.lu\/fr\/produit\/mielearancia\/","og_locale":"fr_FR","og_type":"article","og_title":"Miel de fleurs d'oranger - Gourmetto","og_description":"Un miel sp\u00e9cial. Les ruches sont plac\u00e9es pr\u00e8s des orangers en Sicile, une terre riche en soleil m\u00e9diterran\u00e9en qui nous donne des fruits extraordinaires. Le r\u00e9sultat est un miel riche et fruit\u00e9, avec une l\u00e9g\u00e8re note de fleur d&rsquo;oranger.","og_url":"https:\/\/gourmetto.lu\/fr\/produit\/mielearancia\/","og_site_name":"Gourmetto","article_modified_time":"2026-02-16T21:27:08+00:00","og_image":[{"width":2560,"height":2560,"url":"https:\/\/gourmetto.lu\/wp-content\/uploads\/2025\/02\/PXL_20250304_193614718.MP-EDIT-scaled.jpg","type":"image\/jpeg"}],"twitter_card":"summary_large_image","twitter_misc":{"Dur\u00e9e de lecture estim\u00e9e":"1 minute"},"schema":{"@context":"https:\/\/schema.org","@graph":[{"@type":"WebPage","@id":"https:\/\/gourmetto.lu\/fr\/produit\/mielearancia\/","url":"https:\/\/gourmetto.lu\/fr\/produit\/mielearancia\/","name":"Miel de fleurs d'oranger - Gourmetto","isPartOf":{"@id":"https:\/\/gourmetto.lu\/fr\/#website"},"primaryImageOfPage":{"@id":"https:\/\/gourmetto.lu\/fr\/produit\/mielearancia\/#primaryimage"},"image":{"@id":"https:\/\/gourmetto.lu\/fr\/produit\/mielearancia\/#primaryimage"},"thumbnailUrl":"https:\/\/gourmetto.lu\/wp-content\/uploads\/2025\/02\/PXL_20250304_193614718.MP-EDIT-scaled.jpg","datePublished":"2025-03-12T14:52:14+00:00","dateModified":"2026-02-16T21:27:08+00:00","breadcrumb":{"@id":"https:\/\/gourmetto.lu\/fr\/produit\/mielearancia\/#breadcrumb"},"inLanguage":"fr-FR","potentialAction":[{"@type":"ReadAction","target":["https:\/\/gourmetto.lu\/fr\/produit\/mielearancia\/"]}]},{"@type":"ImageObject","inLanguage":"fr-FR","@id":"https:\/\/gourmetto.lu\/fr\/produit\/mielearancia\/#primaryimage","url":"https:\/\/gourmetto.lu\/wp-content\/uploads\/2025\/02\/PXL_20250304_193614718.MP-EDIT-scaled.jpg","contentUrl":"https:\/\/gourmetto.lu\/wp-content\/uploads\/2025\/02\/PXL_20250304_193614718.MP-EDIT-scaled.jpg","width":2560,"height":2560},{"@type":"BreadcrumbList","@id":"https:\/\/gourmetto.lu\/fr\/produit\/mielearancia\/#breadcrumb","itemListElement":[{"@type":"ListItem","position":1,"name":"Home","item":"https:\/\/gourmetto.lu\/fr\/"},{"@type":"ListItem","position":2,"name":"Boutique","item":"https:\/\/gourmetto.lu\/shop\/"},{"@type":"ListItem","position":3,"name":"Miel de fleurs d&#8217;oranger"}]},{"@type":"WebSite","@id":"https:\/\/gourmetto.lu\/fr\/#website","url":"https:\/\/gourmetto.lu\/fr\/","name":"Gourmetto","description":"","potentialAction":[{"@type":"SearchAction","target":{"@type":"EntryPoint","urlTemplate":"https:\/\/gourmetto.lu\/fr\/?s={search_term_string}"},"query-input":{"@type":"PropertyValueSpecification","valueRequired":true,"valueName":"search_term_string"}}],"inLanguage":"fr-FR"}]}},"jetpack_sharing_enabled":true,"_links":{"self":[{"href":"https:\/\/gourmetto.lu\/fr\/wp-json\/wp\/v2\/product\/5053","targetHints":{"allow":["GET"]}}],"collection":[{"href":"https:\/\/gourmetto.lu\/fr\/wp-json\/wp\/v2\/product"}],"about":[{"href":"https:\/\/gourmetto.lu\/fr\/wp-json\/wp\/v2\/types\/product"}],"wp:featuredmedia":[{"embeddable":true,"href":"https:\/\/gourmetto.lu\/fr\/wp-json\/wp\/v2\/media\/5013"}],"wp:attachment":[{"href":"https:\/\/gourmetto.lu\/fr\/wp-json\/wp\/v2\/media?parent=5053"}],"wp:term":[{"taxonomy":"product_brand","embeddable":true,"href":"https:\/\/gourmetto.lu\/fr\/wp-json\/wp\/v2\/product_brand?post=5053"},{"taxonomy":"product_cat","embeddable":true,"href":"https:\/\/gourmetto.lu\/fr\/wp-json\/wp\/v2\/product_cat?post=5053"},{"taxonomy":"product_tag","embeddable":true,"href":"https:\/\/gourmetto.lu\/fr\/wp-json\/wp\/v2\/product_tag?post=5053"}],"curies":[{"name":"wp","href":"https:\/\/api.w.org\/{rel}","templated":true}]}}