{"id":5059,"date":"2025-03-12T16:17:21","date_gmt":"2025-03-12T15:17:21","guid":{"rendered":"https:\/\/gourmetto.lu\/?post_type=product&#038;p=5059"},"modified":"2026-03-14T17:43:37","modified_gmt":"2026-03-14T16:43:37","slug":"pomodorinisecchi","status":"publish","type":"product","link":"https:\/\/gourmetto.lu\/fr\/produit\/pomodorinisecchi\/","title":{"rendered":"Tomates s\u00e9ch\u00e9es \u00e0 l&rsquo;huile d&rsquo;olive, recette de la Nonna"},"content":{"rendered":"<p>Le savoir-faire sicilien transmis de g\u00e9n\u00e9ration en g\u00e9n\u00e9ration, et les saveurs de cette terre extraordinaire, baign\u00e9e par huit mois de soleil par an et l&rsquo;air de la mer M\u00e9diterran\u00e9e. Ajoutez \u00e0 cela les recettes secr\u00e8tes des grand-m\u00e8res italiennes, pour donner \u00e0 ces tomates classiques un go\u00fbt unique et inoubliable.<\/p>\n<p>&nbsp;<\/p>\n","protected":false},"excerpt":{"rendered":"<p>Le savoir-faire sicilien transmis de g\u00e9n\u00e9ration en g\u00e9n\u00e9ration, et les saveurs de cette terre extraordinaire, baign\u00e9e par huit mois de soleil par an et l&rsquo;air de la mer M\u00e9diterran\u00e9e. Ajoutez \u00e0 cela les recettes secr\u00e8tes des grand-m\u00e8res italiennes, pour donner \u00e0 ces tomates classiques un go\u00fbt unique et inoubliable. &nbsp;<\/p>\n","protected":false},"featured_media":6073,"template":"","meta":{"_acf_changed":false},"product_brand":[],"product_cat":[115,94,118],"product_tag":[],"class_list":{"0":"post-5059","1":"product","2":"type-product","3":"status-publish","4":"has-post-thumbnail","6":"product_cat-sauces-fr","7":"product_cat-nouveaute-fr","8":"product_cat-vegetarien-fr","10":"first","11":"instock","12":"taxable","13":"shipping-taxable","14":"purchasable","15":"product-type-simple"},"bundled_by":[],"bundle_stock_status":"instock","bundle_stock_quantity":9,"bundle_virtual":false,"bundle_layout":"","bundle_add_to_cart_form_location":"","bundle_editable_in_cart":false,"bundle_sold_individually_context":"","bundle_item_grouping":"","bundle_min_size":"","bundle_max_size":"","bundled_items":[],"bundle_sell_ids":[],"acf":[],"yoast_head":"<!-- This site is optimized with the Yoast SEO plugin v25.4 - https:\/\/yoast.com\/wordpress\/plugins\/seo\/ -->\n<title>Tomates s\u00e9ch\u00e9es \u00e0 l&#039;huile d&#039;olive, recette de la Nonna - Gourmetto<\/title>\n<meta name=\"robots\" content=\"index, follow, max-snippet:-1, max-image-preview:large, max-video-preview:-1\" \/>\n<link rel=\"canonical\" href=\"https:\/\/gourmetto.lu\/fr\/produit\/pomodorinisecchi\/\" \/>\n<meta property=\"og:locale\" content=\"fr_FR\" \/>\n<meta property=\"og:type\" content=\"article\" \/>\n<meta property=\"og:title\" content=\"Tomates s\u00e9ch\u00e9es \u00e0 l&#039;huile d&#039;olive, recette de la Nonna - Gourmetto\" \/>\n<meta property=\"og:description\" content=\"Le savoir-faire sicilien transmis de g\u00e9n\u00e9ration en g\u00e9n\u00e9ration, et les saveurs de cette terre extraordinaire, baign\u00e9e par huit mois de soleil par an et l&rsquo;air de la mer M\u00e9diterran\u00e9e. Ajoutez \u00e0 cela les recettes secr\u00e8tes des grand-m\u00e8res italiennes, pour donner \u00e0 ces tomates classiques un go\u00fbt unique et inoubliable. &nbsp;\" \/>\n<meta property=\"og:url\" content=\"https:\/\/gourmetto.lu\/fr\/produit\/pomodorinisecchi\/\" \/>\n<meta property=\"og:site_name\" content=\"Gourmetto\" \/>\n<meta property=\"article:modified_time\" content=\"2026-03-14T16:43:37+00:00\" \/>\n<meta property=\"og:image\" content=\"https:\/\/gourmetto.lu\/wp-content\/uploads\/2025\/03\/foto.jpg\" \/>\n\t<meta property=\"og:image:width\" content=\"741\" \/>\n\t<meta property=\"og:image:height\" content=\"741\" \/>\n\t<meta property=\"og:image:type\" content=\"image\/jpeg\" \/>\n<meta name=\"twitter:card\" content=\"summary_large_image\" \/>\n<meta name=\"twitter:label1\" content=\"Dur\u00e9e de lecture estim\u00e9e\" \/>\n\t<meta name=\"twitter:data1\" content=\"1 minute\" \/>\n<script type=\"application\/ld+json\" class=\"yoast-schema-graph\">{\"@context\":\"https:\/\/schema.org\",\"@graph\":[{\"@type\":\"WebPage\",\"@id\":\"https:\/\/gourmetto.lu\/fr\/produit\/pomodorinisecchi\/\",\"url\":\"https:\/\/gourmetto.lu\/fr\/produit\/pomodorinisecchi\/\",\"name\":\"Tomates s\u00e9ch\u00e9es \u00e0 l'huile d'olive, recette de la Nonna - Gourmetto\",\"isPartOf\":{\"@id\":\"https:\/\/gourmetto.lu\/fr\/#website\"},\"primaryImageOfPage\":{\"@id\":\"https:\/\/gourmetto.lu\/fr\/produit\/pomodorinisecchi\/#primaryimage\"},\"image\":{\"@id\":\"https:\/\/gourmetto.lu\/fr\/produit\/pomodorinisecchi\/#primaryimage\"},\"thumbnailUrl\":\"https:\/\/gourmetto.lu\/wp-content\/uploads\/2025\/03\/foto.jpg\",\"datePublished\":\"2025-03-12T15:17:21+00:00\",\"dateModified\":\"2026-03-14T16:43:37+00:00\",\"breadcrumb\":{\"@id\":\"https:\/\/gourmetto.lu\/fr\/produit\/pomodorinisecchi\/#breadcrumb\"},\"inLanguage\":\"fr-FR\",\"potentialAction\":[{\"@type\":\"ReadAction\",\"target\":[\"https:\/\/gourmetto.lu\/fr\/produit\/pomodorinisecchi\/\"]}]},{\"@type\":\"ImageObject\",\"inLanguage\":\"fr-FR\",\"@id\":\"https:\/\/gourmetto.lu\/fr\/produit\/pomodorinisecchi\/#primaryimage\",\"url\":\"https:\/\/gourmetto.lu\/wp-content\/uploads\/2025\/03\/foto.jpg\",\"contentUrl\":\"https:\/\/gourmetto.lu\/wp-content\/uploads\/2025\/03\/foto.jpg\",\"width\":741,\"height\":741},{\"@type\":\"BreadcrumbList\",\"@id\":\"https:\/\/gourmetto.lu\/fr\/produit\/pomodorinisecchi\/#breadcrumb\",\"itemListElement\":[{\"@type\":\"ListItem\",\"position\":1,\"name\":\"Home\",\"item\":\"https:\/\/gourmetto.lu\/fr\/\"},{\"@type\":\"ListItem\",\"position\":2,\"name\":\"Boutique\",\"item\":\"https:\/\/gourmetto.lu\/shop\/\"},{\"@type\":\"ListItem\",\"position\":3,\"name\":\"Tomates s\u00e9ch\u00e9es \u00e0 l&#8217;huile d&#8217;olive, recette de la Nonna\"}]},{\"@type\":\"WebSite\",\"@id\":\"https:\/\/gourmetto.lu\/fr\/#website\",\"url\":\"https:\/\/gourmetto.lu\/fr\/\",\"name\":\"Gourmetto\",\"description\":\"\",\"potentialAction\":[{\"@type\":\"SearchAction\",\"target\":{\"@type\":\"EntryPoint\",\"urlTemplate\":\"https:\/\/gourmetto.lu\/fr\/?s={search_term_string}\"},\"query-input\":{\"@type\":\"PropertyValueSpecification\",\"valueRequired\":true,\"valueName\":\"search_term_string\"}}],\"inLanguage\":\"fr-FR\"}]}<\/script>\n<!-- \/ Yoast SEO plugin. -->","yoast_head_json":{"title":"Tomates s\u00e9ch\u00e9es \u00e0 l'huile d'olive, recette de la Nonna - Gourmetto","robots":{"index":"index","follow":"follow","max-snippet":"max-snippet:-1","max-image-preview":"max-image-preview:large","max-video-preview":"max-video-preview:-1"},"canonical":"https:\/\/gourmetto.lu\/fr\/produit\/pomodorinisecchi\/","og_locale":"fr_FR","og_type":"article","og_title":"Tomates s\u00e9ch\u00e9es \u00e0 l'huile d'olive, recette de la Nonna - Gourmetto","og_description":"Le savoir-faire sicilien transmis de g\u00e9n\u00e9ration en g\u00e9n\u00e9ration, et les saveurs de cette terre extraordinaire, baign\u00e9e par huit mois de soleil par an et l&rsquo;air de la mer M\u00e9diterran\u00e9e. Ajoutez \u00e0 cela les recettes secr\u00e8tes des grand-m\u00e8res italiennes, pour donner \u00e0 ces tomates classiques un go\u00fbt unique et inoubliable. &nbsp;","og_url":"https:\/\/gourmetto.lu\/fr\/produit\/pomodorinisecchi\/","og_site_name":"Gourmetto","article_modified_time":"2026-03-14T16:43:37+00:00","og_image":[{"width":741,"height":741,"url":"https:\/\/gourmetto.lu\/wp-content\/uploads\/2025\/03\/foto.jpg","type":"image\/jpeg"}],"twitter_card":"summary_large_image","twitter_misc":{"Dur\u00e9e de lecture estim\u00e9e":"1 minute"},"schema":{"@context":"https:\/\/schema.org","@graph":[{"@type":"WebPage","@id":"https:\/\/gourmetto.lu\/fr\/produit\/pomodorinisecchi\/","url":"https:\/\/gourmetto.lu\/fr\/produit\/pomodorinisecchi\/","name":"Tomates s\u00e9ch\u00e9es \u00e0 l'huile d'olive, recette de la Nonna - Gourmetto","isPartOf":{"@id":"https:\/\/gourmetto.lu\/fr\/#website"},"primaryImageOfPage":{"@id":"https:\/\/gourmetto.lu\/fr\/produit\/pomodorinisecchi\/#primaryimage"},"image":{"@id":"https:\/\/gourmetto.lu\/fr\/produit\/pomodorinisecchi\/#primaryimage"},"thumbnailUrl":"https:\/\/gourmetto.lu\/wp-content\/uploads\/2025\/03\/foto.jpg","datePublished":"2025-03-12T15:17:21+00:00","dateModified":"2026-03-14T16:43:37+00:00","breadcrumb":{"@id":"https:\/\/gourmetto.lu\/fr\/produit\/pomodorinisecchi\/#breadcrumb"},"inLanguage":"fr-FR","potentialAction":[{"@type":"ReadAction","target":["https:\/\/gourmetto.lu\/fr\/produit\/pomodorinisecchi\/"]}]},{"@type":"ImageObject","inLanguage":"fr-FR","@id":"https:\/\/gourmetto.lu\/fr\/produit\/pomodorinisecchi\/#primaryimage","url":"https:\/\/gourmetto.lu\/wp-content\/uploads\/2025\/03\/foto.jpg","contentUrl":"https:\/\/gourmetto.lu\/wp-content\/uploads\/2025\/03\/foto.jpg","width":741,"height":741},{"@type":"BreadcrumbList","@id":"https:\/\/gourmetto.lu\/fr\/produit\/pomodorinisecchi\/#breadcrumb","itemListElement":[{"@type":"ListItem","position":1,"name":"Home","item":"https:\/\/gourmetto.lu\/fr\/"},{"@type":"ListItem","position":2,"name":"Boutique","item":"https:\/\/gourmetto.lu\/shop\/"},{"@type":"ListItem","position":3,"name":"Tomates s\u00e9ch\u00e9es \u00e0 l&#8217;huile d&#8217;olive, recette de la Nonna"}]},{"@type":"WebSite","@id":"https:\/\/gourmetto.lu\/fr\/#website","url":"https:\/\/gourmetto.lu\/fr\/","name":"Gourmetto","description":"","potentialAction":[{"@type":"SearchAction","target":{"@type":"EntryPoint","urlTemplate":"https:\/\/gourmetto.lu\/fr\/?s={search_term_string}"},"query-input":{"@type":"PropertyValueSpecification","valueRequired":true,"valueName":"search_term_string"}}],"inLanguage":"fr-FR"}]}},"jetpack_sharing_enabled":true,"_links":{"self":[{"href":"https:\/\/gourmetto.lu\/fr\/wp-json\/wp\/v2\/product\/5059","targetHints":{"allow":["GET"]}}],"collection":[{"href":"https:\/\/gourmetto.lu\/fr\/wp-json\/wp\/v2\/product"}],"about":[{"href":"https:\/\/gourmetto.lu\/fr\/wp-json\/wp\/v2\/types\/product"}],"wp:featuredmedia":[{"embeddable":true,"href":"https:\/\/gourmetto.lu\/fr\/wp-json\/wp\/v2\/media\/6073"}],"wp:attachment":[{"href":"https:\/\/gourmetto.lu\/fr\/wp-json\/wp\/v2\/media?parent=5059"}],"wp:term":[{"taxonomy":"product_brand","embeddable":true,"href":"https:\/\/gourmetto.lu\/fr\/wp-json\/wp\/v2\/product_brand?post=5059"},{"taxonomy":"product_cat","embeddable":true,"href":"https:\/\/gourmetto.lu\/fr\/wp-json\/wp\/v2\/product_cat?post=5059"},{"taxonomy":"product_tag","embeddable":true,"href":"https:\/\/gourmetto.lu\/fr\/wp-json\/wp\/v2\/product_tag?post=5059"}],"curies":[{"name":"wp","href":"https:\/\/api.w.org\/{rel}","templated":true}]}}