{"id":5211,"date":"2025-05-01T20:02:37","date_gmt":"2025-05-01T18:02:37","guid":{"rendered":"https:\/\/gourmetto.lu\/product\/startmacinato\/"},"modified":"2025-05-29T18:28:53","modified_gmt":"2025-05-29T16:28:53","slug":"startmacinato","status":"publish","type":"product","link":"https:\/\/gourmetto.lu\/fr\/produit\/startmacinato\/","title":{"rendered":"BIO* Caf\u00e9 moulu m\u00e9lange 100% Arabica"},"content":{"rendered":"<p>Des artisans du Caff\u00e9 Fantino \u00e0 Piedemont, le go\u00fbt riche et cors\u00e9 de l&rsquo;authentique caf\u00e9 italien, m\u00e9lang\u00e9 et torr\u00e9fi\u00e9 par des mains expertes en petites quantit\u00e9s. Fabriqu\u00e9 avec passion et pr\u00e9cision, ce caf\u00e9 est moulu \u00e0 la finesse parfaite pour les cafeti\u00e8res moka, pour une infusion douce et aromatique qui capture la v\u00e9ritable essence de la culture du caff\u00e9 italien.<\/p>\n<p>&nbsp;<\/p>\n<p>Chaque paquet est conditionn\u00e9 dans une bo\u00eete herm\u00e9tiquement ferm\u00e9e pour pr\u00e9server sa fra\u00eecheur et son go\u00fbt prononc\u00e9, avec une \u00e9l\u00e9gante impression d&rsquo;inspiration vintage, ce qui en fait un bel ajout \u00e0 toute cuisine ou un joli cadeau pour tous les amateurs de caf\u00e9.<\/p>\n<p>&nbsp;<\/p>\n<p>*BIO certif\u00e9 par Certisys: LU-BIO-06<\/p>\n","protected":false},"excerpt":{"rendered":"<p>Des artisans du Caff\u00e9 Fantino \u00e0 Piedemont, le go\u00fbt riche et cors\u00e9 de l&rsquo;authentique caf\u00e9 italien, m\u00e9lang\u00e9 et torr\u00e9fi\u00e9 par des mains expertes en petites quantit\u00e9s. Fabriqu\u00e9 avec passion et pr\u00e9cision, ce caf\u00e9 est moulu \u00e0 la finesse parfaite pour les cafeti\u00e8res moka, pour une infusion douce et aromatique qui capture la v\u00e9ritable essence de [&hellip;]<\/p>\n","protected":false},"featured_media":5193,"template":"","meta":{"_acf_changed":false},"product_brand":[],"product_cat":[119,116,153],"product_tag":[],"class_list":{"0":"post-5211","1":"product","2":"type-product","3":"status-publish","4":"has-post-thumbnail","6":"product_cat-biologique-fr","7":"product_cat-cafe-fr","8":"product_cat-zerogaspillage","9":"pa_producers-caffe-fantino-fr","11":"first","12":"instock","13":"sale","14":"taxable","15":"shipping-taxable","16":"purchasable","17":"product-type-simple"},"bundled_by":[],"bundle_stock_status":"instock","bundle_stock_quantity":12,"bundle_virtual":false,"bundle_layout":"","bundle_add_to_cart_form_location":"","bundle_editable_in_cart":false,"bundle_sold_individually_context":"","bundle_item_grouping":"","bundle_min_size":"","bundle_max_size":"","bundled_items":[],"bundle_sell_ids":[],"acf":[],"yoast_head":"<!-- This site is optimized with the Yoast SEO plugin v25.4 - https:\/\/yoast.com\/wordpress\/plugins\/seo\/ -->\n<title>BIO* Caf\u00e9 moulu m\u00e9lange 100% Arabica - Gourmetto<\/title>\n<meta name=\"robots\" content=\"index, follow, max-snippet:-1, max-image-preview:large, max-video-preview:-1\" \/>\n<link rel=\"canonical\" href=\"https:\/\/gourmetto.lu\/fr\/produit\/startmacinato\/\" \/>\n<meta property=\"og:locale\" content=\"fr_FR\" \/>\n<meta property=\"og:type\" content=\"article\" \/>\n<meta property=\"og:title\" content=\"BIO* Caf\u00e9 moulu m\u00e9lange 100% Arabica - Gourmetto\" \/>\n<meta property=\"og:description\" content=\"Des artisans du Caff\u00e9 Fantino \u00e0 Piedemont, le go\u00fbt riche et cors\u00e9 de l&rsquo;authentique caf\u00e9 italien, m\u00e9lang\u00e9 et torr\u00e9fi\u00e9 par des mains expertes en petites quantit\u00e9s. Fabriqu\u00e9 avec passion et pr\u00e9cision, ce caf\u00e9 est moulu \u00e0 la finesse parfaite pour les cafeti\u00e8res moka, pour une infusion douce et aromatique qui capture la v\u00e9ritable essence de [&hellip;]\" \/>\n<meta property=\"og:url\" content=\"https:\/\/gourmetto.lu\/fr\/produit\/startmacinato\/\" \/>\n<meta property=\"og:site_name\" content=\"Gourmetto\" \/>\n<meta property=\"article:modified_time\" content=\"2025-05-29T16:28:53+00:00\" \/>\n<meta property=\"og:image\" content=\"https:\/\/gourmetto.lu\/wp-content\/uploads\/2025\/05\/IMG20250501182752-scaled.jpg\" \/>\n\t<meta property=\"og:image:width\" content=\"2560\" \/>\n\t<meta property=\"og:image:height\" content=\"2560\" \/>\n\t<meta property=\"og:image:type\" content=\"image\/jpeg\" \/>\n<meta name=\"twitter:card\" content=\"summary_large_image\" \/>\n<meta name=\"twitter:label1\" content=\"Dur\u00e9e de lecture estim\u00e9e\" \/>\n\t<meta name=\"twitter:data1\" content=\"1 minute\" \/>\n<script type=\"application\/ld+json\" class=\"yoast-schema-graph\">{\"@context\":\"https:\/\/schema.org\",\"@graph\":[{\"@type\":\"WebPage\",\"@id\":\"https:\/\/gourmetto.lu\/fr\/produit\/startmacinato\/\",\"url\":\"https:\/\/gourmetto.lu\/fr\/produit\/startmacinato\/\",\"name\":\"BIO* Caf\u00e9 moulu m\u00e9lange 100% Arabica - Gourmetto\",\"isPartOf\":{\"@id\":\"https:\/\/gourmetto.lu\/fr\/#website\"},\"primaryImageOfPage\":{\"@id\":\"https:\/\/gourmetto.lu\/fr\/produit\/startmacinato\/#primaryimage\"},\"image\":{\"@id\":\"https:\/\/gourmetto.lu\/fr\/produit\/startmacinato\/#primaryimage\"},\"thumbnailUrl\":\"https:\/\/gourmetto.lu\/wp-content\/uploads\/2025\/05\/IMG20250501182752-scaled.jpg\",\"datePublished\":\"2025-05-01T18:02:37+00:00\",\"dateModified\":\"2025-05-29T16:28:53+00:00\",\"breadcrumb\":{\"@id\":\"https:\/\/gourmetto.lu\/fr\/produit\/startmacinato\/#breadcrumb\"},\"inLanguage\":\"fr-FR\",\"potentialAction\":[{\"@type\":\"ReadAction\",\"target\":[\"https:\/\/gourmetto.lu\/fr\/produit\/startmacinato\/\"]}]},{\"@type\":\"ImageObject\",\"inLanguage\":\"fr-FR\",\"@id\":\"https:\/\/gourmetto.lu\/fr\/produit\/startmacinato\/#primaryimage\",\"url\":\"https:\/\/gourmetto.lu\/wp-content\/uploads\/2025\/05\/IMG20250501182752-scaled.jpg\",\"contentUrl\":\"https:\/\/gourmetto.lu\/wp-content\/uploads\/2025\/05\/IMG20250501182752-scaled.jpg\",\"width\":2560,\"height\":2560},{\"@type\":\"BreadcrumbList\",\"@id\":\"https:\/\/gourmetto.lu\/fr\/produit\/startmacinato\/#breadcrumb\",\"itemListElement\":[{\"@type\":\"ListItem\",\"position\":1,\"name\":\"Home\",\"item\":\"https:\/\/gourmetto.lu\/fr\/\"},{\"@type\":\"ListItem\",\"position\":2,\"name\":\"Boutique\",\"item\":\"https:\/\/gourmetto.lu\/shop\/\"},{\"@type\":\"ListItem\",\"position\":3,\"name\":\"BIO* Caf\u00e9 moulu m\u00e9lange 100% Arabica\"}]},{\"@type\":\"WebSite\",\"@id\":\"https:\/\/gourmetto.lu\/fr\/#website\",\"url\":\"https:\/\/gourmetto.lu\/fr\/\",\"name\":\"Gourmetto\",\"description\":\"\",\"potentialAction\":[{\"@type\":\"SearchAction\",\"target\":{\"@type\":\"EntryPoint\",\"urlTemplate\":\"https:\/\/gourmetto.lu\/fr\/?s={search_term_string}\"},\"query-input\":{\"@type\":\"PropertyValueSpecification\",\"valueRequired\":true,\"valueName\":\"search_term_string\"}}],\"inLanguage\":\"fr-FR\"}]}<\/script>\n<!-- \/ Yoast SEO plugin. -->","yoast_head_json":{"title":"BIO* Caf\u00e9 moulu m\u00e9lange 100% Arabica - Gourmetto","robots":{"index":"index","follow":"follow","max-snippet":"max-snippet:-1","max-image-preview":"max-image-preview:large","max-video-preview":"max-video-preview:-1"},"canonical":"https:\/\/gourmetto.lu\/fr\/produit\/startmacinato\/","og_locale":"fr_FR","og_type":"article","og_title":"BIO* Caf\u00e9 moulu m\u00e9lange 100% Arabica - Gourmetto","og_description":"Des artisans du Caff\u00e9 Fantino \u00e0 Piedemont, le go\u00fbt riche et cors\u00e9 de l&rsquo;authentique caf\u00e9 italien, m\u00e9lang\u00e9 et torr\u00e9fi\u00e9 par des mains expertes en petites quantit\u00e9s. Fabriqu\u00e9 avec passion et pr\u00e9cision, ce caf\u00e9 est moulu \u00e0 la finesse parfaite pour les cafeti\u00e8res moka, pour une infusion douce et aromatique qui capture la v\u00e9ritable essence de [&hellip;]","og_url":"https:\/\/gourmetto.lu\/fr\/produit\/startmacinato\/","og_site_name":"Gourmetto","article_modified_time":"2025-05-29T16:28:53+00:00","og_image":[{"width":2560,"height":2560,"url":"https:\/\/gourmetto.lu\/wp-content\/uploads\/2025\/05\/IMG20250501182752-scaled.jpg","type":"image\/jpeg"}],"twitter_card":"summary_large_image","twitter_misc":{"Dur\u00e9e de lecture estim\u00e9e":"1 minute"},"schema":{"@context":"https:\/\/schema.org","@graph":[{"@type":"WebPage","@id":"https:\/\/gourmetto.lu\/fr\/produit\/startmacinato\/","url":"https:\/\/gourmetto.lu\/fr\/produit\/startmacinato\/","name":"BIO* Caf\u00e9 moulu m\u00e9lange 100% Arabica - Gourmetto","isPartOf":{"@id":"https:\/\/gourmetto.lu\/fr\/#website"},"primaryImageOfPage":{"@id":"https:\/\/gourmetto.lu\/fr\/produit\/startmacinato\/#primaryimage"},"image":{"@id":"https:\/\/gourmetto.lu\/fr\/produit\/startmacinato\/#primaryimage"},"thumbnailUrl":"https:\/\/gourmetto.lu\/wp-content\/uploads\/2025\/05\/IMG20250501182752-scaled.jpg","datePublished":"2025-05-01T18:02:37+00:00","dateModified":"2025-05-29T16:28:53+00:00","breadcrumb":{"@id":"https:\/\/gourmetto.lu\/fr\/produit\/startmacinato\/#breadcrumb"},"inLanguage":"fr-FR","potentialAction":[{"@type":"ReadAction","target":["https:\/\/gourmetto.lu\/fr\/produit\/startmacinato\/"]}]},{"@type":"ImageObject","inLanguage":"fr-FR","@id":"https:\/\/gourmetto.lu\/fr\/produit\/startmacinato\/#primaryimage","url":"https:\/\/gourmetto.lu\/wp-content\/uploads\/2025\/05\/IMG20250501182752-scaled.jpg","contentUrl":"https:\/\/gourmetto.lu\/wp-content\/uploads\/2025\/05\/IMG20250501182752-scaled.jpg","width":2560,"height":2560},{"@type":"BreadcrumbList","@id":"https:\/\/gourmetto.lu\/fr\/produit\/startmacinato\/#breadcrumb","itemListElement":[{"@type":"ListItem","position":1,"name":"Home","item":"https:\/\/gourmetto.lu\/fr\/"},{"@type":"ListItem","position":2,"name":"Boutique","item":"https:\/\/gourmetto.lu\/shop\/"},{"@type":"ListItem","position":3,"name":"BIO* Caf\u00e9 moulu m\u00e9lange 100% Arabica"}]},{"@type":"WebSite","@id":"https:\/\/gourmetto.lu\/fr\/#website","url":"https:\/\/gourmetto.lu\/fr\/","name":"Gourmetto","description":"","potentialAction":[{"@type":"SearchAction","target":{"@type":"EntryPoint","urlTemplate":"https:\/\/gourmetto.lu\/fr\/?s={search_term_string}"},"query-input":{"@type":"PropertyValueSpecification","valueRequired":true,"valueName":"search_term_string"}}],"inLanguage":"fr-FR"}]}},"jetpack_sharing_enabled":true,"_links":{"self":[{"href":"https:\/\/gourmetto.lu\/fr\/wp-json\/wp\/v2\/product\/5211","targetHints":{"allow":["GET"]}}],"collection":[{"href":"https:\/\/gourmetto.lu\/fr\/wp-json\/wp\/v2\/product"}],"about":[{"href":"https:\/\/gourmetto.lu\/fr\/wp-json\/wp\/v2\/types\/product"}],"wp:featuredmedia":[{"embeddable":true,"href":"https:\/\/gourmetto.lu\/fr\/wp-json\/wp\/v2\/media\/5193"}],"wp:attachment":[{"href":"https:\/\/gourmetto.lu\/fr\/wp-json\/wp\/v2\/media?parent=5211"}],"wp:term":[{"taxonomy":"product_brand","embeddable":true,"href":"https:\/\/gourmetto.lu\/fr\/wp-json\/wp\/v2\/product_brand?post=5211"},{"taxonomy":"product_cat","embeddable":true,"href":"https:\/\/gourmetto.lu\/fr\/wp-json\/wp\/v2\/product_cat?post=5211"},{"taxonomy":"product_tag","embeddable":true,"href":"https:\/\/gourmetto.lu\/fr\/wp-json\/wp\/v2\/product_tag?post=5211"}],"curies":[{"name":"wp","href":"https:\/\/api.w.org\/{rel}","templated":true}]}}