{"id":5215,"date":"2025-05-01T20:09:14","date_gmt":"2025-05-01T18:09:14","guid":{"rendered":"https:\/\/gourmetto.lu\/?post_type=product&#038;p=5215"},"modified":"2025-05-29T18:28:36","modified_gmt":"2025-05-29T16:28:36","slug":"macinatomessico","status":"publish","type":"product","link":"https:\/\/gourmetto.lu\/fr\/produit\/macinatomessico\/","title":{"rendered":"BIO* Caf\u00e9 moulu mono-origine Mexico"},"content":{"rendered":"<p>Des artisans de Caff\u00e9 Fantino \u00e0 Piedemont aux hauts plateaux du Mexique, c&rsquo;est un go\u00fbt du monde dans chaque tasse. S\u00e9lectionn\u00e9 de mani\u00e8re experte parmi les meilleurs caf\u00e9s mexicains biologiques et torr\u00e9fi\u00e9 avec soin, ce caf\u00e9 offre un profil net et \u00e9quilibr\u00e9 avec des notes subtiles de chocolat, d&rsquo;agrumes et d&rsquo;\u00e9pices.<\/p>\n<p>Moulu pour la pr\u00e9paration d&rsquo;un caf\u00e9 moka, pour obtenir une tasse riche et aromatique de type espresso. Le caf\u00e9 est scell\u00e9 sous vide imm\u00e9diatement apr\u00e8s la torr\u00e9faction pour conserver sa fra\u00eecheur naturelle et pr\u00e9server ses saveurs complexes.<\/p>\n<p>&nbsp;<\/p>\n<p>*BIO certif\u00e9 par Certisys: LU-BIO-06<\/p>\n","protected":false},"excerpt":{"rendered":"<p>Des artisans de Caff\u00e9 Fantino \u00e0 Piedemont aux hauts plateaux du Mexique, c&rsquo;est un go\u00fbt du monde dans chaque tasse. S\u00e9lectionn\u00e9 de mani\u00e8re experte parmi les meilleurs caf\u00e9s mexicains biologiques et torr\u00e9fi\u00e9 avec soin, ce caf\u00e9 offre un profil net et \u00e9quilibr\u00e9 avec des notes subtiles de chocolat, d&rsquo;agrumes et d&rsquo;\u00e9pices. Moulu pour la pr\u00e9paration [&hellip;]<\/p>\n","protected":false},"featured_media":5196,"template":"","meta":{"_acf_changed":false},"product_brand":[],"product_cat":[119,116,153],"product_tag":[],"class_list":{"0":"post-5215","1":"product","2":"type-product","3":"status-publish","4":"has-post-thumbnail","6":"product_cat-biologique-fr","7":"product_cat-cafe-fr","8":"product_cat-zerogaspillage","9":"pa_producers-caffe-fantino-fr","11":"first","12":"instock","13":"sale","14":"taxable","15":"shipping-taxable","16":"purchasable","17":"product-type-simple"},"bundled_by":[],"bundle_stock_status":"instock","bundle_stock_quantity":8,"bundle_virtual":false,"bundle_layout":"","bundle_add_to_cart_form_location":"","bundle_editable_in_cart":false,"bundle_sold_individually_context":"","bundle_item_grouping":"","bundle_min_size":"","bundle_max_size":"","bundled_items":[],"bundle_sell_ids":[],"acf":[],"yoast_head":"<!-- This site is optimized with the Yoast SEO plugin v25.4 - https:\/\/yoast.com\/wordpress\/plugins\/seo\/ -->\n<title>BIO* Caf\u00e9 moulu mono-origine Mexico - Gourmetto<\/title>\n<meta name=\"robots\" content=\"index, follow, max-snippet:-1, max-image-preview:large, max-video-preview:-1\" \/>\n<link rel=\"canonical\" href=\"https:\/\/gourmetto.lu\/fr\/produit\/macinatomessico\/\" \/>\n<meta property=\"og:locale\" content=\"fr_FR\" \/>\n<meta property=\"og:type\" content=\"article\" \/>\n<meta property=\"og:title\" content=\"BIO* Caf\u00e9 moulu mono-origine Mexico - Gourmetto\" \/>\n<meta property=\"og:description\" content=\"Des artisans de Caff\u00e9 Fantino \u00e0 Piedemont aux hauts plateaux du Mexique, c&rsquo;est un go\u00fbt du monde dans chaque tasse. S\u00e9lectionn\u00e9 de mani\u00e8re experte parmi les meilleurs caf\u00e9s mexicains biologiques et torr\u00e9fi\u00e9 avec soin, ce caf\u00e9 offre un profil net et \u00e9quilibr\u00e9 avec des notes subtiles de chocolat, d&rsquo;agrumes et d&rsquo;\u00e9pices. Moulu pour la pr\u00e9paration [&hellip;]\" \/>\n<meta property=\"og:url\" content=\"https:\/\/gourmetto.lu\/fr\/produit\/macinatomessico\/\" \/>\n<meta property=\"og:site_name\" content=\"Gourmetto\" \/>\n<meta property=\"article:modified_time\" content=\"2025-05-29T16:28:36+00:00\" \/>\n<meta property=\"og:image\" content=\"https:\/\/gourmetto.lu\/wp-content\/uploads\/2025\/05\/IMG20250501182743-scaled.jpg\" \/>\n\t<meta property=\"og:image:width\" content=\"2560\" \/>\n\t<meta property=\"og:image:height\" content=\"2560\" \/>\n\t<meta property=\"og:image:type\" content=\"image\/jpeg\" \/>\n<meta name=\"twitter:card\" content=\"summary_large_image\" \/>\n<meta name=\"twitter:label1\" content=\"Dur\u00e9e de lecture estim\u00e9e\" \/>\n\t<meta name=\"twitter:data1\" content=\"1 minute\" \/>\n<script type=\"application\/ld+json\" class=\"yoast-schema-graph\">{\"@context\":\"https:\/\/schema.org\",\"@graph\":[{\"@type\":\"WebPage\",\"@id\":\"https:\/\/gourmetto.lu\/fr\/produit\/macinatomessico\/\",\"url\":\"https:\/\/gourmetto.lu\/fr\/produit\/macinatomessico\/\",\"name\":\"BIO* Caf\u00e9 moulu mono-origine Mexico - Gourmetto\",\"isPartOf\":{\"@id\":\"https:\/\/gourmetto.lu\/fr\/#website\"},\"primaryImageOfPage\":{\"@id\":\"https:\/\/gourmetto.lu\/fr\/produit\/macinatomessico\/#primaryimage\"},\"image\":{\"@id\":\"https:\/\/gourmetto.lu\/fr\/produit\/macinatomessico\/#primaryimage\"},\"thumbnailUrl\":\"https:\/\/gourmetto.lu\/wp-content\/uploads\/2025\/05\/IMG20250501182743-scaled.jpg\",\"datePublished\":\"2025-05-01T18:09:14+00:00\",\"dateModified\":\"2025-05-29T16:28:36+00:00\",\"breadcrumb\":{\"@id\":\"https:\/\/gourmetto.lu\/fr\/produit\/macinatomessico\/#breadcrumb\"},\"inLanguage\":\"fr-FR\",\"potentialAction\":[{\"@type\":\"ReadAction\",\"target\":[\"https:\/\/gourmetto.lu\/fr\/produit\/macinatomessico\/\"]}]},{\"@type\":\"ImageObject\",\"inLanguage\":\"fr-FR\",\"@id\":\"https:\/\/gourmetto.lu\/fr\/produit\/macinatomessico\/#primaryimage\",\"url\":\"https:\/\/gourmetto.lu\/wp-content\/uploads\/2025\/05\/IMG20250501182743-scaled.jpg\",\"contentUrl\":\"https:\/\/gourmetto.lu\/wp-content\/uploads\/2025\/05\/IMG20250501182743-scaled.jpg\",\"width\":2560,\"height\":2560},{\"@type\":\"BreadcrumbList\",\"@id\":\"https:\/\/gourmetto.lu\/fr\/produit\/macinatomessico\/#breadcrumb\",\"itemListElement\":[{\"@type\":\"ListItem\",\"position\":1,\"name\":\"Home\",\"item\":\"https:\/\/gourmetto.lu\/fr\/\"},{\"@type\":\"ListItem\",\"position\":2,\"name\":\"Boutique\",\"item\":\"https:\/\/gourmetto.lu\/shop\/\"},{\"@type\":\"ListItem\",\"position\":3,\"name\":\"BIO* Caf\u00e9 moulu mono-origine Mexico\"}]},{\"@type\":\"WebSite\",\"@id\":\"https:\/\/gourmetto.lu\/fr\/#website\",\"url\":\"https:\/\/gourmetto.lu\/fr\/\",\"name\":\"Gourmetto\",\"description\":\"\",\"potentialAction\":[{\"@type\":\"SearchAction\",\"target\":{\"@type\":\"EntryPoint\",\"urlTemplate\":\"https:\/\/gourmetto.lu\/fr\/?s={search_term_string}\"},\"query-input\":{\"@type\":\"PropertyValueSpecification\",\"valueRequired\":true,\"valueName\":\"search_term_string\"}}],\"inLanguage\":\"fr-FR\"}]}<\/script>\n<!-- \/ Yoast SEO plugin. -->","yoast_head_json":{"title":"BIO* Caf\u00e9 moulu mono-origine Mexico - Gourmetto","robots":{"index":"index","follow":"follow","max-snippet":"max-snippet:-1","max-image-preview":"max-image-preview:large","max-video-preview":"max-video-preview:-1"},"canonical":"https:\/\/gourmetto.lu\/fr\/produit\/macinatomessico\/","og_locale":"fr_FR","og_type":"article","og_title":"BIO* Caf\u00e9 moulu mono-origine Mexico - Gourmetto","og_description":"Des artisans de Caff\u00e9 Fantino \u00e0 Piedemont aux hauts plateaux du Mexique, c&rsquo;est un go\u00fbt du monde dans chaque tasse. S\u00e9lectionn\u00e9 de mani\u00e8re experte parmi les meilleurs caf\u00e9s mexicains biologiques et torr\u00e9fi\u00e9 avec soin, ce caf\u00e9 offre un profil net et \u00e9quilibr\u00e9 avec des notes subtiles de chocolat, d&rsquo;agrumes et d&rsquo;\u00e9pices. Moulu pour la pr\u00e9paration [&hellip;]","og_url":"https:\/\/gourmetto.lu\/fr\/produit\/macinatomessico\/","og_site_name":"Gourmetto","article_modified_time":"2025-05-29T16:28:36+00:00","og_image":[{"width":2560,"height":2560,"url":"https:\/\/gourmetto.lu\/wp-content\/uploads\/2025\/05\/IMG20250501182743-scaled.jpg","type":"image\/jpeg"}],"twitter_card":"summary_large_image","twitter_misc":{"Dur\u00e9e de lecture estim\u00e9e":"1 minute"},"schema":{"@context":"https:\/\/schema.org","@graph":[{"@type":"WebPage","@id":"https:\/\/gourmetto.lu\/fr\/produit\/macinatomessico\/","url":"https:\/\/gourmetto.lu\/fr\/produit\/macinatomessico\/","name":"BIO* Caf\u00e9 moulu mono-origine Mexico - Gourmetto","isPartOf":{"@id":"https:\/\/gourmetto.lu\/fr\/#website"},"primaryImageOfPage":{"@id":"https:\/\/gourmetto.lu\/fr\/produit\/macinatomessico\/#primaryimage"},"image":{"@id":"https:\/\/gourmetto.lu\/fr\/produit\/macinatomessico\/#primaryimage"},"thumbnailUrl":"https:\/\/gourmetto.lu\/wp-content\/uploads\/2025\/05\/IMG20250501182743-scaled.jpg","datePublished":"2025-05-01T18:09:14+00:00","dateModified":"2025-05-29T16:28:36+00:00","breadcrumb":{"@id":"https:\/\/gourmetto.lu\/fr\/produit\/macinatomessico\/#breadcrumb"},"inLanguage":"fr-FR","potentialAction":[{"@type":"ReadAction","target":["https:\/\/gourmetto.lu\/fr\/produit\/macinatomessico\/"]}]},{"@type":"ImageObject","inLanguage":"fr-FR","@id":"https:\/\/gourmetto.lu\/fr\/produit\/macinatomessico\/#primaryimage","url":"https:\/\/gourmetto.lu\/wp-content\/uploads\/2025\/05\/IMG20250501182743-scaled.jpg","contentUrl":"https:\/\/gourmetto.lu\/wp-content\/uploads\/2025\/05\/IMG20250501182743-scaled.jpg","width":2560,"height":2560},{"@type":"BreadcrumbList","@id":"https:\/\/gourmetto.lu\/fr\/produit\/macinatomessico\/#breadcrumb","itemListElement":[{"@type":"ListItem","position":1,"name":"Home","item":"https:\/\/gourmetto.lu\/fr\/"},{"@type":"ListItem","position":2,"name":"Boutique","item":"https:\/\/gourmetto.lu\/shop\/"},{"@type":"ListItem","position":3,"name":"BIO* Caf\u00e9 moulu mono-origine Mexico"}]},{"@type":"WebSite","@id":"https:\/\/gourmetto.lu\/fr\/#website","url":"https:\/\/gourmetto.lu\/fr\/","name":"Gourmetto","description":"","potentialAction":[{"@type":"SearchAction","target":{"@type":"EntryPoint","urlTemplate":"https:\/\/gourmetto.lu\/fr\/?s={search_term_string}"},"query-input":{"@type":"PropertyValueSpecification","valueRequired":true,"valueName":"search_term_string"}}],"inLanguage":"fr-FR"}]}},"jetpack_sharing_enabled":true,"_links":{"self":[{"href":"https:\/\/gourmetto.lu\/fr\/wp-json\/wp\/v2\/product\/5215","targetHints":{"allow":["GET"]}}],"collection":[{"href":"https:\/\/gourmetto.lu\/fr\/wp-json\/wp\/v2\/product"}],"about":[{"href":"https:\/\/gourmetto.lu\/fr\/wp-json\/wp\/v2\/types\/product"}],"wp:featuredmedia":[{"embeddable":true,"href":"https:\/\/gourmetto.lu\/fr\/wp-json\/wp\/v2\/media\/5196"}],"wp:attachment":[{"href":"https:\/\/gourmetto.lu\/fr\/wp-json\/wp\/v2\/media?parent=5215"}],"wp:term":[{"taxonomy":"product_brand","embeddable":true,"href":"https:\/\/gourmetto.lu\/fr\/wp-json\/wp\/v2\/product_brand?post=5215"},{"taxonomy":"product_cat","embeddable":true,"href":"https:\/\/gourmetto.lu\/fr\/wp-json\/wp\/v2\/product_cat?post=5215"},{"taxonomy":"product_tag","embeddable":true,"href":"https:\/\/gourmetto.lu\/fr\/wp-json\/wp\/v2\/product_tag?post=5215"}],"curies":[{"name":"wp","href":"https:\/\/api.w.org\/{rel}","templated":true}]}}