{"id":5217,"date":"2025-05-01T20:23:00","date_gmt":"2025-05-01T18:23:00","guid":{"rendered":"https:\/\/gourmetto.lu\/?post_type=product&#038;p=5217"},"modified":"2025-11-28T16:30:30","modified_gmt":"2025-11-28T15:30:30","slug":"startcaps","status":"publish","type":"product","link":"https:\/\/gourmetto.lu\/fr\/produit\/startcaps\/","title":{"rendered":"BIO* Caf\u00e9 m\u00e9lange 100% Arabica, 20 caps compostables pour Nespresso\u00ae"},"content":{"rendered":"<p>Par les artisans de Caff\u00e9 Fantino \u00e0 Piedemont, la fa\u00e7on la plus simple de savourer les ar\u00f4mes immortels du caf\u00e9 artisanal italien. Un m\u00e9lange riche et cors\u00e9. Torr\u00e9fi\u00e9 en petites quantit\u00e9s, ce caf\u00e9 offre un espresso riche et aromatique avec des notes de cacao et de noix grill\u00e9es, le tout dans la commodit\u00e9 d&rsquo;une capsule.<\/p>\n<p>Chaque capsule est enti\u00e8rement compostable, offrant une alternative \u00e9cologique sans compromis sur la qualit\u00e9 ou le go\u00fbt. Con\u00e7ues pour les machines Nespresso\u00ae, ces capsules sont le choix id\u00e9al pour ceux qui veulent un caf\u00e9 de qualit\u00e9 sup\u00e9rieure avec un impact minimal sur l&rsquo;environnement.<\/p>\n<p>&nbsp;<\/p>\n<p>&nbsp;<\/p>\n<p>*BIO certif\u00e9 par Certisys: LU-BIO-06<\/p>\n","protected":false},"excerpt":{"rendered":"<p>Par les artisans de Caff\u00e9 Fantino \u00e0 Piedemont, la fa\u00e7on la plus simple de savourer les ar\u00f4mes immortels du caf\u00e9 artisanal italien. Un m\u00e9lange riche et cors\u00e9. Torr\u00e9fi\u00e9 en petites quantit\u00e9s, ce caf\u00e9 offre un espresso riche et aromatique avec des notes de cacao et de noix grill\u00e9es, le tout dans la commodit\u00e9 d&rsquo;une capsule. [&hellip;]<\/p>\n","protected":false},"featured_media":5208,"template":"","meta":{"_acf_changed":false},"product_brand":[],"product_cat":[119,116,153],"product_tag":[],"class_list":{"0":"post-5217","1":"product","2":"type-product","3":"status-publish","4":"has-post-thumbnail","6":"product_cat-biologique-fr","7":"product_cat-cafe-fr","8":"product_cat-zerogaspillage","9":"pa_producers-caffe-fantino-fr","11":"first","12":"instock","13":"sale","14":"taxable","15":"shipping-taxable","16":"purchasable","17":"product-type-simple"},"bundled_by":[],"bundle_stock_status":"instock","bundle_stock_quantity":4,"bundle_virtual":false,"bundle_layout":"","bundle_add_to_cart_form_location":"","bundle_editable_in_cart":false,"bundle_sold_individually_context":"","bundle_item_grouping":"","bundle_min_size":"","bundle_max_size":"","bundled_items":[],"bundle_sell_ids":[],"acf":[],"yoast_head":"<!-- This site is optimized with the Yoast SEO plugin v25.4 - https:\/\/yoast.com\/wordpress\/plugins\/seo\/ -->\n<title>BIO* Caf\u00e9 m\u00e9lange 100% Arabica, 20 caps compostables pour Nespresso\u00ae - Gourmetto<\/title>\n<meta name=\"robots\" content=\"index, follow, max-snippet:-1, max-image-preview:large, max-video-preview:-1\" \/>\n<link rel=\"canonical\" href=\"https:\/\/gourmetto.lu\/fr\/produit\/startcaps\/\" \/>\n<meta property=\"og:locale\" content=\"fr_FR\" \/>\n<meta property=\"og:type\" content=\"article\" \/>\n<meta property=\"og:title\" content=\"BIO* Caf\u00e9 m\u00e9lange 100% Arabica, 20 caps compostables pour Nespresso\u00ae - Gourmetto\" \/>\n<meta property=\"og:description\" content=\"Par les artisans de Caff\u00e9 Fantino \u00e0 Piedemont, la fa\u00e7on la plus simple de savourer les ar\u00f4mes immortels du caf\u00e9 artisanal italien. Un m\u00e9lange riche et cors\u00e9. Torr\u00e9fi\u00e9 en petites quantit\u00e9s, ce caf\u00e9 offre un espresso riche et aromatique avec des notes de cacao et de noix grill\u00e9es, le tout dans la commodit\u00e9 d&rsquo;une capsule. [&hellip;]\" \/>\n<meta property=\"og:url\" content=\"https:\/\/gourmetto.lu\/fr\/produit\/startcaps\/\" \/>\n<meta property=\"og:site_name\" content=\"Gourmetto\" \/>\n<meta property=\"article:modified_time\" content=\"2025-11-28T15:30:30+00:00\" \/>\n<meta property=\"og:image\" content=\"https:\/\/gourmetto.lu\/wp-content\/uploads\/2025\/05\/IMG20250501182732-scaled.jpg\" \/>\n\t<meta property=\"og:image:width\" content=\"2560\" \/>\n\t<meta property=\"og:image:height\" content=\"2560\" \/>\n\t<meta property=\"og:image:type\" content=\"image\/jpeg\" \/>\n<meta name=\"twitter:card\" content=\"summary_large_image\" \/>\n<meta name=\"twitter:label1\" content=\"Dur\u00e9e de lecture estim\u00e9e\" \/>\n\t<meta name=\"twitter:data1\" content=\"1 minute\" \/>\n<script type=\"application\/ld+json\" class=\"yoast-schema-graph\">{\"@context\":\"https:\/\/schema.org\",\"@graph\":[{\"@type\":\"WebPage\",\"@id\":\"https:\/\/gourmetto.lu\/fr\/produit\/startcaps\/\",\"url\":\"https:\/\/gourmetto.lu\/fr\/produit\/startcaps\/\",\"name\":\"BIO* Caf\u00e9 m\u00e9lange 100% Arabica, 20 caps compostables pour Nespresso\u00ae - Gourmetto\",\"isPartOf\":{\"@id\":\"https:\/\/gourmetto.lu\/fr\/#website\"},\"primaryImageOfPage\":{\"@id\":\"https:\/\/gourmetto.lu\/fr\/produit\/startcaps\/#primaryimage\"},\"image\":{\"@id\":\"https:\/\/gourmetto.lu\/fr\/produit\/startcaps\/#primaryimage\"},\"thumbnailUrl\":\"https:\/\/gourmetto.lu\/wp-content\/uploads\/2025\/05\/IMG20250501182732-scaled.jpg\",\"datePublished\":\"2025-05-01T18:23:00+00:00\",\"dateModified\":\"2025-11-28T15:30:30+00:00\",\"breadcrumb\":{\"@id\":\"https:\/\/gourmetto.lu\/fr\/produit\/startcaps\/#breadcrumb\"},\"inLanguage\":\"fr-FR\",\"potentialAction\":[{\"@type\":\"ReadAction\",\"target\":[\"https:\/\/gourmetto.lu\/fr\/produit\/startcaps\/\"]}]},{\"@type\":\"ImageObject\",\"inLanguage\":\"fr-FR\",\"@id\":\"https:\/\/gourmetto.lu\/fr\/produit\/startcaps\/#primaryimage\",\"url\":\"https:\/\/gourmetto.lu\/wp-content\/uploads\/2025\/05\/IMG20250501182732-scaled.jpg\",\"contentUrl\":\"https:\/\/gourmetto.lu\/wp-content\/uploads\/2025\/05\/IMG20250501182732-scaled.jpg\",\"width\":2560,\"height\":2560},{\"@type\":\"BreadcrumbList\",\"@id\":\"https:\/\/gourmetto.lu\/fr\/produit\/startcaps\/#breadcrumb\",\"itemListElement\":[{\"@type\":\"ListItem\",\"position\":1,\"name\":\"Home\",\"item\":\"https:\/\/gourmetto.lu\/fr\/\"},{\"@type\":\"ListItem\",\"position\":2,\"name\":\"Boutique\",\"item\":\"https:\/\/gourmetto.lu\/shop\/\"},{\"@type\":\"ListItem\",\"position\":3,\"name\":\"BIO* Caf\u00e9 m\u00e9lange 100% Arabica, 20 caps compostables pour Nespresso\u00ae\"}]},{\"@type\":\"WebSite\",\"@id\":\"https:\/\/gourmetto.lu\/fr\/#website\",\"url\":\"https:\/\/gourmetto.lu\/fr\/\",\"name\":\"Gourmetto\",\"description\":\"\",\"potentialAction\":[{\"@type\":\"SearchAction\",\"target\":{\"@type\":\"EntryPoint\",\"urlTemplate\":\"https:\/\/gourmetto.lu\/fr\/?s={search_term_string}\"},\"query-input\":{\"@type\":\"PropertyValueSpecification\",\"valueRequired\":true,\"valueName\":\"search_term_string\"}}],\"inLanguage\":\"fr-FR\"}]}<\/script>\n<!-- \/ Yoast SEO plugin. -->","yoast_head_json":{"title":"BIO* Caf\u00e9 m\u00e9lange 100% Arabica, 20 caps compostables pour Nespresso\u00ae - Gourmetto","robots":{"index":"index","follow":"follow","max-snippet":"max-snippet:-1","max-image-preview":"max-image-preview:large","max-video-preview":"max-video-preview:-1"},"canonical":"https:\/\/gourmetto.lu\/fr\/produit\/startcaps\/","og_locale":"fr_FR","og_type":"article","og_title":"BIO* Caf\u00e9 m\u00e9lange 100% Arabica, 20 caps compostables pour Nespresso\u00ae - Gourmetto","og_description":"Par les artisans de Caff\u00e9 Fantino \u00e0 Piedemont, la fa\u00e7on la plus simple de savourer les ar\u00f4mes immortels du caf\u00e9 artisanal italien. Un m\u00e9lange riche et cors\u00e9. Torr\u00e9fi\u00e9 en petites quantit\u00e9s, ce caf\u00e9 offre un espresso riche et aromatique avec des notes de cacao et de noix grill\u00e9es, le tout dans la commodit\u00e9 d&rsquo;une capsule. [&hellip;]","og_url":"https:\/\/gourmetto.lu\/fr\/produit\/startcaps\/","og_site_name":"Gourmetto","article_modified_time":"2025-11-28T15:30:30+00:00","og_image":[{"width":2560,"height":2560,"url":"https:\/\/gourmetto.lu\/wp-content\/uploads\/2025\/05\/IMG20250501182732-scaled.jpg","type":"image\/jpeg"}],"twitter_card":"summary_large_image","twitter_misc":{"Dur\u00e9e de lecture estim\u00e9e":"1 minute"},"schema":{"@context":"https:\/\/schema.org","@graph":[{"@type":"WebPage","@id":"https:\/\/gourmetto.lu\/fr\/produit\/startcaps\/","url":"https:\/\/gourmetto.lu\/fr\/produit\/startcaps\/","name":"BIO* Caf\u00e9 m\u00e9lange 100% Arabica, 20 caps compostables pour Nespresso\u00ae - Gourmetto","isPartOf":{"@id":"https:\/\/gourmetto.lu\/fr\/#website"},"primaryImageOfPage":{"@id":"https:\/\/gourmetto.lu\/fr\/produit\/startcaps\/#primaryimage"},"image":{"@id":"https:\/\/gourmetto.lu\/fr\/produit\/startcaps\/#primaryimage"},"thumbnailUrl":"https:\/\/gourmetto.lu\/wp-content\/uploads\/2025\/05\/IMG20250501182732-scaled.jpg","datePublished":"2025-05-01T18:23:00+00:00","dateModified":"2025-11-28T15:30:30+00:00","breadcrumb":{"@id":"https:\/\/gourmetto.lu\/fr\/produit\/startcaps\/#breadcrumb"},"inLanguage":"fr-FR","potentialAction":[{"@type":"ReadAction","target":["https:\/\/gourmetto.lu\/fr\/produit\/startcaps\/"]}]},{"@type":"ImageObject","inLanguage":"fr-FR","@id":"https:\/\/gourmetto.lu\/fr\/produit\/startcaps\/#primaryimage","url":"https:\/\/gourmetto.lu\/wp-content\/uploads\/2025\/05\/IMG20250501182732-scaled.jpg","contentUrl":"https:\/\/gourmetto.lu\/wp-content\/uploads\/2025\/05\/IMG20250501182732-scaled.jpg","width":2560,"height":2560},{"@type":"BreadcrumbList","@id":"https:\/\/gourmetto.lu\/fr\/produit\/startcaps\/#breadcrumb","itemListElement":[{"@type":"ListItem","position":1,"name":"Home","item":"https:\/\/gourmetto.lu\/fr\/"},{"@type":"ListItem","position":2,"name":"Boutique","item":"https:\/\/gourmetto.lu\/shop\/"},{"@type":"ListItem","position":3,"name":"BIO* Caf\u00e9 m\u00e9lange 100% Arabica, 20 caps compostables pour Nespresso\u00ae"}]},{"@type":"WebSite","@id":"https:\/\/gourmetto.lu\/fr\/#website","url":"https:\/\/gourmetto.lu\/fr\/","name":"Gourmetto","description":"","potentialAction":[{"@type":"SearchAction","target":{"@type":"EntryPoint","urlTemplate":"https:\/\/gourmetto.lu\/fr\/?s={search_term_string}"},"query-input":{"@type":"PropertyValueSpecification","valueRequired":true,"valueName":"search_term_string"}}],"inLanguage":"fr-FR"}]}},"jetpack_sharing_enabled":true,"_links":{"self":[{"href":"https:\/\/gourmetto.lu\/fr\/wp-json\/wp\/v2\/product\/5217","targetHints":{"allow":["GET"]}}],"collection":[{"href":"https:\/\/gourmetto.lu\/fr\/wp-json\/wp\/v2\/product"}],"about":[{"href":"https:\/\/gourmetto.lu\/fr\/wp-json\/wp\/v2\/types\/product"}],"wp:featuredmedia":[{"embeddable":true,"href":"https:\/\/gourmetto.lu\/fr\/wp-json\/wp\/v2\/media\/5208"}],"wp:attachment":[{"href":"https:\/\/gourmetto.lu\/fr\/wp-json\/wp\/v2\/media?parent=5217"}],"wp:term":[{"taxonomy":"product_brand","embeddable":true,"href":"https:\/\/gourmetto.lu\/fr\/wp-json\/wp\/v2\/product_brand?post=5217"},{"taxonomy":"product_cat","embeddable":true,"href":"https:\/\/gourmetto.lu\/fr\/wp-json\/wp\/v2\/product_cat?post=5217"},{"taxonomy":"product_tag","embeddable":true,"href":"https:\/\/gourmetto.lu\/fr\/wp-json\/wp\/v2\/product_tag?post=5217"}],"curies":[{"name":"wp","href":"https:\/\/api.w.org\/{rel}","templated":true}]}}