{"id":5220,"date":"2025-05-01T20:41:25","date_gmt":"2025-05-01T18:41:25","guid":{"rendered":"https:\/\/gourmetto.lu\/?post_type=product&#038;p=5220"},"modified":"2025-11-28T16:30:30","modified_gmt":"2025-11-28T15:30:30","slug":"capscolombia","status":"publish","type":"product","link":"https:\/\/gourmetto.lu\/fr\/produit\/capscolombia\/","title":{"rendered":"BIO* Caf\u00e9 mono-origine Colombie, 20 caps compostables pour Nespresso\u00ae"},"content":{"rendered":"<p>Les artisans de Caff\u00e9 Fantino \u00e0 Piedemont proposent une nouvelle fa\u00e7on de d\u00e9couvrir les saveurs vives et nuanc\u00e9es du caf\u00e9 colombien, s\u00e9lectionn\u00e9 et torr\u00e9fi\u00e9 de mani\u00e8re experte. Conditionn\u00e9 en capsules compatibles Nespresso\u00ae pour un maximum de facilit\u00e9. Issu de fermes colombiennes biologiques de haute altitude, ce caf\u00e9 offre une tasse complexe avec des notes de fruits rouges, de caramel et un soup\u00e7on d&rsquo;agrumes, parfait pour ceux qui appr\u00e9cient les nuances et les complexit\u00e9 dans leur espresso.<\/p>\n<p>Ces capsules enti\u00e8rement compostables associent une origine de classe mondiale \u00e0 la tradition italienne, le tout dans un format respectueux de l&rsquo;environnement qui ne laisse aucun d\u00e9chet derri\u00e8re lui.<\/p>\n<p>&nbsp;<\/p>\n<p>*BIO certif\u00e9 par Certisys: LU-BIO-06<\/p>\n","protected":false},"excerpt":{"rendered":"<p>Les artisans de Caff\u00e9 Fantino \u00e0 Piedemont proposent une nouvelle fa\u00e7on de d\u00e9couvrir les saveurs vives et nuanc\u00e9es du caf\u00e9 colombien, s\u00e9lectionn\u00e9 et torr\u00e9fi\u00e9 de mani\u00e8re experte. Conditionn\u00e9 en capsules compatibles Nespresso\u00ae pour un maximum de facilit\u00e9. Issu de fermes colombiennes biologiques de haute altitude, ce caf\u00e9 offre une tasse complexe avec des notes de [&hellip;]<\/p>\n","protected":false},"featured_media":5205,"template":"","meta":{"_acf_changed":false},"product_brand":[],"product_cat":[119,116,153],"product_tag":[],"class_list":{"0":"post-5220","1":"product","2":"type-product","3":"status-publish","4":"has-post-thumbnail","6":"product_cat-biologique-fr","7":"product_cat-cafe-fr","8":"product_cat-zerogaspillage","9":"pa_producers-caffe-fantino-fr","11":"first","12":"instock","13":"sale","14":"taxable","15":"shipping-taxable","16":"purchasable","17":"product-type-simple"},"bundled_by":[],"bundle_stock_status":"instock","bundle_stock_quantity":4,"bundle_virtual":false,"bundle_layout":"","bundle_add_to_cart_form_location":"","bundle_editable_in_cart":false,"bundle_sold_individually_context":"","bundle_item_grouping":"","bundle_min_size":"","bundle_max_size":"","bundled_items":[],"bundle_sell_ids":[],"acf":[],"yoast_head":"<!-- This site is optimized with the Yoast SEO plugin v25.4 - https:\/\/yoast.com\/wordpress\/plugins\/seo\/ -->\n<title>BIO* Caf\u00e9 mono-origine Colombie, 20 caps compostables pour Nespresso\u00ae - Gourmetto<\/title>\n<meta name=\"robots\" content=\"index, follow, max-snippet:-1, max-image-preview:large, max-video-preview:-1\" \/>\n<link rel=\"canonical\" href=\"https:\/\/gourmetto.lu\/fr\/produit\/capscolombia\/\" \/>\n<meta property=\"og:locale\" content=\"fr_FR\" \/>\n<meta property=\"og:type\" content=\"article\" \/>\n<meta property=\"og:title\" content=\"BIO* Caf\u00e9 mono-origine Colombie, 20 caps compostables pour Nespresso\u00ae - Gourmetto\" \/>\n<meta property=\"og:description\" content=\"Les artisans de Caff\u00e9 Fantino \u00e0 Piedemont proposent une nouvelle fa\u00e7on de d\u00e9couvrir les saveurs vives et nuanc\u00e9es du caf\u00e9 colombien, s\u00e9lectionn\u00e9 et torr\u00e9fi\u00e9 de mani\u00e8re experte. Conditionn\u00e9 en capsules compatibles Nespresso\u00ae pour un maximum de facilit\u00e9. Issu de fermes colombiennes biologiques de haute altitude, ce caf\u00e9 offre une tasse complexe avec des notes de [&hellip;]\" \/>\n<meta property=\"og:url\" content=\"https:\/\/gourmetto.lu\/fr\/produit\/capscolombia\/\" \/>\n<meta property=\"og:site_name\" content=\"Gourmetto\" \/>\n<meta property=\"article:modified_time\" content=\"2025-11-28T15:30:30+00:00\" \/>\n<meta property=\"og:image\" content=\"https:\/\/gourmetto.lu\/wp-content\/uploads\/2025\/05\/IMG20250501182718-scaled.jpg\" \/>\n\t<meta property=\"og:image:width\" content=\"2560\" \/>\n\t<meta property=\"og:image:height\" content=\"2560\" \/>\n\t<meta property=\"og:image:type\" content=\"image\/jpeg\" \/>\n<meta name=\"twitter:card\" content=\"summary_large_image\" \/>\n<meta name=\"twitter:label1\" content=\"Dur\u00e9e de lecture estim\u00e9e\" \/>\n\t<meta name=\"twitter:data1\" content=\"1 minute\" \/>\n<script type=\"application\/ld+json\" class=\"yoast-schema-graph\">{\"@context\":\"https:\/\/schema.org\",\"@graph\":[{\"@type\":\"WebPage\",\"@id\":\"https:\/\/gourmetto.lu\/fr\/produit\/capscolombia\/\",\"url\":\"https:\/\/gourmetto.lu\/fr\/produit\/capscolombia\/\",\"name\":\"BIO* Caf\u00e9 mono-origine Colombie, 20 caps compostables pour Nespresso\u00ae - Gourmetto\",\"isPartOf\":{\"@id\":\"https:\/\/gourmetto.lu\/fr\/#website\"},\"primaryImageOfPage\":{\"@id\":\"https:\/\/gourmetto.lu\/fr\/produit\/capscolombia\/#primaryimage\"},\"image\":{\"@id\":\"https:\/\/gourmetto.lu\/fr\/produit\/capscolombia\/#primaryimage\"},\"thumbnailUrl\":\"https:\/\/gourmetto.lu\/wp-content\/uploads\/2025\/05\/IMG20250501182718-scaled.jpg\",\"datePublished\":\"2025-05-01T18:41:25+00:00\",\"dateModified\":\"2025-11-28T15:30:30+00:00\",\"breadcrumb\":{\"@id\":\"https:\/\/gourmetto.lu\/fr\/produit\/capscolombia\/#breadcrumb\"},\"inLanguage\":\"fr-FR\",\"potentialAction\":[{\"@type\":\"ReadAction\",\"target\":[\"https:\/\/gourmetto.lu\/fr\/produit\/capscolombia\/\"]}]},{\"@type\":\"ImageObject\",\"inLanguage\":\"fr-FR\",\"@id\":\"https:\/\/gourmetto.lu\/fr\/produit\/capscolombia\/#primaryimage\",\"url\":\"https:\/\/gourmetto.lu\/wp-content\/uploads\/2025\/05\/IMG20250501182718-scaled.jpg\",\"contentUrl\":\"https:\/\/gourmetto.lu\/wp-content\/uploads\/2025\/05\/IMG20250501182718-scaled.jpg\",\"width\":2560,\"height\":2560},{\"@type\":\"BreadcrumbList\",\"@id\":\"https:\/\/gourmetto.lu\/fr\/produit\/capscolombia\/#breadcrumb\",\"itemListElement\":[{\"@type\":\"ListItem\",\"position\":1,\"name\":\"Home\",\"item\":\"https:\/\/gourmetto.lu\/fr\/\"},{\"@type\":\"ListItem\",\"position\":2,\"name\":\"Boutique\",\"item\":\"https:\/\/gourmetto.lu\/shop\/\"},{\"@type\":\"ListItem\",\"position\":3,\"name\":\"BIO* Caf\u00e9 mono-origine Colombie, 20 caps compostables pour Nespresso\u00ae\"}]},{\"@type\":\"WebSite\",\"@id\":\"https:\/\/gourmetto.lu\/fr\/#website\",\"url\":\"https:\/\/gourmetto.lu\/fr\/\",\"name\":\"Gourmetto\",\"description\":\"\",\"potentialAction\":[{\"@type\":\"SearchAction\",\"target\":{\"@type\":\"EntryPoint\",\"urlTemplate\":\"https:\/\/gourmetto.lu\/fr\/?s={search_term_string}\"},\"query-input\":{\"@type\":\"PropertyValueSpecification\",\"valueRequired\":true,\"valueName\":\"search_term_string\"}}],\"inLanguage\":\"fr-FR\"}]}<\/script>\n<!-- \/ Yoast SEO plugin. -->","yoast_head_json":{"title":"BIO* Caf\u00e9 mono-origine Colombie, 20 caps compostables pour Nespresso\u00ae - Gourmetto","robots":{"index":"index","follow":"follow","max-snippet":"max-snippet:-1","max-image-preview":"max-image-preview:large","max-video-preview":"max-video-preview:-1"},"canonical":"https:\/\/gourmetto.lu\/fr\/produit\/capscolombia\/","og_locale":"fr_FR","og_type":"article","og_title":"BIO* Caf\u00e9 mono-origine Colombie, 20 caps compostables pour Nespresso\u00ae - Gourmetto","og_description":"Les artisans de Caff\u00e9 Fantino \u00e0 Piedemont proposent une nouvelle fa\u00e7on de d\u00e9couvrir les saveurs vives et nuanc\u00e9es du caf\u00e9 colombien, s\u00e9lectionn\u00e9 et torr\u00e9fi\u00e9 de mani\u00e8re experte. Conditionn\u00e9 en capsules compatibles Nespresso\u00ae pour un maximum de facilit\u00e9. Issu de fermes colombiennes biologiques de haute altitude, ce caf\u00e9 offre une tasse complexe avec des notes de [&hellip;]","og_url":"https:\/\/gourmetto.lu\/fr\/produit\/capscolombia\/","og_site_name":"Gourmetto","article_modified_time":"2025-11-28T15:30:30+00:00","og_image":[{"width":2560,"height":2560,"url":"https:\/\/gourmetto.lu\/wp-content\/uploads\/2025\/05\/IMG20250501182718-scaled.jpg","type":"image\/jpeg"}],"twitter_card":"summary_large_image","twitter_misc":{"Dur\u00e9e de lecture estim\u00e9e":"1 minute"},"schema":{"@context":"https:\/\/schema.org","@graph":[{"@type":"WebPage","@id":"https:\/\/gourmetto.lu\/fr\/produit\/capscolombia\/","url":"https:\/\/gourmetto.lu\/fr\/produit\/capscolombia\/","name":"BIO* Caf\u00e9 mono-origine Colombie, 20 caps compostables pour Nespresso\u00ae - Gourmetto","isPartOf":{"@id":"https:\/\/gourmetto.lu\/fr\/#website"},"primaryImageOfPage":{"@id":"https:\/\/gourmetto.lu\/fr\/produit\/capscolombia\/#primaryimage"},"image":{"@id":"https:\/\/gourmetto.lu\/fr\/produit\/capscolombia\/#primaryimage"},"thumbnailUrl":"https:\/\/gourmetto.lu\/wp-content\/uploads\/2025\/05\/IMG20250501182718-scaled.jpg","datePublished":"2025-05-01T18:41:25+00:00","dateModified":"2025-11-28T15:30:30+00:00","breadcrumb":{"@id":"https:\/\/gourmetto.lu\/fr\/produit\/capscolombia\/#breadcrumb"},"inLanguage":"fr-FR","potentialAction":[{"@type":"ReadAction","target":["https:\/\/gourmetto.lu\/fr\/produit\/capscolombia\/"]}]},{"@type":"ImageObject","inLanguage":"fr-FR","@id":"https:\/\/gourmetto.lu\/fr\/produit\/capscolombia\/#primaryimage","url":"https:\/\/gourmetto.lu\/wp-content\/uploads\/2025\/05\/IMG20250501182718-scaled.jpg","contentUrl":"https:\/\/gourmetto.lu\/wp-content\/uploads\/2025\/05\/IMG20250501182718-scaled.jpg","width":2560,"height":2560},{"@type":"BreadcrumbList","@id":"https:\/\/gourmetto.lu\/fr\/produit\/capscolombia\/#breadcrumb","itemListElement":[{"@type":"ListItem","position":1,"name":"Home","item":"https:\/\/gourmetto.lu\/fr\/"},{"@type":"ListItem","position":2,"name":"Boutique","item":"https:\/\/gourmetto.lu\/shop\/"},{"@type":"ListItem","position":3,"name":"BIO* Caf\u00e9 mono-origine Colombie, 20 caps compostables pour Nespresso\u00ae"}]},{"@type":"WebSite","@id":"https:\/\/gourmetto.lu\/fr\/#website","url":"https:\/\/gourmetto.lu\/fr\/","name":"Gourmetto","description":"","potentialAction":[{"@type":"SearchAction","target":{"@type":"EntryPoint","urlTemplate":"https:\/\/gourmetto.lu\/fr\/?s={search_term_string}"},"query-input":{"@type":"PropertyValueSpecification","valueRequired":true,"valueName":"search_term_string"}}],"inLanguage":"fr-FR"}]}},"jetpack_sharing_enabled":true,"_links":{"self":[{"href":"https:\/\/gourmetto.lu\/fr\/wp-json\/wp\/v2\/product\/5220","targetHints":{"allow":["GET"]}}],"collection":[{"href":"https:\/\/gourmetto.lu\/fr\/wp-json\/wp\/v2\/product"}],"about":[{"href":"https:\/\/gourmetto.lu\/fr\/wp-json\/wp\/v2\/types\/product"}],"wp:featuredmedia":[{"embeddable":true,"href":"https:\/\/gourmetto.lu\/fr\/wp-json\/wp\/v2\/media\/5205"}],"wp:attachment":[{"href":"https:\/\/gourmetto.lu\/fr\/wp-json\/wp\/v2\/media?parent=5220"}],"wp:term":[{"taxonomy":"product_brand","embeddable":true,"href":"https:\/\/gourmetto.lu\/fr\/wp-json\/wp\/v2\/product_brand?post=5220"},{"taxonomy":"product_cat","embeddable":true,"href":"https:\/\/gourmetto.lu\/fr\/wp-json\/wp\/v2\/product_cat?post=5220"},{"taxonomy":"product_tag","embeddable":true,"href":"https:\/\/gourmetto.lu\/fr\/wp-json\/wp\/v2\/product_tag?post=5220"}],"curies":[{"name":"wp","href":"https:\/\/api.w.org\/{rel}","templated":true}]}}