{"id":5229,"date":"2025-05-01T21:17:06","date_gmt":"2025-05-01T19:17:06","guid":{"rendered":"https:\/\/gourmetto.lu\/?post_type=product&#038;p=5229"},"modified":"2026-03-06T21:24:05","modified_gmt":"2026-03-06T20:24:05","slug":"marmellatacastagne","status":"publish","type":"product","link":"https:\/\/gourmetto.lu\/fr\/produit\/marmellatacastagne\/","title":{"rendered":"P\u00e2te \u00e0 tartiner artisanale aux marrons"},"content":{"rendered":"<p class=\"\" data-start=\"215\" data-end=\"608\">D\u00e9licatement douce et r\u00e9confortante, cette p\u00e2te \u00e0 tartiner artisanale aux marrons est fabriqu\u00e9e selon des m\u00e9thodes traditionels dans les collines de la r\u00e9gion italienne des Langhe, une r\u00e9gion r\u00e9put\u00e9e pour son riche patrimoine culinaire.<\/p>\n<p class=\"\" data-start=\"215\" data-end=\"608\">Fabriqu\u00e9e en petites quantit\u00e9s \u00e0 partir de marrons locaux soigneusement s\u00e9lectionn\u00e9s, cette p\u00e2te \u00e0 tartiner offre une texture lisse et cr\u00e9meuse et une saveur naturellement sucr\u00e9e, avec des notes subtiles de vanille et de caramel.<\/p>\n","protected":false},"excerpt":{"rendered":"<p>D\u00e9licatement douce et r\u00e9confortante, cette p\u00e2te \u00e0 tartiner artisanale aux marrons est fabriqu\u00e9e selon des m\u00e9thodes traditionels dans les collines de la r\u00e9gion italienne des Langhe, une r\u00e9gion r\u00e9put\u00e9e pour son riche patrimoine culinaire. Fabriqu\u00e9e en petites quantit\u00e9s \u00e0 partir de marrons locaux soigneusement s\u00e9lectionn\u00e9s, cette p\u00e2te \u00e0 tartiner offre une texture lisse et cr\u00e9meuse [&hellip;]<\/p>\n","protected":false},"featured_media":5199,"template":"","meta":{"_acf_changed":false},"product_brand":[],"product_cat":[98],"product_tag":[],"class_list":{"0":"post-5229","1":"product","2":"type-product","3":"status-publish","4":"has-post-thumbnail","6":"product_cat-confiseries-fr","7":"pa_producers-caffe-fantino-fr","9":"first","10":"instock","11":"taxable","12":"shipping-taxable","13":"purchasable","14":"product-type-simple"},"bundled_by":[],"bundle_stock_status":"instock","bundle_stock_quantity":5,"bundle_virtual":false,"bundle_layout":"","bundle_add_to_cart_form_location":"","bundle_editable_in_cart":false,"bundle_sold_individually_context":"","bundle_item_grouping":"","bundle_min_size":"","bundle_max_size":"","bundled_items":[],"bundle_sell_ids":[],"acf":[],"yoast_head":"<!-- This site is optimized with the Yoast SEO plugin v25.4 - https:\/\/yoast.com\/wordpress\/plugins\/seo\/ -->\n<title>P\u00e2te \u00e0 tartiner artisanale aux marrons - Gourmetto<\/title>\n<meta name=\"robots\" content=\"index, follow, max-snippet:-1, max-image-preview:large, max-video-preview:-1\" \/>\n<link rel=\"canonical\" href=\"https:\/\/gourmetto.lu\/fr\/produit\/marmellatacastagne\/\" \/>\n<meta property=\"og:locale\" content=\"fr_FR\" \/>\n<meta property=\"og:type\" content=\"article\" \/>\n<meta property=\"og:title\" content=\"P\u00e2te \u00e0 tartiner artisanale aux marrons - Gourmetto\" \/>\n<meta property=\"og:description\" content=\"D\u00e9licatement douce et r\u00e9confortante, cette p\u00e2te \u00e0 tartiner artisanale aux marrons est fabriqu\u00e9e selon des m\u00e9thodes traditionels dans les collines de la r\u00e9gion italienne des Langhe, une r\u00e9gion r\u00e9put\u00e9e pour son riche patrimoine culinaire. Fabriqu\u00e9e en petites quantit\u00e9s \u00e0 partir de marrons locaux soigneusement s\u00e9lectionn\u00e9s, cette p\u00e2te \u00e0 tartiner offre une texture lisse et cr\u00e9meuse [&hellip;]\" \/>\n<meta property=\"og:url\" content=\"https:\/\/gourmetto.lu\/fr\/produit\/marmellatacastagne\/\" \/>\n<meta property=\"og:site_name\" content=\"Gourmetto\" \/>\n<meta property=\"article:modified_time\" content=\"2026-03-06T20:24:05+00:00\" \/>\n<meta property=\"og:image\" content=\"https:\/\/gourmetto.lu\/wp-content\/uploads\/2025\/05\/IMG20250501182631-scaled.jpg\" \/>\n\t<meta property=\"og:image:width\" content=\"2560\" \/>\n\t<meta property=\"og:image:height\" content=\"2560\" \/>\n\t<meta property=\"og:image:type\" content=\"image\/jpeg\" \/>\n<meta name=\"twitter:card\" content=\"summary_large_image\" \/>\n<meta name=\"twitter:label1\" content=\"Dur\u00e9e de lecture estim\u00e9e\" \/>\n\t<meta name=\"twitter:data1\" content=\"1 minute\" \/>\n<script type=\"application\/ld+json\" class=\"yoast-schema-graph\">{\"@context\":\"https:\/\/schema.org\",\"@graph\":[{\"@type\":\"WebPage\",\"@id\":\"https:\/\/gourmetto.lu\/fr\/produit\/marmellatacastagne\/\",\"url\":\"https:\/\/gourmetto.lu\/fr\/produit\/marmellatacastagne\/\",\"name\":\"P\u00e2te \u00e0 tartiner artisanale aux marrons - Gourmetto\",\"isPartOf\":{\"@id\":\"https:\/\/gourmetto.lu\/fr\/#website\"},\"primaryImageOfPage\":{\"@id\":\"https:\/\/gourmetto.lu\/fr\/produit\/marmellatacastagne\/#primaryimage\"},\"image\":{\"@id\":\"https:\/\/gourmetto.lu\/fr\/produit\/marmellatacastagne\/#primaryimage\"},\"thumbnailUrl\":\"https:\/\/gourmetto.lu\/wp-content\/uploads\/2025\/05\/IMG20250501182631-scaled.jpg\",\"datePublished\":\"2025-05-01T19:17:06+00:00\",\"dateModified\":\"2026-03-06T20:24:05+00:00\",\"breadcrumb\":{\"@id\":\"https:\/\/gourmetto.lu\/fr\/produit\/marmellatacastagne\/#breadcrumb\"},\"inLanguage\":\"fr-FR\",\"potentialAction\":[{\"@type\":\"ReadAction\",\"target\":[\"https:\/\/gourmetto.lu\/fr\/produit\/marmellatacastagne\/\"]}]},{\"@type\":\"ImageObject\",\"inLanguage\":\"fr-FR\",\"@id\":\"https:\/\/gourmetto.lu\/fr\/produit\/marmellatacastagne\/#primaryimage\",\"url\":\"https:\/\/gourmetto.lu\/wp-content\/uploads\/2025\/05\/IMG20250501182631-scaled.jpg\",\"contentUrl\":\"https:\/\/gourmetto.lu\/wp-content\/uploads\/2025\/05\/IMG20250501182631-scaled.jpg\",\"width\":2560,\"height\":2560},{\"@type\":\"BreadcrumbList\",\"@id\":\"https:\/\/gourmetto.lu\/fr\/produit\/marmellatacastagne\/#breadcrumb\",\"itemListElement\":[{\"@type\":\"ListItem\",\"position\":1,\"name\":\"Home\",\"item\":\"https:\/\/gourmetto.lu\/fr\/\"},{\"@type\":\"ListItem\",\"position\":2,\"name\":\"Boutique\",\"item\":\"https:\/\/gourmetto.lu\/shop\/\"},{\"@type\":\"ListItem\",\"position\":3,\"name\":\"P\u00e2te \u00e0 tartiner artisanale aux marrons\"}]},{\"@type\":\"WebSite\",\"@id\":\"https:\/\/gourmetto.lu\/fr\/#website\",\"url\":\"https:\/\/gourmetto.lu\/fr\/\",\"name\":\"Gourmetto\",\"description\":\"\",\"potentialAction\":[{\"@type\":\"SearchAction\",\"target\":{\"@type\":\"EntryPoint\",\"urlTemplate\":\"https:\/\/gourmetto.lu\/fr\/?s={search_term_string}\"},\"query-input\":{\"@type\":\"PropertyValueSpecification\",\"valueRequired\":true,\"valueName\":\"search_term_string\"}}],\"inLanguage\":\"fr-FR\"}]}<\/script>\n<!-- \/ Yoast SEO plugin. -->","yoast_head_json":{"title":"P\u00e2te \u00e0 tartiner artisanale aux marrons - Gourmetto","robots":{"index":"index","follow":"follow","max-snippet":"max-snippet:-1","max-image-preview":"max-image-preview:large","max-video-preview":"max-video-preview:-1"},"canonical":"https:\/\/gourmetto.lu\/fr\/produit\/marmellatacastagne\/","og_locale":"fr_FR","og_type":"article","og_title":"P\u00e2te \u00e0 tartiner artisanale aux marrons - Gourmetto","og_description":"D\u00e9licatement douce et r\u00e9confortante, cette p\u00e2te \u00e0 tartiner artisanale aux marrons est fabriqu\u00e9e selon des m\u00e9thodes traditionels dans les collines de la r\u00e9gion italienne des Langhe, une r\u00e9gion r\u00e9put\u00e9e pour son riche patrimoine culinaire. Fabriqu\u00e9e en petites quantit\u00e9s \u00e0 partir de marrons locaux soigneusement s\u00e9lectionn\u00e9s, cette p\u00e2te \u00e0 tartiner offre une texture lisse et cr\u00e9meuse [&hellip;]","og_url":"https:\/\/gourmetto.lu\/fr\/produit\/marmellatacastagne\/","og_site_name":"Gourmetto","article_modified_time":"2026-03-06T20:24:05+00:00","og_image":[{"width":2560,"height":2560,"url":"https:\/\/gourmetto.lu\/wp-content\/uploads\/2025\/05\/IMG20250501182631-scaled.jpg","type":"image\/jpeg"}],"twitter_card":"summary_large_image","twitter_misc":{"Dur\u00e9e de lecture estim\u00e9e":"1 minute"},"schema":{"@context":"https:\/\/schema.org","@graph":[{"@type":"WebPage","@id":"https:\/\/gourmetto.lu\/fr\/produit\/marmellatacastagne\/","url":"https:\/\/gourmetto.lu\/fr\/produit\/marmellatacastagne\/","name":"P\u00e2te \u00e0 tartiner artisanale aux marrons - Gourmetto","isPartOf":{"@id":"https:\/\/gourmetto.lu\/fr\/#website"},"primaryImageOfPage":{"@id":"https:\/\/gourmetto.lu\/fr\/produit\/marmellatacastagne\/#primaryimage"},"image":{"@id":"https:\/\/gourmetto.lu\/fr\/produit\/marmellatacastagne\/#primaryimage"},"thumbnailUrl":"https:\/\/gourmetto.lu\/wp-content\/uploads\/2025\/05\/IMG20250501182631-scaled.jpg","datePublished":"2025-05-01T19:17:06+00:00","dateModified":"2026-03-06T20:24:05+00:00","breadcrumb":{"@id":"https:\/\/gourmetto.lu\/fr\/produit\/marmellatacastagne\/#breadcrumb"},"inLanguage":"fr-FR","potentialAction":[{"@type":"ReadAction","target":["https:\/\/gourmetto.lu\/fr\/produit\/marmellatacastagne\/"]}]},{"@type":"ImageObject","inLanguage":"fr-FR","@id":"https:\/\/gourmetto.lu\/fr\/produit\/marmellatacastagne\/#primaryimage","url":"https:\/\/gourmetto.lu\/wp-content\/uploads\/2025\/05\/IMG20250501182631-scaled.jpg","contentUrl":"https:\/\/gourmetto.lu\/wp-content\/uploads\/2025\/05\/IMG20250501182631-scaled.jpg","width":2560,"height":2560},{"@type":"BreadcrumbList","@id":"https:\/\/gourmetto.lu\/fr\/produit\/marmellatacastagne\/#breadcrumb","itemListElement":[{"@type":"ListItem","position":1,"name":"Home","item":"https:\/\/gourmetto.lu\/fr\/"},{"@type":"ListItem","position":2,"name":"Boutique","item":"https:\/\/gourmetto.lu\/shop\/"},{"@type":"ListItem","position":3,"name":"P\u00e2te \u00e0 tartiner artisanale aux marrons"}]},{"@type":"WebSite","@id":"https:\/\/gourmetto.lu\/fr\/#website","url":"https:\/\/gourmetto.lu\/fr\/","name":"Gourmetto","description":"","potentialAction":[{"@type":"SearchAction","target":{"@type":"EntryPoint","urlTemplate":"https:\/\/gourmetto.lu\/fr\/?s={search_term_string}"},"query-input":{"@type":"PropertyValueSpecification","valueRequired":true,"valueName":"search_term_string"}}],"inLanguage":"fr-FR"}]}},"jetpack_sharing_enabled":true,"_links":{"self":[{"href":"https:\/\/gourmetto.lu\/fr\/wp-json\/wp\/v2\/product\/5229","targetHints":{"allow":["GET"]}}],"collection":[{"href":"https:\/\/gourmetto.lu\/fr\/wp-json\/wp\/v2\/product"}],"about":[{"href":"https:\/\/gourmetto.lu\/fr\/wp-json\/wp\/v2\/types\/product"}],"wp:featuredmedia":[{"embeddable":true,"href":"https:\/\/gourmetto.lu\/fr\/wp-json\/wp\/v2\/media\/5199"}],"wp:attachment":[{"href":"https:\/\/gourmetto.lu\/fr\/wp-json\/wp\/v2\/media?parent=5229"}],"wp:term":[{"taxonomy":"product_brand","embeddable":true,"href":"https:\/\/gourmetto.lu\/fr\/wp-json\/wp\/v2\/product_brand?post=5229"},{"taxonomy":"product_cat","embeddable":true,"href":"https:\/\/gourmetto.lu\/fr\/wp-json\/wp\/v2\/product_cat?post=5229"},{"taxonomy":"product_tag","embeddable":true,"href":"https:\/\/gourmetto.lu\/fr\/wp-json\/wp\/v2\/product_tag?post=5229"}],"curies":[{"name":"wp","href":"https:\/\/api.w.org\/{rel}","templated":true}]}}